{"id":1023,"date":"2017-02-13T18:08:01","date_gmt":"2017-02-13T17:08:01","guid":{"rendered":"http:\/\/festivalbritannique.fr\/?page_id=1023"},"modified":"2018-02-06T10:53:21","modified_gmt":"2018-02-06T09:53:21","slug":"vendredi-10-mars","status":"publish","type":"page","link":"https:\/\/festivalbritannique.fr\/?page_id=1023","title":{"rendered":"Vendredi 10 mars"},"content":{"rendered":"<div class=\"csRow\">\n<div class=\"csColumnGap\" style=\"margin: 0px; padding: 0px; float: left; width: 1.56%;\"><img decoding=\"async\" src=\"http:\/\/festivalbritannique.fr\/wp-content\/plugins\/advanced-wp-columns\/assets\/js\/plugins\/views\/img\/1x1-pixel.png\" alt=\"\" \/><\/div>\n<div class=\"csColumn\" style=\"margin: 0px; padding: 0px; float: left; width: 31.3%;\" data-csid=\"c7659684-7c69-457b-9956-6f770e2b871a\" data-cswidth=\"31.3%\" data-csendpoint=\"315\" data-csstartpoint=\"15\">\n<p>\u00a0<a href=\"http:\/\/festivalbritannique.fr\/?page_id=812\"><img loading=\"lazy\" decoding=\"async\" class=\"aligncenter wp-image-767 size-full\" src=\"http:\/\/festivalbritannique.fr\/wp-content\/uploads\/2017\/01\/497519.jpg-c_215_290_x-f_jpg-q_x-xxyxx.jpg\" alt=\"\" width=\"215\" height=\"290\" \/><\/a><\/p>\n<h4 style=\"text-align: center;\"><strong><span style=\"color: #ff0000;\">10h\/13h30<\/span><\/strong><br \/>\nS\u00e9ances r\u00e9serv\u00e9es aux scolaires<br \/>\nPlus d&rsquo;informations :<br \/>\ncontact.halle@veocinemas.fr<\/h4>\n<\/div>\n<div class=\"csColumnGap\" style=\"margin: 0px; padding: 0px; float: left; width: 1.56%;\"><img decoding=\"async\" src=\"http:\/\/festivalbritannique.fr\/wp-content\/plugins\/advanced-wp-columns\/assets\/js\/plugins\/views\/img\/1x1-pixel.png\" alt=\"\" \/><\/div>\n<div class=\"csColumn\" style=\"margin: 0px; padding: 0px; float: left; width: 31.3%;\" data-csid=\"22a232ab-fd9e-e71a-8e4a-2e569879508b\" data-cswidth=\"31.3%\" data-csendpoint=\"630\" data-csstartpoint=\"330\">\n<p>\u00a0<a href=\"http:\/\/festivalbritannique.fr\/?page_id=782\"><img loading=\"lazy\" decoding=\"async\" class=\"aligncenter wp-image-776 size-medium\" src=\"http:\/\/festivalbritannique.fr\/wp-content\/uploads\/2017\/01\/moi-daniel-blake-221x300.jpg\" alt=\"\" width=\"221\" height=\"300\" srcset=\"https:\/\/festivalbritannique.fr\/wp-content\/uploads\/2017\/01\/moi-daniel-blake-221x300.jpg 221w, https:\/\/festivalbritannique.fr\/wp-content\/uploads\/2017\/01\/moi-daniel-blake-768x1044.jpg 768w, https:\/\/festivalbritannique.fr\/wp-content\/uploads\/2017\/01\/moi-daniel-blake-753x1024.jpg 753w, https:\/\/festivalbritannique.fr\/wp-content\/uploads\/2017\/01\/moi-daniel-blake.jpg 1177w\" sizes=\"auto, (max-width: 221px) 100vw, 221px\" \/><\/a><\/p>\n<h4 style=\"text-align: center;\"><strong><span style=\"color: #ff0000;\">17h<\/span><\/strong><br \/>\nS\u00e9ance de rattrapage<\/h4>\n<\/div>\n<div class=\"csColumnGap\" style=\"margin: 0px; padding: 0px; float: left; width: 1.56%;\"><img decoding=\"async\" src=\"http:\/\/festivalbritannique.fr\/wp-content\/plugins\/advanced-wp-columns\/assets\/js\/plugins\/views\/img\/1x1-pixel.png\" alt=\"\" \/><\/div>\n<div class=\"csColumn\" style=\"margin: 0px; padding: 0px; float: left; width: 31.3%;\" data-csid=\"2f8eb4aa-89c7-4cbf-b2ec-7c23f8b059e0\" data-cswidth=\"31.3%\" data-csendpoint=\"945\" data-csstartpoint=\"645\">\n<p>\u00a0<a href=\"http:\/\/festivalbritannique.fr\/?page_id=816\"><img loading=\"lazy\" decoding=\"async\" class=\"aligncenter wp-image-777 size-medium\" src=\"http:\/\/festivalbritannique.fr\/wp-content\/uploads\/2017\/01\/2f95da_fbc7077adff548b5b9fba69f7f7f2805mv2-207x300.png\" alt=\"\" width=\"207\" height=\"300\" srcset=\"https:\/\/festivalbritannique.fr\/wp-content\/uploads\/2017\/01\/2f95da_fbc7077adff548b5b9fba69f7f7f2805mv2-207x300.png 207w, https:\/\/festivalbritannique.fr\/wp-content\/uploads\/2017\/01\/2f95da_fbc7077adff548b5b9fba69f7f7f2805mv2.png 223w\" sizes=\"auto, (max-width: 207px) 100vw, 207px\" \/><\/a><\/p>\n<h4 style=\"text-align: center;\"><strong><span style=\"color: #ff0000;\">20h30<\/span><\/strong><br \/>\nAvant-premi\u00e8re<br \/>\nOuverture du festival<\/h4>\n<\/div>\n<div class=\"csColumnGap\" style=\"margin: 0px; padding: 0px; float: left; width: 1.56%;\"><img decoding=\"async\" src=\"http:\/\/festivalbritannique.fr\/wp-content\/plugins\/advanced-wp-columns\/assets\/js\/plugins\/views\/img\/1x1-pixel.png\" alt=\"\" \/><\/div>\n<div style=\"clear: both; float: none; display: block; visibility: hidden; width: 0px; font-size: 0px; line-height: 0;\"><\/div>\n<\/div>\n<!-- AddThis Advanced Settings generic via filter on the_content --><!-- AddThis Share Buttons generic via filter on the_content -->","protected":false},"excerpt":{"rendered":"<p>\u00a0 10h\/13h30 S\u00e9ances r\u00e9serv\u00e9es aux scolaires Plus d&rsquo;informations : contact.halle@veocinemas.fr \u00a0 17h S\u00e9ance de rattrapage \u00a0 20h30 Avant-premi\u00e8re Ouverture du festival<!-- AddThis Advanced Settings generic via filter on get_the_excerpt --><!-- AddThis Share Buttons generic via filter on get_the_excerpt --><\/p>\n","protected":false},"author":2,"featured_media":0,"parent":1104,"menu_order":20,"comment_status":"closed","ping_status":"closed","template":"","meta":{"ngg_post_thumbnail":0,"footnotes":""},"class_list":["post-1023","page","type-page","status-publish","hentry"],"_links":{"self":[{"href":"https:\/\/festivalbritannique.fr\/index.php?rest_route=\/wp\/v2\/pages\/1023","targetHints":{"allow":["GET"]}}],"collection":[{"href":"https:\/\/festivalbritannique.fr\/index.php?rest_route=\/wp\/v2\/pages"}],"about":[{"href":"https:\/\/festivalbritannique.fr\/index.php?rest_route=\/wp\/v2\/types\/page"}],"author":[{"embeddable":true,"href":"https:\/\/festivalbritannique.fr\/index.php?rest_route=\/wp\/v2\/users\/2"}],"replies":[{"embeddable":true,"href":"https:\/\/festivalbritannique.fr\/index.php?rest_route=%2Fwp%2Fv2%2Fcomments&post=1023"}],"version-history":[{"count":2,"href":"https:\/\/festivalbritannique.fr\/index.php?rest_route=\/wp\/v2\/pages\/1023\/revisions"}],"predecessor-version":[{"id":1048,"href":"https:\/\/festivalbritannique.fr\/index.php?rest_route=\/wp\/v2\/pages\/1023\/revisions\/1048"}],"up":[{"embeddable":true,"href":"https:\/\/festivalbritannique.fr\/index.php?rest_route=\/wp\/v2\/pages\/1104"}],"wp:attachment":[{"href":"https:\/\/festivalbritannique.fr\/index.php?rest_route=%2Fwp%2Fv2%2Fmedia&parent=1023"}],"curies":[{"name":"wp","href":"https:\/\/api.w.org\/{rel}","templated":true}]}}