{"id":1051,"date":"2017-02-13T18:37:09","date_gmt":"2017-02-13T17:37:09","guid":{"rendered":"http:\/\/festivalbritannique.fr\/?page_id=1051"},"modified":"2018-02-06T10:54:04","modified_gmt":"2018-02-06T09:54:04","slug":"dimanche-12-mars","status":"publish","type":"page","link":"https:\/\/festivalbritannique.fr\/?page_id=1051","title":{"rendered":"Dimanche 12 mars"},"content":{"rendered":"<div class=\"csRow\">\n<div class=\"csColumnGap\" style=\"margin: 0px; padding: 0px; float: left; width: 1.56%;\"><img decoding=\"async\" src=\"http:\/\/festivalbritannique.fr\/wp-content\/plugins\/advanced-wp-columns\/assets\/js\/plugins\/views\/img\/1x1-pixel.png\" alt=\"\" \/><\/div>\n<div class=\"csColumn\" style=\"margin: 0px; padding: 0px; float: left; width: 31.3%;\" data-csid=\"c7659684-7c69-457b-9956-6f770e2b871a\" data-cswidth=\"31.3%\" data-csendpoint=\"315\" data-csstartpoint=\"15\">\n<p style=\"text-align: center;\">\u00a0<img loading=\"lazy\" decoding=\"async\" class=\"aligncenter wp-image-1052 size-medium\" src=\"http:\/\/festivalbritannique.fr\/wp-content\/uploads\/2017\/02\/image-300x160.jpg\" alt=\"\" width=\"300\" height=\"160\" srcset=\"https:\/\/festivalbritannique.fr\/wp-content\/uploads\/2017\/02\/image-300x160.jpg 300w, https:\/\/festivalbritannique.fr\/wp-content\/uploads\/2017\/02\/image.jpg 620w\" sizes=\"auto, (max-width: 300px) 100vw, 300px\" \/><\/p>\n<p><span style=\"color: #ffffff;\">.<\/span><br \/>\n<span style=\"color: #ffffff;\">.<\/span><br \/>\n<span style=\"color: #ffffff;\">.<\/span><br \/>\n<span style=\"color: #ffffff;\">.<\/span><br \/>\n<span style=\"color: #ffffff;\">.<\/span><br \/>\n<span style=\"color: #ffffff;\">.<\/span><br \/>\n<span style=\"color: #ffffff;\">.<\/span><br \/>\n<span style=\"color: #ffffff;\">.<\/span><\/p>\n<h4 style=\"text-align: center;\"><\/h4>\n<\/div>\n<div class=\"csColumnGap\" style=\"margin: 0px; padding: 0px; float: left; width: 1.56%;\"><img decoding=\"async\" src=\"http:\/\/festivalbritannique.fr\/wp-content\/plugins\/advanced-wp-columns\/assets\/js\/plugins\/views\/img\/1x1-pixel.png\" alt=\"\" \/><\/div>\n<div class=\"csColumn\" style=\"margin: 0px; padding: 0px; float: left; width: 31.3%;\" data-csid=\"22a232ab-fd9e-e71a-8e4a-2e569879508b\" data-cswidth=\"31.3%\" data-csendpoint=\"630\" data-csstartpoint=\"330\">\n<p>\u00a0<a href=\"http:\/\/festivalbritannique.fr\/?page_id=811\"><img loading=\"lazy\" decoding=\"async\" class=\"aligncenter wp-image-780 size-medium\" src=\"http:\/\/festivalbritannique.fr\/wp-content\/uploads\/2017\/01\/NY-melody-221x300.jpg\" alt=\"\" width=\"221\" height=\"300\" srcset=\"https:\/\/festivalbritannique.fr\/wp-content\/uploads\/2017\/01\/NY-melody-221x300.jpg 221w, https:\/\/festivalbritannique.fr\/wp-content\/uploads\/2017\/01\/NY-melody-768x1043.jpg 768w, https:\/\/festivalbritannique.fr\/wp-content\/uploads\/2017\/01\/NY-melody-754x1024.jpg 754w, https:\/\/festivalbritannique.fr\/wp-content\/uploads\/2017\/01\/NY-melody.jpg 1178w\" sizes=\"auto, (max-width: 221px) 100vw, 221px\" \/><\/a><\/p>\n<h4 style=\"text-align: center;\"><strong><span style=\"color: #ff0000;\">14h30<\/span><\/strong><br \/>\nProgrammation autour du r\u00e9alisateur<span style=\"color: #0000ff;\"> John Carney<br \/>\n<\/span><\/h4>\n<p style=\"text-align: center;\">\u00a0&#8211;<\/p>\n<h4 style=\"text-align: center;\"><a href=\"http:\/\/festivalbritannique.fr\/?page_id=810\"><img loading=\"lazy\" decoding=\"async\" class=\"aligncenter wp-image-779 size-medium\" src=\"http:\/\/festivalbritannique.fr\/wp-content\/uploads\/2017\/01\/m-bout-de-bois-225x300.jpg\" alt=\"\" width=\"225\" height=\"300\" srcset=\"https:\/\/festivalbritannique.fr\/wp-content\/uploads\/2017\/01\/m-bout-de-bois-225x300.jpg 225w, https:\/\/festivalbritannique.fr\/wp-content\/uploads\/2017\/01\/m-bout-de-bois-768x1023.jpg 768w, https:\/\/festivalbritannique.fr\/wp-content\/uploads\/2017\/01\/m-bout-de-bois-769x1024.jpg 769w, https:\/\/festivalbritannique.fr\/wp-content\/uploads\/2017\/01\/m-bout-de-bois.jpg 1201w\" sizes=\"auto, (max-width: 225px) 100vw, 225px\" \/><\/a><br \/>\n<strong><span style=\"color: #ff0000;\">11h<br \/>\n<span style=\"color: #000000;\">Cin\u00e9 p&rsquo;tit d\u00e8j<\/span><br \/>\n<span style=\"color: #000000;\">en Version fran\u00e7aise<\/span><br \/>\n<\/span><\/strong><\/h4>\n<\/div>\n<div class=\"csColumnGap\" style=\"margin: 0px; padding: 0px; float: left; width: 1.56%;\"><img decoding=\"async\" src=\"http:\/\/festivalbritannique.fr\/wp-content\/plugins\/advanced-wp-columns\/assets\/js\/plugins\/views\/img\/1x1-pixel.png\" alt=\"\" \/><\/div>\n<div class=\"csColumn\" style=\"margin: 0px; padding: 0px; float: left; width: 31.3%;\" data-csid=\"2f8eb4aa-89c7-4cbf-b2ec-7c23f8b059e0\" data-cswidth=\"31.3%\" data-csendpoint=\"945\" data-csstartpoint=\"645\">\n<p>\u00a0<a href=\"http:\/\/festivalbritannique.fr\/?page_id=812\"><img loading=\"lazy\" decoding=\"async\" class=\"aligncenter wp-image-767 size-full\" src=\"http:\/\/festivalbritannique.fr\/wp-content\/uploads\/2017\/01\/497519.jpg-c_215_290_x-f_jpg-q_x-xxyxx.jpg\" alt=\"\" width=\"215\" height=\"290\" \/><\/a><\/p>\n<h4 style=\"text-align: center;\"><strong><span style=\"color: #ff0000;\">17h<\/span><\/strong><br \/>\nProgrammation autour du r\u00e9alisateur <span style=\"color: #0000ff;\">John Carney<br \/>\n<\/span><\/h4>\n<p style=\"text-align: center;\">&#8211;<\/p>\n<h4 style=\"text-align: center;\"><a href=\"http:\/\/festivalbritannique.fr\/?page_id=813\"><img loading=\"lazy\" decoding=\"async\" class=\"aligncenter wp-image-770 size-medium\" src=\"http:\/\/festivalbritannique.fr\/wp-content\/uploads\/2017\/01\/comancheria-221x300.jpg\" alt=\"\" width=\"221\" height=\"300\" srcset=\"https:\/\/festivalbritannique.fr\/wp-content\/uploads\/2017\/01\/comancheria-221x300.jpg 221w, https:\/\/festivalbritannique.fr\/wp-content\/uploads\/2017\/01\/comancheria-768x1043.jpg 768w, https:\/\/festivalbritannique.fr\/wp-content\/uploads\/2017\/01\/comancheria-754x1024.jpg 754w, https:\/\/festivalbritannique.fr\/wp-content\/uploads\/2017\/01\/comancheria.jpg 1178w\" sizes=\"auto, (max-width: 221px) 100vw, 221px\" \/><\/a><br \/>\n<strong><span style=\"color: #ff0000;\">20h30<br \/>\n<span style=\"color: #000000;\">Film nomin\u00e9 aux BAFTA<\/span><br \/>\n<img loading=\"lazy\" decoding=\"async\" class=\"aligncenter wp-image-95 size-medium\" src=\"http:\/\/festivalbritannique.fr\/wp-content\/uploads\/2016\/02\/BAFTA-300x54.jpg\" alt=\"BAFTA\" width=\"300\" height=\"54\" srcset=\"https:\/\/festivalbritannique.fr\/wp-content\/uploads\/2016\/02\/BAFTA-300x54.jpg 300w, https:\/\/festivalbritannique.fr\/wp-content\/uploads\/2016\/02\/BAFTA-768x138.jpg 768w, https:\/\/festivalbritannique.fr\/wp-content\/uploads\/2016\/02\/BAFTA-1024x184.jpg 1024w, https:\/\/festivalbritannique.fr\/wp-content\/uploads\/2016\/02\/BAFTA-800x144.jpg 800w, https:\/\/festivalbritannique.fr\/wp-content\/uploads\/2016\/02\/BAFTA.jpg 1410w\" sizes=\"auto, (max-width: 300px) 100vw, 300px\" \/><br \/>\n<\/span><\/strong><\/h4>\n<\/div>\n<div class=\"csColumnGap\" style=\"margin: 0px; padding: 0px; float: left; width: 1.56%;\"><img decoding=\"async\" src=\"http:\/\/festivalbritannique.fr\/wp-content\/plugins\/advanced-wp-columns\/assets\/js\/plugins\/views\/img\/1x1-pixel.png\" alt=\"\" \/><\/div>\n<div style=\"clear: both; float: none; display: block; visibility: hidden; width: 0px; font-size: 0px; line-height: 0;\"><\/div>\n<\/div>\n<!-- AddThis Advanced Settings generic via filter on the_content --><!-- AddThis Share Buttons generic via filter on the_content -->","protected":false},"excerpt":{"rendered":"<p>\u00a0 . . . . . . . . \u00a0 14h30 Programmation autour du r\u00e9alisateur John Carney \u00a0&#8211; 11h Cin\u00e9 p&rsquo;tit d\u00e8j en Version fran\u00e7aise \u00a0 17h Programmation autour du r\u00e9alisateur John Carney &#8211; 20h30 Film nomin\u00e9 aux BAFTA<!-- AddThis Advanced Settings generic via filter on get_the_excerpt --><!-- AddThis Share Buttons generic via filter on get_the_excerpt --><\/p>\n","protected":false},"author":2,"featured_media":0,"parent":1104,"menu_order":27,"comment_status":"closed","ping_status":"closed","template":"","meta":{"ngg_post_thumbnail":0,"footnotes":""},"class_list":["post-1051","page","type-page","status-publish","hentry"],"_links":{"self":[{"href":"https:\/\/festivalbritannique.fr\/index.php?rest_route=\/wp\/v2\/pages\/1051","targetHints":{"allow":["GET"]}}],"collection":[{"href":"https:\/\/festivalbritannique.fr\/index.php?rest_route=\/wp\/v2\/pages"}],"about":[{"href":"https:\/\/festivalbritannique.fr\/index.php?rest_route=\/wp\/v2\/types\/page"}],"author":[{"embeddable":true,"href":"https:\/\/festivalbritannique.fr\/index.php?rest_route=\/wp\/v2\/users\/2"}],"replies":[{"embeddable":true,"href":"https:\/\/festivalbritannique.fr\/index.php?rest_route=%2Fwp%2Fv2%2Fcomments&post=1051"}],"version-history":[{"count":3,"href":"https:\/\/festivalbritannique.fr\/index.php?rest_route=\/wp\/v2\/pages\/1051\/revisions"}],"predecessor-version":[{"id":1072,"href":"https:\/\/festivalbritannique.fr\/index.php?rest_route=\/wp\/v2\/pages\/1051\/revisions\/1072"}],"up":[{"embeddable":true,"href":"https:\/\/festivalbritannique.fr\/index.php?rest_route=\/wp\/v2\/pages\/1104"}],"wp:attachment":[{"href":"https:\/\/festivalbritannique.fr\/index.php?rest_route=%2Fwp%2Fv2%2Fmedia&parent=1051"}],"curies":[{"name":"wp","href":"https:\/\/api.w.org\/{rel}","templated":true}]}}