{"id":1152,"date":"2018-02-14T19:47:57","date_gmt":"2018-02-14T18:47:57","guid":{"rendered":"http:\/\/festivalbritannique.fr\/?page_id=1152"},"modified":"2018-02-25T11:43:09","modified_gmt":"2018-02-25T10:43:09","slug":"confident-royal","status":"publish","type":"page","link":"https:\/\/festivalbritannique.fr\/?page_id=1152","title":{"rendered":"Confident royal"},"content":{"rendered":"<h3><em>Titre original : <span style=\"color: #0000ff;\">Victoria and Abdul<br \/>\n<\/span><\/em><\/h3>\n<hr \/>\n<h3><span style=\"color: #ff0000;\"><strong>Samedi 10 mars \u00e0 14h<\/strong><br \/>\n<\/span><\/h3>\n<hr \/>\n<h5>Biopic. 1h52.<\/h5>\n<p><span style=\"color: #339966;\">about STEPHEN FREARS and JUDI DENCH<\/span><\/p>\n<blockquote>\n<h5>L\u2019extraordinaire histoire vraie d\u2019une amiti\u00e9 inattendue, \u00e0 la fin du r\u00e8gne marquant de la Reine Victoria. Quand Abdul Karim, un jeune employ\u00e9, voyage d\u2019Inde pour participer au jubil\u00e9 de la reine Victoria, il est surpris de se voir accorder les faveurs de la Reine en personne.<br \/>\nAlors que la reine s\u2019interroge sur les contraintes inh\u00e9rentes \u00e0 son long r\u00e8gne, les deux personnages vont former une improbable alliance, faisant preuve d\u2019une grande loyaut\u00e9 mutuelle que la famille de la Reine ainsi que son entourage proche vont tout faire pour d\u00e9truire.<br \/>\nA mesure que l\u2019amiti\u00e9 s\u2019approfondit, la Reine retrouve sa joie et son humanit\u00e9 et r\u00e9alise \u00e0 travers un regard neuf que le monde est en profonde mutation.<\/h5>\n<h5>Abdul Karim arrives from India to participate in Queen Victoria&rsquo;s golden jubilee. The young clerk is surprised to find favor with the queen herself. As Victoria questions the constrictions of her long-held position, the two forge an unlikely and devoted alliance that her household and inner circle try to destroy. As their friendship deepens, the queen begins to see a changing world through new eyes, joyfully reclaiming her humanity.<\/h5>\n<hr \/>\n<\/blockquote>\n<p class=\"wpview-selection-before\"><img loading=\"lazy\" decoding=\"async\" class=\"alignleft wp-image-1153 size-medium\" src=\"http:\/\/festivalbritannique.fr\/wp-content\/uploads\/2018\/02\/Confident-royal-202x300.jpg\" alt=\"\" width=\"202\" height=\"300\" \/><img loading=\"lazy\" decoding=\"async\" class=\"alignleft wp-image-1187 size-medium\" src=\"http:\/\/festivalbritannique.fr\/wp-content\/uploads\/2018\/02\/Confident-royal-fr-203x300.jpg\" alt=\"Confident royal fr\" width=\"203\" height=\"300\" \/><\/p>\n<p><iframe loading=\"lazy\" title=\"CONFIDENT ROYAL \/ Bande-annonce officielle VOST [Au cin\u00e9ma le 4 Octobre]\" width=\"1170\" height=\"658\" src=\"https:\/\/www.youtube.com\/embed\/DNQiiDnAjTI?feature=oembed\" frameborder=\"0\" allow=\"accelerometer; autoplay; encrypted-media; gyroscope; picture-in-picture\" allowfullscreen><\/iframe><\/p>\n<p class=\"wpview-selection-after\">\n<!-- AddThis Advanced Settings generic via filter on the_content --><!-- AddThis Share Buttons generic via filter on the_content -->","protected":false},"excerpt":{"rendered":"<p>Titre original : Victoria and Abdul Samedi 10 mars \u00e0 14h Biopic. 1h52. about STEPHEN FREARS and JUDI DENCH L\u2019extraordinaire histoire vraie d\u2019une amiti\u00e9 inattendue, \u00e0 la fin du r\u00e8gne marquant de la Reine Victoria. Quand Abdul Karim, un jeune employ\u00e9, voyage d\u2019Inde pour participer au jubil\u00e9 de la reine Victoria, il est surpris de<\/p>\n<p><a href=\"https:\/\/festivalbritannique.fr\/?page_id=1152\" class=\"more-link themebutton\">Read More<\/a><\/p>\n<p><!-- AddThis Advanced Settings generic via filter on get_the_excerpt --><!-- AddThis Share Buttons generic via filter on get_the_excerpt --><\/p>\n","protected":false},"author":2,"featured_media":0,"parent":804,"menu_order":37,"comment_status":"closed","ping_status":"closed","template":"","meta":{"ngg_post_thumbnail":0,"footnotes":""},"class_list":["post-1152","page","type-page","status-publish","hentry"],"_links":{"self":[{"href":"https:\/\/festivalbritannique.fr\/index.php?rest_route=\/wp\/v2\/pages\/1152","targetHints":{"allow":["GET"]}}],"collection":[{"href":"https:\/\/festivalbritannique.fr\/index.php?rest_route=\/wp\/v2\/pages"}],"about":[{"href":"https:\/\/festivalbritannique.fr\/index.php?rest_route=\/wp\/v2\/types\/page"}],"author":[{"embeddable":true,"href":"https:\/\/festivalbritannique.fr\/index.php?rest_route=\/wp\/v2\/users\/2"}],"replies":[{"embeddable":true,"href":"https:\/\/festivalbritannique.fr\/index.php?rest_route=%2Fwp%2Fv2%2Fcomments&post=1152"}],"version-history":[{"count":5,"href":"https:\/\/festivalbritannique.fr\/index.php?rest_route=\/wp\/v2\/pages\/1152\/revisions"}],"predecessor-version":[{"id":1286,"href":"https:\/\/festivalbritannique.fr\/index.php?rest_route=\/wp\/v2\/pages\/1152\/revisions\/1286"}],"up":[{"embeddable":true,"href":"https:\/\/festivalbritannique.fr\/index.php?rest_route=\/wp\/v2\/pages\/804"}],"wp:attachment":[{"href":"https:\/\/festivalbritannique.fr\/index.php?rest_route=%2Fwp%2Fv2%2Fmedia&parent=1152"}],"curies":[{"name":"wp","href":"https:\/\/api.w.org\/{rel}","templated":true}]}}