{"id":1155,"date":"2018-02-14T19:54:41","date_gmt":"2018-02-14T18:54:41","guid":{"rendered":"http:\/\/festivalbritannique.fr\/?page_id=1155"},"modified":"2018-02-25T11:43:32","modified_gmt":"2018-02-25T10:43:32","slug":"scott-pilgrim","status":"publish","type":"page","link":"https:\/\/festivalbritannique.fr\/?page_id=1155","title":{"rendered":"Scott Pilgrim"},"content":{"rendered":"<h3><em>Titre original : <span style=\"color: #0000ff;\">Scott Pilgrim vs the world<br \/>\n<\/span><\/em><\/h3>\n<hr \/>\n<h3><span style=\"color: #ff0000;\"><strong>Samedi 10 mars \u00e0 16h<\/strong><br \/>\n<\/span><\/h3>\n<hr \/>\n<h5>Aventure, com\u00e9die, fantastique. 1h52.<\/h5>\n<p><span style=\"color: #339966;\">about EDGAR WRIGHT<\/span><\/p>\n<blockquote>\n<h5>Scott Pilgrim n\u2019a jamais eu de probl\u00e8me \u00e0 trouver une petite amie, mais s\u2019en d\u00e9barrasser s\u2019av\u00e8re plus compliqu\u00e9. Entre celle qui lui a bris\u00e9 le c\u0153ur \u2013 et qui est de retour en ville \u2013 et l\u2019adolescente qui lui sert de distraction au moment o\u00f9 Ramona entre dans sa vie &#8211; en rollers &#8211; l\u2019amour n\u2019a jamais \u00e9t\u00e9 chose facile. Il va cependant vite r\u00e9aliser que le nouvel objet de son affection tra\u00eene les plus singuli\u00e8res casseroles jamais rencontr\u00e9es : une inf\u00e2me ligue d\u2019ex qui contr\u00f4lent sa vie amoureuse et sont pr\u00eats \u00e0 tout pour \u00e9liminer son nouveau pr\u00e9tendant. \u00c0 mesure que Scott se rapproche de Ramona, il est confront\u00e9 \u00e0 une palette grandissante d\u2019individus patibulaires qui peuplent le pass\u00e9 de sa dulcin\u00e9e : du mesquin skateur \u00e0 la rock star v\u00e9g\u00e9tarienne en passant par une affreuse paire de jumeaux. Et s\u2019il esp\u00e8re s\u00e9duire l\u2019amour de sa vie, il doit triompher de chacun d\u2019eux avant que la partie soit bel et bien \u00ab over \u00bb.<\/h5>\n<h5>Scott Pilgrim plays in a band which aspires to success. He dates Knives Chau, a high-school girl five years younger, and he hasn&rsquo;t recovered from being dumped by his former girlfriend, now a success with her own band. When Scott falls for Ramona Flowers, he has trouble breaking up with Knives and tries to romance Ramona. As if juggling two women wasn&rsquo;t enough, Ramona comes with baggage: seven ex-lovers, with each of whom Scott must do battle to the death in order to win Ramona.<\/h5>\n<hr \/>\n<\/blockquote>\n<p class=\"wpview-selection-before\"><img loading=\"lazy\" decoding=\"async\" class=\"alignleft wp-image-1156 size-medium\" src=\"http:\/\/festivalbritannique.fr\/wp-content\/uploads\/2018\/02\/Scott-pilgrim-203x300.jpg\" alt=\"\" width=\"203\" height=\"300\" \/><img loading=\"lazy\" decoding=\"async\" class=\"alignleft wp-image-1207 size-medium\" src=\"http:\/\/festivalbritannique.fr\/wp-content\/uploads\/2018\/02\/scott-225x300.jpg\" alt=\"scott\" width=\"225\" height=\"300\" \/><\/p>\n<p><iframe loading=\"lazy\" title=\"Scott Pilgrim vs the World | Bande annonce #1 vostfr\" width=\"1170\" height=\"658\" src=\"https:\/\/www.youtube.com\/embed\/lDzwD5Xwric?feature=oembed\" frameborder=\"0\" allow=\"accelerometer; autoplay; encrypted-media; gyroscope; picture-in-picture\" allowfullscreen><\/iframe><\/p>\n<p class=\"wpview-selection-after\">\n<!-- AddThis Advanced Settings generic via filter on the_content --><!-- AddThis Share Buttons generic via filter on the_content -->","protected":false},"excerpt":{"rendered":"<p>Titre original : Scott Pilgrim vs the world Samedi 10 mars \u00e0 16h Aventure, com\u00e9die, fantastique. 1h52. about EDGAR WRIGHT Scott Pilgrim n\u2019a jamais eu de probl\u00e8me \u00e0 trouver une petite amie, mais s\u2019en d\u00e9barrasser s\u2019av\u00e8re plus compliqu\u00e9. Entre celle qui lui a bris\u00e9 le c\u0153ur \u2013 et qui est de retour en ville \u2013<\/p>\n<p><a href=\"https:\/\/festivalbritannique.fr\/?page_id=1155\" class=\"more-link themebutton\">Read More<\/a><\/p>\n<p><!-- AddThis Advanced Settings generic via filter on get_the_excerpt --><!-- AddThis Share Buttons generic via filter on get_the_excerpt --><\/p>\n","protected":false},"author":2,"featured_media":0,"parent":804,"menu_order":38,"comment_status":"closed","ping_status":"closed","template":"","meta":{"ngg_post_thumbnail":0,"footnotes":""},"class_list":["post-1155","page","type-page","status-publish","hentry"],"_links":{"self":[{"href":"https:\/\/festivalbritannique.fr\/index.php?rest_route=\/wp\/v2\/pages\/1155","targetHints":{"allow":["GET"]}}],"collection":[{"href":"https:\/\/festivalbritannique.fr\/index.php?rest_route=\/wp\/v2\/pages"}],"about":[{"href":"https:\/\/festivalbritannique.fr\/index.php?rest_route=\/wp\/v2\/types\/page"}],"author":[{"embeddable":true,"href":"https:\/\/festivalbritannique.fr\/index.php?rest_route=\/wp\/v2\/users\/2"}],"replies":[{"embeddable":true,"href":"https:\/\/festivalbritannique.fr\/index.php?rest_route=%2Fwp%2Fv2%2Fcomments&post=1155"}],"version-history":[{"count":4,"href":"https:\/\/festivalbritannique.fr\/index.php?rest_route=\/wp\/v2\/pages\/1155\/revisions"}],"predecessor-version":[{"id":1287,"href":"https:\/\/festivalbritannique.fr\/index.php?rest_route=\/wp\/v2\/pages\/1155\/revisions\/1287"}],"up":[{"embeddable":true,"href":"https:\/\/festivalbritannique.fr\/index.php?rest_route=\/wp\/v2\/pages\/804"}],"wp:attachment":[{"href":"https:\/\/festivalbritannique.fr\/index.php?rest_route=%2Fwp%2Fv2%2Fmedia&parent=1155"}],"curies":[{"name":"wp","href":"https:\/\/api.w.org\/{rel}","templated":true}]}}