{"id":1161,"date":"2018-02-14T20:01:19","date_gmt":"2018-02-14T19:01:19","guid":{"rendered":"http:\/\/festivalbritannique.fr\/?page_id=1161"},"modified":"2018-02-25T11:44:53","modified_gmt":"2018-02-25T10:44:53","slug":"1161-2","status":"publish","type":"page","link":"https:\/\/festivalbritannique.fr\/?page_id=1161","title":{"rendered":"Baby driver"},"content":{"rendered":"<h3><em>Titre original : <span style=\"color: #0000ff;\">Baby driver<br \/>\n<\/span><\/em><\/h3>\n<hr \/>\n<h3><span style=\"color: #ff0000;\"><strong>Samedi 10 mars \u00e0 21h<\/strong><br \/>\n<\/span><\/h3>\n<hr \/>\n<h5>Action, com\u00e9die. 1h53.<\/h5>\n<p><span style=\"color: #339966;\">about EDGAR WRIGHT and LILY JAMES<\/span><\/p>\n<blockquote>\n<h5>Chauffeur pour des braqueurs de banque, Baby a un truc pour \u00eatre le meilleur dans sa partie : il roule au rythme de sa propre playlist. Lorsqu\u2019il rencontre la fille de ses r\u00eaves, Baby cherche \u00e0 mettre fin \u00e0 ses activit\u00e9s criminelles pour revenir dans le droit chemin. Mais il est forc\u00e9 de travailler pour un grand patron du crime et le braquage tourne mal\u2026 D\u00e9sormais, sa libert\u00e9, son avenir avec la fille qu\u2019il aime et sa vie sont en jeu.<\/h5>\n<h5>Baby is a young and partially hearing impaired getaway driver who can make any wild move while in motion with the right track playing. It&rsquo;s a critical talent he needs to survive his indentured servitude to the crime boss, Doc, who values his role in his meticulously planned robberies. However, just when Baby thinks he is finally free and clear to have his own life with his new girlfriend, Debora, Doc coerces him back for another job. Now saddled with a crew of thugs too violently unstable to keep to Doc&rsquo;s plans, Baby finds himself and everything he cares for in terrible danger. To survive and escape the coming maelstrom, it will take all of Baby&rsquo;s skill, wits and daring, but even on the best track, can he make it when life is forcing him to face the music?<\/h5>\n<hr \/>\n<\/blockquote>\n<p class=\"wpview-selection-before\"><img loading=\"lazy\" decoding=\"async\" class=\"alignleft wp-image-1162 size-medium\" src=\"http:\/\/festivalbritannique.fr\/wp-content\/uploads\/2018\/02\/Baby-driver-202x300.jpg\" alt=\"\" width=\"202\" height=\"300\" \/><img loading=\"lazy\" decoding=\"async\" class=\"alignleft wp-image-1180 size-medium\" src=\"http:\/\/festivalbritannique.fr\/wp-content\/uploads\/2018\/02\/baby-driver-fr-225x300.jpg\" alt=\"baby driver fr\" width=\"225\" height=\"300\" \/><\/p>\n<p><iframe loading=\"lazy\" title=\"Baby Driver - Premi\u00e8re bande-annonce - VOST\" width=\"1170\" height=\"658\" src=\"https:\/\/www.youtube.com\/embed\/uU8Mlo1YKO4?feature=oembed\" frameborder=\"0\" allow=\"accelerometer; autoplay; encrypted-media; gyroscope; picture-in-picture\" allowfullscreen><\/iframe><\/p>\n<p class=\"wpview-selection-after\">\n<!-- AddThis Advanced Settings generic via filter on the_content --><!-- AddThis Share Buttons generic via filter on the_content -->","protected":false},"excerpt":{"rendered":"<p>Titre original : Baby driver Samedi 10 mars \u00e0 21h Action, com\u00e9die. 1h53. about EDGAR WRIGHT and LILY JAMES Chauffeur pour des braqueurs de banque, Baby a un truc pour \u00eatre le meilleur dans sa partie : il roule au rythme de sa propre playlist. Lorsqu\u2019il rencontre la fille de ses r\u00eaves, Baby cherche \u00e0<\/p>\n<p><a href=\"https:\/\/festivalbritannique.fr\/?page_id=1161\" class=\"more-link themebutton\">Read More<\/a><\/p>\n<p><!-- AddThis Advanced Settings generic via filter on get_the_excerpt --><!-- AddThis Share Buttons generic via filter on get_the_excerpt --><\/p>\n","protected":false},"author":2,"featured_media":0,"parent":804,"menu_order":43,"comment_status":"closed","ping_status":"closed","template":"","meta":{"ngg_post_thumbnail":0,"footnotes":""},"class_list":["post-1161","page","type-page","status-publish","hentry"],"_links":{"self":[{"href":"https:\/\/festivalbritannique.fr\/index.php?rest_route=\/wp\/v2\/pages\/1161","targetHints":{"allow":["GET"]}}],"collection":[{"href":"https:\/\/festivalbritannique.fr\/index.php?rest_route=\/wp\/v2\/pages"}],"about":[{"href":"https:\/\/festivalbritannique.fr\/index.php?rest_route=\/wp\/v2\/types\/page"}],"author":[{"embeddable":true,"href":"https:\/\/festivalbritannique.fr\/index.php?rest_route=\/wp\/v2\/users\/2"}],"replies":[{"embeddable":true,"href":"https:\/\/festivalbritannique.fr\/index.php?rest_route=%2Fwp%2Fv2%2Fcomments&post=1161"}],"version-history":[{"count":8,"href":"https:\/\/festivalbritannique.fr\/index.php?rest_route=\/wp\/v2\/pages\/1161\/revisions"}],"predecessor-version":[{"id":1289,"href":"https:\/\/festivalbritannique.fr\/index.php?rest_route=\/wp\/v2\/pages\/1161\/revisions\/1289"}],"up":[{"embeddable":true,"href":"https:\/\/festivalbritannique.fr\/index.php?rest_route=\/wp\/v2\/pages\/804"}],"wp:attachment":[{"href":"https:\/\/festivalbritannique.fr\/index.php?rest_route=%2Fwp%2Fv2%2Fmedia&parent=1161"}],"curies":[{"name":"wp","href":"https:\/\/api.w.org\/{rel}","templated":true}]}}