{"id":1175,"date":"2018-02-14T21:31:26","date_gmt":"2018-02-14T20:31:26","guid":{"rendered":"http:\/\/festivalbritannique.fr\/?page_id=1175"},"modified":"2018-02-25T11:46:18","modified_gmt":"2018-02-25T10:46:18","slug":"les-heures-sombres","status":"publish","type":"page","link":"https:\/\/festivalbritannique.fr\/?page_id=1175","title":{"rendered":"Les heures sombres"},"content":{"rendered":"<h3><em>Titre original : <span style=\"color: #0000ff;\">Darkest hour<br \/>\n<\/span><\/em><\/h3>\n<hr \/>\n<h3><span style=\"color: #ff0000;\"><strong>Dimanche 11 mars \u00e0 20h30<\/strong><br \/>\n<\/span><\/h3>\n<hr \/>\n<h5>Historique. 2h06.<\/h5>\n<p><span style=\"color: #339966;\">about LILY JAMES<\/span><\/p>\n<blockquote>\n<h5>Homme politique brillant et plein d\u2019esprit, Winston Churchill est un des piliers du Parlement du Royaume-Uni, mais \u00e0 65 ans d\u00e9j\u00e0, il est un candidat improbable au poste de Premier Ministre. Il y est cependant nomm\u00e9 d\u2019urgence le 10 mai 1940, apr\u00e8s la d\u00e9mission de Neville Chamberlain, et dans un contexte europ\u00e9en dramatique marqu\u00e9 par les d\u00e9faites successives des Alli\u00e9s face aux troupes nazies et par l\u2019arm\u00e9e britannique dans l\u2019incapacit\u00e9 d\u2019\u00eatre \u00e9vacu\u00e9e de Dunkerque.<br \/>\nAlors que plane la menace d\u2019une invasion du Royaume- Uni par Hitler et que 200 000 soldats britanniques sont pi\u00e9g\u00e9s \u00e0 Dunkerque, Churchill d\u00e9couvre que son propre parti complote contre lui et que m\u00eame son roi, George VI, se montre fort sceptique quant \u00e0 son aptitude \u00e0 assurer la lourde t\u00e2che qui lui incombe. Churchill doit prendre une d\u00e9cision fatidique : n\u00e9gocier un trait\u00e9 de paix avec l\u2019Allemagne nazie et \u00e9pargner \u00e0 ce terrible prix le peuple britannique ou mobiliser le pays et se battre envers et contre tout.<br \/>\nAvec le soutien de Cl\u00e9mentine, celle qu\u2019il a \u00e9pous\u00e9e 31 ans auparavant, il se tourne vers le peuple britannique pour trouver la force de tenir et de se battre pour d\u00e9fendre les id\u00e9aux de son pays, sa libert\u00e9 et son ind\u00e9pendance. Avec le pouvoir des mots comme ultime recours, et avec l\u2019aide de son infatigable secr\u00e9taire, Winston Churchill doit composer et prononcer les discours qui rallieront son pays. Traversant, comme l\u2019Europe enti\u00e8re, ses heures les plus sombres, il est en marche pour changer \u00e0 jamais le cours de l\u2019Histoire.<\/h5>\n<h5>Within days of becoming Prime Minister of Great Britain, Winston Churchill (Gary Oldman) must face one of his most turbulent and defining trials: exploring a negotiated peace treaty with Nazi Germany, or standing firm to fight for the ideals, liberty and freedom of a nation. As the unstoppable Nazi forces roll across Western Europe and the threat of invasion is imminent, and with an unprepared public, a skeptical King, and his own party plotting against him, Churchill must withstand his darkest hour, rally a nation, and attempt to change the course of world history.<\/h5>\n<hr \/>\n<\/blockquote>\n<p class=\"wpview-selection-before\"><img loading=\"lazy\" decoding=\"async\" class=\"alignleft wp-image-1176 size-medium\" src=\"http:\/\/festivalbritannique.fr\/wp-content\/uploads\/2018\/02\/Les-heures-sombres-203x300.jpg\" alt=\"\" width=\"203\" height=\"300\" \/><img loading=\"lazy\" decoding=\"async\" class=\"alignleft wp-image-1201 size-medium\" src=\"http:\/\/festivalbritannique.fr\/wp-content\/uploads\/2018\/02\/heures-sombres-221x300.jpg\" alt=\"heures sombres\" width=\"221\" height=\"300\" \/><\/p>\n<p><iframe loading=\"lazy\" title=\"Les Heures Sombres \/ Bande-Annonce 1 VOST [Au cin\u00e9ma le 3 janvier]\" width=\"1170\" height=\"658\" src=\"https:\/\/www.youtube.com\/embed\/X_tp_BhUVd4?feature=oembed\" frameborder=\"0\" allow=\"accelerometer; autoplay; encrypted-media; gyroscope; picture-in-picture\" allowfullscreen><\/iframe><\/p>\n<p class=\"wpview-selection-after\">\n<!-- AddThis Advanced Settings generic via filter on the_content --><!-- AddThis Share Buttons generic via filter on the_content -->","protected":false},"excerpt":{"rendered":"<p>Titre original : Darkest hour Dimanche 11 mars \u00e0 20h30 Historique. 2h06. about LILY JAMES Homme politique brillant et plein d\u2019esprit, Winston Churchill est un des piliers du Parlement du Royaume-Uni, mais \u00e0 65 ans d\u00e9j\u00e0, il est un candidat improbable au poste de Premier Ministre. Il y est cependant nomm\u00e9 d\u2019urgence le 10 mai<\/p>\n<p><a href=\"https:\/\/festivalbritannique.fr\/?page_id=1175\" class=\"more-link themebutton\">Read More<\/a><\/p>\n<p><!-- AddThis Advanced Settings generic via filter on get_the_excerpt --><!-- AddThis Share Buttons generic via filter on get_the_excerpt --><\/p>\n","protected":false},"author":2,"featured_media":0,"parent":804,"menu_order":49,"comment_status":"closed","ping_status":"closed","template":"","meta":{"ngg_post_thumbnail":0,"footnotes":""},"class_list":["post-1175","page","type-page","status-publish","hentry"],"_links":{"self":[{"href":"https:\/\/festivalbritannique.fr\/index.php?rest_route=\/wp\/v2\/pages\/1175","targetHints":{"allow":["GET"]}}],"collection":[{"href":"https:\/\/festivalbritannique.fr\/index.php?rest_route=\/wp\/v2\/pages"}],"about":[{"href":"https:\/\/festivalbritannique.fr\/index.php?rest_route=\/wp\/v2\/types\/page"}],"author":[{"embeddable":true,"href":"https:\/\/festivalbritannique.fr\/index.php?rest_route=\/wp\/v2\/users\/2"}],"replies":[{"embeddable":true,"href":"https:\/\/festivalbritannique.fr\/index.php?rest_route=%2Fwp%2Fv2%2Fcomments&post=1175"}],"version-history":[{"count":5,"href":"https:\/\/festivalbritannique.fr\/index.php?rest_route=\/wp\/v2\/pages\/1175\/revisions"}],"predecessor-version":[{"id":1293,"href":"https:\/\/festivalbritannique.fr\/index.php?rest_route=\/wp\/v2\/pages\/1175\/revisions\/1293"}],"up":[{"embeddable":true,"href":"https:\/\/festivalbritannique.fr\/index.php?rest_route=\/wp\/v2\/pages\/804"}],"wp:attachment":[{"href":"https:\/\/festivalbritannique.fr\/index.php?rest_route=%2Fwp%2Fv2%2Fmedia&parent=1175"}],"curies":[{"name":"wp","href":"https:\/\/api.w.org\/{rel}","templated":true}]}}