{"id":1228,"date":"2018-02-14T22:38:57","date_gmt":"2018-02-14T21:38:57","guid":{"rendered":"http:\/\/festivalbritannique.fr\/?page_id=1228"},"modified":"2018-02-15T17:41:44","modified_gmt":"2018-02-15T16:41:44","slug":"vendredi-9-mars","status":"publish","type":"page","link":"https:\/\/festivalbritannique.fr\/?page_id=1228","title":{"rendered":"Vendredi 9 mars"},"content":{"rendered":"<div class=\"csRow\">\n<div class=\"csColumnGap\" style=\"margin: 0px; padding: 0px; float: left; width: 1.56%;\"><img decoding=\"async\" src=\"http:\/\/festivalbritannique.fr\/wp-content\/plugins\/advanced-wp-columns\/assets\/js\/plugins\/views\/img\/1x1-pixel.png\" alt=\"\" \/><\/div>\n<div class=\"csColumn\" style=\"margin: 0px; padding: 0px; float: left; width: 31.3%;\" data-csid=\"c7659684-7c69-457b-9956-6f770e2b871a\" data-cswidth=\"31.3%\" data-csendpoint=\"315\" data-csstartpoint=\"15\">\n<p>\u00a0<img loading=\"lazy\" decoding=\"async\" class=\"aligncenter wp-image-1229 size-full\" src=\"http:\/\/festivalbritannique.fr\/wp-content\/uploads\/2018\/02\/lion-e1518644148147.jpg\" alt=\"\" width=\"204\" height=\"300\" \/><\/p>\n<h4 style=\"text-align: center;\"><strong><span style=\"color: #ff0000;\">10h \/ 13h<\/span><\/strong><br \/>\nS\u00e9ances r\u00e9serv\u00e9es aux scolaires<br \/>\nPlus d&rsquo;informations :<br \/>\ncontact.halle@veocinemas.fr<\/h4>\n<\/div>\n<div class=\"csColumnGap\" style=\"margin: 0px; padding: 0px; float: left; width: 1.56%;\"><img decoding=\"async\" src=\"http:\/\/festivalbritannique.fr\/wp-content\/plugins\/advanced-wp-columns\/assets\/js\/plugins\/views\/img\/1x1-pixel.png\" alt=\"\" \/><\/div>\n<div class=\"csColumn\" style=\"margin: 0px; padding: 0px; float: left; width: 31.3%;\" data-csid=\"22a232ab-fd9e-e71a-8e4a-2e569879508b\" data-cswidth=\"31.3%\" data-csendpoint=\"630\" data-csstartpoint=\"330\">\n<p>\u00a0<a href=\"http:\/\/festivalbritannique.fr\/?page_id=1145\"><img loading=\"lazy\" decoding=\"async\" class=\"aligncenter wp-image-1230 size-full\" src=\"http:\/\/festivalbritannique.fr\/wp-content\/uploads\/2018\/02\/Dunkirk-1-e1518644229762.jpg\" alt=\"\" width=\"202\" height=\"300\" \/><\/a><\/p>\n<h4 style=\"text-align: center;\"><strong><span style=\"color: #ff0000;\">18h<\/span><\/strong><br \/>\nS\u00e9ance de rattrapage<\/h4>\n<\/div>\n<div class=\"csColumnGap\" style=\"margin: 0px; padding: 0px; float: left; width: 1.56%;\"><img decoding=\"async\" src=\"http:\/\/festivalbritannique.fr\/wp-content\/plugins\/advanced-wp-columns\/assets\/js\/plugins\/views\/img\/1x1-pixel.png\" alt=\"\" \/><\/div>\n<div class=\"csColumn\" style=\"margin: 0px; padding: 0px; float: left; width: 31.3%;\" data-csid=\"2f8eb4aa-89c7-4cbf-b2ec-7c23f8b059e0\" data-cswidth=\"31.3%\" data-csendpoint=\"945\" data-csstartpoint=\"645\">\n<p>\u00a0<a href=\"http:\/\/festivalbritannique.fr\/?page_id=1148\"><img loading=\"lazy\" decoding=\"async\" class=\"aligncenter wp-image-1231 size-full\" src=\"http:\/\/festivalbritannique.fr\/wp-content\/uploads\/2018\/02\/death-of-stalin-1-e1518644266672.jpg\" alt=\"\" width=\"203\" height=\"300\" \/><\/a><\/p>\n<h4 style=\"text-align: center;\"><strong><span style=\"color: #ff0000;\">20h30<\/span><\/strong><br \/>\nAvant-premi\u00e8re<br \/>\nOuverture du festival<\/h4>\n<\/div>\n<div class=\"csColumnGap\" style=\"margin: 0px; padding: 0px; float: left; width: 1.56%;\"><img decoding=\"async\" src=\"http:\/\/festivalbritannique.fr\/wp-content\/plugins\/advanced-wp-columns\/assets\/js\/plugins\/views\/img\/1x1-pixel.png\" alt=\"\" \/><\/div>\n<div style=\"clear: both; float: none; display: block; visibility: hidden; width: 0px; font-size: 0px; line-height: 0;\"><\/div>\n<\/div>\n<!-- AddThis Advanced Settings generic via filter on the_content --><!-- AddThis Share Buttons generic via filter on the_content -->","protected":false},"excerpt":{"rendered":"<p>\u00a0 10h \/ 13h S\u00e9ances r\u00e9serv\u00e9es aux scolaires Plus d&rsquo;informations : contact.halle@veocinemas.fr \u00a0 18h S\u00e9ance de rattrapage \u00a0 20h30 Avant-premi\u00e8re Ouverture du festival<!-- AddThis Advanced Settings generic via filter on get_the_excerpt --><!-- AddThis Share Buttons generic via filter on get_the_excerpt --><\/p>\n","protected":false},"author":2,"featured_media":0,"parent":1021,"menu_order":0,"comment_status":"closed","ping_status":"closed","template":"","meta":{"ngg_post_thumbnail":0,"footnotes":""},"class_list":["post-1228","page","type-page","status-publish","hentry"],"_links":{"self":[{"href":"https:\/\/festivalbritannique.fr\/index.php?rest_route=\/wp\/v2\/pages\/1228","targetHints":{"allow":["GET"]}}],"collection":[{"href":"https:\/\/festivalbritannique.fr\/index.php?rest_route=\/wp\/v2\/pages"}],"about":[{"href":"https:\/\/festivalbritannique.fr\/index.php?rest_route=\/wp\/v2\/types\/page"}],"author":[{"embeddable":true,"href":"https:\/\/festivalbritannique.fr\/index.php?rest_route=\/wp\/v2\/users\/2"}],"replies":[{"embeddable":true,"href":"https:\/\/festivalbritannique.fr\/index.php?rest_route=%2Fwp%2Fv2%2Fcomments&post=1228"}],"version-history":[{"count":3,"href":"https:\/\/festivalbritannique.fr\/index.php?rest_route=\/wp\/v2\/pages\/1228\/revisions"}],"predecessor-version":[{"id":1266,"href":"https:\/\/festivalbritannique.fr\/index.php?rest_route=\/wp\/v2\/pages\/1228\/revisions\/1266"}],"up":[{"embeddable":true,"href":"https:\/\/festivalbritannique.fr\/index.php?rest_route=\/wp\/v2\/pages\/1021"}],"wp:attachment":[{"href":"https:\/\/festivalbritannique.fr\/index.php?rest_route=%2Fwp%2Fv2%2Fmedia&parent=1228"}],"curies":[{"name":"wp","href":"https:\/\/api.w.org\/{rel}","templated":true}]}}