{"id":1347,"date":"2019-02-22T14:09:17","date_gmt":"2019-02-22T13:09:17","guid":{"rendered":"http:\/\/festivalbritannique.fr\/?page_id=1347"},"modified":"2019-02-22T14:09:59","modified_gmt":"2019-02-22T13:09:59","slug":"le-cercle-litteraire-de-guernesey","status":"publish","type":"page","link":"https:\/\/festivalbritannique.fr\/?page_id=1347","title":{"rendered":"Le cercle litt\u00e9raire de Guernesey"},"content":{"rendered":"\n<p class=\"has-text-color has-medium-font-size has-vivid-cyan-blue-color\"><em>The Guernsey Literary And Potato Peel Pie Society<\/em><\/p>\n\n\n\n<p class=\"has-text-color has-medium-font-size has-vivid-red-color\">Vendredi 22 mars \u00e0 18h<\/p>\n\n\n\n<ul class=\"wp-block-list\"><li><strong>Romance, historique.<\/strong><\/li><li><strong>History, Romance.<\/strong><\/li><li><strong>Mike Newell, Lily James, Michiel Huisman. 2h04<\/strong><\/li><\/ul>\n\n\n\n<blockquote class=\"wp-block-quote is-style-default is-layout-flow wp-block-quote-is-layout-flow\"><p> Londres, 1946. Juliet Ashton, une jeune \u00e9crivaine en manque  d\u2019inspiration re\u00e7oit une lettre d\u2019un myst\u00e9rieux membre du Club de  Litt\u00e9rature de Guernesey cr\u00e9\u00e9 durant l\u2019occupation. Curieuse d\u2019en savoir  plus, Juliet d\u00e9cide de se rendre sur l\u2019\u00eele et rencontre alors les  excentriques membres du Cercle litt\u00e9raire des amateurs d&rsquo;\u00e9pluchures de  patates dont Dawsey, le charmant et intriguant fermier \u00e0 l\u2019origine de la  lettre. Leurs confidences, son attachement \u00e0 l\u2019\u00eele et \u00e0 ses habitants  ou encore son affection pour Dawsey changeront \u00e0 jamais le cours de sa  vie.                       <\/p><cite>Allocin\u00e9.fr<\/cite><\/blockquote>\n\n\n\n<blockquote class=\"wp-block-quote is-layout-flow wp-block-quote-is-layout-flow\"><p> In the aftermath of World War II, a writer forms an unexpected bond with  the residents of Guernsey Island when she decides to write a book about  their experiences during the war. <\/p><cite>ImDb.com<\/cite><\/blockquote>\n\n\n\n<figure class=\"wp-block-embed-youtube aligncenter wp-block-embed is-type-video is-provider-youtube wp-embed-aspect-16-9 wp-has-aspect-ratio\"><div class=\"wp-block-embed__wrapper\">\n<iframe loading=\"lazy\" title=\"LE CERCLE LITTERAIRE DE GUERNESEY \u2013 Bande-annonce Officielle VOSTF (2018)\" width=\"1170\" height=\"658\" src=\"https:\/\/www.youtube.com\/embed\/IKwEZYzt4x0?feature=oembed\" frameborder=\"0\" allow=\"accelerometer; autoplay; encrypted-media; gyroscope; picture-in-picture\" allowfullscreen><\/iframe>\n<\/div><\/figure>\n\n\n\n<ul class=\"wp-block-gallery columns-2 is-cropped wp-block-gallery-1 is-layout-flex wp-block-gallery-is-layout-flex\"><li class=\"blocks-gallery-item\"><figure><img loading=\"lazy\" decoding=\"async\" width=\"600\" height=\"889\" src=\"http:\/\/festivalbritannique.fr\/wp-content\/uploads\/2019\/02\/Guernesey-aff1.jpg\" alt=\"\" data-id=\"1356\" data-link=\"http:\/\/festivalbritannique.fr\/?attachment_id=1356#main\" class=\"wp-image-1356\" srcset=\"https:\/\/festivalbritannique.fr\/wp-content\/uploads\/2019\/02\/Guernesey-aff1.jpg 600w, https:\/\/festivalbritannique.fr\/wp-content\/uploads\/2019\/02\/Guernesey-aff1-202x300.jpg 202w\" sizes=\"auto, (max-width: 600px) 100vw, 600px\" \/><\/figure><\/li><li class=\"blocks-gallery-item\"><figure><img loading=\"lazy\" decoding=\"async\" width=\"752\" height=\"1024\" src=\"http:\/\/festivalbritannique.fr\/wp-content\/uploads\/2019\/02\/Guernesey-aff2-752x1024.jpg\" alt=\"\" data-id=\"1357\" data-link=\"http:\/\/festivalbritannique.fr\/?attachment_id=1357#main\" class=\"wp-image-1357\" srcset=\"https:\/\/festivalbritannique.fr\/wp-content\/uploads\/2019\/02\/Guernesey-aff2-752x1024.jpg 752w, https:\/\/festivalbritannique.fr\/wp-content\/uploads\/2019\/02\/Guernesey-aff2-220x300.jpg 220w, https:\/\/festivalbritannique.fr\/wp-content\/uploads\/2019\/02\/Guernesey-aff2-768x1046.jpg 768w, https:\/\/festivalbritannique.fr\/wp-content\/uploads\/2019\/02\/Guernesey-aff2.jpg 793w\" sizes=\"auto, (max-width: 752px) 100vw, 752px\" \/><\/figure><\/li><\/ul>\n<!-- AddThis Advanced Settings generic via filter on the_content --><!-- AddThis Share Buttons generic via filter on the_content -->","protected":false},"excerpt":{"rendered":"<p>The Guernsey Literary And Potato Peel Pie Society Vendredi 22 mars \u00e0 18h Romance, historique. History, Romance. Mike Newell, Lily James, Michiel Huisman. 2h04 Londres, 1946. Juliet Ashton, une jeune \u00e9crivaine en manque d\u2019inspiration re\u00e7oit une lettre d\u2019un myst\u00e9rieux membre du Club de Litt\u00e9rature de Guernesey cr\u00e9\u00e9 durant l\u2019occupation. Curieuse d\u2019en savoir plus, Juliet d\u00e9cide<\/p>\n<p><a href=\"https:\/\/festivalbritannique.fr\/?page_id=1347\" class=\"more-link themebutton\">Read More<\/a><\/p>\n<p><!-- AddThis Advanced Settings generic via filter on get_the_excerpt --><!-- AddThis Share Buttons generic via filter on get_the_excerpt --><\/p>\n","protected":false},"author":2,"featured_media":0,"parent":1343,"menu_order":0,"comment_status":"closed","ping_status":"closed","template":"","meta":{"ngg_post_thumbnail":0,"footnotes":""},"class_list":["post-1347","page","type-page","status-publish","hentry"],"_links":{"self":[{"href":"https:\/\/festivalbritannique.fr\/index.php?rest_route=\/wp\/v2\/pages\/1347","targetHints":{"allow":["GET"]}}],"collection":[{"href":"https:\/\/festivalbritannique.fr\/index.php?rest_route=\/wp\/v2\/pages"}],"about":[{"href":"https:\/\/festivalbritannique.fr\/index.php?rest_route=\/wp\/v2\/types\/page"}],"author":[{"embeddable":true,"href":"https:\/\/festivalbritannique.fr\/index.php?rest_route=\/wp\/v2\/users\/2"}],"replies":[{"embeddable":true,"href":"https:\/\/festivalbritannique.fr\/index.php?rest_route=%2Fwp%2Fv2%2Fcomments&post=1347"}],"version-history":[{"count":11,"href":"https:\/\/festivalbritannique.fr\/index.php?rest_route=\/wp\/v2\/pages\/1347\/revisions"}],"predecessor-version":[{"id":1360,"href":"https:\/\/festivalbritannique.fr\/index.php?rest_route=\/wp\/v2\/pages\/1347\/revisions\/1360"}],"up":[{"embeddable":true,"href":"https:\/\/festivalbritannique.fr\/index.php?rest_route=\/wp\/v2\/pages\/1343"}],"wp:attachment":[{"href":"https:\/\/festivalbritannique.fr\/index.php?rest_route=%2Fwp%2Fv2%2Fmedia&parent=1347"}],"curies":[{"name":"wp","href":"https:\/\/api.w.org\/{rel}","templated":true}]}}