{"id":1361,"date":"2019-02-22T14:18:48","date_gmt":"2019-02-22T13:18:48","guid":{"rendered":"http:\/\/festivalbritannique.fr\/?page_id=1361"},"modified":"2019-02-22T17:07:58","modified_gmt":"2019-02-22T16:07:58","slug":"le-cercle-litteraire-de-guernesey-2","status":"publish","type":"page","link":"https:\/\/festivalbritannique.fr\/?page_id=1361","title":{"rendered":"Stan &#038; Ollie"},"content":{"rendered":"\n<p class=\"has-text-color has-medium-font-size has-vivid-cyan-blue-color\">Stan &amp; Ollie<\/p>\n\n\n\n<p class=\"has-text-color has-medium-font-size has-vivid-red-color\">Vendredi 22 mars \u00e0 20h30<\/p>\n\n\n\n<p class=\"has-text-color has-vivid-red-color\">+ hors weekend festival : Lundi 25 mars \u00e0 14h30, Mardi 26 mars \u00e0 18h (VF)<br><\/p>\n\n\n\n<ul class=\"wp-block-list\"><li><strong>Biopic.<\/strong><\/li><li><strong>Biography.<\/strong><\/li><li><strong>John S. Baird, Steve Coogan, John C. Reilly. 1h38<\/strong><\/li><\/ul>\n\n\n\n<blockquote class=\"wp-block-quote is-style-default is-layout-flow wp-block-quote-is-layout-flow\"><p> 1953. Laurel et Hardy, le plus grand duo comique de tous les temps, se lancent dans une tourn\u00e9e \u00e0 travers l\u2019Angleterre.<br>D\u00e9sormais  vieillissants et oubli\u00e9s des plus jeunes, ils peinent \u00e0 faire salle  comble. Mais leurs capacit\u00e9s \u00e0 se faire rire mutuellement et \u00e0 se  r\u00e9inventer vont leur permettre de reconqu\u00e9rir le public, et renouer avec  le succ\u00e8s.<br>M\u00eame si le spectre du pass\u00e9 et de nouvelles \u00e9preuves  \u00e9branlent la solidit\u00e9 de leur duo, cette tourn\u00e9e est l\u2019occasion unique  de r\u00e9aliser \u00e0 quel point, humainement, ils comptent l\u2019un pour l\u2019autre\u2026 <\/p><cite>Allocin\u00e9.fr<\/cite><\/blockquote>\n\n\n\n<blockquote class=\"wp-block-quote is-layout-flow wp-block-quote-is-layout-flow\"><p> Laurel and Hardy, the world&rsquo;s most famous comedy duo, attempt to  reignite their film careers as they embark on what becomes their swan  song &#8211; a grueling theatre tour of post-war Britain. <\/p><cite>ImDb.com<\/cite><\/blockquote>\n\n\n\n<figure class=\"wp-block-embed-youtube aligncenter wp-block-embed is-type-video is-provider-youtube wp-embed-aspect-16-9 wp-has-aspect-ratio\"><div class=\"wp-block-embed__wrapper\">\n<iframe loading=\"lazy\" title=\"STAN &amp; OLLIE ( Steve Coogan et John C. Reilly ) - Bande-annonce VOST\" width=\"1170\" height=\"658\" src=\"https:\/\/www.youtube.com\/embed\/FpCfeXUEIXc?feature=oembed\" frameborder=\"0\" allow=\"accelerometer; autoplay; encrypted-media; gyroscope; picture-in-picture\" allowfullscreen><\/iframe>\n<\/div><\/figure>\n\n\n\n<ul class=\"wp-block-gallery columns-2 is-cropped wp-block-gallery-1 is-layout-flex wp-block-gallery-is-layout-flex\"><li class=\"blocks-gallery-item\"><figure><img loading=\"lazy\" decoding=\"async\" width=\"768\" height=\"1024\" src=\"http:\/\/festivalbritannique.fr\/wp-content\/uploads\/2019\/02\/StanOllie-aff1-768x1024.jpg\" alt=\"\" data-id=\"1362\" data-link=\"http:\/\/festivalbritannique.fr\/?attachment_id=1362#main\" class=\"wp-image-1362\" srcset=\"https:\/\/festivalbritannique.fr\/wp-content\/uploads\/2019\/02\/StanOllie-aff1-768x1024.jpg 768w, https:\/\/festivalbritannique.fr\/wp-content\/uploads\/2019\/02\/StanOllie-aff1-225x300.jpg 225w, https:\/\/festivalbritannique.fr\/wp-content\/uploads\/2019\/02\/StanOllie-aff1.jpg 810w\" sizes=\"auto, (max-width: 768px) 100vw, 768px\" \/><\/figure><\/li><li class=\"blocks-gallery-item\"><figure><img loading=\"lazy\" decoding=\"async\" width=\"674\" height=\"1000\" src=\"http:\/\/festivalbritannique.fr\/wp-content\/uploads\/2019\/02\/StanOllie-aff2.jpg\" alt=\"\" data-id=\"1363\" data-link=\"http:\/\/festivalbritannique.fr\/?attachment_id=1363#main\" class=\"wp-image-1363\" srcset=\"https:\/\/festivalbritannique.fr\/wp-content\/uploads\/2019\/02\/StanOllie-aff2.jpg 674w, https:\/\/festivalbritannique.fr\/wp-content\/uploads\/2019\/02\/StanOllie-aff2-202x300.jpg 202w\" sizes=\"auto, (max-width: 674px) 100vw, 674px\" \/><\/figure><\/li><\/ul>\n<!-- AddThis Advanced Settings generic via filter on the_content --><!-- AddThis Share Buttons generic via filter on the_content -->","protected":false},"excerpt":{"rendered":"<p>Stan &amp; Ollie Vendredi 22 mars \u00e0 20h30 + hors weekend festival : Lundi 25 mars \u00e0 14h30, Mardi 26 mars \u00e0 18h (VF) Biopic. Biography. John S. Baird, Steve Coogan, John C. Reilly. 1h38 1953. Laurel et Hardy, le plus grand duo comique de tous les temps, se lancent dans une tourn\u00e9e \u00e0 travers<\/p>\n<p><a href=\"https:\/\/festivalbritannique.fr\/?page_id=1361\" class=\"more-link themebutton\">Read More<\/a><\/p>\n<p><!-- AddThis Advanced Settings generic via filter on get_the_excerpt --><!-- AddThis Share Buttons generic via filter on get_the_excerpt --><\/p>\n","protected":false},"author":2,"featured_media":0,"parent":1343,"menu_order":0,"comment_status":"closed","ping_status":"closed","template":"","meta":{"ngg_post_thumbnail":0,"footnotes":""},"class_list":["post-1361","page","type-page","status-publish","hentry"],"_links":{"self":[{"href":"https:\/\/festivalbritannique.fr\/index.php?rest_route=\/wp\/v2\/pages\/1361","targetHints":{"allow":["GET"]}}],"collection":[{"href":"https:\/\/festivalbritannique.fr\/index.php?rest_route=\/wp\/v2\/pages"}],"about":[{"href":"https:\/\/festivalbritannique.fr\/index.php?rest_route=\/wp\/v2\/types\/page"}],"author":[{"embeddable":true,"href":"https:\/\/festivalbritannique.fr\/index.php?rest_route=\/wp\/v2\/users\/2"}],"replies":[{"embeddable":true,"href":"https:\/\/festivalbritannique.fr\/index.php?rest_route=%2Fwp%2Fv2%2Fcomments&post=1361"}],"version-history":[{"count":5,"href":"https:\/\/festivalbritannique.fr\/index.php?rest_route=\/wp\/v2\/pages\/1361\/revisions"}],"predecessor-version":[{"id":1445,"href":"https:\/\/festivalbritannique.fr\/index.php?rest_route=\/wp\/v2\/pages\/1361\/revisions\/1445"}],"up":[{"embeddable":true,"href":"https:\/\/festivalbritannique.fr\/index.php?rest_route=\/wp\/v2\/pages\/1343"}],"wp:attachment":[{"href":"https:\/\/festivalbritannique.fr\/index.php?rest_route=%2Fwp%2Fv2%2Fmedia&parent=1361"}],"curies":[{"name":"wp","href":"https:\/\/api.w.org\/{rel}","templated":true}]}}