{"id":1371,"date":"2019-02-22T14:43:39","date_gmt":"2019-02-22T13:43:39","guid":{"rendered":"http:\/\/festivalbritannique.fr\/?page_id=1371"},"modified":"2019-02-22T14:43:40","modified_gmt":"2019-02-22T13:43:40","slug":"le-cercle-litteraire-de-guernesey-2-2-2","status":"publish","type":"page","link":"https:\/\/festivalbritannique.fr\/?page_id=1371","title":{"rendered":"The happy prince"},"content":{"rendered":"\n<p class=\"has-text-color has-medium-font-size has-vivid-cyan-blue-color\">The happy prince<\/p>\n\n\n\n<p class=\"has-text-color has-medium-font-size has-vivid-red-color\">Samedi 23 mars \u00e0 16h<\/p>\n\n\n\n<ul class=\"wp-block-list\"><li><strong>Biopic.<\/strong><\/li><li><strong>Biography.<\/strong><\/li><li><strong>Rupert Everett, Colin Firth. 1h45<\/strong><\/li><\/ul>\n\n\n\n<blockquote class=\"wp-block-quote is-style-default is-layout-flow wp-block-quote-is-layout-flow\"><p> \u00c0 la fin du XIXe si\u00e8cle, le dandy et \u00e9crivain de g\u00e9nie Oscar Wilde,  intelligent et scandaleux brille au sein de la soci\u00e9t\u00e9 londonienne. Son  homosexualit\u00e9 est toutefois trop affich\u00e9e pour son \u00e9poque et il est  envoy\u00e9 en prison. Ruin\u00e9 et malade lorsqu\u2019il en sort, il part s\u2019exiler \u00e0  Paris. Dans sa chambre d&rsquo;h\u00f4tel miteuse, au soir de sa vie, les souvenirs  l&rsquo;envahissent\u2026<\/p><cite>Allocin\u00e9.fr<\/cite><\/blockquote>\n\n\n\n<blockquote class=\"wp-block-quote is-layout-flow wp-block-quote-is-layout-flow\"><p> The untold story of the last days in the tragic times of <a href=\"https:\/\/www.imdb.com\/name\/nm0928492\/?ref_=\">Oscar Wilde<\/a>,  a person who observes his own failure with ironic distance and regards  the difficulties that beset his life with detachment and humor.              <\/p><cite>ImDb.com<\/cite><\/blockquote>\n\n\n\n<figure class=\"wp-block-embed-youtube aligncenter wp-block-embed is-type-video is-provider-youtube wp-embed-aspect-16-9 wp-has-aspect-ratio\"><div class=\"wp-block-embed__wrapper\">\n<iframe loading=\"lazy\" title=\"THE HAPPY PRINCE BANDE ANNONCE OFFICIELLE VOSTFR\" width=\"1170\" height=\"658\" src=\"https:\/\/www.youtube.com\/embed\/fgKOA3AzgJI?feature=oembed\" frameborder=\"0\" allow=\"accelerometer; autoplay; encrypted-media; gyroscope; picture-in-picture\" allowfullscreen><\/iframe>\n<\/div><\/figure>\n\n\n\n<ul class=\"wp-block-gallery columns-2 is-cropped wp-block-gallery-1 is-layout-flex wp-block-gallery-is-layout-flex\"><li class=\"blocks-gallery-item\"><figure><img loading=\"lazy\" decoding=\"async\" width=\"752\" height=\"1024\" src=\"http:\/\/festivalbritannique.fr\/wp-content\/uploads\/2019\/02\/The-happy-prince-aff1-752x1024.jpg\" alt=\"\" data-id=\"1372\" data-link=\"http:\/\/festivalbritannique.fr\/?attachment_id=1372#main\" class=\"wp-image-1372\" srcset=\"https:\/\/festivalbritannique.fr\/wp-content\/uploads\/2019\/02\/The-happy-prince-aff1-752x1024.jpg 752w, https:\/\/festivalbritannique.fr\/wp-content\/uploads\/2019\/02\/The-happy-prince-aff1-220x300.jpg 220w, https:\/\/festivalbritannique.fr\/wp-content\/uploads\/2019\/02\/The-happy-prince-aff1-768x1046.jpg 768w, https:\/\/festivalbritannique.fr\/wp-content\/uploads\/2019\/02\/The-happy-prince-aff1.jpg 793w\" sizes=\"auto, (max-width: 752px) 100vw, 752px\" \/><\/figure><\/li><li class=\"blocks-gallery-item\"><figure><img loading=\"lazy\" decoding=\"async\" width=\"675\" height=\"1000\" src=\"http:\/\/festivalbritannique.fr\/wp-content\/uploads\/2019\/02\/The-happy-prince-aff2.jpg\" alt=\"\" data-id=\"1373\" data-link=\"http:\/\/festivalbritannique.fr\/?attachment_id=1373#main\" class=\"wp-image-1373\" srcset=\"https:\/\/festivalbritannique.fr\/wp-content\/uploads\/2019\/02\/The-happy-prince-aff2.jpg 675w, https:\/\/festivalbritannique.fr\/wp-content\/uploads\/2019\/02\/The-happy-prince-aff2-203x300.jpg 203w\" sizes=\"auto, (max-width: 675px) 100vw, 675px\" \/><\/figure><\/li><\/ul>\n<!-- AddThis Advanced Settings generic via filter on the_content --><!-- AddThis Share Buttons generic via filter on the_content -->","protected":false},"excerpt":{"rendered":"<p>The happy prince Samedi 23 mars \u00e0 16h Biopic. Biography. Rupert Everett, Colin Firth. 1h45 \u00c0 la fin du XIXe si\u00e8cle, le dandy et \u00e9crivain de g\u00e9nie Oscar Wilde, intelligent et scandaleux brille au sein de la soci\u00e9t\u00e9 londonienne. Son homosexualit\u00e9 est toutefois trop affich\u00e9e pour son \u00e9poque et il est envoy\u00e9 en prison. Ruin\u00e9<\/p>\n<p><a href=\"https:\/\/festivalbritannique.fr\/?page_id=1371\" class=\"more-link themebutton\">Read More<\/a><\/p>\n<p><!-- AddThis Advanced Settings generic via filter on get_the_excerpt --><!-- AddThis Share Buttons generic via filter on get_the_excerpt --><\/p>\n","protected":false},"author":2,"featured_media":0,"parent":1343,"menu_order":0,"comment_status":"closed","ping_status":"closed","template":"","meta":{"ngg_post_thumbnail":0,"footnotes":""},"class_list":["post-1371","page","type-page","status-publish","hentry"],"_links":{"self":[{"href":"https:\/\/festivalbritannique.fr\/index.php?rest_route=\/wp\/v2\/pages\/1371","targetHints":{"allow":["GET"]}}],"collection":[{"href":"https:\/\/festivalbritannique.fr\/index.php?rest_route=\/wp\/v2\/pages"}],"about":[{"href":"https:\/\/festivalbritannique.fr\/index.php?rest_route=\/wp\/v2\/types\/page"}],"author":[{"embeddable":true,"href":"https:\/\/festivalbritannique.fr\/index.php?rest_route=\/wp\/v2\/users\/2"}],"replies":[{"embeddable":true,"href":"https:\/\/festivalbritannique.fr\/index.php?rest_route=%2Fwp%2Fv2%2Fcomments&post=1371"}],"version-history":[{"count":1,"href":"https:\/\/festivalbritannique.fr\/index.php?rest_route=\/wp\/v2\/pages\/1371\/revisions"}],"predecessor-version":[{"id":1374,"href":"https:\/\/festivalbritannique.fr\/index.php?rest_route=\/wp\/v2\/pages\/1371\/revisions\/1374"}],"up":[{"embeddable":true,"href":"https:\/\/festivalbritannique.fr\/index.php?rest_route=\/wp\/v2\/pages\/1343"}],"wp:attachment":[{"href":"https:\/\/festivalbritannique.fr\/index.php?rest_route=%2Fwp%2Fv2%2Fmedia&parent=1371"}],"curies":[{"name":"wp","href":"https:\/\/api.w.org\/{rel}","templated":true}]}}