{"id":1379,"date":"2019-02-22T15:29:32","date_gmt":"2019-02-22T14:29:32","guid":{"rendered":"http:\/\/festivalbritannique.fr\/?page_id=1379"},"modified":"2019-02-22T15:29:32","modified_gmt":"2019-02-22T14:29:32","slug":"le-cercle-litteraire-de-guernesey-2-2-2-2-2","status":"publish","type":"page","link":"https:\/\/festivalbritannique.fr\/?page_id=1379","title":{"rendered":"Gentlemen cambrioleurs"},"content":{"rendered":"\n<p class=\"has-text-color has-medium-font-size has-vivid-cyan-blue-color\">King Of Thieves<\/p>\n\n\n\n<p class=\"has-text-color has-medium-font-size has-vivid-red-color\">Samedi 23 mars \u00e0 21h<\/p>\n\n\n\n<ul class=\"wp-block-list\"><li><strong>Com\u00e9die.<\/strong><\/li><li><strong>Comedy.<\/strong><\/li><li><strong>James Marsh, Michael Caine, Tom Courtenay, Jim Broadbent. 1h48<\/strong><\/li><\/ul>\n\n\n\n<blockquote class=\"wp-block-quote is-style-default is-layout-flow wp-block-quote-is-layout-flow\"><p> C\u00e9l\u00e8bre voleur dans sa jeunesse, Brian Reader,  veuf \u00e2g\u00e9 de 77 ans, r\u00e9unit une bande de criminels marginaux  sexag\u00e9naires pour fomenter un cambriolage sans pr\u00e9c\u00e9dent \u00e0 la salle des  coffres de la soci\u00e9t\u00e9 Hatton Garden Safe Deposit (HGSD). Se faisant  passer pour des r\u00e9parateurs, ils p\u00e9n\u00e8trent le d\u00e9p\u00f4t, neutralisent les  alarmes et se mettent \u00e0 percer un trou dans le mur de la chambre forte.  Deux jours plus tard, ils parviennent \u00e0 s\u2019\u00e9chapper avec un butin \u00e9valu\u00e9 \u00e0  plus de 200 millions de livres en bijoux et esp\u00e8ces. L\u2019enqu\u00eate d\u00e9marre,  et au fur et \u00e0 mesure des r\u00e9v\u00e9lations sur les d\u00e9tails du crime, public  et m\u00e9dias britanniques sont captiv\u00e9s, et l\u2019investigation est suivie avec  fi\u00e8vre dans le monde entier.                       <\/p><cite>Allocin\u00e9.fr<\/cite><\/blockquote>\n\n\n\n<blockquote class=\"wp-block-quote is-layout-flow wp-block-quote-is-layout-flow\"><p>A true crime film about a crew of retired crooks who  pull off a major heist in London&rsquo;s jewelry district. What starts off as  their last criminal hurrah quickly turns into a brutal nightmare due to  greed. Based on infamous true events.              <\/p><cite>ImDb.com<\/cite><\/blockquote>\n\n\n\n<figure class=\"wp-block-embed-youtube aligncenter wp-block-embed is-type-video is-provider-youtube wp-embed-aspect-16-9 wp-has-aspect-ratio\"><div class=\"wp-block-embed__wrapper\">\n<iframe loading=\"lazy\" title=\"GENTLEMEN CAMBRIOLEURS \u2013 Bande annonce officielle VOSTF \u2013 Michael Caine (2019)\" width=\"1170\" height=\"658\" src=\"https:\/\/www.youtube.com\/embed\/wqEWK3C5gyQ?feature=oembed\" frameborder=\"0\" allow=\"accelerometer; autoplay; encrypted-media; gyroscope; picture-in-picture\" allowfullscreen><\/iframe>\n<\/div><\/figure>\n\n\n\n<ul class=\"wp-block-gallery columns-2 is-cropped wp-block-gallery-1 is-layout-flex wp-block-gallery-is-layout-flex\"><li class=\"blocks-gallery-item\"><figure><img loading=\"lazy\" decoding=\"async\" width=\"768\" height=\"1024\" src=\"http:\/\/festivalbritannique.fr\/wp-content\/uploads\/2019\/02\/Gentlemen-cambrioleurs-aff1-768x1024.jpg\" alt=\"\" data-id=\"1380\" data-link=\"http:\/\/festivalbritannique.fr\/?attachment_id=1380#main\" class=\"wp-image-1380\" srcset=\"https:\/\/festivalbritannique.fr\/wp-content\/uploads\/2019\/02\/Gentlemen-cambrioleurs-aff1-768x1024.jpg 768w, https:\/\/festivalbritannique.fr\/wp-content\/uploads\/2019\/02\/Gentlemen-cambrioleurs-aff1-225x300.jpg 225w, https:\/\/festivalbritannique.fr\/wp-content\/uploads\/2019\/02\/Gentlemen-cambrioleurs-aff1.jpg 810w\" sizes=\"auto, (max-width: 768px) 100vw, 768px\" \/><\/figure><\/li><li class=\"blocks-gallery-item\"><figure><img loading=\"lazy\" decoding=\"async\" width=\"691\" height=\"1024\" src=\"http:\/\/festivalbritannique.fr\/wp-content\/uploads\/2019\/02\/Gentlemen-cambrioleurs-aff2-691x1024.jpg\" alt=\"\" data-id=\"1381\" data-link=\"http:\/\/festivalbritannique.fr\/?attachment_id=1381#main\" class=\"wp-image-1381\" srcset=\"https:\/\/festivalbritannique.fr\/wp-content\/uploads\/2019\/02\/Gentlemen-cambrioleurs-aff2-691x1024.jpg 691w, https:\/\/festivalbritannique.fr\/wp-content\/uploads\/2019\/02\/Gentlemen-cambrioleurs-aff2-203x300.jpg 203w, https:\/\/festivalbritannique.fr\/wp-content\/uploads\/2019\/02\/Gentlemen-cambrioleurs-aff2.jpg 729w\" sizes=\"auto, (max-width: 691px) 100vw, 691px\" \/><\/figure><\/li><\/ul>\n<!-- AddThis Advanced Settings generic via filter on the_content --><!-- AddThis Share Buttons generic via filter on the_content -->","protected":false},"excerpt":{"rendered":"<p>King Of Thieves Samedi 23 mars \u00e0 21h Com\u00e9die. Comedy. James Marsh, Michael Caine, Tom Courtenay, Jim Broadbent. 1h48 C\u00e9l\u00e8bre voleur dans sa jeunesse, Brian Reader, veuf \u00e2g\u00e9 de 77 ans, r\u00e9unit une bande de criminels marginaux sexag\u00e9naires pour fomenter un cambriolage sans pr\u00e9c\u00e9dent \u00e0 la salle des coffres de la soci\u00e9t\u00e9 Hatton Garden Safe<\/p>\n<p><a href=\"https:\/\/festivalbritannique.fr\/?page_id=1379\" class=\"more-link themebutton\">Read More<\/a><\/p>\n<p><!-- AddThis Advanced Settings generic via filter on get_the_excerpt --><!-- AddThis Share Buttons generic via filter on get_the_excerpt --><\/p>\n","protected":false},"author":2,"featured_media":0,"parent":1343,"menu_order":0,"comment_status":"closed","ping_status":"closed","template":"","meta":{"ngg_post_thumbnail":0,"footnotes":""},"class_list":["post-1379","page","type-page","status-publish","hentry"],"_links":{"self":[{"href":"https:\/\/festivalbritannique.fr\/index.php?rest_route=\/wp\/v2\/pages\/1379","targetHints":{"allow":["GET"]}}],"collection":[{"href":"https:\/\/festivalbritannique.fr\/index.php?rest_route=\/wp\/v2\/pages"}],"about":[{"href":"https:\/\/festivalbritannique.fr\/index.php?rest_route=\/wp\/v2\/types\/page"}],"author":[{"embeddable":true,"href":"https:\/\/festivalbritannique.fr\/index.php?rest_route=\/wp\/v2\/users\/2"}],"replies":[{"embeddable":true,"href":"https:\/\/festivalbritannique.fr\/index.php?rest_route=%2Fwp%2Fv2%2Fcomments&post=1379"}],"version-history":[{"count":1,"href":"https:\/\/festivalbritannique.fr\/index.php?rest_route=\/wp\/v2\/pages\/1379\/revisions"}],"predecessor-version":[{"id":1382,"href":"https:\/\/festivalbritannique.fr\/index.php?rest_route=\/wp\/v2\/pages\/1379\/revisions\/1382"}],"up":[{"embeddable":true,"href":"https:\/\/festivalbritannique.fr\/index.php?rest_route=\/wp\/v2\/pages\/1343"}],"wp:attachment":[{"href":"https:\/\/festivalbritannique.fr\/index.php?rest_route=%2Fwp%2Fv2%2Fmedia&parent=1379"}],"curies":[{"name":"wp","href":"https:\/\/api.w.org\/{rel}","templated":true}]}}