{"id":1383,"date":"2019-02-22T15:33:22","date_gmt":"2019-02-22T14:33:22","guid":{"rendered":"http:\/\/festivalbritannique.fr\/?page_id=1383"},"modified":"2019-02-22T17:04:46","modified_gmt":"2019-02-22T16:04:46","slug":"le-cercle-litteraire-de-guernesey-2-2-2-2-2-2","status":"publish","type":"page","link":"https:\/\/festivalbritannique.fr\/?page_id=1383","title":{"rendered":"Mango"},"content":{"rendered":"\n<p class=\"has-text-color has-medium-font-size has-vivid-cyan-blue-color\">Strike<\/p>\n\n\n\n<p class=\"has-text-color has-medium-font-size has-vivid-red-color\">Dimanche 24 mars \u00e0 11h (VF)<\/p>\n\n\n\n<p class=\"has-text-color has-vivid-red-color\">Hors weekend : Mercredi 20 mars \u00e0 14h30 (VF)<\/p>\n\n\n\n<ul class=\"wp-block-list\"><li><strong>Animation. <\/strong><\/li><li><strong>Trevor Hardy. 1h35<\/strong><\/li><\/ul>\n\n\n\n<blockquote class=\"wp-block-quote is-style-default is-layout-flow wp-block-quote-is-layout-flow\"><p>Mango, une jeune taupe, doit suivre la  tradition familiale et aller travailler \u00e0 la mine locale. Joueur de  football dou\u00e9, son r\u00eave est de participer \u00e0 la Coupe du Monde. Mais  quand un gangster menace de s&rsquo;accaparer la mine et ruiner la ville,  Mango doit trouver un moyen de prot\u00e9ger sa famille et de r\u00e9aliser son  r\u00eave.                       <\/p><cite>Allocin\u00e9.fr<\/cite><\/blockquote>\n\n\n\n<blockquote class=\"wp-block-quote is-layout-flow wp-block-quote-is-layout-flow\"><p> A young mole must try to achieve his impossible  dream of becoming a footballer in order to save his hometown gold mine  from a greedy supervillain known only as &lsquo;The Boss&rsquo;.              <\/p><cite>ImDb.com<\/cite><\/blockquote>\n\n\n\n<figure class=\"wp-block-embed-youtube aligncenter wp-block-embed is-type-video is-provider-youtube wp-embed-aspect-16-9 wp-has-aspect-ratio\"><div class=\"wp-block-embed__wrapper\">\n<iframe loading=\"lazy\" title=\"MANGO Film annonce - le 6 f\u00e9vrier au cin\u00e9ma\" width=\"1170\" height=\"658\" src=\"https:\/\/www.youtube.com\/embed\/32_2EU9tjf8?feature=oembed\" frameborder=\"0\" allow=\"accelerometer; autoplay; encrypted-media; gyroscope; picture-in-picture\" allowfullscreen><\/iframe>\n<\/div><\/figure>\n\n\n\n<ul class=\"wp-block-gallery columns-2 is-cropped wp-block-gallery-1 is-layout-flex wp-block-gallery-is-layout-flex\"><li class=\"blocks-gallery-item\"><figure><img loading=\"lazy\" decoding=\"async\" width=\"600\" height=\"800\" src=\"http:\/\/festivalbritannique.fr\/wp-content\/uploads\/2019\/02\/Mango-aff1.jpg\" alt=\"\" data-id=\"1384\" data-link=\"http:\/\/festivalbritannique.fr\/?attachment_id=1384#main\" class=\"wp-image-1384\" srcset=\"https:\/\/festivalbritannique.fr\/wp-content\/uploads\/2019\/02\/Mango-aff1.jpg 600w, https:\/\/festivalbritannique.fr\/wp-content\/uploads\/2019\/02\/Mango-aff1-225x300.jpg 225w\" sizes=\"auto, (max-width: 600px) 100vw, 600px\" \/><\/figure><\/li><li class=\"blocks-gallery-item\"><figure><img loading=\"lazy\" decoding=\"async\" width=\"687\" height=\"1000\" src=\"http:\/\/festivalbritannique.fr\/wp-content\/uploads\/2019\/02\/Mango-aff2.jpg\" alt=\"\" data-id=\"1385\" data-link=\"http:\/\/festivalbritannique.fr\/?attachment_id=1385#main\" class=\"wp-image-1385\" srcset=\"https:\/\/festivalbritannique.fr\/wp-content\/uploads\/2019\/02\/Mango-aff2.jpg 687w, https:\/\/festivalbritannique.fr\/wp-content\/uploads\/2019\/02\/Mango-aff2-206x300.jpg 206w\" sizes=\"auto, (max-width: 687px) 100vw, 687px\" \/><\/figure><\/li><\/ul>\n<!-- AddThis Advanced Settings generic via filter on the_content --><!-- AddThis Share Buttons generic via filter on the_content -->","protected":false},"excerpt":{"rendered":"<p>Strike Dimanche 24 mars \u00e0 11h (VF) Hors weekend : Mercredi 20 mars \u00e0 14h30 (VF) Animation. Trevor Hardy. 1h35 Mango, une jeune taupe, doit suivre la tradition familiale et aller travailler \u00e0 la mine locale. Joueur de football dou\u00e9, son r\u00eave est de participer \u00e0 la Coupe du Monde. Mais quand un gangster menace<\/p>\n<p><a href=\"https:\/\/festivalbritannique.fr\/?page_id=1383\" class=\"more-link themebutton\">Read More<\/a><\/p>\n<p><!-- AddThis Advanced Settings generic via filter on get_the_excerpt --><!-- AddThis Share Buttons generic via filter on get_the_excerpt --><\/p>\n","protected":false},"author":2,"featured_media":0,"parent":1343,"menu_order":0,"comment_status":"closed","ping_status":"closed","template":"","meta":{"ngg_post_thumbnail":0,"footnotes":""},"class_list":["post-1383","page","type-page","status-publish","hentry"],"_links":{"self":[{"href":"https:\/\/festivalbritannique.fr\/index.php?rest_route=\/wp\/v2\/pages\/1383","targetHints":{"allow":["GET"]}}],"collection":[{"href":"https:\/\/festivalbritannique.fr\/index.php?rest_route=\/wp\/v2\/pages"}],"about":[{"href":"https:\/\/festivalbritannique.fr\/index.php?rest_route=\/wp\/v2\/types\/page"}],"author":[{"embeddable":true,"href":"https:\/\/festivalbritannique.fr\/index.php?rest_route=\/wp\/v2\/users\/2"}],"replies":[{"embeddable":true,"href":"https:\/\/festivalbritannique.fr\/index.php?rest_route=%2Fwp%2Fv2%2Fcomments&post=1383"}],"version-history":[{"count":2,"href":"https:\/\/festivalbritannique.fr\/index.php?rest_route=\/wp\/v2\/pages\/1383\/revisions"}],"predecessor-version":[{"id":1443,"href":"https:\/\/festivalbritannique.fr\/index.php?rest_route=\/wp\/v2\/pages\/1383\/revisions\/1443"}],"up":[{"embeddable":true,"href":"https:\/\/festivalbritannique.fr\/index.php?rest_route=\/wp\/v2\/pages\/1343"}],"wp:attachment":[{"href":"https:\/\/festivalbritannique.fr\/index.php?rest_route=%2Fwp%2Fv2%2Fmedia&parent=1383"}],"curies":[{"name":"wp","href":"https:\/\/api.w.org\/{rel}","templated":true}]}}