{"id":1387,"date":"2019-02-22T15:40:43","date_gmt":"2019-02-22T14:40:43","guid":{"rendered":"http:\/\/festivalbritannique.fr\/?page_id=1387"},"modified":"2019-02-22T15:40:43","modified_gmt":"2019-02-22T14:40:43","slug":"le-cercle-litteraire-de-guernesey-2-2-2-2-2-2-2","status":"publish","type":"page","link":"https:\/\/festivalbritannique.fr\/?page_id=1387","title":{"rendered":"Les animaux fantastiques : Les crimes de Grindelwald"},"content":{"rendered":"\n<p class=\"has-text-color has-medium-font-size has-vivid-cyan-blue-color\"> Fantastic Beasts: The Crimes of Grindelwald <\/p>\n\n\n\n<p class=\"has-text-color has-medium-font-size has-vivid-red-color\">Dimanche 24 mars \u00e0 14h30<\/p>\n\n\n\n<ul class=\"wp-block-list\"><li><strong>Fantastique, Aventure. <\/strong><\/li><li><strong>Fantasy, Adventure.<\/strong><\/li><li><strong>David Yates, Eddie Redmayne, Katherine Waterson, Dan Fogler, Alison Sudol, Jude Law, Johnny Depp. 2h14<\/strong><\/li><\/ul>\n\n\n\n<blockquote class=\"wp-block-quote is-style-default is-layout-flow wp-block-quote-is-layout-flow\"><p> 1927. Quelques mois apr\u00e8s sa capture, le c\u00e9l\u00e8bre sorcier Gellert  Grindelwald s&rsquo;\u00e9vade comme il l&rsquo;avait promis et de fa\u00e7on spectaculaire.  R\u00e9unissant de plus en plus de partisans, il est \u00e0 l&rsquo;origine d&rsquo;attaque  d&rsquo;humains normaux par des sorciers et seul celui qu&rsquo;il consid\u00e9rait  autrefois comme un ami, Albus Dumbledore, semble capable de l&rsquo;arr\u00eater.  Mais Dumbledore va devoir faire appel au seul sorcier ayant d\u00e9jou\u00e9 les  plans de Grindelwald auparavant : son ancien \u00e9l\u00e8ve Norbert Dragonneau.  L&rsquo;aventure qui les attend r\u00e9unit Norbert avec Tina, Queenie et Jacob,  mais cette mission va \u00e9galement tester la loyaut\u00e9 de chacun face aux  nouveaux dangers qui se dressent sur leur chemin, dans un monde magique  plus dangereux et divis\u00e9 que jamais.                        <\/p><cite>Allocin\u00e9.fr<\/cite><\/blockquote>\n\n\n\n<blockquote class=\"wp-block-quote is-layout-flow wp-block-quote-is-layout-flow\"><p> The second installment of the \u00ab\u00a0Fantastic Beasts\u00a0\u00bb series featuring the adventures of Magizoologist Newt Scamander.            <\/p><cite>ImDb.com<\/cite><\/blockquote>\n\n\n\n<figure class=\"wp-block-embed-youtube aligncenter wp-block-embed is-type-video is-provider-youtube wp-embed-aspect-16-9 wp-has-aspect-ratio\"><div class=\"wp-block-embed__wrapper\">\n<iframe loading=\"lazy\" title=\"Les Animaux Fantastiques : les Crimes de Grindelwald - Bande Annonce finale (VOST)\" width=\"1170\" height=\"658\" src=\"https:\/\/www.youtube.com\/embed\/4T_vQ-saeLU?feature=oembed\" frameborder=\"0\" allow=\"accelerometer; autoplay; encrypted-media; gyroscope; picture-in-picture\" allowfullscreen><\/iframe>\n<\/div><\/figure>\n\n\n\n<ul class=\"wp-block-gallery columns-2 is-cropped wp-block-gallery-1 is-layout-flex wp-block-gallery-is-layout-flex\"><li class=\"blocks-gallery-item\"><figure><img loading=\"lazy\" decoding=\"async\" width=\"691\" height=\"1024\" src=\"http:\/\/festivalbritannique.fr\/wp-content\/uploads\/2019\/02\/Animaux-fantastiques-2-aff1-691x1024.jpg\" alt=\"\" data-id=\"1388\" data-link=\"http:\/\/festivalbritannique.fr\/?attachment_id=1388#main\" class=\"wp-image-1388\" srcset=\"https:\/\/festivalbritannique.fr\/wp-content\/uploads\/2019\/02\/Animaux-fantastiques-2-aff1-691x1024.jpg 691w, https:\/\/festivalbritannique.fr\/wp-content\/uploads\/2019\/02\/Animaux-fantastiques-2-aff1-203x300.jpg 203w, https:\/\/festivalbritannique.fr\/wp-content\/uploads\/2019\/02\/Animaux-fantastiques-2-aff1.jpg 729w\" sizes=\"auto, (max-width: 691px) 100vw, 691px\" \/><\/figure><\/li><li class=\"blocks-gallery-item\"><figure><img loading=\"lazy\" decoding=\"async\" width=\"819\" height=\"1024\" src=\"http:\/\/festivalbritannique.fr\/wp-content\/uploads\/2019\/02\/animaux-fantastiques-2-aff3-819x1024.jpg\" alt=\"\" data-id=\"1389\" data-link=\"http:\/\/festivalbritannique.fr\/?attachment_id=1389#main\" class=\"wp-image-1389\" srcset=\"https:\/\/festivalbritannique.fr\/wp-content\/uploads\/2019\/02\/animaux-fantastiques-2-aff3-819x1024.jpg 819w, https:\/\/festivalbritannique.fr\/wp-content\/uploads\/2019\/02\/animaux-fantastiques-2-aff3-240x300.jpg 240w, https:\/\/festivalbritannique.fr\/wp-content\/uploads\/2019\/02\/animaux-fantastiques-2-aff3-768x960.jpg 768w, https:\/\/festivalbritannique.fr\/wp-content\/uploads\/2019\/02\/animaux-fantastiques-2-aff3.jpg 864w\" sizes=\"auto, (max-width: 819px) 100vw, 819px\" \/><\/figure><\/li><\/ul>\n<!-- AddThis Advanced Settings generic via filter on the_content --><!-- AddThis Share Buttons generic via filter on the_content -->","protected":false},"excerpt":{"rendered":"<p>Fantastic Beasts: The Crimes of Grindelwald Dimanche 24 mars \u00e0 14h30 Fantastique, Aventure. Fantasy, Adventure. David Yates, Eddie Redmayne, Katherine Waterson, Dan Fogler, Alison Sudol, Jude Law, Johnny Depp. 2h14 1927. Quelques mois apr\u00e8s sa capture, le c\u00e9l\u00e8bre sorcier Gellert Grindelwald s&rsquo;\u00e9vade comme il l&rsquo;avait promis et de fa\u00e7on spectaculaire. R\u00e9unissant de plus en plus<\/p>\n<p><a href=\"https:\/\/festivalbritannique.fr\/?page_id=1387\" class=\"more-link themebutton\">Read More<\/a><\/p>\n<p><!-- AddThis Advanced Settings generic via filter on get_the_excerpt --><!-- AddThis Share Buttons generic via filter on get_the_excerpt --><\/p>\n","protected":false},"author":2,"featured_media":0,"parent":1343,"menu_order":0,"comment_status":"closed","ping_status":"closed","template":"","meta":{"ngg_post_thumbnail":0,"footnotes":""},"class_list":["post-1387","page","type-page","status-publish","hentry"],"_links":{"self":[{"href":"https:\/\/festivalbritannique.fr\/index.php?rest_route=\/wp\/v2\/pages\/1387","targetHints":{"allow":["GET"]}}],"collection":[{"href":"https:\/\/festivalbritannique.fr\/index.php?rest_route=\/wp\/v2\/pages"}],"about":[{"href":"https:\/\/festivalbritannique.fr\/index.php?rest_route=\/wp\/v2\/types\/page"}],"author":[{"embeddable":true,"href":"https:\/\/festivalbritannique.fr\/index.php?rest_route=\/wp\/v2\/users\/2"}],"replies":[{"embeddable":true,"href":"https:\/\/festivalbritannique.fr\/index.php?rest_route=%2Fwp%2Fv2%2Fcomments&post=1387"}],"version-history":[{"count":1,"href":"https:\/\/festivalbritannique.fr\/index.php?rest_route=\/wp\/v2\/pages\/1387\/revisions"}],"predecessor-version":[{"id":1390,"href":"https:\/\/festivalbritannique.fr\/index.php?rest_route=\/wp\/v2\/pages\/1387\/revisions\/1390"}],"up":[{"embeddable":true,"href":"https:\/\/festivalbritannique.fr\/index.php?rest_route=\/wp\/v2\/pages\/1343"}],"wp:attachment":[{"href":"https:\/\/festivalbritannique.fr\/index.php?rest_route=%2Fwp%2Fv2%2Fmedia&parent=1387"}],"curies":[{"name":"wp","href":"https:\/\/api.w.org\/{rel}","templated":true}]}}