{"id":1391,"date":"2019-02-22T15:45:10","date_gmt":"2019-02-22T14:45:10","guid":{"rendered":"http:\/\/festivalbritannique.fr\/?page_id=1391"},"modified":"2019-02-22T15:45:10","modified_gmt":"2019-02-22T14:45:10","slug":"le-cercle-litteraire-de-guernesey-2-2-2-2-2-2-2-2","status":"publish","type":"page","link":"https:\/\/festivalbritannique.fr\/?page_id=1391","title":{"rendered":"The bookshop"},"content":{"rendered":"\n<p class=\"has-text-color has-medium-font-size has-vivid-cyan-blue-color\">The bookshop <\/p>\n\n\n\n<p class=\"has-text-color has-medium-font-size has-vivid-red-color\">Dimanche 24 mars \u00e0 17h<\/p>\n\n\n\n<ul class=\"wp-block-list\"><li><strong>Drame. <\/strong><\/li><li><strong>Drama.<\/strong><\/li><li><strong>Isabel Coixet, Emily Mortimer, Billy Nighy, Patricia Clarkson. 1h52<\/strong><\/li><\/ul>\n\n\n\n<blockquote class=\"wp-block-quote is-style-default is-layout-flow wp-block-quote-is-layout-flow\"><p> En 1959 \u00e0 Hardborough, une bourgade du nord de l\u2019Angleterre, Florence  Green, d\u00e9cide de racheter The Old House, une b\u00e2tisse d\u00e9saffect\u00e9e pour y  ouvrir sa librairie. Lorsqu\u2019elle se met \u00e0 vendre le sulfureux roman de  Nabokov, <em>Lolita<\/em>, la communaut\u00e9 sort de sa torpeur et manifeste une f\u00e9rocit\u00e9 insoup\u00e7onn\u00e9e.                                             <\/p><cite>Allocin\u00e9.fr<\/cite><\/blockquote>\n\n\n\n<blockquote class=\"wp-block-quote is-layout-flow wp-block-quote-is-layout-flow\"><p> England 1959. In a small East Anglian town, Florence Green decides,  against polite but ruthless local opposition, to open a bookshop.                          <\/p><cite>ImDb.com<\/cite><\/blockquote>\n\n\n\n<figure class=\"wp-block-embed-youtube aligncenter wp-block-embed is-type-video is-provider-youtube wp-embed-aspect-16-9 wp-has-aspect-ratio\"><div class=\"wp-block-embed__wrapper\">\n<iframe loading=\"lazy\" title=\"THE BOOKSHOP Film annonce VO sous titr\u00e9e fran\u00e7ais AU CINEMA LE 19 DECEMBRE 2018\" width=\"1170\" height=\"658\" src=\"https:\/\/www.youtube.com\/embed\/tpH6WGlfPbU?feature=oembed\" frameborder=\"0\" allow=\"accelerometer; autoplay; encrypted-media; gyroscope; picture-in-picture\" allowfullscreen><\/iframe>\n<\/div><\/figure>\n\n\n\n<ul class=\"wp-block-gallery columns-2 is-cropped wp-block-gallery-1 is-layout-flex wp-block-gallery-is-layout-flex\"><li class=\"blocks-gallery-item\"><figure><img loading=\"lazy\" decoding=\"async\" width=\"600\" height=\"800\" src=\"http:\/\/festivalbritannique.fr\/wp-content\/uploads\/2019\/02\/Bookshop-aff1.jpg\" alt=\"\" data-id=\"1392\" data-link=\"http:\/\/festivalbritannique.fr\/?attachment_id=1392#main\" class=\"wp-image-1392\" srcset=\"https:\/\/festivalbritannique.fr\/wp-content\/uploads\/2019\/02\/Bookshop-aff1.jpg 600w, https:\/\/festivalbritannique.fr\/wp-content\/uploads\/2019\/02\/Bookshop-aff1-225x300.jpg 225w\" sizes=\"auto, (max-width: 600px) 100vw, 600px\" \/><\/figure><\/li><li class=\"blocks-gallery-item\"><figure><img loading=\"lazy\" decoding=\"async\" width=\"675\" height=\"1000\" src=\"http:\/\/festivalbritannique.fr\/wp-content\/uploads\/2019\/02\/Bookshop-aff2.jpg\" alt=\"\" data-id=\"1393\" data-link=\"http:\/\/festivalbritannique.fr\/?attachment_id=1393#main\" class=\"wp-image-1393\" srcset=\"https:\/\/festivalbritannique.fr\/wp-content\/uploads\/2019\/02\/Bookshop-aff2.jpg 675w, https:\/\/festivalbritannique.fr\/wp-content\/uploads\/2019\/02\/Bookshop-aff2-203x300.jpg 203w\" sizes=\"auto, (max-width: 675px) 100vw, 675px\" \/><\/figure><\/li><\/ul>\n<!-- AddThis Advanced Settings generic via filter on the_content --><!-- AddThis Share Buttons generic via filter on the_content -->","protected":false},"excerpt":{"rendered":"<p>The bookshop Dimanche 24 mars \u00e0 17h Drame. Drama. Isabel Coixet, Emily Mortimer, Billy Nighy, Patricia Clarkson. 1h52 En 1959 \u00e0 Hardborough, une bourgade du nord de l\u2019Angleterre, Florence Green, d\u00e9cide de racheter The Old House, une b\u00e2tisse d\u00e9saffect\u00e9e pour y ouvrir sa librairie. Lorsqu\u2019elle se met \u00e0 vendre le sulfureux roman de Nabokov, Lolita,<\/p>\n<p><a href=\"https:\/\/festivalbritannique.fr\/?page_id=1391\" class=\"more-link themebutton\">Read More<\/a><\/p>\n<p><!-- AddThis Advanced Settings generic via filter on get_the_excerpt --><!-- AddThis Share Buttons generic via filter on get_the_excerpt --><\/p>\n","protected":false},"author":2,"featured_media":0,"parent":1343,"menu_order":0,"comment_status":"closed","ping_status":"closed","template":"","meta":{"ngg_post_thumbnail":0,"footnotes":""},"class_list":["post-1391","page","type-page","status-publish","hentry"],"_links":{"self":[{"href":"https:\/\/festivalbritannique.fr\/index.php?rest_route=\/wp\/v2\/pages\/1391","targetHints":{"allow":["GET"]}}],"collection":[{"href":"https:\/\/festivalbritannique.fr\/index.php?rest_route=\/wp\/v2\/pages"}],"about":[{"href":"https:\/\/festivalbritannique.fr\/index.php?rest_route=\/wp\/v2\/types\/page"}],"author":[{"embeddable":true,"href":"https:\/\/festivalbritannique.fr\/index.php?rest_route=\/wp\/v2\/users\/2"}],"replies":[{"embeddable":true,"href":"https:\/\/festivalbritannique.fr\/index.php?rest_route=%2Fwp%2Fv2%2Fcomments&post=1391"}],"version-history":[{"count":1,"href":"https:\/\/festivalbritannique.fr\/index.php?rest_route=\/wp\/v2\/pages\/1391\/revisions"}],"predecessor-version":[{"id":1394,"href":"https:\/\/festivalbritannique.fr\/index.php?rest_route=\/wp\/v2\/pages\/1391\/revisions\/1394"}],"up":[{"embeddable":true,"href":"https:\/\/festivalbritannique.fr\/index.php?rest_route=\/wp\/v2\/pages\/1343"}],"wp:attachment":[{"href":"https:\/\/festivalbritannique.fr\/index.php?rest_route=%2Fwp%2Fv2%2Fmedia&parent=1391"}],"curies":[{"name":"wp","href":"https:\/\/api.w.org\/{rel}","templated":true}]}}