{"id":1395,"date":"2019-02-22T15:49:59","date_gmt":"2019-02-22T14:49:59","guid":{"rendered":"http:\/\/festivalbritannique.fr\/?page_id=1395"},"modified":"2019-02-22T15:50:00","modified_gmt":"2019-02-22T14:50:00","slug":"le-cercle-litteraire-de-guernesey-2-2-2-2-2-2-2-2-2","status":"publish","type":"page","link":"https:\/\/festivalbritannique.fr\/?page_id=1395","title":{"rendered":"Bohemian Rhapsody"},"content":{"rendered":"\n<p class=\"has-text-color has-medium-font-size has-vivid-cyan-blue-color\">Bohemian Rhapsody<\/p>\n\n\n\n<p class=\"has-text-color has-medium-font-size has-vivid-red-color\">Dimanche 24 mars \u00e0 20h30<\/p>\n\n\n\n<ul class=\"wp-block-list\"><li><strong>Biopic. <\/strong><\/li><li><strong>Biography.<\/strong><\/li><li><strong>Bryan Singer, Rami Malek. 2h15<\/strong><\/li><\/ul>\n\n\n\n<blockquote class=\"wp-block-quote is-style-default is-layout-flow wp-block-quote-is-layout-flow\"><p>  Bohemian Rhapsody retrace le destin extraordinaire du groupe Queen et de  leur chanteur embl\u00e9matique Freddie Mercury, qui a d\u00e9fi\u00e9 les  st\u00e9r\u00e9otypes, bris\u00e9 les conventions et r\u00e9volutionn\u00e9 la musique. Du succ\u00e8s  fulgurant de Freddie Mercury \u00e0 ses exc\u00e8s, risquant la quasi-implosion  du groupe, jusqu\u2019\u00e0 son retour triomphal sur sc\u00e8ne lors du concert Live  Aid, alors qu\u2019il \u00e9tait frapp\u00e9 par la maladie, d\u00e9couvrez la vie  exceptionnelle d\u2019un homme qui continue d\u2019inspirer les outsiders, les  r\u00eaveurs et tous ceux qui aiment la musique.                                            <\/p><cite>Allocin\u00e9.fr<\/cite><\/blockquote>\n\n\n\n<blockquote class=\"wp-block-quote is-layout-flow wp-block-quote-is-layout-flow\"><p> The story of the legendary rock band <a href=\"https:\/\/www.imdb.com\/name\/nm1277102\/?ref_=\">Queen<\/a> and lead singer <a href=\"https:\/\/www.imdb.com\/name\/nm0006198\/?ref_=\">Freddie Mercury<\/a>, leading up to their famous performance at <a href=\"https:\/\/www.imdb.com\/title\/tt0261024\/?ref_=\">Live Aid<\/a> (1985).                        <\/p><cite>ImDb.com<\/cite><\/blockquote>\n\n\n\n<figure class=\"wp-block-embed-youtube aligncenter wp-block-embed is-type-video is-provider-youtube wp-embed-aspect-16-9 wp-has-aspect-ratio\"><div class=\"wp-block-embed__wrapper\">\n<iframe loading=\"lazy\" title=\"Bohemian Rhapsody | Nouvelle Bande-Annonce [Officielle] VOST HD | 2018\" width=\"1170\" height=\"658\" src=\"https:\/\/www.youtube.com\/embed\/lOLDTNBf86M?feature=oembed\" frameborder=\"0\" allow=\"accelerometer; autoplay; encrypted-media; gyroscope; picture-in-picture\" allowfullscreen><\/iframe>\n<\/div><\/figure>\n\n\n\n<ul class=\"wp-block-gallery columns-2 is-cropped wp-block-gallery-1 is-layout-flex wp-block-gallery-is-layout-flex\"><li class=\"blocks-gallery-item\"><figure><img loading=\"lazy\" decoding=\"async\" width=\"693\" height=\"1024\" src=\"http:\/\/festivalbritannique.fr\/wp-content\/uploads\/2019\/02\/Bohemian-rhapsody-aff1-693x1024.jpg\" alt=\"\" data-id=\"1396\" data-link=\"http:\/\/festivalbritannique.fr\/?attachment_id=1396#main\" class=\"wp-image-1396\" srcset=\"https:\/\/festivalbritannique.fr\/wp-content\/uploads\/2019\/02\/Bohemian-rhapsody-aff1-693x1024.jpg 693w, https:\/\/festivalbritannique.fr\/wp-content\/uploads\/2019\/02\/Bohemian-rhapsody-aff1-203x300.jpg 203w, https:\/\/festivalbritannique.fr\/wp-content\/uploads\/2019\/02\/Bohemian-rhapsody-aff1.jpg 731w\" sizes=\"auto, (max-width: 693px) 100vw, 693px\" \/><\/figure><\/li><li class=\"blocks-gallery-item\"><figure><img loading=\"lazy\" decoding=\"async\" width=\"690\" height=\"1024\" src=\"http:\/\/festivalbritannique.fr\/wp-content\/uploads\/2019\/02\/Bohemian-rhapsody-aff2-690x1024.jpg\" alt=\"\" data-id=\"1397\" data-link=\"http:\/\/festivalbritannique.fr\/?attachment_id=1397#main\" class=\"wp-image-1397\" srcset=\"https:\/\/festivalbritannique.fr\/wp-content\/uploads\/2019\/02\/Bohemian-rhapsody-aff2-690x1024.jpg 690w, https:\/\/festivalbritannique.fr\/wp-content\/uploads\/2019\/02\/Bohemian-rhapsody-aff2-202x300.jpg 202w, https:\/\/festivalbritannique.fr\/wp-content\/uploads\/2019\/02\/Bohemian-rhapsody-aff2.jpg 728w\" sizes=\"auto, (max-width: 690px) 100vw, 690px\" \/><\/figure><\/li><\/ul>\n<!-- AddThis Advanced Settings generic via filter on the_content --><!-- AddThis Share Buttons generic via filter on the_content -->","protected":false},"excerpt":{"rendered":"<p>Bohemian Rhapsody Dimanche 24 mars \u00e0 20h30 Biopic. Biography. Bryan Singer, Rami Malek. 2h15 Bohemian Rhapsody retrace le destin extraordinaire du groupe Queen et de leur chanteur embl\u00e9matique Freddie Mercury, qui a d\u00e9fi\u00e9 les st\u00e9r\u00e9otypes, bris\u00e9 les conventions et r\u00e9volutionn\u00e9 la musique. Du succ\u00e8s fulgurant de Freddie Mercury \u00e0 ses exc\u00e8s, risquant la quasi-implosion du<\/p>\n<p><a href=\"https:\/\/festivalbritannique.fr\/?page_id=1395\" class=\"more-link themebutton\">Read More<\/a><\/p>\n<p><!-- AddThis Advanced Settings generic via filter on get_the_excerpt --><!-- AddThis Share Buttons generic via filter on get_the_excerpt --><\/p>\n","protected":false},"author":2,"featured_media":0,"parent":1343,"menu_order":0,"comment_status":"closed","ping_status":"closed","template":"","meta":{"ngg_post_thumbnail":0,"footnotes":""},"class_list":["post-1395","page","type-page","status-publish","hentry"],"_links":{"self":[{"href":"https:\/\/festivalbritannique.fr\/index.php?rest_route=\/wp\/v2\/pages\/1395","targetHints":{"allow":["GET"]}}],"collection":[{"href":"https:\/\/festivalbritannique.fr\/index.php?rest_route=\/wp\/v2\/pages"}],"about":[{"href":"https:\/\/festivalbritannique.fr\/index.php?rest_route=\/wp\/v2\/types\/page"}],"author":[{"embeddable":true,"href":"https:\/\/festivalbritannique.fr\/index.php?rest_route=\/wp\/v2\/users\/2"}],"replies":[{"embeddable":true,"href":"https:\/\/festivalbritannique.fr\/index.php?rest_route=%2Fwp%2Fv2%2Fcomments&post=1395"}],"version-history":[{"count":1,"href":"https:\/\/festivalbritannique.fr\/index.php?rest_route=\/wp\/v2\/pages\/1395\/revisions"}],"predecessor-version":[{"id":1398,"href":"https:\/\/festivalbritannique.fr\/index.php?rest_route=\/wp\/v2\/pages\/1395\/revisions\/1398"}],"up":[{"embeddable":true,"href":"https:\/\/festivalbritannique.fr\/index.php?rest_route=\/wp\/v2\/pages\/1343"}],"wp:attachment":[{"href":"https:\/\/festivalbritannique.fr\/index.php?rest_route=%2Fwp%2Fv2%2Fmedia&parent=1395"}],"curies":[{"name":"wp","href":"https:\/\/api.w.org\/{rel}","templated":true}]}}