{"id":1399,"date":"2019-02-22T15:55:55","date_gmt":"2019-02-22T14:55:55","guid":{"rendered":"http:\/\/festivalbritannique.fr\/?page_id=1399"},"modified":"2019-02-22T17:07:33","modified_gmt":"2019-02-22T16:07:33","slug":"le-cercle-litteraire-de-guernesey-2-2-2-2-2-2-2-2-2-2","status":"publish","type":"page","link":"https:\/\/festivalbritannique.fr\/?page_id=1399","title":{"rendered":"Marie Stuart, reine d&rsquo;Ecosse"},"content":{"rendered":"\n<p class=\"has-text-color has-medium-font-size has-vivid-cyan-blue-color\">Mary Queen of Scots<\/p>\n\n\n\n<p class=\"has-text-color has-medium-font-size has-vivid-red-color\">Hors weekend du festival :<\/p>\n\n\n\n<p class=\"has-text-color has-vivid-red-color\">Mercredi 20 mars \u00e0 20h30 (VF), Jeudi 21 mars \u00e0 18h, Lundi 25 mars \u00e0 20h30<\/p>\n\n\n\n<ul class=\"wp-block-list\"><li><strong>Historique. <\/strong><\/li><li><strong>History.<\/strong><\/li><li><strong>Josie Rourke, Saoirse Ronan, Margot Robbie. 2h04<\/strong><\/li><\/ul>\n\n\n\n<blockquote class=\"wp-block-quote is-style-default is-layout-flow wp-block-quote-is-layout-flow\"><p> Le destin tumultueux de la charismatique Marie Stuart. \u00c9pouse du Roi de  France \u00e0 16 ans, elle se retrouve veuve \u00e0 18 ans et refuse de se  remarier conform\u00e9ment \u00e0 la tradition. Au lieu de cela elle repart dans  son \u00c9cosse natale r\u00e9clamer le tr\u00f4ne qui lui revient de droit. Mais la  poigne d\u2019\u00c9lisabeth I\u02b3\u1d49 s\u2019\u00e9tend aussi bien sur l\u2019Angleterre que l\u2019\u00c9cosse.                            <\/p><cite>Allocin\u00e9.fr<\/cite><\/blockquote>\n\n\n\n<blockquote class=\"wp-block-quote is-layout-flow wp-block-quote-is-layout-flow\"><p> Mary Stuart&rsquo;s attempt to overthrow her cousin Elizabeth I, Queen of  England, finds her condemned to years of imprisonment before facing  execution.                                      <\/p><cite>ImDb.com<\/cite><\/blockquote>\n\n\n\n<figure class=\"wp-block-embed-youtube aligncenter wp-block-embed is-type-video is-provider-youtube wp-embed-aspect-16-9 wp-has-aspect-ratio\"><div class=\"wp-block-embed__wrapper\">\n<iframe loading=\"lazy\" title=\"Marie Stuart, Reine d&#039;\u00c9cosse \/ Bande-annonce officielle VOST [Au cin\u00e9ma le 27 f\u00e9vrier]\" width=\"1170\" height=\"658\" src=\"https:\/\/www.youtube.com\/embed\/3JvtU9WBJbE?feature=oembed\" frameborder=\"0\" allow=\"accelerometer; autoplay; encrypted-media; gyroscope; picture-in-picture\" allowfullscreen><\/iframe>\n<\/div><\/figure>\n\n\n\n<ul class=\"wp-block-gallery columns-2 is-cropped wp-block-gallery-1 is-layout-flex wp-block-gallery-is-layout-flex\"><li class=\"blocks-gallery-item\"><figure><img loading=\"lazy\" decoding=\"async\" width=\"693\" height=\"1024\" src=\"http:\/\/festivalbritannique.fr\/wp-content\/uploads\/2019\/02\/MArie-stuart-aff1-693x1024.jpg\" alt=\"\" data-id=\"1400\" data-link=\"http:\/\/festivalbritannique.fr\/?attachment_id=1400#main\" class=\"wp-image-1400\" srcset=\"https:\/\/festivalbritannique.fr\/wp-content\/uploads\/2019\/02\/MArie-stuart-aff1-693x1024.jpg 693w, https:\/\/festivalbritannique.fr\/wp-content\/uploads\/2019\/02\/MArie-stuart-aff1-203x300.jpg 203w, https:\/\/festivalbritannique.fr\/wp-content\/uploads\/2019\/02\/MArie-stuart-aff1.jpg 731w\" sizes=\"auto, (max-width: 693px) 100vw, 693px\" \/><\/figure><\/li><li class=\"blocks-gallery-item\"><figure><img loading=\"lazy\" decoding=\"async\" width=\"675\" height=\"1000\" src=\"http:\/\/festivalbritannique.fr\/wp-content\/uploads\/2019\/02\/Marie-stuart-aff2.jpg\" alt=\"\" data-id=\"1401\" data-link=\"http:\/\/festivalbritannique.fr\/?attachment_id=1401#main\" class=\"wp-image-1401\" srcset=\"https:\/\/festivalbritannique.fr\/wp-content\/uploads\/2019\/02\/Marie-stuart-aff2.jpg 675w, https:\/\/festivalbritannique.fr\/wp-content\/uploads\/2019\/02\/Marie-stuart-aff2-203x300.jpg 203w\" sizes=\"auto, (max-width: 675px) 100vw, 675px\" \/><\/figure><\/li><\/ul>\n<!-- AddThis Advanced Settings generic via filter on the_content --><!-- AddThis Share Buttons generic via filter on the_content -->","protected":false},"excerpt":{"rendered":"<p>Mary Queen of Scots Hors weekend du festival : Mercredi 20 mars \u00e0 20h30 (VF), Jeudi 21 mars \u00e0 18h, Lundi 25 mars \u00e0 20h30 Historique. History. Josie Rourke, Saoirse Ronan, Margot Robbie. 2h04 Le destin tumultueux de la charismatique Marie Stuart. \u00c9pouse du Roi de France \u00e0 16 ans, elle se retrouve veuve \u00e0<\/p>\n<p><a href=\"https:\/\/festivalbritannique.fr\/?page_id=1399\" class=\"more-link themebutton\">Read More<\/a><\/p>\n<p><!-- AddThis Advanced Settings generic via filter on get_the_excerpt --><!-- AddThis Share Buttons generic via filter on get_the_excerpt --><\/p>\n","protected":false},"author":2,"featured_media":0,"parent":1343,"menu_order":0,"comment_status":"closed","ping_status":"closed","template":"","meta":{"ngg_post_thumbnail":0,"footnotes":""},"class_list":["post-1399","page","type-page","status-publish","hentry"],"_links":{"self":[{"href":"https:\/\/festivalbritannique.fr\/index.php?rest_route=\/wp\/v2\/pages\/1399","targetHints":{"allow":["GET"]}}],"collection":[{"href":"https:\/\/festivalbritannique.fr\/index.php?rest_route=\/wp\/v2\/pages"}],"about":[{"href":"https:\/\/festivalbritannique.fr\/index.php?rest_route=\/wp\/v2\/types\/page"}],"author":[{"embeddable":true,"href":"https:\/\/festivalbritannique.fr\/index.php?rest_route=\/wp\/v2\/users\/2"}],"replies":[{"embeddable":true,"href":"https:\/\/festivalbritannique.fr\/index.php?rest_route=%2Fwp%2Fv2%2Fcomments&post=1399"}],"version-history":[{"count":2,"href":"https:\/\/festivalbritannique.fr\/index.php?rest_route=\/wp\/v2\/pages\/1399\/revisions"}],"predecessor-version":[{"id":1444,"href":"https:\/\/festivalbritannique.fr\/index.php?rest_route=\/wp\/v2\/pages\/1399\/revisions\/1444"}],"up":[{"embeddable":true,"href":"https:\/\/festivalbritannique.fr\/index.php?rest_route=\/wp\/v2\/pages\/1343"}],"wp:attachment":[{"href":"https:\/\/festivalbritannique.fr\/index.php?rest_route=%2Fwp%2Fv2%2Fmedia&parent=1399"}],"curies":[{"name":"wp","href":"https:\/\/api.w.org\/{rel}","templated":true}]}}