{"id":1403,"date":"2019-02-22T16:00:33","date_gmt":"2019-02-22T15:00:33","guid":{"rendered":"http:\/\/festivalbritannique.fr\/?page_id=1403"},"modified":"2019-02-26T17:02:08","modified_gmt":"2019-02-26T16:02:08","slug":"le-cercle-litteraire-de-guernesey-2-2-2-2-2-2-2-2-2-2-2","status":"publish","type":"page","link":"https:\/\/festivalbritannique.fr\/?page_id=1403","title":{"rendered":"Eric Clapton, life in 12 Bars"},"content":{"rendered":"\n<p class=\"has-text-color has-medium-font-size has-vivid-cyan-blue-color\">Eric Clapton, life in 12 Bars<\/p>\n\n\n\n<p class=\"has-text-color has-medium-font-size has-vivid-red-color\">Hors weekend du festival :<\/p>\n\n\n\n<p class=\"has-text-color has-vivid-red-color\">Mercredi 20 mars \u00e0 18h, Jeudi 21 mars \u00e0 20h30<\/p>\n\n\n\n<ul class=\"wp-block-list\"><li><strong>Documentaire, musical. <\/strong><\/li><li><strong>Documentary, music.<\/strong><\/li><li><strong>Lili Fanni Zanuck, Eric Clapton. 2h14<\/strong><\/li><\/ul>\n\n\n\n<blockquote class=\"wp-block-quote is-style-default is-layout-flow wp-block-quote-is-layout-flow\"><p> Eric Clapton est pour des millions de gens une l\u00e9gende vivante du Blues  et du Rock. V\u00e9ritable ic\u00f4ne, il a travers\u00e9 les d\u00e9cennies, connaissant  gloire et successions d\u2019\u00e9preuves. Malgr\u00e9 sa pudeur, il nous livre pour  la premi\u00e8re fois l\u2019ensemble de sa vie y compris ses drames les plus  intimes. M\u00ealant archives personnelles, performances rares et t\u00e9moignages  in\u00e9dits (B.B. King, George Harrison, Pattie Boyd, Bob Dylan, Steve  Winwood&#8230;), ce documentaire retrace la destin\u00e9e embl\u00e9matique de celui  que l\u2019on appelle \u00abGOD\u00bb&#8230;                            <\/p><cite>Allocin\u00e9.fr<\/cite><\/blockquote>\n\n\n\n<blockquote class=\"wp-block-quote is-layout-flow wp-block-quote-is-layout-flow\"><p> A look at the life and work of guitarist Eric Clapton, told by those who  have known him best, including BB King, Jimi Hendrix, and George  Harrison.                  <\/p><cite>ImDb.com<\/cite><\/blockquote>\n\n\n\n<figure class=\"wp-block-embed-youtube aligncenter wp-block-embed is-type-video is-provider-youtube wp-embed-aspect-16-9 wp-has-aspect-ratio\"><div class=\"wp-block-embed__wrapper\">\n<iframe loading=\"lazy\" title=\"Bande-annonce Eric Clapton : Life in 12 Bars\" width=\"1170\" height=\"658\" src=\"https:\/\/www.youtube.com\/embed\/fxx9BO6G2ds?feature=oembed\" frameborder=\"0\" allow=\"accelerometer; autoplay; encrypted-media; gyroscope; picture-in-picture\" allowfullscreen><\/iframe>\n<\/div><\/figure>\n\n\n\n<ul class=\"wp-block-gallery columns-2 is-cropped wp-block-gallery-1 is-layout-flex wp-block-gallery-is-layout-flex\"><li class=\"blocks-gallery-item\"><figure><img loading=\"lazy\" decoding=\"async\" width=\"700\" height=\"1000\" src=\"http:\/\/festivalbritannique.fr\/wp-content\/uploads\/2019\/02\/Eric-Clapton-aff2.jpg\" alt=\"\" data-id=\"1404\" data-link=\"http:\/\/festivalbritannique.fr\/?attachment_id=1404#main\" class=\"wp-image-1404\" srcset=\"https:\/\/festivalbritannique.fr\/wp-content\/uploads\/2019\/02\/Eric-Clapton-aff2.jpg 700w, https:\/\/festivalbritannique.fr\/wp-content\/uploads\/2019\/02\/Eric-Clapton-aff2-210x300.jpg 210w\" sizes=\"auto, (max-width: 700px) 100vw, 700px\" \/><\/figure><\/li><li class=\"blocks-gallery-item\"><figure><img loading=\"lazy\" decoding=\"async\" width=\"691\" height=\"1024\" src=\"http:\/\/festivalbritannique.fr\/wp-content\/uploads\/2019\/02\/Eric-Clapton-691x1024.jpg\" alt=\"\" data-id=\"1405\" data-link=\"http:\/\/festivalbritannique.fr\/?attachment_id=1405#main\" class=\"wp-image-1405\" srcset=\"https:\/\/festivalbritannique.fr\/wp-content\/uploads\/2019\/02\/Eric-Clapton-691x1024.jpg 691w, https:\/\/festivalbritannique.fr\/wp-content\/uploads\/2019\/02\/Eric-Clapton-203x300.jpg 203w, https:\/\/festivalbritannique.fr\/wp-content\/uploads\/2019\/02\/Eric-Clapton.jpg 729w\" sizes=\"auto, (max-width: 691px) 100vw, 691px\" \/><\/figure><\/li><\/ul>\n<!-- AddThis Advanced Settings generic via filter on the_content --><!-- AddThis Share Buttons generic via filter on the_content -->","protected":false},"excerpt":{"rendered":"<p>Eric Clapton, life in 12 Bars Hors weekend du festival : Mercredi 20 mars \u00e0 18h, Jeudi 21 mars \u00e0 20h30 Documentaire, musical. Documentary, music. Lili Fanni Zanuck, Eric Clapton. 2h14 Eric Clapton est pour des millions de gens une l\u00e9gende vivante du Blues et du Rock. V\u00e9ritable ic\u00f4ne, il a travers\u00e9 les d\u00e9cennies, connaissant<\/p>\n<p><a href=\"https:\/\/festivalbritannique.fr\/?page_id=1403\" class=\"more-link themebutton\">Read More<\/a><\/p>\n<p><!-- AddThis Advanced Settings generic via filter on get_the_excerpt --><!-- AddThis Share Buttons generic via filter on get_the_excerpt --><\/p>\n","protected":false},"author":2,"featured_media":0,"parent":1343,"menu_order":0,"comment_status":"closed","ping_status":"closed","template":"","meta":{"ngg_post_thumbnail":0,"footnotes":""},"class_list":["post-1403","page","type-page","status-publish","hentry"],"_links":{"self":[{"href":"https:\/\/festivalbritannique.fr\/index.php?rest_route=\/wp\/v2\/pages\/1403","targetHints":{"allow":["GET"]}}],"collection":[{"href":"https:\/\/festivalbritannique.fr\/index.php?rest_route=\/wp\/v2\/pages"}],"about":[{"href":"https:\/\/festivalbritannique.fr\/index.php?rest_route=\/wp\/v2\/types\/page"}],"author":[{"embeddable":true,"href":"https:\/\/festivalbritannique.fr\/index.php?rest_route=\/wp\/v2\/users\/2"}],"replies":[{"embeddable":true,"href":"https:\/\/festivalbritannique.fr\/index.php?rest_route=%2Fwp%2Fv2%2Fcomments&post=1403"}],"version-history":[{"count":2,"href":"https:\/\/festivalbritannique.fr\/index.php?rest_route=\/wp\/v2\/pages\/1403\/revisions"}],"predecessor-version":[{"id":1468,"href":"https:\/\/festivalbritannique.fr\/index.php?rest_route=\/wp\/v2\/pages\/1403\/revisions\/1468"}],"up":[{"embeddable":true,"href":"https:\/\/festivalbritannique.fr\/index.php?rest_route=\/wp\/v2\/pages\/1343"}],"wp:attachment":[{"href":"https:\/\/festivalbritannique.fr\/index.php?rest_route=%2Fwp%2Fv2%2Fmedia&parent=1403"}],"curies":[{"name":"wp","href":"https:\/\/api.w.org\/{rel}","templated":true}]}}