{"id":1426,"date":"2019-02-22T16:50:06","date_gmt":"2019-02-22T15:50:06","guid":{"rendered":"http:\/\/festivalbritannique.fr\/?page_id=1426"},"modified":"2019-02-26T17:01:50","modified_gmt":"2019-02-26T16:01:50","slug":"hors-weekend","status":"publish","type":"page","link":"https:\/\/festivalbritannique.fr\/?page_id=1426","title":{"rendered":"Hors weekend"},"content":{"rendered":"\n<div class=\"wp-block-columns has-2-columns is-layout-flex wp-container-core-columns-is-layout-9d6595d7 wp-block-columns-is-layout-flex\">\n<div class=\"wp-block-column is-layout-flow wp-block-column-is-layout-flow\">\n<p style=\"text-align:center\" class=\"has-text-color has-background has-medium-font-size has-very-light-gray-color has-vivid-red-background-color\"><strong>Mercredi 20 mars 20h30 (VF)<br>Jeudi 21 mars 18h <br>Lundi 25 mars 20h30<\/strong><\/p>\n\n\n\n<p style=\"text-align:center\" class=\"has-text-color has-background has-medium-font-size has-very-light-gray-color has-vivid-cyan-blue-background-color\"><strong>MARIE STUART, REINE D&rsquo;ECOSSE<\/strong><\/p>\n\n\n\n<figure class=\"wp-block-image\"><a href=\"http:\/\/festivalbritannique.fr\/?page_id=1399\"><img loading=\"lazy\" decoding=\"async\" width=\"675\" height=\"1000\" src=\"http:\/\/festivalbritannique.fr\/wp-content\/uploads\/2019\/02\/Marie-stuart-aff2.jpg\" alt=\"\" class=\"wp-image-1401\" srcset=\"https:\/\/festivalbritannique.fr\/wp-content\/uploads\/2019\/02\/Marie-stuart-aff2.jpg 675w, https:\/\/festivalbritannique.fr\/wp-content\/uploads\/2019\/02\/Marie-stuart-aff2-203x300.jpg 203w\" sizes=\"auto, (max-width: 675px) 100vw, 675px\" \/><\/a><\/figure>\n<\/div>\n\n\n\n<div class=\"wp-block-column is-layout-flow wp-block-column-is-layout-flow\">\n<p style=\"text-align:center\" class=\"has-text-color has-background has-medium-font-size has-very-light-gray-color has-vivid-red-background-color\"><strong>Mercredi 20 mars 18h<br>Jeudi 21 mars 20h30<\/strong><\/p>\n\n\n\n<p style=\"text-align:center\" class=\"has-text-color has-background has-medium-font-size has-very-light-gray-color has-vivid-cyan-blue-background-color\"><strong>ERIC CLAPTON, LIFE IN 12 BARS<\/strong><\/p>\n\n\n\n<figure class=\"wp-block-image\"><a href=\"http:\/\/festivalbritannique.fr\/?page_id=1403\"><img loading=\"lazy\" decoding=\"async\" width=\"691\" height=\"1024\" src=\"http:\/\/festivalbritannique.fr\/wp-content\/uploads\/2019\/02\/Eric-Clapton-691x1024.jpg\" alt=\"\" class=\"wp-image-1405\" srcset=\"https:\/\/festivalbritannique.fr\/wp-content\/uploads\/2019\/02\/Eric-Clapton-691x1024.jpg 691w, https:\/\/festivalbritannique.fr\/wp-content\/uploads\/2019\/02\/Eric-Clapton-203x300.jpg 203w, https:\/\/festivalbritannique.fr\/wp-content\/uploads\/2019\/02\/Eric-Clapton.jpg 729w\" sizes=\"auto, (max-width: 691px) 100vw, 691px\" \/><\/a><\/figure>\n<\/div>\n<\/div>\n\n\n\n<p style=\"color:#bd1db2\" class=\"has-text-color has-medium-font-size\"><strong>S\u00e9ances suppl\u00e9mentaires de films programm\u00e9s dans le weekend<\/strong><\/p>\n\n\n\n<div class=\"wp-block-columns has-2-columns is-layout-flex wp-container-core-columns-is-layout-9d6595d7 wp-block-columns-is-layout-flex\">\n<div class=\"wp-block-column is-layout-flow wp-block-column-is-layout-flow\">\n<p><\/p>\n<\/div>\n\n\n\n<div class=\"wp-block-column is-layout-flow wp-block-column-is-layout-flow\"><\/div>\n<\/div>\n\n\n\n<div class=\"wp-block-columns has-3-columns is-layout-flex wp-container-core-columns-is-layout-9d6595d7 wp-block-columns-is-layout-flex\">\n<div class=\"wp-block-column is-layout-flow wp-block-column-is-layout-flow\">\n<p style=\"text-align:center\" class=\"has-text-color has-background has-medium-font-size has-very-light-gray-color has-vivid-red-background-color\"><strong>Mercredi 20 mars 14h30 (VF)<\/strong><\/p>\n\n\n\n<p style=\"text-align:center\" class=\"has-text-color has-background has-medium-font-size has-very-light-gray-color has-vivid-cyan-blue-background-color\"><strong>MANGO<\/strong><\/p>\n\n\n\n<figure class=\"wp-block-image\"><a href=\"http:\/\/festivalbritannique.fr\/?page_id=1383\"><img loading=\"lazy\" decoding=\"async\" width=\"600\" height=\"800\" src=\"http:\/\/festivalbritannique.fr\/wp-content\/uploads\/2019\/02\/Mango-aff1.jpg\" alt=\"\" class=\"wp-image-1384\" srcset=\"https:\/\/festivalbritannique.fr\/wp-content\/uploads\/2019\/02\/Mango-aff1.jpg 600w, https:\/\/festivalbritannique.fr\/wp-content\/uploads\/2019\/02\/Mango-aff1-225x300.jpg 225w\" sizes=\"auto, (max-width: 600px) 100vw, 600px\" \/><\/a><\/figure>\n<\/div>\n\n\n\n<div class=\"wp-block-column is-layout-flow wp-block-column-is-layout-flow\">\n<p style=\"text-align:center\" class=\"has-text-color has-background has-medium-font-size has-very-light-gray-color has-vivid-red-background-color\"><strong>Lundi 25 mars \u00e0 14h30 <br>Mardi 26 mars \u00e0 18h (VF)<\/strong><\/p>\n\n\n\n<p style=\"text-align:center\" class=\"has-text-color has-background has-medium-font-size has-very-light-gray-color has-vivid-cyan-blue-background-color\"><strong>STAN &amp; OLLIE<\/strong><\/p>\n\n\n\n<figure class=\"wp-block-image\"><a href=\"http:\/\/festivalbritannique.fr\/?page_id=1361\"><img loading=\"lazy\" decoding=\"async\" width=\"768\" height=\"1024\" src=\"http:\/\/festivalbritannique.fr\/wp-content\/uploads\/2019\/02\/StanOllie-aff1-768x1024.jpg\" alt=\"\" class=\"wp-image-1362\" srcset=\"https:\/\/festivalbritannique.fr\/wp-content\/uploads\/2019\/02\/StanOllie-aff1-768x1024.jpg 768w, https:\/\/festivalbritannique.fr\/wp-content\/uploads\/2019\/02\/StanOllie-aff1-225x300.jpg 225w, https:\/\/festivalbritannique.fr\/wp-content\/uploads\/2019\/02\/StanOllie-aff1.jpg 810w\" sizes=\"auto, (max-width: 768px) 100vw, 768px\" \/><\/a><\/figure>\n<\/div>\n\n\n\n<div class=\"wp-block-column is-layout-flow wp-block-column-is-layout-flow\">\n<p style=\"text-align:center\" class=\"has-text-color has-background has-medium-font-size has-very-light-gray-color has-vivid-red-background-color\"><strong>Lundi 25 mars \u00e0 18h (VF)<br>Mardi 26 mars \u00e0 20h30<\/strong><\/p>\n\n\n\n<p style=\"text-align:center\" class=\"has-text-color has-background has-medium-font-size has-very-light-gray-color has-vivid-cyan-blue-background-color\"><strong>LA FAVORITE<\/strong><\/p>\n\n\n\n<figure class=\"wp-block-image\"><a href=\"http:\/\/festivalbritannique.fr\/?page_id=1375\"><img loading=\"lazy\" decoding=\"async\" width=\"670\" height=\"1000\" src=\"http:\/\/festivalbritannique.fr\/wp-content\/uploads\/2019\/02\/La-favorite-aff2.jpg\" alt=\"\" class=\"wp-image-1377\" srcset=\"https:\/\/festivalbritannique.fr\/wp-content\/uploads\/2019\/02\/La-favorite-aff2.jpg 670w, https:\/\/festivalbritannique.fr\/wp-content\/uploads\/2019\/02\/La-favorite-aff2-201x300.jpg 201w\" sizes=\"auto, (max-width: 670px) 100vw, 670px\" \/><\/a><\/figure>\n<\/div>\n<\/div>\n<!-- AddThis Advanced Settings generic via filter on the_content --><!-- AddThis Share Buttons generic via filter on the_content -->","protected":false},"excerpt":{"rendered":"<p>Mercredi 20 mars 20h30 (VF)Jeudi 21 mars 18h Lundi 25 mars 20h30 MARIE STUART, REINE D&rsquo;ECOSSE Mercredi 20 mars 18hJeudi 21 mars 20h30 ERIC CLAPTON, LIFE IN 12 BARS S\u00e9ances suppl\u00e9mentaires de films programm\u00e9s dans le weekend Mercredi 20 mars 14h30 (VF) MANGO Lundi 25 mars \u00e0 14h30 Mardi 26 mars \u00e0 18h (VF) STAN<\/p>\n<p><a href=\"https:\/\/festivalbritannique.fr\/?page_id=1426\" class=\"more-link themebutton\">Read More<\/a><\/p>\n<p><!-- AddThis Advanced Settings generic via filter on get_the_excerpt --><!-- AddThis Share Buttons generic via filter on get_the_excerpt --><\/p>\n","protected":false},"author":2,"featured_media":0,"parent":1345,"menu_order":21,"comment_status":"closed","ping_status":"closed","template":"","meta":{"ngg_post_thumbnail":0,"footnotes":""},"class_list":["post-1426","page","type-page","status-publish","hentry"],"_links":{"self":[{"href":"https:\/\/festivalbritannique.fr\/index.php?rest_route=\/wp\/v2\/pages\/1426","targetHints":{"allow":["GET"]}}],"collection":[{"href":"https:\/\/festivalbritannique.fr\/index.php?rest_route=\/wp\/v2\/pages"}],"about":[{"href":"https:\/\/festivalbritannique.fr\/index.php?rest_route=\/wp\/v2\/types\/page"}],"author":[{"embeddable":true,"href":"https:\/\/festivalbritannique.fr\/index.php?rest_route=\/wp\/v2\/users\/2"}],"replies":[{"embeddable":true,"href":"https:\/\/festivalbritannique.fr\/index.php?rest_route=%2Fwp%2Fv2%2Fcomments&post=1426"}],"version-history":[{"count":6,"href":"https:\/\/festivalbritannique.fr\/index.php?rest_route=\/wp\/v2\/pages\/1426\/revisions"}],"predecessor-version":[{"id":1467,"href":"https:\/\/festivalbritannique.fr\/index.php?rest_route=\/wp\/v2\/pages\/1426\/revisions\/1467"}],"up":[{"embeddable":true,"href":"https:\/\/festivalbritannique.fr\/index.php?rest_route=\/wp\/v2\/pages\/1345"}],"wp:attachment":[{"href":"https:\/\/festivalbritannique.fr\/index.php?rest_route=%2Fwp%2Fv2%2Fmedia&parent=1426"}],"curies":[{"name":"wp","href":"https:\/\/api.w.org\/{rel}","templated":true}]}}