{"id":1520,"date":"2020-02-09T13:36:25","date_gmt":"2020-02-09T12:36:25","guid":{"rendered":"http:\/\/festivalbritannique.fr\/?page_id=1520"},"modified":"2022-01-27T21:44:50","modified_gmt":"2022-01-27T20:44:50","slug":"programme","status":"publish","type":"page","link":"https:\/\/festivalbritannique.fr\/?page_id=1520","title":{"rendered":"Programme"},"content":{"rendered":"\n<p style=\"color:#ffffff\" class=\"has-text-color has-background has-medium-font-size has-vivid-red-background-color\"><strong>Par jour<\/strong><\/p>\n\n\n\n<p class=\"has-medium-font-size\"><a href=\"http:\/\/festivalbritannique.fr\/?page_id=1507\">Vendredi 6 mars<\/a><\/p>\n\n\n\n<p class=\"has-medium-font-size\"><a href=\"http:\/\/festivalbritannique.fr\/?page_id=1524\">Samedi 7 mars<\/a><\/p>\n\n\n\n<p class=\"has-medium-font-size\"><a href=\"http:\/\/festivalbritannique.fr\/?page_id=1535\">Dimanche 8 mars<\/a><\/p>\n\n\n\n<p><\/p>\n\n\n\n<p style=\"color:#ffffff\" class=\"has-text-color has-background has-medium-font-size has-vivid-cyan-blue-background-color\"><strong>Par th\u00e8me<\/strong><\/p>\n\n\n\n<p class=\"has-medium-font-size\"><a href=\"http:\/\/festivalbritannique.fr\/?page_id=1554\">Jane Austen au cin\u00e9ma<\/a><\/p>\n\n\n\n<p class=\"has-medium-font-size\"><a href=\"http:\/\/festivalbritannique.fr\/?page_id=1560\">Films musicaux<\/a><\/p>\n\n\n\n<p class=\"has-medium-font-size\"><a href=\"http:\/\/festivalbritannique.fr\/?page_id=1565\">Coups de c\u0153ur, Avant-premi\u00e8res<\/a><\/p>\n<!-- AddThis Advanced Settings generic via filter on the_content --><!-- AddThis Share Buttons generic via filter on the_content -->","protected":false},"excerpt":{"rendered":"<p>Par jour Vendredi 6 mars Samedi 7 mars Dimanche 8 mars Par th\u00e8me Jane Austen au cin\u00e9ma Films musicaux Coups de c\u0153ur, Avant-premi\u00e8res<!-- AddThis Advanced Settings generic via filter on get_the_excerpt --><!-- AddThis Share Buttons generic via filter on get_the_excerpt --><\/p>\n","protected":false},"author":2,"featured_media":0,"parent":1649,"menu_order":0,"comment_status":"closed","ping_status":"closed","template":"","meta":{"ngg_post_thumbnail":0,"footnotes":""},"class_list":["post-1520","page","type-page","status-publish","hentry"],"_links":{"self":[{"href":"https:\/\/festivalbritannique.fr\/index.php?rest_route=\/wp\/v2\/pages\/1520","targetHints":{"allow":["GET"]}}],"collection":[{"href":"https:\/\/festivalbritannique.fr\/index.php?rest_route=\/wp\/v2\/pages"}],"about":[{"href":"https:\/\/festivalbritannique.fr\/index.php?rest_route=\/wp\/v2\/types\/page"}],"author":[{"embeddable":true,"href":"https:\/\/festivalbritannique.fr\/index.php?rest_route=\/wp\/v2\/users\/2"}],"replies":[{"embeddable":true,"href":"https:\/\/festivalbritannique.fr\/index.php?rest_route=%2Fwp%2Fv2%2Fcomments&post=1520"}],"version-history":[{"count":4,"href":"https:\/\/festivalbritannique.fr\/index.php?rest_route=\/wp\/v2\/pages\/1520\/revisions"}],"predecessor-version":[{"id":1580,"href":"https:\/\/festivalbritannique.fr\/index.php?rest_route=\/wp\/v2\/pages\/1520\/revisions\/1580"}],"up":[{"embeddable":true,"href":"https:\/\/festivalbritannique.fr\/index.php?rest_route=\/wp\/v2\/pages\/1649"}],"wp:attachment":[{"href":"https:\/\/festivalbritannique.fr\/index.php?rest_route=%2Fwp%2Fv2%2Fmedia&parent=1520"}],"curies":[{"name":"wp","href":"https:\/\/api.w.org\/{rel}","templated":true}]}}