{"id":1565,"date":"2020-02-09T15:16:22","date_gmt":"2020-02-09T14:16:22","guid":{"rendered":"http:\/\/festivalbritannique.fr\/?page_id=1565"},"modified":"2020-02-18T22:06:45","modified_gmt":"2020-02-18T21:06:45","slug":"vendredi-6-mars-3-3","status":"publish","type":"page","link":"https:\/\/festivalbritannique.fr\/?page_id=1565","title":{"rendered":"Coups de c\u0153ur, Avant-premi\u00e8res"},"content":{"rendered":"\n<div class=\"wp-block-columns is-layout-flex wp-container-core-columns-is-layout-9d6595d7 wp-block-columns-is-layout-flex\">\n<div class=\"wp-block-column is-layout-flow wp-block-column-is-layout-flow\">\n<p style=\"color:#ffffff\" class=\"has-text-color has-background has-text-align-center has-medium-font-size has-vivid-red-background-color\"><strong>Ven 6 mars \u00e0 16h<\/strong><\/p>\n<\/div>\n\n\n\n<div class=\"wp-block-column is-layout-flow wp-block-column-is-layout-flow\">\n<p style=\"color:#ffffff;font-size:17px\" class=\"has-text-color has-background has-text-align-center has-vivid-red-background-color\"><strong>Sam 7 mars \u00e0 18h15<\/strong><\/p>\n<\/div>\n<\/div>\n\n\n\n<div class=\"wp-block-columns is-layout-flex wp-container-core-columns-is-layout-9d6595d7 wp-block-columns-is-layout-flex\">\n<div class=\"wp-block-column is-layout-flow wp-block-column-is-layout-flow\">\n<p style=\"color:#ffffff\" class=\"has-text-color has-background has-text-align-center has-normal-font-size has-vivid-cyan-blue-background-color\"><strong>THE KING&rsquo;S SPEECH<\/strong><\/p>\n<\/div>\n\n\n\n<div class=\"wp-block-column is-layout-flow wp-block-column-is-layout-flow\">\n<p style=\"color:#ffffff\" class=\"has-text-color has-background has-text-align-center has-medium-font-size has-vivid-cyan-blue-background-color\"><strong>PERFECT 10<\/strong><\/p>\n<\/div>\n<\/div>\n\n\n\n<div class=\"wp-block-columns is-layout-flex wp-container-core-columns-is-layout-9d6595d7 wp-block-columns-is-layout-flex\">\n<div class=\"wp-block-column is-layout-flow wp-block-column-is-layout-flow\">\n<figure class=\"wp-block-image size-large\"><a href=\"http:\/\/festivalbritannique.fr\/?page_id=1600\"><img loading=\"lazy\" decoding=\"async\" width=\"684\" height=\"1000\" src=\"http:\/\/festivalbritannique.fr\/wp-content\/uploads\/2020\/02\/the-kings-speech-3.jpg\" alt=\"\" class=\"wp-image-1578\" srcset=\"https:\/\/festivalbritannique.fr\/wp-content\/uploads\/2020\/02\/the-kings-speech-3.jpg 684w, https:\/\/festivalbritannique.fr\/wp-content\/uploads\/2020\/02\/the-kings-speech-3-205x300.jpg 205w\" sizes=\"auto, (max-width: 684px) 100vw, 684px\" \/><\/a><figcaption><strong><em>Coup de coeur, 10\u00e8me anniversaire<\/em><\/strong><\/figcaption><\/figure>\n<\/div>\n\n\n\n<div class=\"wp-block-column is-layout-flow wp-block-column-is-layout-flow\">\n<div class=\"wp-block-image\"><figure class=\"aligncenter size-large\"><a href=\"http:\/\/festivalbritannique.fr\/?page_id=1622\"><img loading=\"lazy\" decoding=\"async\" width=\"693\" height=\"1024\" src=\"http:\/\/festivalbritannique.fr\/wp-content\/uploads\/2020\/02\/Lenvol\u00e9e_dp_web-1-1-693x1024.png\" alt=\"\" class=\"wp-image-1543\" srcset=\"https:\/\/festivalbritannique.fr\/wp-content\/uploads\/2020\/02\/Lenvol\u00e9e_dp_web-1-1-693x1024.png 693w, https:\/\/festivalbritannique.fr\/wp-content\/uploads\/2020\/02\/Lenvol\u00e9e_dp_web-1-1-203x300.png 203w, https:\/\/festivalbritannique.fr\/wp-content\/uploads\/2020\/02\/Lenvol\u00e9e_dp_web-1-1-768x1135.png 768w, https:\/\/festivalbritannique.fr\/wp-content\/uploads\/2020\/02\/Lenvol\u00e9e_dp_web-1-1-1039x1536.png 1039w, https:\/\/festivalbritannique.fr\/wp-content\/uploads\/2020\/02\/Lenvol\u00e9e_dp_web-1-1.png 1287w\" sizes=\"auto, (max-width: 693px) 100vw, 693px\" \/><\/a><figcaption><strong><em>Avant-premi\u00e8re<\/em><\/strong><\/figcaption><\/figure><\/div>\n<\/div>\n<\/div>\n\n\n\n<div class=\"wp-block-columns is-layout-flex wp-container-core-columns-is-layout-9d6595d7 wp-block-columns-is-layout-flex\">\n<div class=\"wp-block-column is-layout-flow wp-block-column-is-layout-flow\">\n<p style=\"color:#ffffff;font-size:19px\" class=\"has-text-color has-background has-text-align-center has-vivid-red-background-color\"><strong>Sam 7 mars \u00e0 21h<\/strong><\/p>\n<\/div>\n\n\n\n<div class=\"wp-block-column is-layout-flow wp-block-column-is-layout-flow\">\n<p style=\"color:#ffffff;font-size:19px\" class=\"has-text-color has-background has-text-align-center has-vivid-red-background-color\"><strong>Dim 8 mars \u00e0 11h<\/strong><\/p>\n<\/div>\n<\/div>\n\n\n\n<div class=\"wp-block-columns is-layout-flex wp-container-core-columns-is-layout-9d6595d7 wp-block-columns-is-layout-flex\">\n<div class=\"wp-block-column is-layout-flow wp-block-column-is-layout-flow\">\n<p style=\"color:#ffffff\" class=\"has-text-color has-background has-text-align-center has-medium-font-size has-vivid-cyan-blue-background-color\"><strong>1917<\/strong><\/p>\n<\/div>\n\n\n\n<div class=\"wp-block-column is-layout-flow wp-block-column-is-layout-flow\">\n<p style=\"color:#ffffff;font-size:17px\" class=\"has-text-color has-background has-text-align-center has-vivid-cyan-blue-background-color\"><strong>SHAUN THE SHEEP<\/strong><\/p>\n<\/div>\n<\/div>\n\n\n\n<div class=\"wp-block-columns is-layout-flex wp-container-core-columns-is-layout-9d6595d7 wp-block-columns-is-layout-flex\">\n<div class=\"wp-block-column is-layout-flow wp-block-column-is-layout-flow\">\n<div class=\"wp-block-image\"><figure class=\"aligncenter size-large\"><a href=\"http:\/\/festivalbritannique.fr\/?page_id=1583\"><img loading=\"lazy\" decoding=\"async\" width=\"631\" height=\"1000\" src=\"http:\/\/festivalbritannique.fr\/wp-content\/uploads\/2020\/02\/1917-1.jpg\" alt=\"\" class=\"wp-image-1574\" srcset=\"https:\/\/festivalbritannique.fr\/wp-content\/uploads\/2020\/02\/1917-1.jpg 631w, https:\/\/festivalbritannique.fr\/wp-content\/uploads\/2020\/02\/1917-1-189x300.jpg 189w\" sizes=\"auto, (max-width: 631px) 100vw, 631px\" \/><\/a><figcaption><strong><em>Coup de c\u0153ur, Oscars\/Bafta<\/em><\/strong><\/figcaption><\/figure><\/div>\n<\/div>\n\n\n\n<div class=\"wp-block-column is-layout-flow wp-block-column-is-layout-flow\">\n<div class=\"wp-block-image\"><figure class=\"aligncenter size-large\"><a href=\"http:\/\/festivalbritannique.fr\/?page_id=1614\"><img loading=\"lazy\" decoding=\"async\" width=\"675\" height=\"1000\" src=\"http:\/\/festivalbritannique.fr\/wp-content\/uploads\/2020\/02\/Shaun.jpg\" alt=\"\" class=\"wp-image-1566\" srcset=\"https:\/\/festivalbritannique.fr\/wp-content\/uploads\/2020\/02\/Shaun.jpg 675w, https:\/\/festivalbritannique.fr\/wp-content\/uploads\/2020\/02\/Shaun-203x300.jpg 203w\" sizes=\"auto, (max-width: 675px) 100vw, 675px\" \/><\/a><figcaption><strong><em>Coup de c\u0153ur, jeune public<\/em><\/strong><\/figcaption><\/figure><\/div>\n<\/div>\n<\/div>\n\n\n\n<div class=\"wp-block-columns is-layout-flex wp-container-core-columns-is-layout-9d6595d7 wp-block-columns-is-layout-flex\">\n<div class=\"wp-block-column is-layout-flow wp-block-column-is-layout-flow\">\n<p style=\"color:#ffffff;font-size:17px\" class=\"has-text-color has-background has-text-align-center has-vivid-red-background-color\"><strong>Dim 8 mars \u00e0 18h15<\/strong><\/p>\n<\/div>\n\n\n\n<div class=\"wp-block-column is-layout-flow wp-block-column-is-layout-flow\">\n<p style=\"color:#ffffff;font-size:19px\" class=\"has-text-color has-background has-text-align-center has-vivid-red-background-color\"><strong>Dim 8 mars \u00e0 21h<\/strong><\/p>\n<\/div>\n<\/div>\n\n\n\n<div class=\"wp-block-columns is-layout-flex wp-container-core-columns-is-layout-9d6595d7 wp-block-columns-is-layout-flex\">\n<div class=\"wp-block-column is-layout-flow wp-block-column-is-layout-flow\">\n<p style=\"color:#ffffff;font-size:18px\" class=\"has-text-color has-background has-text-align-center has-vivid-cyan-blue-background-color\"><strong>DOWNTON ABBEY<\/strong><\/p>\n<\/div>\n\n\n\n<div class=\"wp-block-column is-layout-flow wp-block-column-is-layout-flow\">\n<p style=\"color:#ffffff\" class=\"has-text-color has-background has-text-align-center has-medium-font-size has-vivid-cyan-blue-background-color\"><strong>MR. JONES<\/strong><\/p>\n<\/div>\n<\/div>\n\n\n\n<div class=\"wp-block-columns is-layout-flex wp-container-core-columns-is-layout-9d6595d7 wp-block-columns-is-layout-flex\">\n<div class=\"wp-block-column is-layout-flow wp-block-column-is-layout-flow\">\n<figure class=\"wp-block-image size-large\"><a href=\"http:\/\/festivalbritannique.fr\/?page_id=1595\"><img loading=\"lazy\" decoding=\"async\" width=\"675\" height=\"1000\" src=\"http:\/\/festivalbritannique.fr\/wp-content\/uploads\/2020\/02\/Downton-abbey-1.jpg\" alt=\"\" class=\"wp-image-1573\" srcset=\"https:\/\/festivalbritannique.fr\/wp-content\/uploads\/2020\/02\/Downton-abbey-1.jpg 675w, https:\/\/festivalbritannique.fr\/wp-content\/uploads\/2020\/02\/Downton-abbey-1-203x300.jpg 203w\" sizes=\"auto, (max-width: 675px) 100vw, 675px\" \/><\/a><figcaption><strong><em>Coup de c\u0153ur, Cin\u00e9-Clap<\/em><\/strong><\/figcaption><\/figure>\n<\/div>\n\n\n\n<div class=\"wp-block-column is-layout-flow wp-block-column-is-layout-flow\">\n<figure class=\"wp-block-image size-large\"><a href=\"http:\/\/festivalbritannique.fr\/?page_id=1603\"><img loading=\"lazy\" decoding=\"async\" width=\"674\" height=\"1000\" src=\"http:\/\/festivalbritannique.fr\/wp-content\/uploads\/2020\/02\/mr-jones-1.jpg\" alt=\"\" class=\"wp-image-1572\" srcset=\"https:\/\/festivalbritannique.fr\/wp-content\/uploads\/2020\/02\/mr-jones-1.jpg 674w, https:\/\/festivalbritannique.fr\/wp-content\/uploads\/2020\/02\/mr-jones-1-202x300.jpg 202w\" sizes=\"auto, (max-width: 674px) 100vw, 674px\" \/><\/a><figcaption><strong><em>Avant-premi\u00e8re<\/em><\/strong><\/figcaption><\/figure>\n<\/div>\n<\/div>\n\n\n\n<div class=\"wp-block-columns is-layout-flex wp-container-core-columns-is-layout-9d6595d7 wp-block-columns-is-layout-flex\">\n<div class=\"wp-block-column is-layout-flow wp-block-column-is-layout-flow\">\n<p style=\"color:#ffffff\" class=\"has-text-color has-background has-text-align-center has-vivid-red-background-color\"><strong>Ven 6 mars \u00e0 18h15<\/strong><\/p>\n<\/div>\n\n\n\n<div class=\"wp-block-column is-layout-flow wp-block-column-is-layout-flow\"><\/div>\n<\/div>\n\n\n\n<div class=\"wp-block-columns is-layout-flex wp-container-core-columns-is-layout-9d6595d7 wp-block-columns-is-layout-flex\">\n<div class=\"wp-block-column is-layout-flow wp-block-column-is-layout-flow\">\n<p style=\"color:#ffffff\" class=\"has-text-color has-background has-text-align-center has-medium-font-size has-vivid-cyan-blue-background-color\"><strong>JUDY<\/strong><\/p>\n<\/div>\n\n\n\n<div class=\"wp-block-column is-layout-flow wp-block-column-is-layout-flow\"><\/div>\n<\/div>\n\n\n\n<div class=\"wp-block-columns is-layout-flex wp-container-core-columns-is-layout-9d6595d7 wp-block-columns-is-layout-flex\">\n<div class=\"wp-block-column is-layout-flow wp-block-column-is-layout-flow\">\n<figure class=\"wp-block-image size-large\"><a href=\"http:\/\/festivalbritannique.fr\/?page_id=1635\"><img loading=\"lazy\" decoding=\"async\" width=\"752\" height=\"1024\" src=\"http:\/\/festivalbritannique.fr\/wp-content\/uploads\/2020\/02\/judy-752x1024.jpg\" alt=\"\" class=\"wp-image-1636\" srcset=\"https:\/\/festivalbritannique.fr\/wp-content\/uploads\/2020\/02\/judy-752x1024.jpg 752w, https:\/\/festivalbritannique.fr\/wp-content\/uploads\/2020\/02\/judy-220x300.jpg 220w, https:\/\/festivalbritannique.fr\/wp-content\/uploads\/2020\/02\/judy-768x1046.jpg 768w, https:\/\/festivalbritannique.fr\/wp-content\/uploads\/2020\/02\/judy.jpg 793w\" sizes=\"auto, (max-width: 752px) 100vw, 752px\" \/><\/a><\/figure>\n<\/div>\n\n\n\n<div class=\"wp-block-column is-layout-flow wp-block-column-is-layout-flow\"><\/div>\n<\/div>\n<!-- AddThis Advanced Settings generic via filter on the_content --><!-- AddThis Share Buttons generic via filter on the_content -->","protected":false},"excerpt":{"rendered":"<p>Ven 6 mars \u00e0 16h Sam 7 mars \u00e0 18h15 THE KING&rsquo;S SPEECH PERFECT 10 Sam 7 mars \u00e0 21h Dim 8 mars \u00e0 11h 1917 SHAUN THE SHEEP Dim 8 mars \u00e0 18h15 Dim 8 mars \u00e0 21h DOWNTON ABBEY MR. JONES Ven 6 mars \u00e0 18h15 JUDY<!-- AddThis Advanced Settings generic via filter on get_the_excerpt --><!-- AddThis Share Buttons generic via filter on get_the_excerpt --><\/p>\n","protected":false},"author":2,"featured_media":0,"parent":1520,"menu_order":13,"comment_status":"closed","ping_status":"closed","template":"","meta":{"ngg_post_thumbnail":0,"footnotes":""},"class_list":["post-1565","page","type-page","status-publish","hentry"],"_links":{"self":[{"href":"https:\/\/festivalbritannique.fr\/index.php?rest_route=\/wp\/v2\/pages\/1565","targetHints":{"allow":["GET"]}}],"collection":[{"href":"https:\/\/festivalbritannique.fr\/index.php?rest_route=\/wp\/v2\/pages"}],"about":[{"href":"https:\/\/festivalbritannique.fr\/index.php?rest_route=\/wp\/v2\/types\/page"}],"author":[{"embeddable":true,"href":"https:\/\/festivalbritannique.fr\/index.php?rest_route=\/wp\/v2\/users\/2"}],"replies":[{"embeddable":true,"href":"https:\/\/festivalbritannique.fr\/index.php?rest_route=%2Fwp%2Fv2%2Fcomments&post=1565"}],"version-history":[{"count":9,"href":"https:\/\/festivalbritannique.fr\/index.php?rest_route=\/wp\/v2\/pages\/1565\/revisions"}],"predecessor-version":[{"id":1644,"href":"https:\/\/festivalbritannique.fr\/index.php?rest_route=\/wp\/v2\/pages\/1565\/revisions\/1644"}],"up":[{"embeddable":true,"href":"https:\/\/festivalbritannique.fr\/index.php?rest_route=\/wp\/v2\/pages\/1520"}],"wp:attachment":[{"href":"https:\/\/festivalbritannique.fr\/index.php?rest_route=%2Fwp%2Fv2%2Fmedia&parent=1565"}],"curies":[{"name":"wp","href":"https:\/\/api.w.org\/{rel}","templated":true}]}}