{"id":1592,"date":"2020-02-09T16:58:45","date_gmt":"2020-02-09T15:58:45","guid":{"rendered":"http:\/\/festivalbritannique.fr\/?page_id=1592"},"modified":"2020-02-09T16:58:46","modified_gmt":"2020-02-09T15:58:46","slug":"le-cercle-litteraire-de-guernesey-2-2-2-2-2-2-2-2-2-3-2-2","status":"publish","type":"page","link":"https:\/\/festivalbritannique.fr\/?page_id=1592","title":{"rendered":"Blinded by the light"},"content":{"rendered":"\n<p class=\"has-text-color has-medium-font-size has-vivid-cyan-blue-color\">Music of my life<\/p>\n\n\n\n<p class=\"has-text-color has-medium-font-size has-vivid-red-color\">Samedi 7 mars \u00e0 16h<\/p>\n\n\n\n<ul class=\"wp-block-list\"><li><strong>Musical, Com\u00e9die. <\/strong><\/li><li><strong>Music, Comedy.<\/strong><\/li><li><strong>Gurinder Chadha, Viveik Kalra. 1h57<\/strong><\/li><\/ul>\n\n\n\n<blockquote class=\"wp-block-quote is-style-default is-layout-flow wp-block-quote-is-layout-flow\"><p>   1987, Angleterre.\u00a0Javed, adolescent d\u2019origine pakistanaise, grandit \u00e0  Luton, une petite ville qui n\u2019\u00e9chappe pas \u00e0 un difficile climat  social.\u00a0Il se r\u00e9fugie dans l\u2019\u00e9criture pour \u00e9chapper au racisme et au  destin que son p\u00e8re, tr\u00e8s conservateur, imagine pour lui.\u00a0\u00a0Mais sa vie  va \u00eatre boulevers\u00e9e le jour o\u00f9 l\u2019un de ses camarades lui fait d\u00e9couvrir  l\u2019univers de Bruce Springsteen. Il est frapp\u00e9 par les paroles des  chansons qui d\u00e9crivent exactement ce qu\u2019il ressent.\u00a0Javed va alors  apprendre \u00e0 comprendre sa famille et trouver sa propre voie&#8230; <\/p><cite>Allocin\u00e9.fr<\/cite><\/blockquote>\n\n\n\n<blockquote class=\"wp-block-quote is-layout-flow wp-block-quote-is-layout-flow\"><p>    In England in 1987, a teenager from an Asian family learns to live his  life, understand his family and find his own voice through the music of  American rock star Bruce Springsteen.                       <\/p><cite>ImDb.com<\/cite><\/blockquote>\n\n\n\n<figure class=\"wp-block-embed-youtube aligncenter wp-block-embed is-type-video is-provider-youtube wp-embed-aspect-16-9 wp-has-aspect-ratio\"><div class=\"wp-block-embed__wrapper\">\n<iframe loading=\"lazy\" title=\"MUSIC OF MY LIFE - Bande-annonce officielle VOST - UGC Distribution\" width=\"1170\" height=\"658\" src=\"https:\/\/www.youtube.com\/embed\/eHTdigtzN5M?feature=oembed\" frameborder=\"0\" allow=\"accelerometer; autoplay; encrypted-media; gyroscope; picture-in-picture\" allowfullscreen><\/iframe>\n<\/div><\/figure>\n\n\n\n<figure class=\"wp-block-gallery columns-2 is-cropped wp-block-gallery-1 is-layout-flex wp-block-gallery-is-layout-flex\"><ul class=\"blocks-gallery-grid\"><li class=\"blocks-gallery-item\"><figure><img loading=\"lazy\" decoding=\"async\" width=\"674\" height=\"1000\" src=\"http:\/\/festivalbritannique.fr\/wp-content\/uploads\/2020\/02\/blinded-by-the-light-1.jpg\" alt=\"\" data-id=\"1562\" data-full-url=\"http:\/\/festivalbritannique.fr\/wp-content\/uploads\/2020\/02\/blinded-by-the-light-1.jpg\" data-link=\"http:\/\/festivalbritannique.fr\/?attachment_id=1562#main\" class=\"wp-image-1562\" srcset=\"https:\/\/festivalbritannique.fr\/wp-content\/uploads\/2020\/02\/blinded-by-the-light-1.jpg 674w, https:\/\/festivalbritannique.fr\/wp-content\/uploads\/2020\/02\/blinded-by-the-light-1-202x300.jpg 202w\" sizes=\"auto, (max-width: 674px) 100vw, 674px\" \/><\/figure><\/li><li class=\"blocks-gallery-item\"><figure><img loading=\"lazy\" decoding=\"async\" width=\"754\" height=\"1024\" src=\"http:\/\/festivalbritannique.fr\/wp-content\/uploads\/2020\/02\/27794011-754x1024.jpg\" alt=\"\" data-id=\"1593\" data-full-url=\"http:\/\/festivalbritannique.fr\/wp-content\/uploads\/2020\/02\/27794011.jpg\" data-link=\"http:\/\/festivalbritannique.fr\/?attachment_id=1593#main\" class=\"wp-image-1593\" srcset=\"https:\/\/festivalbritannique.fr\/wp-content\/uploads\/2020\/02\/27794011-754x1024.jpg 754w, https:\/\/festivalbritannique.fr\/wp-content\/uploads\/2020\/02\/27794011-221x300.jpg 221w, https:\/\/festivalbritannique.fr\/wp-content\/uploads\/2020\/02\/27794011-768x1043.jpg 768w, https:\/\/festivalbritannique.fr\/wp-content\/uploads\/2020\/02\/27794011.jpg 795w\" sizes=\"auto, (max-width: 754px) 100vw, 754px\" \/><\/figure><\/li><\/ul><\/figure>\n<!-- AddThis Advanced Settings generic via filter on the_content --><!-- AddThis Share Buttons generic via filter on the_content -->","protected":false},"excerpt":{"rendered":"<p>Music of my life Samedi 7 mars \u00e0 16h Musical, Com\u00e9die. Music, Comedy. Gurinder Chadha, Viveik Kalra. 1h57 1987, Angleterre.\u00a0Javed, adolescent d\u2019origine pakistanaise, grandit \u00e0 Luton, une petite ville qui n\u2019\u00e9chappe pas \u00e0 un difficile climat social.\u00a0Il se r\u00e9fugie dans l\u2019\u00e9criture pour \u00e9chapper au racisme et au destin que son p\u00e8re, tr\u00e8s conservateur, imagine pour<\/p>\n<p><a href=\"https:\/\/festivalbritannique.fr\/?page_id=1592\" class=\"more-link themebutton\">Read More<\/a><\/p>\n<p><!-- AddThis Advanced Settings generic via filter on get_the_excerpt --><!-- AddThis Share Buttons generic via filter on get_the_excerpt --><\/p>\n","protected":false},"author":2,"featured_media":0,"parent":1581,"menu_order":0,"comment_status":"closed","ping_status":"closed","template":"","meta":{"ngg_post_thumbnail":0,"footnotes":""},"class_list":["post-1592","page","type-page","status-publish","hentry"],"_links":{"self":[{"href":"https:\/\/festivalbritannique.fr\/index.php?rest_route=\/wp\/v2\/pages\/1592","targetHints":{"allow":["GET"]}}],"collection":[{"href":"https:\/\/festivalbritannique.fr\/index.php?rest_route=\/wp\/v2\/pages"}],"about":[{"href":"https:\/\/festivalbritannique.fr\/index.php?rest_route=\/wp\/v2\/types\/page"}],"author":[{"embeddable":true,"href":"https:\/\/festivalbritannique.fr\/index.php?rest_route=\/wp\/v2\/users\/2"}],"replies":[{"embeddable":true,"href":"https:\/\/festivalbritannique.fr\/index.php?rest_route=%2Fwp%2Fv2%2Fcomments&post=1592"}],"version-history":[{"count":1,"href":"https:\/\/festivalbritannique.fr\/index.php?rest_route=\/wp\/v2\/pages\/1592\/revisions"}],"predecessor-version":[{"id":1594,"href":"https:\/\/festivalbritannique.fr\/index.php?rest_route=\/wp\/v2\/pages\/1592\/revisions\/1594"}],"up":[{"embeddable":true,"href":"https:\/\/festivalbritannique.fr\/index.php?rest_route=\/wp\/v2\/pages\/1581"}],"wp:attachment":[{"href":"https:\/\/festivalbritannique.fr\/index.php?rest_route=%2Fwp%2Fv2%2Fmedia&parent=1592"}],"curies":[{"name":"wp","href":"https:\/\/api.w.org\/{rel}","templated":true}]}}