{"id":1595,"date":"2020-02-09T17:02:54","date_gmt":"2020-02-09T16:02:54","guid":{"rendered":"http:\/\/festivalbritannique.fr\/?page_id=1595"},"modified":"2020-02-09T17:02:55","modified_gmt":"2020-02-09T16:02:55","slug":"le-cercle-litteraire-de-guernesey-2-2-2-2-2-2-2-2-2-3-2-2-2","status":"publish","type":"page","link":"https:\/\/festivalbritannique.fr\/?page_id=1595","title":{"rendered":"Downton Abbey"},"content":{"rendered":"\n<p class=\"has-text-color has-medium-font-size has-vivid-cyan-blue-color\">Downton Abbey<\/p>\n\n\n\n<p class=\"has-text-color has-medium-font-size has-vivid-red-color\">Dimanche 8 mars \u00e0 18h15<\/p>\n\n\n\n<ul class=\"wp-block-list\"><li><strong>Romance. <\/strong><\/li><li><strong>Romance.<\/strong><\/li><\/ul>\n\n\n\n<p><strong>Michael Engler, Michelle Dockery, Hugh Bonneville, Maggie Smith. 2h03<\/strong><\/p>\n\n\n\n<blockquote class=\"wp-block-quote is-style-default is-layout-flow wp-block-quote-is-layout-flow\"><p>  Les Crawley et leur personnel intr\u00e9pide se pr\u00e9parent \u00e0 vivre l&rsquo;\u00e9v\u00e9nement  le plus important de leur vie\u00a0: une visite du roi et de la reine  d&rsquo;Angleterre. Cette venue ne tardera pas \u00e0 d\u00e9clencher scandales,  intrigues amoureuses et manigances qui p\u00e8seront sur l&rsquo;avenir m\u00eame de  Downton. <\/p><cite>Allocin\u00e9.fr<\/cite><\/blockquote>\n\n\n\n<blockquote class=\"wp-block-quote is-layout-flow wp-block-quote-is-layout-flow\"><p>   The continuing story of the Crawley family, wealthy owners of a large  estate in the English countryside in the early twentieth century.              <\/p><cite>ImDb.com<\/cite><\/blockquote>\n\n\n\n<figure class=\"wp-block-embed-youtube aligncenter wp-block-embed is-type-video is-provider-youtube wp-embed-aspect-16-9 wp-has-aspect-ratio\"><div class=\"wp-block-embed__wrapper\">\n<iframe loading=\"lazy\" title=\"Downton Abbey \/ Bande-Annonce Officielle VOST [Au cin\u00e9ma le 25 septembre]\" width=\"1170\" height=\"658\" src=\"https:\/\/www.youtube.com\/embed\/EPVLbHWOgWs?feature=oembed\" frameborder=\"0\" allow=\"accelerometer; autoplay; encrypted-media; gyroscope; picture-in-picture\" allowfullscreen><\/iframe>\n<\/div><\/figure>\n\n\n\n<figure class=\"wp-block-gallery columns-2 is-cropped wp-block-gallery-1 is-layout-flex wp-block-gallery-is-layout-flex\"><ul class=\"blocks-gallery-grid\"><li class=\"blocks-gallery-item\"><figure><img loading=\"lazy\" decoding=\"async\" width=\"675\" height=\"1000\" src=\"http:\/\/festivalbritannique.fr\/wp-content\/uploads\/2020\/02\/Downton-abbey.jpg\" alt=\"\" data-id=\"1538\" data-full-url=\"http:\/\/festivalbritannique.fr\/wp-content\/uploads\/2020\/02\/Downton-abbey.jpg\" data-link=\"http:\/\/festivalbritannique.fr\/?attachment_id=1538#main\" class=\"wp-image-1538\" srcset=\"https:\/\/festivalbritannique.fr\/wp-content\/uploads\/2020\/02\/Downton-abbey.jpg 675w, https:\/\/festivalbritannique.fr\/wp-content\/uploads\/2020\/02\/Downton-abbey-203x300.jpg 203w\" sizes=\"auto, (max-width: 675px) 100vw, 675px\" \/><figcaption class=\"blocks-gallery-item__caption\">Coup de coeur, Cin\u00e9-Clap<\/figcaption><\/figure><\/li><li class=\"blocks-gallery-item\"><figure><img loading=\"lazy\" decoding=\"async\" width=\"756\" height=\"1024\" src=\"http:\/\/festivalbritannique.fr\/wp-content\/uploads\/2020\/02\/57907661-756x1024.jpg\" alt=\"\" data-id=\"1596\" data-full-url=\"http:\/\/festivalbritannique.fr\/wp-content\/uploads\/2020\/02\/57907661.jpg\" data-link=\"http:\/\/festivalbritannique.fr\/?attachment_id=1596#main\" class=\"wp-image-1596\" srcset=\"https:\/\/festivalbritannique.fr\/wp-content\/uploads\/2020\/02\/57907661-756x1024.jpg 756w, https:\/\/festivalbritannique.fr\/wp-content\/uploads\/2020\/02\/57907661-221x300.jpg 221w, https:\/\/festivalbritannique.fr\/wp-content\/uploads\/2020\/02\/57907661-768x1041.jpg 768w, https:\/\/festivalbritannique.fr\/wp-content\/uploads\/2020\/02\/57907661.jpg 797w\" sizes=\"auto, (max-width: 756px) 100vw, 756px\" \/><\/figure><\/li><\/ul><\/figure>\n<!-- AddThis Advanced Settings generic via filter on the_content --><!-- AddThis Share Buttons generic via filter on the_content -->","protected":false},"excerpt":{"rendered":"<p>Downton Abbey Dimanche 8 mars \u00e0 18h15 Romance. Romance. Michael Engler, Michelle Dockery, Hugh Bonneville, Maggie Smith. 2h03 Les Crawley et leur personnel intr\u00e9pide se pr\u00e9parent \u00e0 vivre l&rsquo;\u00e9v\u00e9nement le plus important de leur vie\u00a0: une visite du roi et de la reine d&rsquo;Angleterre. Cette venue ne tardera pas \u00e0 d\u00e9clencher scandales, intrigues amoureuses et<\/p>\n<p><a href=\"https:\/\/festivalbritannique.fr\/?page_id=1595\" class=\"more-link themebutton\">Read More<\/a><\/p>\n<p><!-- AddThis Advanced Settings generic via filter on get_the_excerpt --><!-- AddThis Share Buttons generic via filter on get_the_excerpt --><\/p>\n","protected":false},"author":2,"featured_media":0,"parent":1581,"menu_order":0,"comment_status":"closed","ping_status":"closed","template":"","meta":{"ngg_post_thumbnail":0,"footnotes":""},"class_list":["post-1595","page","type-page","status-publish","hentry"],"_links":{"self":[{"href":"https:\/\/festivalbritannique.fr\/index.php?rest_route=\/wp\/v2\/pages\/1595","targetHints":{"allow":["GET"]}}],"collection":[{"href":"https:\/\/festivalbritannique.fr\/index.php?rest_route=\/wp\/v2\/pages"}],"about":[{"href":"https:\/\/festivalbritannique.fr\/index.php?rest_route=\/wp\/v2\/types\/page"}],"author":[{"embeddable":true,"href":"https:\/\/festivalbritannique.fr\/index.php?rest_route=\/wp\/v2\/users\/2"}],"replies":[{"embeddable":true,"href":"https:\/\/festivalbritannique.fr\/index.php?rest_route=%2Fwp%2Fv2%2Fcomments&post=1595"}],"version-history":[{"count":1,"href":"https:\/\/festivalbritannique.fr\/index.php?rest_route=\/wp\/v2\/pages\/1595\/revisions"}],"predecessor-version":[{"id":1597,"href":"https:\/\/festivalbritannique.fr\/index.php?rest_route=\/wp\/v2\/pages\/1595\/revisions\/1597"}],"up":[{"embeddable":true,"href":"https:\/\/festivalbritannique.fr\/index.php?rest_route=\/wp\/v2\/pages\/1581"}],"wp:attachment":[{"href":"https:\/\/festivalbritannique.fr\/index.php?rest_route=%2Fwp%2Fv2%2Fmedia&parent=1595"}],"curies":[{"name":"wp","href":"https:\/\/api.w.org\/{rel}","templated":true}]}}