{"id":1598,"date":"2020-02-09T17:07:13","date_gmt":"2020-02-09T16:07:13","guid":{"rendered":"http:\/\/festivalbritannique.fr\/?page_id=1598"},"modified":"2020-02-09T17:07:14","modified_gmt":"2020-02-09T16:07:14","slug":"le-cercle-litteraire-de-guernesey-2-2-2-2-2-2-2-2-2-3-2-2-2-2","status":"publish","type":"page","link":"https:\/\/festivalbritannique.fr\/?page_id=1598","title":{"rendered":"Emma."},"content":{"rendered":"\n<p class=\"has-text-color has-medium-font-size has-vivid-cyan-blue-color\">Emma.<\/p>\n\n\n\n<p class=\"has-text-color has-medium-font-size has-vivid-red-color\">Vendredi 6 mars \u00e0 21h<\/p>\n\n\n\n<ul class=\"wp-block-list\"><li><strong>Com\u00e9die. <\/strong><\/li><li><strong>Comedy.<\/strong><\/li><\/ul>\n\n\n\n<p><strong>De Autumn de Wilde<br> Avec Anya Taylor-Joy, Mia Goth, Gemma Whelan . 2h04<\/strong><\/p>\n\n\n\n<blockquote class=\"wp-block-quote is-style-default is-layout-flow wp-block-quote-is-layout-flow\"><p>   Emma Woodhouse tente de faire rencontre aux c\u00e9libataires de son cercle d&rsquo;amis leur \u00e2me soeur.                       <\/p><cite>Allocin\u00e9.fr<\/cite><\/blockquote>\n\n\n\n<blockquote class=\"wp-block-quote is-layout-flow wp-block-quote-is-layout-flow\"><p>    Based on the classic Jane Austen novel.              <\/p><cite>ImDb.com<\/cite><\/blockquote>\n\n\n\n<figure class=\"wp-block-embed-youtube aligncenter wp-block-embed is-type-video is-provider-youtube wp-embed-aspect-16-9 wp-has-aspect-ratio\"><div class=\"wp-block-embed__wrapper\">\n<iframe loading=\"lazy\" title=\"EMMA Official Trailer (2020) Anya Taylor-Joy, Jane Austen Comedy Movie HD\" width=\"1170\" height=\"658\" src=\"https:\/\/www.youtube.com\/embed\/JniWHloJAvY?feature=oembed\" frameborder=\"0\" allow=\"accelerometer; autoplay; encrypted-media; gyroscope; picture-in-picture\" allowfullscreen><\/iframe>\n<\/div><\/figure>\n\n\n\n<figure class=\"wp-block-gallery columns-1 is-cropped wp-block-gallery-1 is-layout-flex wp-block-gallery-is-layout-flex\"><ul class=\"blocks-gallery-grid\"><li class=\"blocks-gallery-item\"><figure><img loading=\"lazy\" decoding=\"async\" width=\"675\" height=\"1000\" src=\"http:\/\/festivalbritannique.fr\/wp-content\/uploads\/2020\/02\/emma-1.jpg\" alt=\"\" data-id=\"1556\" data-full-url=\"http:\/\/festivalbritannique.fr\/wp-content\/uploads\/2020\/02\/emma-1.jpg\" data-link=\"http:\/\/festivalbritannique.fr\/?attachment_id=1556#main\" class=\"wp-image-1556\" srcset=\"https:\/\/festivalbritannique.fr\/wp-content\/uploads\/2020\/02\/emma-1.jpg 675w, https:\/\/festivalbritannique.fr\/wp-content\/uploads\/2020\/02\/emma-1-203x300.jpg 203w\" sizes=\"auto, (max-width: 675px) 100vw, 675px\" \/><\/figure><\/li><\/ul><\/figure>\n<!-- AddThis Advanced Settings generic via filter on the_content --><!-- AddThis Share Buttons generic via filter on the_content -->","protected":false},"excerpt":{"rendered":"<p>Emma. Vendredi 6 mars \u00e0 21h Com\u00e9die. Comedy. De Autumn de Wilde Avec Anya Taylor-Joy, Mia Goth, Gemma Whelan . 2h04 Emma Woodhouse tente de faire rencontre aux c\u00e9libataires de son cercle d&rsquo;amis leur \u00e2me soeur. Allocin\u00e9.fr Based on the classic Jane Austen novel. ImDb.com<!-- AddThis Advanced Settings generic via filter on get_the_excerpt --><!-- AddThis Share Buttons generic via filter on get_the_excerpt --><\/p>\n","protected":false},"author":2,"featured_media":0,"parent":1581,"menu_order":0,"comment_status":"closed","ping_status":"closed","template":"","meta":{"ngg_post_thumbnail":0,"footnotes":""},"class_list":["post-1598","page","type-page","status-publish","hentry"],"_links":{"self":[{"href":"https:\/\/festivalbritannique.fr\/index.php?rest_route=\/wp\/v2\/pages\/1598","targetHints":{"allow":["GET"]}}],"collection":[{"href":"https:\/\/festivalbritannique.fr\/index.php?rest_route=\/wp\/v2\/pages"}],"about":[{"href":"https:\/\/festivalbritannique.fr\/index.php?rest_route=\/wp\/v2\/types\/page"}],"author":[{"embeddable":true,"href":"https:\/\/festivalbritannique.fr\/index.php?rest_route=\/wp\/v2\/users\/2"}],"replies":[{"embeddable":true,"href":"https:\/\/festivalbritannique.fr\/index.php?rest_route=%2Fwp%2Fv2%2Fcomments&post=1598"}],"version-history":[{"count":1,"href":"https:\/\/festivalbritannique.fr\/index.php?rest_route=\/wp\/v2\/pages\/1598\/revisions"}],"predecessor-version":[{"id":1599,"href":"https:\/\/festivalbritannique.fr\/index.php?rest_route=\/wp\/v2\/pages\/1598\/revisions\/1599"}],"up":[{"embeddable":true,"href":"https:\/\/festivalbritannique.fr\/index.php?rest_route=\/wp\/v2\/pages\/1581"}],"wp:attachment":[{"href":"https:\/\/festivalbritannique.fr\/index.php?rest_route=%2Fwp%2Fv2%2Fmedia&parent=1598"}],"curies":[{"name":"wp","href":"https:\/\/api.w.org\/{rel}","templated":true}]}}