{"id":1600,"date":"2020-02-09T17:11:38","date_gmt":"2020-02-09T16:11:38","guid":{"rendered":"http:\/\/festivalbritannique.fr\/?page_id=1600"},"modified":"2020-02-09T17:11:39","modified_gmt":"2020-02-09T16:11:39","slug":"le-cercle-litteraire-de-guernesey-2-2-2-2-2-2-2-2-2-3-2-2-2-2-2","status":"publish","type":"page","link":"https:\/\/festivalbritannique.fr\/?page_id=1600","title":{"rendered":"The king&rsquo;s speech"},"content":{"rendered":"\n<p class=\"has-text-color has-medium-font-size has-vivid-cyan-blue-color\">Le discours d&rsquo;un roi<\/p>\n\n\n\n<p class=\"has-text-color has-medium-font-size has-vivid-red-color\">Vendredi 6 mars \u00e0 16h<\/p>\n\n\n\n<ul class=\"wp-block-list\"><li><strong>Biopic, historique. <\/strong><\/li><li><strong>Biography, History.<\/strong><\/li><\/ul>\n\n\n\n<p><strong>De Tom Hooper<br> Avec Colin Firth, Helena Bonham Carter, Derek Jacobi<\/strong> <strong> . 1h58<\/strong><\/p>\n\n\n\n<blockquote class=\"wp-block-quote is-style-default is-layout-flow wp-block-quote-is-layout-flow\"><p>    D\u2019apr\u00e8s l\u2019histoire vraie et m\u00e9connue du p\u00e8re de l\u2019actuelle Reine  Elisabeth, qui va devenir, contraint et forc\u00e9, le Roi George VI (Colin  Firth), suite \u00e0 l\u2019abdication de son fr\u00e8re Edouard VIII (Guy Pearce).  D\u2019apparence fragile, incapable de s\u2019exprimer en public, consid\u00e9r\u00e9 par  certains comme inapte \u00e0 la fonction, George VI tentera de surmonter son  handicap gr\u00e2ce au soutien ind\u00e9fectible de sa femme (Helena Bonham  Carter) et d\u2019affronter ses peurs avec l\u2019aide d\u2019un th\u00e9rapeute du langage  (Geoffrey Rush) aux m\u00e9thodes peu conventionnelles. Il devra vaincre son  b\u00e9gaiement pour assumer pleinement son r\u00f4le, et faire de son empire le  premier rempart contre l\u2019Allemagne nazie.                                             <\/p><cite>Allocin\u00e9.fr<\/cite><\/blockquote>\n\n\n\n<blockquote class=\"wp-block-quote is-layout-flow wp-block-quote-is-layout-flow\"><p>     The story of King George VI,  his impromptu ascension to the throne of the British Empire in 1936,  and the speech therapist who helped the unsure monarch overcome his  stammer.                         <\/p><cite>ImDb.com<\/cite><\/blockquote>\n\n\n\n<figure class=\"wp-block-embed-youtube aligncenter wp-block-embed is-type-video is-provider-youtube wp-embed-aspect-16-9 wp-has-aspect-ratio\"><div class=\"wp-block-embed__wrapper\">\n<iframe loading=\"lazy\" title=\"LE DISCOURS D&#039;UN ROI - Bande annonce - VOST\" width=\"1170\" height=\"658\" src=\"https:\/\/www.youtube.com\/embed\/zYzpAziwk4A?feature=oembed\" frameborder=\"0\" allow=\"accelerometer; autoplay; encrypted-media; gyroscope; picture-in-picture\" allowfullscreen><\/iframe>\n<\/div><\/figure>\n\n\n\n<figure class=\"wp-block-gallery columns-2 is-cropped wp-block-gallery-1 is-layout-flex wp-block-gallery-is-layout-flex\"><ul class=\"blocks-gallery-grid\"><li class=\"blocks-gallery-item\"><figure><img loading=\"lazy\" decoding=\"async\" width=\"684\" height=\"1000\" src=\"http:\/\/festivalbritannique.fr\/wp-content\/uploads\/2020\/02\/the-kings-speech-2.jpg\" alt=\"\" data-id=\"1577\" data-full-url=\"http:\/\/festivalbritannique.fr\/wp-content\/uploads\/2020\/02\/the-kings-speech-2.jpg\" data-link=\"http:\/\/festivalbritannique.fr\/?attachment_id=1577#main\" class=\"wp-image-1577\" srcset=\"https:\/\/festivalbritannique.fr\/wp-content\/uploads\/2020\/02\/the-kings-speech-2.jpg 684w, https:\/\/festivalbritannique.fr\/wp-content\/uploads\/2020\/02\/the-kings-speech-2-205x300.jpg 205w\" sizes=\"auto, (max-width: 684px) 100vw, 684px\" \/><\/figure><\/li><li class=\"blocks-gallery-item\"><figure><img loading=\"lazy\" decoding=\"async\" width=\"600\" height=\"800\" src=\"http:\/\/festivalbritannique.fr\/wp-content\/uploads\/2020\/02\/196344521.jpg\" alt=\"\" data-id=\"1601\" data-full-url=\"http:\/\/festivalbritannique.fr\/wp-content\/uploads\/2020\/02\/196344521.jpg\" data-link=\"http:\/\/festivalbritannique.fr\/?attachment_id=1601#main\" class=\"wp-image-1601\" srcset=\"https:\/\/festivalbritannique.fr\/wp-content\/uploads\/2020\/02\/196344521.jpg 600w, https:\/\/festivalbritannique.fr\/wp-content\/uploads\/2020\/02\/196344521-225x300.jpg 225w\" sizes=\"auto, (max-width: 600px) 100vw, 600px\" \/><\/figure><\/li><\/ul><\/figure>\n<!-- AddThis Advanced Settings generic via filter on the_content --><!-- AddThis Share Buttons generic via filter on the_content -->","protected":false},"excerpt":{"rendered":"<p>Le discours d&rsquo;un roi Vendredi 6 mars \u00e0 16h Biopic, historique. Biography, History. De Tom Hooper Avec Colin Firth, Helena Bonham Carter, Derek Jacobi . 1h58 D\u2019apr\u00e8s l\u2019histoire vraie et m\u00e9connue du p\u00e8re de l\u2019actuelle Reine Elisabeth, qui va devenir, contraint et forc\u00e9, le Roi George VI (Colin Firth), suite \u00e0 l\u2019abdication de son fr\u00e8re<\/p>\n<p><a href=\"https:\/\/festivalbritannique.fr\/?page_id=1600\" class=\"more-link themebutton\">Read More<\/a><\/p>\n<p><!-- AddThis Advanced Settings generic via filter on get_the_excerpt --><!-- AddThis Share Buttons generic via filter on get_the_excerpt --><\/p>\n","protected":false},"author":2,"featured_media":0,"parent":1581,"menu_order":0,"comment_status":"closed","ping_status":"closed","template":"","meta":{"ngg_post_thumbnail":0,"footnotes":""},"class_list":["post-1600","page","type-page","status-publish","hentry"],"_links":{"self":[{"href":"https:\/\/festivalbritannique.fr\/index.php?rest_route=\/wp\/v2\/pages\/1600","targetHints":{"allow":["GET"]}}],"collection":[{"href":"https:\/\/festivalbritannique.fr\/index.php?rest_route=\/wp\/v2\/pages"}],"about":[{"href":"https:\/\/festivalbritannique.fr\/index.php?rest_route=\/wp\/v2\/types\/page"}],"author":[{"embeddable":true,"href":"https:\/\/festivalbritannique.fr\/index.php?rest_route=\/wp\/v2\/users\/2"}],"replies":[{"embeddable":true,"href":"https:\/\/festivalbritannique.fr\/index.php?rest_route=%2Fwp%2Fv2%2Fcomments&post=1600"}],"version-history":[{"count":1,"href":"https:\/\/festivalbritannique.fr\/index.php?rest_route=\/wp\/v2\/pages\/1600\/revisions"}],"predecessor-version":[{"id":1602,"href":"https:\/\/festivalbritannique.fr\/index.php?rest_route=\/wp\/v2\/pages\/1600\/revisions\/1602"}],"up":[{"embeddable":true,"href":"https:\/\/festivalbritannique.fr\/index.php?rest_route=\/wp\/v2\/pages\/1581"}],"wp:attachment":[{"href":"https:\/\/festivalbritannique.fr\/index.php?rest_route=%2Fwp%2Fv2%2Fmedia&parent=1600"}],"curies":[{"name":"wp","href":"https:\/\/api.w.org\/{rel}","templated":true}]}}