{"id":1603,"date":"2020-02-09T17:15:11","date_gmt":"2020-02-09T16:15:11","guid":{"rendered":"http:\/\/festivalbritannique.fr\/?page_id=1603"},"modified":"2020-02-09T17:15:12","modified_gmt":"2020-02-09T16:15:12","slug":"le-cercle-litteraire-de-guernesey-2-2-2-2-2-2-2-2-2-3-2-2-2-2-2-2","status":"publish","type":"page","link":"https:\/\/festivalbritannique.fr\/?page_id=1603","title":{"rendered":"Mr Jones"},"content":{"rendered":"\n<p class=\"has-text-color has-medium-font-size has-vivid-cyan-blue-color\">L&rsquo;ombre de Staline<\/p>\n\n\n\n<p class=\"has-text-color has-medium-font-size has-vivid-red-color\">Dimanche 8 mars \u00e0 21h<\/p>\n\n\n\n<ul class=\"wp-block-list\"><li><strong>Biopic, Thriller. <\/strong><\/li><li><strong>Biography, Thriller.<\/strong><\/li><\/ul>\n\n\n\n<p><strong>De Agnieszka Holland<br> Avec James Norton, Vanessa Kirby, Peter Sarsgaard  . 1h58<\/strong><\/p>\n\n\n\n<blockquote class=\"wp-block-quote is-style-default is-layout-flow wp-block-quote-is-layout-flow\"><p> Pour un journaliste d\u00e9butant, Gareth Jones ne manque pas de culot. Apr\u00e8s  avoir d\u00e9croch\u00e9 une interview d\u2019Hitler qui vient tout juste d\u2019acc\u00e9der au  pouvoir, il d\u00e9barque en 1933 \u00e0 Moscou, afin d&rsquo;interviewer Staline sur  le fameux miracle sovi\u00e9tique. A son arriv\u00e9e, il d\u00e9chante : anesth\u00e9si\u00e9s  par la propagande, ses contacts occidentaux se d\u00e9robent, il se retrouve  surveill\u00e9 jour et nuit, et son principal interm\u00e9diaire dispara\u00eet. Une  source le convainc alors de s&rsquo;int\u00e9resser \u00e0 l&rsquo;Ukraine. Parvenant \u00e0 fuir,  il saute dans un train, en route vers une v\u00e9rit\u00e9 inimaginable&#8230;                                                             <\/p><cite>Allocin\u00e9.fr<\/cite><\/blockquote>\n\n\n\n<blockquote class=\"wp-block-quote is-layout-flow wp-block-quote-is-layout-flow\"><p>     A Welsh journalist breaks the news in the western media of the famine in the Soviet Union in the early 1930s.                  <\/p><cite>ImDb.com<\/cite><\/blockquote>\n\n\n\n<figure class=\"wp-block-embed-youtube aligncenter wp-block-embed is-type-video is-provider-youtube wp-embed-aspect-16-9 wp-has-aspect-ratio\"><div class=\"wp-block-embed__wrapper\">\n<iframe loading=\"lazy\" title=\"MR. JONES Trailer (2020)\" width=\"1170\" height=\"658\" src=\"https:\/\/www.youtube.com\/embed\/-o7VoM1jlOs?feature=oembed\" frameborder=\"0\" allow=\"accelerometer; autoplay; encrypted-media; gyroscope; picture-in-picture\" allowfullscreen><\/iframe>\n<\/div><\/figure>\n\n\n\n<figure class=\"wp-block-gallery columns-1 is-cropped wp-block-gallery-1 is-layout-flex wp-block-gallery-is-layout-flex\"><ul class=\"blocks-gallery-grid\"><li class=\"blocks-gallery-item\"><figure><img loading=\"lazy\" decoding=\"async\" width=\"674\" height=\"1000\" src=\"http:\/\/festivalbritannique.fr\/wp-content\/uploads\/2020\/02\/mr-jones-1.jpg\" alt=\"\" data-id=\"1572\" data-full-url=\"http:\/\/festivalbritannique.fr\/wp-content\/uploads\/2020\/02\/mr-jones-1.jpg\" data-link=\"http:\/\/festivalbritannique.fr\/?attachment_id=1572#main\" class=\"wp-image-1572\" srcset=\"https:\/\/festivalbritannique.fr\/wp-content\/uploads\/2020\/02\/mr-jones-1.jpg 674w, https:\/\/festivalbritannique.fr\/wp-content\/uploads\/2020\/02\/mr-jones-1-202x300.jpg 202w\" sizes=\"auto, (max-width: 674px) 100vw, 674px\" \/><\/figure><\/li><\/ul><\/figure>\n<!-- AddThis Advanced Settings generic via filter on the_content --><!-- AddThis Share Buttons generic via filter on the_content -->","protected":false},"excerpt":{"rendered":"<p>L&rsquo;ombre de Staline Dimanche 8 mars \u00e0 21h Biopic, Thriller. Biography, Thriller. De Agnieszka Holland Avec James Norton, Vanessa Kirby, Peter Sarsgaard . 1h58 Pour un journaliste d\u00e9butant, Gareth Jones ne manque pas de culot. Apr\u00e8s avoir d\u00e9croch\u00e9 une interview d\u2019Hitler qui vient tout juste d\u2019acc\u00e9der au pouvoir, il d\u00e9barque en 1933 \u00e0 Moscou, afin<\/p>\n<p><a href=\"https:\/\/festivalbritannique.fr\/?page_id=1603\" class=\"more-link themebutton\">Read More<\/a><\/p>\n<p><!-- AddThis Advanced Settings generic via filter on get_the_excerpt --><!-- AddThis Share Buttons generic via filter on get_the_excerpt --><\/p>\n","protected":false},"author":2,"featured_media":0,"parent":1581,"menu_order":0,"comment_status":"closed","ping_status":"closed","template":"","meta":{"ngg_post_thumbnail":0,"footnotes":""},"class_list":["post-1603","page","type-page","status-publish","hentry"],"_links":{"self":[{"href":"https:\/\/festivalbritannique.fr\/index.php?rest_route=\/wp\/v2\/pages\/1603","targetHints":{"allow":["GET"]}}],"collection":[{"href":"https:\/\/festivalbritannique.fr\/index.php?rest_route=\/wp\/v2\/pages"}],"about":[{"href":"https:\/\/festivalbritannique.fr\/index.php?rest_route=\/wp\/v2\/types\/page"}],"author":[{"embeddable":true,"href":"https:\/\/festivalbritannique.fr\/index.php?rest_route=\/wp\/v2\/users\/2"}],"replies":[{"embeddable":true,"href":"https:\/\/festivalbritannique.fr\/index.php?rest_route=%2Fwp%2Fv2%2Fcomments&post=1603"}],"version-history":[{"count":1,"href":"https:\/\/festivalbritannique.fr\/index.php?rest_route=\/wp\/v2\/pages\/1603\/revisions"}],"predecessor-version":[{"id":1604,"href":"https:\/\/festivalbritannique.fr\/index.php?rest_route=\/wp\/v2\/pages\/1603\/revisions\/1604"}],"up":[{"embeddable":true,"href":"https:\/\/festivalbritannique.fr\/index.php?rest_route=\/wp\/v2\/pages\/1581"}],"wp:attachment":[{"href":"https:\/\/festivalbritannique.fr\/index.php?rest_route=%2Fwp%2Fv2%2Fmedia&parent=1603"}],"curies":[{"name":"wp","href":"https:\/\/api.w.org\/{rel}","templated":true}]}}