{"id":1608,"date":"2020-02-09T17:23:47","date_gmt":"2020-02-09T16:23:47","guid":{"rendered":"http:\/\/festivalbritannique.fr\/?page_id=1608"},"modified":"2020-02-09T17:23:48","modified_gmt":"2020-02-09T16:23:48","slug":"le-cercle-litteraire-de-guernesey-2-2-2-2-2-2-2-2-2-3-2-2-2-2-2-2-2-2","status":"publish","type":"page","link":"https:\/\/festivalbritannique.fr\/?page_id=1608","title":{"rendered":"Rocketman"},"content":{"rendered":"\n<p class=\"has-text-color has-medium-font-size has-vivid-cyan-blue-color\">Rocketman<\/p>\n\n\n\n<p class=\"has-text-color has-medium-font-size has-vivid-red-color\">Dimanche 8 mars \u00e0 16h<\/p>\n\n\n\n<ul class=\"wp-block-list\"><li><strong>Musical, biopic. <\/strong><\/li><li><strong>Music, Biography.<\/strong><\/li><\/ul>\n\n\n\n<p><strong>De Dexter Fletcher<br> Avec Taron Egerton, Jamie Bell, Richard Madden    . 2h01<\/strong><\/p>\n\n\n\n<blockquote class=\"wp-block-quote is-style-default is-layout-flow wp-block-quote-is-layout-flow\"><p>   Rocketman nous raconte la vie hors du commun d\u2019Elton John, depuis ses premiers succ\u00e8s jusqu\u2019\u00e0 sa cons\u00e9cration internationale.<br>Le  film retrace la m\u00e9tamorphose de Reginald Dwight, un jeune pianiste  prodige timide, en une superstar mondiale. Il est aujourd\u2019hui connu sous  le nom d\u2019Elton John.<br>Son histoire inspirante\u00a0\u2013 sur fond des plus  belles chansons de la star \u2013 nous fait vivre l\u2019incroyable succ\u00e8s d\u2019un  enfant d\u2019une petite ville de province devenu ic\u00f4ne de la pop culture  mondiale.\u00a0                            <\/p><cite>Allocin\u00e9.fr<\/cite><\/blockquote>\n\n\n\n<blockquote class=\"wp-block-quote is-layout-flow wp-block-quote-is-layout-flow\"><p>   A musical fantasy about the fantastical human story of Elton John&rsquo;s breakthrough years.                             <\/p><cite>ImDb.com<\/cite><\/blockquote>\n\n\n\n<figure class=\"wp-block-embed-youtube aligncenter wp-block-embed is-type-video is-provider-youtube wp-embed-aspect-16-9 wp-has-aspect-ratio\"><div class=\"wp-block-embed__wrapper\">\n<iframe loading=\"lazy\" title=\"ROCKETMAN - Bande-annonce VOST [Actuellement au cin\u00e9ma]\" width=\"1170\" height=\"658\" src=\"https:\/\/www.youtube.com\/embed\/bLr53vGwVoo?feature=oembed\" frameborder=\"0\" allow=\"accelerometer; autoplay; encrypted-media; gyroscope; picture-in-picture\" allowfullscreen><\/iframe>\n<\/div><\/figure>\n\n\n\n<figure class=\"wp-block-gallery columns-2 is-cropped wp-block-gallery-1 is-layout-flex wp-block-gallery-is-layout-flex\"><ul class=\"blocks-gallery-grid\"><li class=\"blocks-gallery-item\"><figure><img loading=\"lazy\" decoding=\"async\" width=\"674\" height=\"1000\" src=\"http:\/\/festivalbritannique.fr\/wp-content\/uploads\/2020\/02\/rocketman-aff.jpg\" alt=\"\" data-id=\"1537\" data-full-url=\"http:\/\/festivalbritannique.fr\/wp-content\/uploads\/2020\/02\/rocketman-aff.jpg\" data-link=\"http:\/\/festivalbritannique.fr\/?attachment_id=1537#main\" class=\"wp-image-1537\" srcset=\"https:\/\/festivalbritannique.fr\/wp-content\/uploads\/2020\/02\/rocketman-aff.jpg 674w, https:\/\/festivalbritannique.fr\/wp-content\/uploads\/2020\/02\/rocketman-aff-202x300.jpg 202w\" sizes=\"auto, (max-width: 674px) 100vw, 674px\" \/><\/figure><\/li><li class=\"blocks-gallery-item\"><figure><img loading=\"lazy\" decoding=\"async\" width=\"768\" height=\"1024\" src=\"http:\/\/festivalbritannique.fr\/wp-content\/uploads\/2020\/02\/35706161-768x1024.jpg\" alt=\"\" data-id=\"1609\" data-full-url=\"http:\/\/festivalbritannique.fr\/wp-content\/uploads\/2020\/02\/35706161.jpg\" data-link=\"http:\/\/festivalbritannique.fr\/?attachment_id=1609#main\" class=\"wp-image-1609\" srcset=\"https:\/\/festivalbritannique.fr\/wp-content\/uploads\/2020\/02\/35706161-768x1024.jpg 768w, https:\/\/festivalbritannique.fr\/wp-content\/uploads\/2020\/02\/35706161-225x300.jpg 225w, https:\/\/festivalbritannique.fr\/wp-content\/uploads\/2020\/02\/35706161.jpg 810w\" sizes=\"auto, (max-width: 768px) 100vw, 768px\" \/><\/figure><\/li><\/ul><\/figure>\n<!-- AddThis Advanced Settings generic via filter on the_content --><!-- AddThis Share Buttons generic via filter on the_content -->","protected":false},"excerpt":{"rendered":"<p>Rocketman Dimanche 8 mars \u00e0 16h Musical, biopic. Music, Biography. De Dexter Fletcher Avec Taron Egerton, Jamie Bell, Richard Madden . 2h01 Rocketman nous raconte la vie hors du commun d\u2019Elton John, depuis ses premiers succ\u00e8s jusqu\u2019\u00e0 sa cons\u00e9cration internationale.Le film retrace la m\u00e9tamorphose de Reginald Dwight, un jeune pianiste prodige timide, en une superstar<\/p>\n<p><a href=\"https:\/\/festivalbritannique.fr\/?page_id=1608\" class=\"more-link themebutton\">Read More<\/a><\/p>\n<p><!-- AddThis Advanced Settings generic via filter on get_the_excerpt --><!-- AddThis Share Buttons generic via filter on get_the_excerpt --><\/p>\n","protected":false},"author":2,"featured_media":0,"parent":1581,"menu_order":0,"comment_status":"closed","ping_status":"closed","template":"","meta":{"ngg_post_thumbnail":0,"footnotes":""},"class_list":["post-1608","page","type-page","status-publish","hentry"],"_links":{"self":[{"href":"https:\/\/festivalbritannique.fr\/index.php?rest_route=\/wp\/v2\/pages\/1608","targetHints":{"allow":["GET"]}}],"collection":[{"href":"https:\/\/festivalbritannique.fr\/index.php?rest_route=\/wp\/v2\/pages"}],"about":[{"href":"https:\/\/festivalbritannique.fr\/index.php?rest_route=\/wp\/v2\/types\/page"}],"author":[{"embeddable":true,"href":"https:\/\/festivalbritannique.fr\/index.php?rest_route=\/wp\/v2\/users\/2"}],"replies":[{"embeddable":true,"href":"https:\/\/festivalbritannique.fr\/index.php?rest_route=%2Fwp%2Fv2%2Fcomments&post=1608"}],"version-history":[{"count":1,"href":"https:\/\/festivalbritannique.fr\/index.php?rest_route=\/wp\/v2\/pages\/1608\/revisions"}],"predecessor-version":[{"id":1610,"href":"https:\/\/festivalbritannique.fr\/index.php?rest_route=\/wp\/v2\/pages\/1608\/revisions\/1610"}],"up":[{"embeddable":true,"href":"https:\/\/festivalbritannique.fr\/index.php?rest_route=\/wp\/v2\/pages\/1581"}],"wp:attachment":[{"href":"https:\/\/festivalbritannique.fr\/index.php?rest_route=%2Fwp%2Fv2%2Fmedia&parent=1608"}],"curies":[{"name":"wp","href":"https:\/\/api.w.org\/{rel}","templated":true}]}}