{"id":1611,"date":"2020-02-09T17:27:53","date_gmt":"2020-02-09T16:27:53","guid":{"rendered":"http:\/\/festivalbritannique.fr\/?page_id=1611"},"modified":"2020-02-09T17:27:54","modified_gmt":"2020-02-09T16:27:54","slug":"le-cercle-litteraire-de-guernesey-2-2-2-2-2-2-2-2-2-3-2-2-2-2-2-2-2-2-2","status":"publish","type":"page","link":"https:\/\/festivalbritannique.fr\/?page_id=1611","title":{"rendered":"Sense and sensibility"},"content":{"rendered":"\n<p class=\"has-text-color has-medium-font-size has-vivid-cyan-blue-color\">Raison et sentiments<\/p>\n\n\n\n<p class=\"has-text-color has-medium-font-size has-vivid-red-color\">Samedi 7 mars \u00e0 13h45<\/p>\n\n\n\n<ul class=\"wp-block-list\"><li><strong>Romance. <\/strong><\/li><li> <strong>Romance<\/strong> <strong>.<\/strong><\/li><\/ul>\n\n\n\n<p><strong>De Ang Lee<br> Avec Emma Thompson, Kate Winslet, Hugh Grant<\/strong> <strong>   . 2h15<\/strong><\/p>\n\n\n\n<blockquote class=\"wp-block-quote is-style-default is-layout-flow wp-block-quote-is-layout-flow\"><p> Au si\u00e8cle dernier en Angleterre, \u00e0 la suite du d\u00e9c\u00e8s de leur p\u00e8re, les  soeurs Dashwood et leur m\u00e8re sont contraintes de r\u00e9duire drastiquement  leur train de vie et de quitter leur propri\u00e9t\u00e9 pour s&rsquo;exiler \u00e0 la  campagne. L&rsquo;a\u00een\u00e9e, Elinor, renonce \u00e0 un amour qui semble pourtant  partag\u00e9, tandis que sa cadette, Marianne, s&rsquo;amourache du s\u00e9duisant  Willoughby. Si la premi\u00e8re cache ses peines de coeur, la seconde vit  bruyamment son bonheur. Jusqu&rsquo;au jour o\u00f9 Willoughby dispara\u00eet.                       \u00a0                            <\/p><cite>Allocin\u00e9.fr<\/cite><\/blockquote>\n\n\n\n<blockquote class=\"wp-block-quote is-layout-flow wp-block-quote-is-layout-flow\"><p>  Rich Mr. Dashwood (Tom Wilkinson) dies, leaving his second wife and her  three daughters poor by the rules of inheritance. The two eldest  daughters are the title opposites.                                          <\/p><cite>ImDb.com<\/cite><\/blockquote>\n\n\n\n<figure class=\"wp-block-embed-youtube aligncenter wp-block-embed is-type-video is-provider-youtube wp-embed-aspect-16-9 wp-has-aspect-ratio\"><div class=\"wp-block-embed__wrapper\">\n<iframe loading=\"lazy\" title=\"Raison Et Sentiments (Sense And Sensibility) - Bande Annonce (VOST)\" width=\"1170\" height=\"658\" src=\"https:\/\/www.youtube.com\/embed\/8HW1dL0hmco?feature=oembed\" frameborder=\"0\" allow=\"accelerometer; autoplay; encrypted-media; gyroscope; picture-in-picture\" allowfullscreen><\/iframe>\n<\/div><\/figure>\n\n\n\n<figure class=\"wp-block-gallery columns-2 is-cropped wp-block-gallery-1 is-layout-flex wp-block-gallery-is-layout-flex\"><ul class=\"blocks-gallery-grid\"><li class=\"blocks-gallery-item\"><figure><img loading=\"lazy\" decoding=\"async\" width=\"696\" height=\"1024\" src=\"http:\/\/festivalbritannique.fr\/wp-content\/uploads\/2020\/02\/sense-and-sensibility-01-1-696x1024.jpg\" alt=\"\" data-id=\"1557\" data-full-url=\"http:\/\/festivalbritannique.fr\/wp-content\/uploads\/2020\/02\/sense-and-sensibility-01-1.jpg\" data-link=\"http:\/\/festivalbritannique.fr\/?attachment_id=1557#main\" class=\"wp-image-1557\" srcset=\"https:\/\/festivalbritannique.fr\/wp-content\/uploads\/2020\/02\/sense-and-sensibility-01-1-696x1024.jpg 696w, https:\/\/festivalbritannique.fr\/wp-content\/uploads\/2020\/02\/sense-and-sensibility-01-1-204x300.jpg 204w, https:\/\/festivalbritannique.fr\/wp-content\/uploads\/2020\/02\/sense-and-sensibility-01-1-768x1131.jpg 768w, https:\/\/festivalbritannique.fr\/wp-content\/uploads\/2020\/02\/sense-and-sensibility-01-1.jpg 936w\" sizes=\"auto, (max-width: 696px) 100vw, 696px\" \/><\/figure><\/li><li class=\"blocks-gallery-item\"><figure><img loading=\"lazy\" decoding=\"async\" width=\"600\" height=\"800\" src=\"http:\/\/festivalbritannique.fr\/wp-content\/uploads\/2020\/02\/19254802.jpg-r_1920_1080-f_jpg-q_x-xxyxx.jpg\" alt=\"\" data-id=\"1612\" data-full-url=\"http:\/\/festivalbritannique.fr\/wp-content\/uploads\/2020\/02\/19254802.jpg-r_1920_1080-f_jpg-q_x-xxyxx.jpg\" data-link=\"http:\/\/festivalbritannique.fr\/?attachment_id=1612#main\" class=\"wp-image-1612\" srcset=\"https:\/\/festivalbritannique.fr\/wp-content\/uploads\/2020\/02\/19254802.jpg-r_1920_1080-f_jpg-q_x-xxyxx.jpg 600w, https:\/\/festivalbritannique.fr\/wp-content\/uploads\/2020\/02\/19254802.jpg-r_1920_1080-f_jpg-q_x-xxyxx-225x300.jpg 225w\" sizes=\"auto, (max-width: 600px) 100vw, 600px\" \/><\/figure><\/li><\/ul><\/figure>\n<!-- AddThis Advanced Settings generic via filter on the_content --><!-- AddThis Share Buttons generic via filter on the_content -->","protected":false},"excerpt":{"rendered":"<p>Raison et sentiments Samedi 7 mars \u00e0 13h45 Romance. Romance . De Ang Lee Avec Emma Thompson, Kate Winslet, Hugh Grant . 2h15 Au si\u00e8cle dernier en Angleterre, \u00e0 la suite du d\u00e9c\u00e8s de leur p\u00e8re, les soeurs Dashwood et leur m\u00e8re sont contraintes de r\u00e9duire drastiquement leur train de vie et de quitter leur<\/p>\n<p><a href=\"https:\/\/festivalbritannique.fr\/?page_id=1611\" class=\"more-link themebutton\">Read More<\/a><\/p>\n<p><!-- AddThis Advanced Settings generic via filter on get_the_excerpt --><!-- AddThis Share Buttons generic via filter on get_the_excerpt --><\/p>\n","protected":false},"author":2,"featured_media":0,"parent":1581,"menu_order":0,"comment_status":"closed","ping_status":"closed","template":"","meta":{"ngg_post_thumbnail":0,"footnotes":""},"class_list":["post-1611","page","type-page","status-publish","hentry"],"_links":{"self":[{"href":"https:\/\/festivalbritannique.fr\/index.php?rest_route=\/wp\/v2\/pages\/1611","targetHints":{"allow":["GET"]}}],"collection":[{"href":"https:\/\/festivalbritannique.fr\/index.php?rest_route=\/wp\/v2\/pages"}],"about":[{"href":"https:\/\/festivalbritannique.fr\/index.php?rest_route=\/wp\/v2\/types\/page"}],"author":[{"embeddable":true,"href":"https:\/\/festivalbritannique.fr\/index.php?rest_route=\/wp\/v2\/users\/2"}],"replies":[{"embeddable":true,"href":"https:\/\/festivalbritannique.fr\/index.php?rest_route=%2Fwp%2Fv2%2Fcomments&post=1611"}],"version-history":[{"count":1,"href":"https:\/\/festivalbritannique.fr\/index.php?rest_route=\/wp\/v2\/pages\/1611\/revisions"}],"predecessor-version":[{"id":1613,"href":"https:\/\/festivalbritannique.fr\/index.php?rest_route=\/wp\/v2\/pages\/1611\/revisions\/1613"}],"up":[{"embeddable":true,"href":"https:\/\/festivalbritannique.fr\/index.php?rest_route=\/wp\/v2\/pages\/1581"}],"wp:attachment":[{"href":"https:\/\/festivalbritannique.fr\/index.php?rest_route=%2Fwp%2Fv2%2Fmedia&parent=1611"}],"curies":[{"name":"wp","href":"https:\/\/api.w.org\/{rel}","templated":true}]}}