{"id":1614,"date":"2020-02-09T17:31:07","date_gmt":"2020-02-09T16:31:07","guid":{"rendered":"http:\/\/festivalbritannique.fr\/?page_id=1614"},"modified":"2020-02-09T17:31:08","modified_gmt":"2020-02-09T16:31:08","slug":"le-cercle-litteraire-de-guernesey-2-2-2-2-2-2-2-2-2-3-2-2-2-2-2-2-2-2-2-2","status":"publish","type":"page","link":"https:\/\/festivalbritannique.fr\/?page_id=1614","title":{"rendered":"Shaun the sheep"},"content":{"rendered":"\n<p class=\"has-text-color has-medium-font-size has-vivid-cyan-blue-color\">Shaun le mouton le film : la ferme contre-attaque<\/p>\n\n\n\n<p class=\"has-text-color has-medium-font-size has-vivid-red-color\">Dimanche 8 mars \u00e0 11h<\/p>\n\n\n\n<ul class=\"wp-block-list\"><li><strong>Animation. <\/strong><\/li><li> <strong>Animation.<\/strong><\/li><\/ul>\n\n\n\n<p><strong>De Will Becher, Richard Phelan . 1h30<\/strong><\/p>\n\n\n\n<blockquote class=\"wp-block-quote is-style-default is-layout-flow wp-block-quote-is-layout-flow\"><p>  Objectif Laine !<br>Shaun Le Mouton revient dans une aventure  intergalactique. Un vaisseau spatial s\u2019est \u00e9cras\u00e9 pr\u00e8s de la ferme de  Shaun. A son bord, une adorable et malicieuse petite cr\u00e9ature, pr\u00e9nomm\u00e9e  LU-LA.<br>Avec ses pouvoirs surnaturels, son go\u00fbt pour l&rsquo;aventure, et  ses rots venus d&rsquo;un autre monde, elle est imm\u00e9diatement adopt\u00e9e par le  troupeau. Mais lorsqu\u2019une sombre organisation gouvernementale se lance \u00e0  sa poursuite, bien d\u00e9cid\u00e9e \u00e0 capturer la petite alien, la ferme  contre-attaque ! Shaun et le troupeau vont tout faire pour aider LU-LA \u00e0  rentrer chez elle.<br>Accrochez vos ceintures et pr\u00e9parez-vous pour une \u00e9pop\u00e9e\u2026\u00e0 se tondre de rire\u00a0!          \u00a0                            <\/p><cite>Allocin\u00e9.fr<\/cite><\/blockquote>\n\n\n\n<blockquote class=\"wp-block-quote is-layout-flow wp-block-quote-is-layout-flow\"><p>  When an alien with amazing powers crash-lands near Mossy Bottom Farm,  Shaun the Sheep goes on a mission to shepherd the intergalactic visitor  home before a sinister organization can capture her.                                                 <\/p><cite>ImDb.com<\/cite><\/blockquote>\n\n\n\n<figure class=\"wp-block-embed-youtube aligncenter wp-block-embed is-type-video is-provider-youtube wp-embed-aspect-16-9 wp-has-aspect-ratio\"><div class=\"wp-block-embed__wrapper\">\n<iframe loading=\"lazy\" title=\"SHAUN LE MOUTON LE FILM : LA FERME CONTRE-ATTAQUE - Bande-annonce #1 (2019)\" width=\"1170\" height=\"658\" src=\"https:\/\/www.youtube.com\/embed\/qiEjueySVIE?feature=oembed\" frameborder=\"0\" allow=\"accelerometer; autoplay; encrypted-media; gyroscope; picture-in-picture\" allowfullscreen><\/iframe>\n<\/div><\/figure>\n\n\n\n<figure class=\"wp-block-gallery columns-2 is-cropped wp-block-gallery-1 is-layout-flex wp-block-gallery-is-layout-flex\"><ul class=\"blocks-gallery-grid\"><li class=\"blocks-gallery-item\"><figure><img loading=\"lazy\" decoding=\"async\" width=\"675\" height=\"1000\" src=\"http:\/\/festivalbritannique.fr\/wp-content\/uploads\/2020\/02\/Shaun.jpg\" alt=\"\" data-id=\"1566\" data-full-url=\"http:\/\/festivalbritannique.fr\/wp-content\/uploads\/2020\/02\/Shaun.jpg\" data-link=\"http:\/\/festivalbritannique.fr\/?attachment_id=1566#main\" class=\"wp-image-1566\" srcset=\"https:\/\/festivalbritannique.fr\/wp-content\/uploads\/2020\/02\/Shaun.jpg 675w, https:\/\/festivalbritannique.fr\/wp-content\/uploads\/2020\/02\/Shaun-203x300.jpg 203w\" sizes=\"auto, (max-width: 675px) 100vw, 675px\" \/><\/figure><\/li><li class=\"blocks-gallery-item\"><figure><img loading=\"lazy\" decoding=\"async\" width=\"675\" height=\"1000\" src=\"http:\/\/festivalbritannique.fr\/wp-content\/uploads\/2020\/02\/MV5BNTdjZjBkMDMtODBlNi00N2E0LWE1OGItOTgxODNmMDkzNGJmXkEyXkFqcGdeQXVyNjg2NjQwMDQ@._V1_SY1000_CR006751000_AL_1.jpg\" alt=\"\" data-id=\"1615\" data-full-url=\"http:\/\/festivalbritannique.fr\/wp-content\/uploads\/2020\/02\/MV5BNTdjZjBkMDMtODBlNi00N2E0LWE1OGItOTgxODNmMDkzNGJmXkEyXkFqcGdeQXVyNjg2NjQwMDQ@._V1_SY1000_CR006751000_AL_1.jpg\" data-link=\"http:\/\/festivalbritannique.fr\/?attachment_id=1615#main\" class=\"wp-image-1615\" srcset=\"https:\/\/festivalbritannique.fr\/wp-content\/uploads\/2020\/02\/MV5BNTdjZjBkMDMtODBlNi00N2E0LWE1OGItOTgxODNmMDkzNGJmXkEyXkFqcGdeQXVyNjg2NjQwMDQ@._V1_SY1000_CR006751000_AL_1.jpg 675w, https:\/\/festivalbritannique.fr\/wp-content\/uploads\/2020\/02\/MV5BNTdjZjBkMDMtODBlNi00N2E0LWE1OGItOTgxODNmMDkzNGJmXkEyXkFqcGdeQXVyNjg2NjQwMDQ@._V1_SY1000_CR006751000_AL_1-203x300.jpg 203w\" sizes=\"auto, (max-width: 675px) 100vw, 675px\" \/><\/figure><\/li><\/ul><\/figure>\n<!-- AddThis Advanced Settings generic via filter on the_content --><!-- AddThis Share Buttons generic via filter on the_content -->","protected":false},"excerpt":{"rendered":"<p>Shaun le mouton le film : la ferme contre-attaque Dimanche 8 mars \u00e0 11h Animation. Animation. De Will Becher, Richard Phelan . 1h30 Objectif Laine !Shaun Le Mouton revient dans une aventure intergalactique. Un vaisseau spatial s\u2019est \u00e9cras\u00e9 pr\u00e8s de la ferme de Shaun. A son bord, une adorable et malicieuse petite cr\u00e9ature, pr\u00e9nomm\u00e9e LU-LA.Avec<\/p>\n<p><a href=\"https:\/\/festivalbritannique.fr\/?page_id=1614\" class=\"more-link themebutton\">Read More<\/a><\/p>\n<p><!-- AddThis Advanced Settings generic via filter on get_the_excerpt --><!-- AddThis Share Buttons generic via filter on get_the_excerpt --><\/p>\n","protected":false},"author":2,"featured_media":0,"parent":1581,"menu_order":0,"comment_status":"closed","ping_status":"closed","template":"","meta":{"ngg_post_thumbnail":0,"footnotes":""},"class_list":["post-1614","page","type-page","status-publish","hentry"],"_links":{"self":[{"href":"https:\/\/festivalbritannique.fr\/index.php?rest_route=\/wp\/v2\/pages\/1614","targetHints":{"allow":["GET"]}}],"collection":[{"href":"https:\/\/festivalbritannique.fr\/index.php?rest_route=\/wp\/v2\/pages"}],"about":[{"href":"https:\/\/festivalbritannique.fr\/index.php?rest_route=\/wp\/v2\/types\/page"}],"author":[{"embeddable":true,"href":"https:\/\/festivalbritannique.fr\/index.php?rest_route=\/wp\/v2\/users\/2"}],"replies":[{"embeddable":true,"href":"https:\/\/festivalbritannique.fr\/index.php?rest_route=%2Fwp%2Fv2%2Fcomments&post=1614"}],"version-history":[{"count":1,"href":"https:\/\/festivalbritannique.fr\/index.php?rest_route=\/wp\/v2\/pages\/1614\/revisions"}],"predecessor-version":[{"id":1616,"href":"https:\/\/festivalbritannique.fr\/index.php?rest_route=\/wp\/v2\/pages\/1614\/revisions\/1616"}],"up":[{"embeddable":true,"href":"https:\/\/festivalbritannique.fr\/index.php?rest_route=\/wp\/v2\/pages\/1581"}],"wp:attachment":[{"href":"https:\/\/festivalbritannique.fr\/index.php?rest_route=%2Fwp%2Fv2%2Fmedia&parent=1614"}],"curies":[{"name":"wp","href":"https:\/\/api.w.org\/{rel}","templated":true}]}}