{"id":1622,"date":"2020-02-09T18:54:43","date_gmt":"2020-02-09T17:54:43","guid":{"rendered":"http:\/\/festivalbritannique.fr\/?page_id=1622"},"modified":"2020-02-09T18:54:44","modified_gmt":"2020-02-09T17:54:44","slug":"le-cercle-litteraire-de-guernesey-2-2-2-2-2-2-2-2-2-3-2-2-2-2-2-2-2-3","status":"publish","type":"page","link":"https:\/\/festivalbritannique.fr\/?page_id=1622","title":{"rendered":"Perfect 10"},"content":{"rendered":"\n<p class=\"has-text-color has-medium-font-size has-vivid-cyan-blue-color\">L&rsquo;envol\u00e9e<\/p>\n\n\n\n<p class=\"has-text-color has-medium-font-size has-vivid-red-color\">Samedi 7 mars \u00e0 18h15<\/p>\n\n\n\n<ul class=\"wp-block-list\"><li> <strong>Com\u00e9die dramatique<\/strong> <strong>.<\/strong><\/li><\/ul>\n\n\n\n<p><strong>De Eva Riley<br> Avec Frankie Box, Alfie Deegan, Sharlene Whyte<\/strong> <strong>   . 1h23<\/strong><\/p>\n\n\n\n<blockquote class=\"wp-block-quote is-style-default is-layout-flow wp-block-quote-is-layout-flow\"><p>                       Leigh, 14 ans, vit dans la banlieue de Brighton  avec un p\u00e8re souvent absent. C&rsquo;est une gymnaste dou\u00e9e qui s\u2019entra\u00eene  intens\u00e9ment pour sa premi\u00e8re comp\u00e9tition. Lorsqu\u2019un demi-fr\u00e8re plus \u00e2g\u00e9  apparait une nuit sur le seuil de sa porte, son existence solitaire  vacille. La m\u00e9fiance fait place \u00e0 des sensations inconnues et grisantes.  Leigh s\u2019ouvre \u00e0 un monde nouveau.                       <\/p><cite>Allocin\u00e9.fr<\/cite><\/blockquote>\n\n\n\n<figure class=\"wp-block-embed-vimeo wp-block-embed is-type-video is-provider-vimeo wp-embed-aspect-16-9 wp-has-aspect-ratio\"><div class=\"wp-block-embed__wrapper\">\n<iframe loading=\"lazy\" title=\"Film annonce - L&#039;envol&amp;eacute;e d&#039;Eva Riley\" src=\"https:\/\/player.vimeo.com\/video\/389280497?dnt=1&amp;app_id=122963\" width=\"1170\" height=\"658\" frameborder=\"0\" allow=\"autoplay; fullscreen\" allowfullscreen><\/iframe>\n<\/div><\/figure>\n\n\n\n<figure class=\"wp-block-gallery columns-1 is-cropped wp-block-gallery-1 is-layout-flex wp-block-gallery-is-layout-flex\"><ul class=\"blocks-gallery-grid\"><li class=\"blocks-gallery-item\"><figure><img loading=\"lazy\" decoding=\"async\" width=\"693\" height=\"1024\" src=\"http:\/\/festivalbritannique.fr\/wp-content\/uploads\/2020\/02\/Lenvol\u00e9e_dp_web-1-1-693x1024.png\" alt=\"\" data-id=\"1543\" data-full-url=\"http:\/\/festivalbritannique.fr\/wp-content\/uploads\/2020\/02\/Lenvol\u00e9e_dp_web-1-1.png\" data-link=\"http:\/\/festivalbritannique.fr\/?attachment_id=1543#main\" class=\"wp-image-1543\" srcset=\"https:\/\/festivalbritannique.fr\/wp-content\/uploads\/2020\/02\/Lenvol\u00e9e_dp_web-1-1-693x1024.png 693w, https:\/\/festivalbritannique.fr\/wp-content\/uploads\/2020\/02\/Lenvol\u00e9e_dp_web-1-1-203x300.png 203w, https:\/\/festivalbritannique.fr\/wp-content\/uploads\/2020\/02\/Lenvol\u00e9e_dp_web-1-1-768x1135.png 768w, https:\/\/festivalbritannique.fr\/wp-content\/uploads\/2020\/02\/Lenvol\u00e9e_dp_web-1-1-1039x1536.png 1039w, https:\/\/festivalbritannique.fr\/wp-content\/uploads\/2020\/02\/Lenvol\u00e9e_dp_web-1-1.png 1287w\" sizes=\"auto, (max-width: 693px) 100vw, 693px\" \/><\/figure><\/li><\/ul><\/figure>\n<!-- AddThis Advanced Settings generic via filter on the_content --><!-- AddThis Share Buttons generic via filter on the_content -->","protected":false},"excerpt":{"rendered":"<p>L&rsquo;envol\u00e9e Samedi 7 mars \u00e0 18h15 Com\u00e9die dramatique . De Eva Riley Avec Frankie Box, Alfie Deegan, Sharlene Whyte . 1h23 Leigh, 14 ans, vit dans la banlieue de Brighton avec un p\u00e8re souvent absent. C&rsquo;est une gymnaste dou\u00e9e qui s\u2019entra\u00eene intens\u00e9ment pour sa premi\u00e8re comp\u00e9tition. Lorsqu\u2019un demi-fr\u00e8re plus \u00e2g\u00e9 apparait une nuit sur le<\/p>\n<p><a href=\"https:\/\/festivalbritannique.fr\/?page_id=1622\" class=\"more-link themebutton\">Read More<\/a><\/p>\n<p><!-- AddThis Advanced Settings generic via filter on get_the_excerpt --><!-- AddThis Share Buttons generic via filter on get_the_excerpt --><\/p>\n","protected":false},"author":2,"featured_media":0,"parent":1581,"menu_order":0,"comment_status":"closed","ping_status":"closed","template":"","meta":{"ngg_post_thumbnail":0,"footnotes":""},"class_list":["post-1622","page","type-page","status-publish","hentry"],"_links":{"self":[{"href":"https:\/\/festivalbritannique.fr\/index.php?rest_route=\/wp\/v2\/pages\/1622","targetHints":{"allow":["GET"]}}],"collection":[{"href":"https:\/\/festivalbritannique.fr\/index.php?rest_route=\/wp\/v2\/pages"}],"about":[{"href":"https:\/\/festivalbritannique.fr\/index.php?rest_route=\/wp\/v2\/types\/page"}],"author":[{"embeddable":true,"href":"https:\/\/festivalbritannique.fr\/index.php?rest_route=\/wp\/v2\/users\/2"}],"replies":[{"embeddable":true,"href":"https:\/\/festivalbritannique.fr\/index.php?rest_route=%2Fwp%2Fv2%2Fcomments&post=1622"}],"version-history":[{"count":1,"href":"https:\/\/festivalbritannique.fr\/index.php?rest_route=\/wp\/v2\/pages\/1622\/revisions"}],"predecessor-version":[{"id":1623,"href":"https:\/\/festivalbritannique.fr\/index.php?rest_route=\/wp\/v2\/pages\/1622\/revisions\/1623"}],"up":[{"embeddable":true,"href":"https:\/\/festivalbritannique.fr\/index.php?rest_route=\/wp\/v2\/pages\/1581"}],"wp:attachment":[{"href":"https:\/\/festivalbritannique.fr\/index.php?rest_route=%2Fwp%2Fv2%2Fmedia&parent=1622"}],"curies":[{"name":"wp","href":"https:\/\/api.w.org\/{rel}","templated":true}]}}