{"id":1683,"date":"2022-03-06T17:07:26","date_gmt":"2022-03-06T16:07:26","guid":{"rendered":"http:\/\/festivalbritannique.fr\/?page_id=1683"},"modified":"2022-03-06T17:09:25","modified_gmt":"2022-03-06T16:09:25","slug":"le-cercle-litteraire-de-guernesey-2-2-2-2-2-2-2-2-2-3-2-2-2-3","status":"publish","type":"page","link":"https:\/\/festivalbritannique.fr\/?page_id=1683","title":{"rendered":"The chef"},"content":{"rendered":"\n<p class=\"has-text-color has-medium-font-size has-vivid-cyan-blue-color\">Boiling point<\/p>\n\n\n\n<p class=\"has-text-color has-medium-font-size has-vivid-red-color\">Vendredi 18 mars \u00e0 18h<\/p>\n\n\n\n<ul class=\"wp-block-list\"><li><strong>Thriller, drame<\/strong><\/li><\/ul>\n\n\n\n<p>De Philip Barantini<br> Avec Stephen Graham, Vinette Robinson, Jason Flemyng <\/p>\n\n\n\n<p>1h34<\/p>\n\n\n\n<blockquote class=\"wp-block-quote is-style-default is-layout-flow wp-block-quote-is-layout-flow\"><p>   \u00ab Magic Friday \u00bb : le vendredi avant No\u00ebl, la soir\u00e9e la plus fr\u00e9quent\u00e9e  de l\u2019ann\u00e9e. Dans un restaurant gastronomique de Londres, c\u00f4t\u00e9 cuisine, \u00e0  quelques minutes du coup de feu, tout le personnel est en \u00e9bullition.  Mais les probl\u00e8mes s&rsquo;accumulent autour du chef \u00e9toil\u00e9 Andy Jones et de  sa brigade. S&rsquo;ajoute \u00e0 cela la pression constante d&rsquo;une client\u00e8le  toujours plus exigeante qui menace de mener le restaurant \u00e0 sa perte\u2026 <\/p><cite>Allocin\u00e9.fr<\/cite><\/blockquote>\n\n\n\n<blockquote class=\"wp-block-quote is-layout-flow wp-block-quote-is-layout-flow\"><p>    Enter the relentless pressure of a restaurant kitchen as a head chef wrangles his team on the busiest day of the year.              <\/p><cite>ImDb.com<\/cite><\/blockquote>\n\n\n\n<figure class=\"wp-block-embed-youtube aligncenter wp-block-embed is-type-video is-provider-youtube wp-embed-aspect-16-9 wp-has-aspect-ratio\"><div class=\"wp-block-embed__wrapper\">\n<iframe loading=\"lazy\" title=\"THE CHEF - Bande annonce (avec Stephen Graham)\" width=\"1170\" height=\"658\" src=\"https:\/\/www.youtube.com\/embed\/gp5TI98xEO8?feature=oembed\" frameborder=\"0\" allow=\"accelerometer; autoplay; clipboard-write; encrypted-media; gyroscope; picture-in-picture\" allowfullscreen><\/iframe>\n<\/div><\/figure>\n\n\n\n<figure class=\"wp-block-gallery columns-2 is-cropped wp-block-gallery-1 is-layout-flex wp-block-gallery-is-layout-flex\"><ul class=\"blocks-gallery-grid\"><li class=\"blocks-gallery-item\"><figure><img loading=\"lazy\" decoding=\"async\" width=\"753\" height=\"1024\" src=\"http:\/\/festivalbritannique.fr\/wp-content\/uploads\/2022\/03\/The-chef-1-753x1024.jpg\" alt=\"\" data-id=\"1684\" data-link=\"http:\/\/festivalbritannique.fr\/?attachment_id=1684#main\" class=\"wp-image-1684\" srcset=\"https:\/\/festivalbritannique.fr\/wp-content\/uploads\/2022\/03\/The-chef-1-753x1024.jpg 753w, https:\/\/festivalbritannique.fr\/wp-content\/uploads\/2022\/03\/The-chef-1-221x300.jpg 221w, https:\/\/festivalbritannique.fr\/wp-content\/uploads\/2022\/03\/The-chef-1-768x1045.jpg 768w, https:\/\/festivalbritannique.fr\/wp-content\/uploads\/2022\/03\/The-chef-1.jpg 794w\" sizes=\"auto, (max-width: 753px) 100vw, 753px\" \/><\/figure><\/li><li class=\"blocks-gallery-item\"><figure><img loading=\"lazy\" decoding=\"async\" width=\"692\" height=\"1024\" src=\"http:\/\/festivalbritannique.fr\/wp-content\/uploads\/2022\/03\/boiling-point-692x1024.jpg\" alt=\"\" data-id=\"1685\" data-full-url=\"http:\/\/festivalbritannique.fr\/wp-content\/uploads\/2022\/03\/boiling-point.jpg\" data-link=\"http:\/\/festivalbritannique.fr\/?attachment_id=1685#main\" class=\"wp-image-1685\" srcset=\"https:\/\/festivalbritannique.fr\/wp-content\/uploads\/2022\/03\/boiling-point-692x1024.jpg 692w, https:\/\/festivalbritannique.fr\/wp-content\/uploads\/2022\/03\/boiling-point-203x300.jpg 203w, https:\/\/festivalbritannique.fr\/wp-content\/uploads\/2022\/03\/boiling-point-768x1136.jpg 768w, https:\/\/festivalbritannique.fr\/wp-content\/uploads\/2022\/03\/boiling-point.jpg 818w\" sizes=\"auto, (max-width: 692px) 100vw, 692px\" \/><\/figure><\/li><\/ul><\/figure>\n<!-- AddThis Advanced Settings generic via filter on the_content --><!-- AddThis Share Buttons generic via filter on the_content -->","protected":false},"excerpt":{"rendered":"<p>Boiling point Vendredi 18 mars \u00e0 18h Thriller, drame De Philip Barantini Avec Stephen Graham, Vinette Robinson, Jason Flemyng 1h34 \u00ab Magic Friday \u00bb : le vendredi avant No\u00ebl, la soir\u00e9e la plus fr\u00e9quent\u00e9e de l\u2019ann\u00e9e. Dans un restaurant gastronomique de Londres, c\u00f4t\u00e9 cuisine, \u00e0 quelques minutes du coup de feu, tout le personnel est<\/p>\n<p><a href=\"https:\/\/festivalbritannique.fr\/?page_id=1683\" class=\"more-link themebutton\">Read More<\/a><\/p>\n<p><!-- AddThis Advanced Settings generic via filter on get_the_excerpt --><!-- AddThis Share Buttons generic via filter on get_the_excerpt --><\/p>\n","protected":false},"author":2,"featured_media":0,"parent":1687,"menu_order":0,"comment_status":"closed","ping_status":"closed","template":"","meta":{"ngg_post_thumbnail":0,"footnotes":""},"class_list":["post-1683","page","type-page","status-publish","hentry"],"_links":{"self":[{"href":"https:\/\/festivalbritannique.fr\/index.php?rest_route=\/wp\/v2\/pages\/1683","targetHints":{"allow":["GET"]}}],"collection":[{"href":"https:\/\/festivalbritannique.fr\/index.php?rest_route=\/wp\/v2\/pages"}],"about":[{"href":"https:\/\/festivalbritannique.fr\/index.php?rest_route=\/wp\/v2\/types\/page"}],"author":[{"embeddable":true,"href":"https:\/\/festivalbritannique.fr\/index.php?rest_route=\/wp\/v2\/users\/2"}],"replies":[{"embeddable":true,"href":"https:\/\/festivalbritannique.fr\/index.php?rest_route=%2Fwp%2Fv2%2Fcomments&post=1683"}],"version-history":[{"count":1,"href":"https:\/\/festivalbritannique.fr\/index.php?rest_route=\/wp\/v2\/pages\/1683\/revisions"}],"predecessor-version":[{"id":1686,"href":"https:\/\/festivalbritannique.fr\/index.php?rest_route=\/wp\/v2\/pages\/1683\/revisions\/1686"}],"up":[{"embeddable":true,"href":"https:\/\/festivalbritannique.fr\/index.php?rest_route=\/wp\/v2\/pages\/1687"}],"wp:attachment":[{"href":"https:\/\/festivalbritannique.fr\/index.php?rest_route=%2Fwp%2Fv2%2Fmedia&parent=1683"}],"curies":[{"name":"wp","href":"https:\/\/api.w.org\/{rel}","templated":true}]}}