{"id":1689,"date":"2022-03-06T17:14:21","date_gmt":"2022-03-06T16:14:21","guid":{"rendered":"http:\/\/festivalbritannique.fr\/?page_id=1689"},"modified":"2022-03-06T17:14:21","modified_gmt":"2022-03-06T16:14:21","slug":"le-cercle-litteraire-de-guernesey-2-2-2-2-2-2-2-2-2-3-2-2-2-3-2","status":"publish","type":"page","link":"https:\/\/festivalbritannique.fr\/?page_id=1689","title":{"rendered":"L&rsquo;ombre d&rsquo;un mensonge"},"content":{"rendered":"\n<p class=\"has-text-color has-medium-font-size has-vivid-cyan-blue-color\"> Nobody Has To Know <\/p>\n\n\n\n<p class=\"has-text-color has-medium-font-size has-vivid-red-color\">Vendredi 18 mars \u00e0 20h50<\/p>\n\n\n\n<ul class=\"wp-block-list\"><li><strong>Drame, Romance<\/strong><\/li><\/ul>\n\n\n\n<p> Par Bouli Lanners Avec Michelle Fairley, Bouli Lanners, Andrew Still<\/p>\n\n\n\n<p>1h39<\/p>\n\n\n\n<blockquote class=\"wp-block-quote is-style-default is-layout-flow wp-block-quote-is-layout-flow\"><p>   Phil s\u2019est exil\u00e9 dans une petite communaut\u00e9 presbyt\u00e9rienne sur l&rsquo;\u00cele de  Lewis, au nord de l&rsquo;Ecosse. Une nuit, il est victime d&rsquo;une attaque qui  lui fait perdre la m\u00e9moire. De retour sur l\u2019ile, il retrouve Millie, une  femme de la communaut\u00e9 qui s&rsquo;occupe de lui. Alors qu\u2019il cherche \u00e0  retrouver ses souvenirs, elle pr\u00e9tend qu&rsquo;ils s&rsquo;aimaient en secret avant  son accident&#8230;  <\/p><cite>Allocin\u00e9.fr<\/cite><\/blockquote>\n\n\n\n<blockquote class=\"wp-block-quote is-layout-flow wp-block-quote-is-layout-flow\"><p> Phil, a robust middle-aged man suffers a stroke, causing him to lose his  memory. Millie, who takes care of him, tells him falsely that they were  secretly in love before his accident. <\/p><cite>ImDb.com<\/cite><\/blockquote>\n\n\n\n<figure class=\"wp-block-embed-youtube aligncenter wp-block-embed is-type-video is-provider-youtube wp-embed-aspect-16-9 wp-has-aspect-ratio\"><div class=\"wp-block-embed__wrapper\">\n<iframe loading=\"lazy\" title=\"L&#039;OMBRE D&#039;UN MENSONGE | Bande-annonce | Le 23 mars au cin\u00e9ma\" width=\"1170\" height=\"658\" src=\"https:\/\/www.youtube.com\/embed\/VPklKcFlYT4?feature=oembed\" frameborder=\"0\" allow=\"accelerometer; autoplay; clipboard-write; encrypted-media; gyroscope; picture-in-picture\" allowfullscreen><\/iframe>\n<\/div><\/figure>\n\n\n\n<figure class=\"wp-block-gallery columns-2 is-cropped wp-block-gallery-1 is-layout-flex wp-block-gallery-is-layout-flex\"><ul class=\"blocks-gallery-grid\"><li class=\"blocks-gallery-item\"><figure><img loading=\"lazy\" decoding=\"async\" width=\"768\" height=\"1024\" src=\"http:\/\/festivalbritannique.fr\/wp-content\/uploads\/2022\/03\/Lombre-dun-mensonge-1-768x1024.jpg\" alt=\"\" data-id=\"1690\" data-link=\"http:\/\/festivalbritannique.fr\/?attachment_id=1690#main\" class=\"wp-image-1690\" srcset=\"https:\/\/festivalbritannique.fr\/wp-content\/uploads\/2022\/03\/Lombre-dun-mensonge-1-768x1024.jpg 768w, https:\/\/festivalbritannique.fr\/wp-content\/uploads\/2022\/03\/Lombre-dun-mensonge-1-225x300.jpg 225w, https:\/\/festivalbritannique.fr\/wp-content\/uploads\/2022\/03\/Lombre-dun-mensonge-1-1152x1536.jpg 1152w, https:\/\/festivalbritannique.fr\/wp-content\/uploads\/2022\/03\/Lombre-dun-mensonge-1.jpg 1440w\" sizes=\"auto, (max-width: 768px) 100vw, 768px\" \/><\/figure><\/li><li class=\"blocks-gallery-item\"><figure><img loading=\"lazy\" decoding=\"async\" width=\"768\" height=\"1024\" src=\"http:\/\/festivalbritannique.fr\/wp-content\/uploads\/2022\/03\/Lombre-dun-mensonge-fr-768x1024.jpg\" alt=\"\" data-id=\"1691\" data-full-url=\"http:\/\/festivalbritannique.fr\/wp-content\/uploads\/2022\/03\/Lombre-dun-mensonge-fr.jpg\" data-link=\"http:\/\/festivalbritannique.fr\/?attachment_id=1691#main\" class=\"wp-image-1691\" srcset=\"https:\/\/festivalbritannique.fr\/wp-content\/uploads\/2022\/03\/Lombre-dun-mensonge-fr-768x1024.jpg 768w, https:\/\/festivalbritannique.fr\/wp-content\/uploads\/2022\/03\/Lombre-dun-mensonge-fr-225x300.jpg 225w, https:\/\/festivalbritannique.fr\/wp-content\/uploads\/2022\/03\/Lombre-dun-mensonge-fr.jpg 810w\" sizes=\"auto, (max-width: 768px) 100vw, 768px\" \/><\/figure><\/li><\/ul><\/figure>\n<!-- AddThis Advanced Settings generic via filter on the_content --><!-- AddThis Share Buttons generic via filter on the_content -->","protected":false},"excerpt":{"rendered":"<p>Nobody Has To Know Vendredi 18 mars \u00e0 20h50 Drame, Romance Par Bouli Lanners Avec Michelle Fairley, Bouli Lanners, Andrew Still 1h39 Phil s\u2019est exil\u00e9 dans une petite communaut\u00e9 presbyt\u00e9rienne sur l&rsquo;\u00cele de Lewis, au nord de l&rsquo;Ecosse. Une nuit, il est victime d&rsquo;une attaque qui lui fait perdre la m\u00e9moire. De retour sur l\u2019ile,<\/p>\n<p><a href=\"https:\/\/festivalbritannique.fr\/?page_id=1689\" class=\"more-link themebutton\">Read More<\/a><\/p>\n<p><!-- AddThis Advanced Settings generic via filter on get_the_excerpt --><!-- AddThis Share Buttons generic via filter on get_the_excerpt --><\/p>\n","protected":false},"author":2,"featured_media":0,"parent":1687,"menu_order":0,"comment_status":"closed","ping_status":"closed","template":"","meta":{"ngg_post_thumbnail":0,"footnotes":""},"class_list":["post-1689","page","type-page","status-publish","hentry"],"_links":{"self":[{"href":"https:\/\/festivalbritannique.fr\/index.php?rest_route=\/wp\/v2\/pages\/1689","targetHints":{"allow":["GET"]}}],"collection":[{"href":"https:\/\/festivalbritannique.fr\/index.php?rest_route=\/wp\/v2\/pages"}],"about":[{"href":"https:\/\/festivalbritannique.fr\/index.php?rest_route=\/wp\/v2\/types\/page"}],"author":[{"embeddable":true,"href":"https:\/\/festivalbritannique.fr\/index.php?rest_route=\/wp\/v2\/users\/2"}],"replies":[{"embeddable":true,"href":"https:\/\/festivalbritannique.fr\/index.php?rest_route=%2Fwp%2Fv2%2Fcomments&post=1689"}],"version-history":[{"count":1,"href":"https:\/\/festivalbritannique.fr\/index.php?rest_route=\/wp\/v2\/pages\/1689\/revisions"}],"predecessor-version":[{"id":1692,"href":"https:\/\/festivalbritannique.fr\/index.php?rest_route=\/wp\/v2\/pages\/1689\/revisions\/1692"}],"up":[{"embeddable":true,"href":"https:\/\/festivalbritannique.fr\/index.php?rest_route=\/wp\/v2\/pages\/1687"}],"wp:attachment":[{"href":"https:\/\/festivalbritannique.fr\/index.php?rest_route=%2Fwp%2Fv2%2Fmedia&parent=1689"}],"curies":[{"name":"wp","href":"https:\/\/api.w.org\/{rel}","templated":true}]}}