{"id":1697,"date":"2022-03-06T17:21:16","date_gmt":"2022-03-06T16:21:16","guid":{"rendered":"http:\/\/festivalbritannique.fr\/?page_id=1697"},"modified":"2022-03-06T17:21:17","modified_gmt":"2022-03-06T16:21:17","slug":"le-cercle-litteraire-de-guernesey-2-2-2-2-2-2-2-2-2-3-2-2-2-3-2-2-2","status":"publish","type":"page","link":"https:\/\/festivalbritannique.fr\/?page_id=1697","title":{"rendered":"Blackbird"},"content":{"rendered":"\n<p class=\"has-text-color has-medium-font-size has-vivid-cyan-blue-color\"> Blackbird<\/p>\n\n\n\n<p class=\"has-text-color has-medium-font-size has-vivid-red-color\">Samedi 19 mars \u00e0 16h<\/p>\n\n\n\n<ul class=\"wp-block-list\"><li><strong>Drame<\/strong><\/li><\/ul>\n\n\n\n<p>  De Roger Michell <\/p>\n\n\n\n<p>Avec Susan Sarandon, Kate Winslet, Mia Wasikowska<\/p>\n\n\n\n<p>1h37<\/p>\n\n\n\n<blockquote class=\"wp-block-quote is-style-default is-layout-flow wp-block-quote-is-layout-flow\"><p>   Lily et son mari Paul d\u00e9cident de r\u00e9unir enfants et petits-enfants pour  un week-end dans leur maison de campagne. Trois g\u00e9n\u00e9rations d\u2019une m\u00eame  famille se retrouvent, avec Jennifer, l\u2019a\u00een\u00e9e, son mari Michael et leur  fils de 15 ans, Jonathan, mais aussi Anna, la cadette, venue avec Chris,  sa compagne.\u00a0En fait, cette r\u00e9union de famille a un but bien  particulier : atteinte d&rsquo;une maladie d\u00e9g\u00e9n\u00e9rative incurable, Lily refuse  de subir une fin de vie avilissante et d\u00e9cide de prendre son destin en  main.\u00a0Mais tout le monde n\u2019accepte pas cette d\u00e9cision. Non-dits et  secrets remontent \u00e0 la surface, mettant \u00e0 l\u2019\u00e9preuve et redessinant tous  les liens qui unissent les membres de cette famille, alors que le temps  des adieux approche\u2026   <\/p><cite>Allocin\u00e9.fr<\/cite><\/blockquote>\n\n\n\n<blockquote class=\"wp-block-quote is-layout-flow wp-block-quote-is-layout-flow\"><p>  Lily is dying  and by the end of this weekend, she&rsquo;ll be dead. She suffers from  amyotrophic lateral sclerosis and is planning to pursue euthanasia with  the help of her husband Paul and invites her family and her longtime  best friend Liz to the house so they can spend her final days together.  But there&rsquo;s tension between her daughters, the uptight Jennifer and the  wayward Anna, and it threatens to destroy her perfectly laid-out plan.<\/p><cite>ImDb.com<\/cite><\/blockquote>\n\n\n\n<figure class=\"wp-block-embed-youtube aligncenter wp-block-embed is-type-video is-provider-youtube wp-embed-aspect-16-9 wp-has-aspect-ratio\"><div class=\"wp-block-embed__wrapper\">\n<iframe loading=\"lazy\" title=\"BLACKBIRD - BANDE ANNONCE VOST - LE 23 SEPTEMBRE AU CIN\u00c9MA.\" width=\"1170\" height=\"658\" src=\"https:\/\/www.youtube.com\/embed\/Gc_cTLlExU4?feature=oembed\" frameborder=\"0\" allow=\"accelerometer; autoplay; clipboard-write; encrypted-media; gyroscope; picture-in-picture\" allowfullscreen><\/iframe>\n<\/div><\/figure>\n\n\n\n<figure class=\"wp-block-gallery columns-2 is-cropped wp-block-gallery-1 is-layout-flex wp-block-gallery-is-layout-flex\"><ul class=\"blocks-gallery-grid\"><li class=\"blocks-gallery-item\"><figure><img loading=\"lazy\" decoding=\"async\" width=\"768\" height=\"1024\" src=\"http:\/\/festivalbritannique.fr\/wp-content\/uploads\/2022\/03\/Blackbird-768x1024.jpg\" alt=\"\" data-id=\"1698\" data-link=\"http:\/\/festivalbritannique.fr\/?attachment_id=1698#main\" class=\"wp-image-1698\" srcset=\"https:\/\/festivalbritannique.fr\/wp-content\/uploads\/2022\/03\/Blackbird-768x1024.jpg 768w, https:\/\/festivalbritannique.fr\/wp-content\/uploads\/2022\/03\/Blackbird-225x300.jpg 225w, https:\/\/festivalbritannique.fr\/wp-content\/uploads\/2022\/03\/Blackbird.jpg 810w\" sizes=\"auto, (max-width: 768px) 100vw, 768px\" \/><\/figure><\/li><li class=\"blocks-gallery-item\"><figure><img loading=\"lazy\" decoding=\"async\" width=\"510\" height=\"755\" src=\"http:\/\/festivalbritannique.fr\/wp-content\/uploads\/2022\/03\/blackbird-en.jpg\" alt=\"\" data-id=\"1699\" data-full-url=\"http:\/\/festivalbritannique.fr\/wp-content\/uploads\/2022\/03\/blackbird-en.jpg\" data-link=\"http:\/\/festivalbritannique.fr\/?attachment_id=1699#main\" class=\"wp-image-1699\" srcset=\"https:\/\/festivalbritannique.fr\/wp-content\/uploads\/2022\/03\/blackbird-en.jpg 510w, https:\/\/festivalbritannique.fr\/wp-content\/uploads\/2022\/03\/blackbird-en-203x300.jpg 203w\" sizes=\"auto, (max-width: 510px) 100vw, 510px\" \/><\/figure><\/li><\/ul><\/figure>\n<!-- AddThis Advanced Settings generic via filter on the_content --><!-- AddThis Share Buttons generic via filter on the_content -->","protected":false},"excerpt":{"rendered":"<p>Blackbird Samedi 19 mars \u00e0 16h Drame De Roger Michell Avec Susan Sarandon, Kate Winslet, Mia Wasikowska 1h37 Lily et son mari Paul d\u00e9cident de r\u00e9unir enfants et petits-enfants pour un week-end dans leur maison de campagne. Trois g\u00e9n\u00e9rations d\u2019une m\u00eame famille se retrouvent, avec Jennifer, l\u2019a\u00een\u00e9e, son mari Michael et leur fils de 15<\/p>\n<p><a href=\"https:\/\/festivalbritannique.fr\/?page_id=1697\" class=\"more-link themebutton\">Read More<\/a><\/p>\n<p><!-- AddThis Advanced Settings generic via filter on get_the_excerpt --><!-- AddThis Share Buttons generic via filter on get_the_excerpt --><\/p>\n","protected":false},"author":2,"featured_media":0,"parent":1687,"menu_order":0,"comment_status":"closed","ping_status":"closed","template":"","meta":{"ngg_post_thumbnail":0,"footnotes":""},"class_list":["post-1697","page","type-page","status-publish","hentry"],"_links":{"self":[{"href":"https:\/\/festivalbritannique.fr\/index.php?rest_route=\/wp\/v2\/pages\/1697","targetHints":{"allow":["GET"]}}],"collection":[{"href":"https:\/\/festivalbritannique.fr\/index.php?rest_route=\/wp\/v2\/pages"}],"about":[{"href":"https:\/\/festivalbritannique.fr\/index.php?rest_route=\/wp\/v2\/types\/page"}],"author":[{"embeddable":true,"href":"https:\/\/festivalbritannique.fr\/index.php?rest_route=\/wp\/v2\/users\/2"}],"replies":[{"embeddable":true,"href":"https:\/\/festivalbritannique.fr\/index.php?rest_route=%2Fwp%2Fv2%2Fcomments&post=1697"}],"version-history":[{"count":1,"href":"https:\/\/festivalbritannique.fr\/index.php?rest_route=\/wp\/v2\/pages\/1697\/revisions"}],"predecessor-version":[{"id":1700,"href":"https:\/\/festivalbritannique.fr\/index.php?rest_route=\/wp\/v2\/pages\/1697\/revisions\/1700"}],"up":[{"embeddable":true,"href":"https:\/\/festivalbritannique.fr\/index.php?rest_route=\/wp\/v2\/pages\/1687"}],"wp:attachment":[{"href":"https:\/\/festivalbritannique.fr\/index.php?rest_route=%2Fwp%2Fv2%2Fmedia&parent=1697"}],"curies":[{"name":"wp","href":"https:\/\/api.w.org\/{rel}","templated":true}]}}