{"id":1701,"date":"2022-03-06T17:24:27","date_gmt":"2022-03-06T16:24:27","guid":{"rendered":"http:\/\/festivalbritannique.fr\/?page_id=1701"},"modified":"2022-03-06T17:24:32","modified_gmt":"2022-03-06T16:24:32","slug":"le-cercle-litteraire-de-guernesey-2-2-2-2-2-2-2-2-2-3-2-2-2-3-2-2-2-2","status":"publish","type":"page","link":"https:\/\/festivalbritannique.fr\/?page_id=1701","title":{"rendered":"Belfast"},"content":{"rendered":"\n<p class=\"has-text-color has-medium-font-size has-vivid-cyan-blue-color\"> Belfast<\/p>\n\n\n\n<p class=\"has-text-color has-medium-font-size has-vivid-red-color\">Samedi 19 mars \u00e0 18h<\/p>\n\n\n\n<ul class=\"wp-block-list\"><li><strong>Drame<\/strong><\/li><\/ul>\n\n\n\n<p> Par Kenneth Branagh Avec Caitriona Balfe, Jamie Dornan, Jude Hill<\/p>\n\n\n\n<p>1h39<\/p>\n\n\n\n<blockquote class=\"wp-block-quote is-style-default is-layout-flow wp-block-quote-is-layout-flow\"><p>    \u00c9t\u00e9 1969\u00a0: Buddy, 9 ans, sait parfaitement qui il est et \u00e0 quel monde il  appartient, celui de la classe ouvri\u00e8re des quartiers nord de Belfast  o\u00f9 il vit heureux, choy\u00e9 et en s\u00e9curit\u00e9.<\/p><p>Mais vers la fin des ann\u00e9es  60, alors que le premier homme pose le pied sur la Lune et que la  chaleur du mois d\u2019ao\u00fbt se fait encore sentir, les r\u00eaves d\u2019enfant de  Buddy virent au cauchemar. La grogne sociale latente se transforme  soudain en violence dans les rues du quartier. Buddy d\u00e9couvre le chaos  et l\u2019hyst\u00e9rie, un nouveau paysage urbain fait de barri\u00e8res et  de\u00a0contr\u00f4les, et peupl\u00e9 de bons et de m\u00e9chants.   <\/p><cite>Allocin\u00e9.fr<\/cite><\/blockquote>\n\n\n\n<blockquote class=\"wp-block-quote is-layout-flow wp-block-quote-is-layout-flow\"><p> Belfast, 15  August 1969. Surrounded by sporadic violence and growing danger,  nine-year-old Buddy finds himself confronted with the ugly reality of  sectarian conflict. And, as the suffocating stranglehold of increasing  turmoil tightens around his once-peaceful working-class neighbourhood,  Buddy tries his best to understand The Troubles&#8211;after all, someone must  be responsible for forcing people to flee their homes. Now, Buddy&rsquo;s  family must come face to face with a nearly impossible, life-altering  decision: stay or start packing? <\/p><cite>ImDb.com<\/cite><\/blockquote>\n\n\n\n<figure class=\"wp-block-embed-youtube aligncenter wp-block-embed is-type-video is-provider-youtube wp-embed-aspect-16-9 wp-has-aspect-ratio\"><div class=\"wp-block-embed__wrapper\">\n<iframe loading=\"lazy\" title=\"Belfast - Bande annonce VOST [Au cin\u00e9ma le 2 mars]\" width=\"1170\" height=\"658\" src=\"https:\/\/www.youtube.com\/embed\/iL56xyywiYY?feature=oembed\" frameborder=\"0\" allow=\"accelerometer; autoplay; clipboard-write; encrypted-media; gyroscope; picture-in-picture\" allowfullscreen><\/iframe>\n<\/div><\/figure>\n\n\n\n<figure class=\"wp-block-gallery columns-2 is-cropped wp-block-gallery-1 is-layout-flex wp-block-gallery-is-layout-flex\"><ul class=\"blocks-gallery-grid\"><li class=\"blocks-gallery-item\"><figure><img loading=\"lazy\" decoding=\"async\" width=\"768\" height=\"1024\" src=\"http:\/\/festivalbritannique.fr\/wp-content\/uploads\/2022\/03\/Belfast-768x1024.jpg\" alt=\"\" data-id=\"1702\" data-link=\"http:\/\/festivalbritannique.fr\/?attachment_id=1702#main\" class=\"wp-image-1702\" srcset=\"https:\/\/festivalbritannique.fr\/wp-content\/uploads\/2022\/03\/Belfast-768x1024.jpg 768w, https:\/\/festivalbritannique.fr\/wp-content\/uploads\/2022\/03\/Belfast-225x300.jpg 225w, https:\/\/festivalbritannique.fr\/wp-content\/uploads\/2022\/03\/Belfast.jpg 810w\" sizes=\"auto, (max-width: 768px) 100vw, 768px\" \/><\/figure><\/li><li class=\"blocks-gallery-item\"><figure><img loading=\"lazy\" decoding=\"async\" width=\"336\" height=\"486\" src=\"http:\/\/festivalbritannique.fr\/wp-content\/uploads\/2022\/03\/belfast-en.jpg\" alt=\"\" data-id=\"1703\" data-full-url=\"http:\/\/festivalbritannique.fr\/wp-content\/uploads\/2022\/03\/belfast-en.jpg\" data-link=\"http:\/\/festivalbritannique.fr\/?attachment_id=1703#main\" class=\"wp-image-1703\" srcset=\"https:\/\/festivalbritannique.fr\/wp-content\/uploads\/2022\/03\/belfast-en.jpg 336w, https:\/\/festivalbritannique.fr\/wp-content\/uploads\/2022\/03\/belfast-en-207x300.jpg 207w\" sizes=\"auto, (max-width: 336px) 100vw, 336px\" \/><\/figure><\/li><\/ul><\/figure>\n<!-- AddThis Advanced Settings generic via filter on the_content --><!-- AddThis Share Buttons generic via filter on the_content -->","protected":false},"excerpt":{"rendered":"<p>Belfast Samedi 19 mars \u00e0 18h Drame Par Kenneth Branagh Avec Caitriona Balfe, Jamie Dornan, Jude Hill 1h39 \u00c9t\u00e9 1969\u00a0: Buddy, 9 ans, sait parfaitement qui il est et \u00e0 quel monde il appartient, celui de la classe ouvri\u00e8re des quartiers nord de Belfast o\u00f9 il vit heureux, choy\u00e9 et en s\u00e9curit\u00e9. Mais vers la<\/p>\n<p><a href=\"https:\/\/festivalbritannique.fr\/?page_id=1701\" class=\"more-link themebutton\">Read More<\/a><\/p>\n<p><!-- AddThis Advanced Settings generic via filter on get_the_excerpt --><!-- AddThis Share Buttons generic via filter on get_the_excerpt --><\/p>\n","protected":false},"author":2,"featured_media":0,"parent":1687,"menu_order":0,"comment_status":"closed","ping_status":"closed","template":"","meta":{"ngg_post_thumbnail":0,"footnotes":""},"class_list":["post-1701","page","type-page","status-publish","hentry"],"_links":{"self":[{"href":"https:\/\/festivalbritannique.fr\/index.php?rest_route=\/wp\/v2\/pages\/1701","targetHints":{"allow":["GET"]}}],"collection":[{"href":"https:\/\/festivalbritannique.fr\/index.php?rest_route=\/wp\/v2\/pages"}],"about":[{"href":"https:\/\/festivalbritannique.fr\/index.php?rest_route=\/wp\/v2\/types\/page"}],"author":[{"embeddable":true,"href":"https:\/\/festivalbritannique.fr\/index.php?rest_route=\/wp\/v2\/users\/2"}],"replies":[{"embeddable":true,"href":"https:\/\/festivalbritannique.fr\/index.php?rest_route=%2Fwp%2Fv2%2Fcomments&post=1701"}],"version-history":[{"count":2,"href":"https:\/\/festivalbritannique.fr\/index.php?rest_route=\/wp\/v2\/pages\/1701\/revisions"}],"predecessor-version":[{"id":1705,"href":"https:\/\/festivalbritannique.fr\/index.php?rest_route=\/wp\/v2\/pages\/1701\/revisions\/1705"}],"up":[{"embeddable":true,"href":"https:\/\/festivalbritannique.fr\/index.php?rest_route=\/wp\/v2\/pages\/1687"}],"wp:attachment":[{"href":"https:\/\/festivalbritannique.fr\/index.php?rest_route=%2Fwp%2Fv2%2Fmedia&parent=1701"}],"curies":[{"name":"wp","href":"https:\/\/api.w.org\/{rel}","templated":true}]}}