{"id":1710,"date":"2022-03-06T17:34:33","date_gmt":"2022-03-06T16:34:33","guid":{"rendered":"http:\/\/festivalbritannique.fr\/?page_id=1710"},"modified":"2022-03-06T17:34:42","modified_gmt":"2022-03-06T16:34:42","slug":"le-cercle-litteraire-de-guernesey-2-2-2-2-2-2-2-2-2-3-2-2-2-3-2-2-2-2-2-2","status":"publish","type":"page","link":"https:\/\/festivalbritannique.fr\/?page_id=1710","title":{"rendered":"Le chant de la mer"},"content":{"rendered":"\n<p class=\"has-text-color has-medium-font-size has-vivid-cyan-blue-color\">  Song of the Sea <\/p>\n\n\n\n<p class=\"has-text-color has-medium-font-size has-vivid-red-color\">Dimanche 20 mars \u00e0 11h<\/p>\n\n\n\n<ul class=\"wp-block-list\"><li><strong>Animation<\/strong><\/li><\/ul>\n\n\n\n<p>  De Tomm Moore<\/p>\n\n\n\n<p>1h33<\/p>\n\n\n\n<blockquote class=\"wp-block-quote is-style-default is-layout-flow wp-block-quote-is-layout-flow\"><p>      Ben et Ma\u00efna vivent avec leur p\u00e8re tout en haut d&rsquo;un phare\u00a0sur une  petite \u00eele. Pour les prot\u00e9ger des dangers de la mer, leur grand-m\u00e8re\u00a0les  emm\u00e8ne vivre \u00e0 la ville.\u00a0Ben d\u00e9couvre alors que sa petite soeur est une  selkie,\u00a0une f\u00e9e de la mer dont le chant peut d\u00e9livrer les \u00eatres  magiques du sort que leur a jet\u00e9 la Sorci\u00e8re aux hiboux.\u00a0Au cours d&rsquo;un  fantastique voyage,\u00a0Ben et Ma\u00efna vont devoir affronter peurs et  dangers,\u00a0et combattre la sorci\u00e8re pour aider les \u00eatres magiques\u00a0\u00e0 retrouver leur pouvoir. <\/p><cite>Allocin\u00e9.fr<\/cite><\/blockquote>\n\n\n\n<blockquote class=\"wp-block-quote is-layout-flow wp-block-quote-is-layout-flow\"><p> Saoirse is a  child who is the last of the selkies, women in Irish and Scottish  legends who transform from seals into people. She escapes from her  grandmother&rsquo;s home to journey to the sea and free fairy creatures  trapped in the modern world. <\/p><cite>ImDb.com<\/cite><\/blockquote>\n\n\n\n<figure class=\"wp-block-embed-youtube aligncenter wp-block-embed is-type-video is-provider-youtube wp-embed-aspect-16-9 wp-has-aspect-ratio\"><div class=\"wp-block-embed__wrapper\">\n<iframe loading=\"lazy\" title=\"Le chant de la mer - Bande-annonce\" width=\"1170\" height=\"658\" src=\"https:\/\/www.youtube.com\/embed\/EjbEgXaEG8U?feature=oembed\" frameborder=\"0\" allow=\"accelerometer; autoplay; clipboard-write; encrypted-media; gyroscope; picture-in-picture\" allowfullscreen><\/iframe>\n<\/div><\/figure>\n\n\n\n<figure class=\"wp-block-gallery columns-2 is-cropped wp-block-gallery-1 is-layout-flex wp-block-gallery-is-layout-flex\"><ul class=\"blocks-gallery-grid\"><li class=\"blocks-gallery-item\"><figure><img loading=\"lazy\" decoding=\"async\" width=\"691\" height=\"1024\" src=\"http:\/\/festivalbritannique.fr\/wp-content\/uploads\/2022\/03\/Le-chant-de-la-mer-691x1024.jpg\" alt=\"\" data-id=\"1711\" data-link=\"http:\/\/festivalbritannique.fr\/?attachment_id=1711#main\" class=\"wp-image-1711\" srcset=\"https:\/\/festivalbritannique.fr\/wp-content\/uploads\/2022\/03\/Le-chant-de-la-mer-691x1024.jpg 691w, https:\/\/festivalbritannique.fr\/wp-content\/uploads\/2022\/03\/Le-chant-de-la-mer-203x300.jpg 203w, https:\/\/festivalbritannique.fr\/wp-content\/uploads\/2022\/03\/Le-chant-de-la-mer-768x1137.jpg 768w, https:\/\/festivalbritannique.fr\/wp-content\/uploads\/2022\/03\/Le-chant-de-la-mer.jpg 1000w\" sizes=\"auto, (max-width: 691px) 100vw, 691px\" \/><\/figure><\/li><li class=\"blocks-gallery-item\"><figure><img loading=\"lazy\" decoding=\"async\" width=\"768\" height=\"1024\" src=\"http:\/\/festivalbritannique.fr\/wp-content\/uploads\/2022\/03\/le-chant-de-la-mer-fr-768x1024.jpg\" alt=\"\" data-id=\"1712\" data-full-url=\"http:\/\/festivalbritannique.fr\/wp-content\/uploads\/2022\/03\/le-chant-de-la-mer-fr.jpg\" data-link=\"http:\/\/festivalbritannique.fr\/?attachment_id=1712#main\" class=\"wp-image-1712\" srcset=\"https:\/\/festivalbritannique.fr\/wp-content\/uploads\/2022\/03\/le-chant-de-la-mer-fr-768x1024.jpg 768w, https:\/\/festivalbritannique.fr\/wp-content\/uploads\/2022\/03\/le-chant-de-la-mer-fr-225x300.jpg 225w, https:\/\/festivalbritannique.fr\/wp-content\/uploads\/2022\/03\/le-chant-de-la-mer-fr.jpg 810w\" sizes=\"auto, (max-width: 768px) 100vw, 768px\" \/><\/figure><\/li><\/ul><\/figure>\n<!-- AddThis Advanced Settings generic via filter on the_content --><!-- AddThis Share Buttons generic via filter on the_content -->","protected":false},"excerpt":{"rendered":"<p>Song of the Sea Dimanche 20 mars \u00e0 11h Animation De Tomm Moore 1h33 Ben et Ma\u00efna vivent avec leur p\u00e8re tout en haut d&rsquo;un phare\u00a0sur une petite \u00eele. Pour les prot\u00e9ger des dangers de la mer, leur grand-m\u00e8re\u00a0les emm\u00e8ne vivre \u00e0 la ville.\u00a0Ben d\u00e9couvre alors que sa petite soeur est une selkie,\u00a0une f\u00e9e de<\/p>\n<p><a href=\"https:\/\/festivalbritannique.fr\/?page_id=1710\" class=\"more-link themebutton\">Read More<\/a><\/p>\n<p><!-- AddThis Advanced Settings generic via filter on get_the_excerpt --><!-- AddThis Share Buttons generic via filter on get_the_excerpt --><\/p>\n","protected":false},"author":2,"featured_media":0,"parent":1687,"menu_order":0,"comment_status":"closed","ping_status":"closed","template":"","meta":{"ngg_post_thumbnail":0,"footnotes":""},"class_list":["post-1710","page","type-page","status-publish","hentry"],"_links":{"self":[{"href":"https:\/\/festivalbritannique.fr\/index.php?rest_route=\/wp\/v2\/pages\/1710","targetHints":{"allow":["GET"]}}],"collection":[{"href":"https:\/\/festivalbritannique.fr\/index.php?rest_route=\/wp\/v2\/pages"}],"about":[{"href":"https:\/\/festivalbritannique.fr\/index.php?rest_route=\/wp\/v2\/types\/page"}],"author":[{"embeddable":true,"href":"https:\/\/festivalbritannique.fr\/index.php?rest_route=\/wp\/v2\/users\/2"}],"replies":[{"embeddable":true,"href":"https:\/\/festivalbritannique.fr\/index.php?rest_route=%2Fwp%2Fv2%2Fcomments&post=1710"}],"version-history":[{"count":2,"href":"https:\/\/festivalbritannique.fr\/index.php?rest_route=\/wp\/v2\/pages\/1710\/revisions"}],"predecessor-version":[{"id":1714,"href":"https:\/\/festivalbritannique.fr\/index.php?rest_route=\/wp\/v2\/pages\/1710\/revisions\/1714"}],"up":[{"embeddable":true,"href":"https:\/\/festivalbritannique.fr\/index.php?rest_route=\/wp\/v2\/pages\/1687"}],"wp:attachment":[{"href":"https:\/\/festivalbritannique.fr\/index.php?rest_route=%2Fwp%2Fv2%2Fmedia&parent=1710"}],"curies":[{"name":"wp","href":"https:\/\/api.w.org\/{rel}","templated":true}]}}