{"id":1715,"date":"2022-03-06T17:38:12","date_gmt":"2022-03-06T16:38:12","guid":{"rendered":"http:\/\/festivalbritannique.fr\/?page_id=1715"},"modified":"2022-03-06T17:38:13","modified_gmt":"2022-03-06T16:38:13","slug":"le-cercle-litteraire-de-guernesey-2-2-2-2-2-2-2-2-2-3-2-2-2-3-2-2-2-2-2-2-2","status":"publish","type":"page","link":"https:\/\/festivalbritannique.fr\/?page_id=1715","title":{"rendered":"Mort sur le nil"},"content":{"rendered":"\n<p class=\"has-text-color has-medium-font-size has-vivid-cyan-blue-color\"> Death on the Nile <\/p>\n\n\n\n<p class=\"has-text-color has-medium-font-size has-vivid-red-color\">Dimanche 20 mars \u00e0 14h<\/p>\n\n\n\n<ul class=\"wp-block-list\"><li><strong>Policier, thriller<\/strong><\/li><\/ul>\n\n\n\n<p> De Kenneth Branagh  Avec Kenneth Branagh, Gal Gadot, Emma Mackey<\/p>\n\n\n\n<p>2h07<\/p>\n\n\n\n<blockquote class=\"wp-block-quote is-style-default is-layout-flow wp-block-quote-is-layout-flow\"><p>      Au cours d\u2019une luxueuse croisi\u00e8re sur le Nil, ce qui devait \u00eatre une  lune de miel idyllique se conclut par la mort brutale de la jeune  mari\u00e9e. Ce crime sonne la fin des vacances pour le d\u00e9tective Hercule  Poirot. A bord en tant que passager, il se voit confier l\u2019enqu\u00eate par le  capitaine du bateau. Et dans cette sombre affaire d\u2019amour obsessionnel  aux cons\u00e9quences meurtri\u00e8res, ce ne sont pas les suspects qui manquent !  S\u2019ensuivent une s\u00e9rie de rebondissements et de retournements de  situation qui, sur fond de paysages grandioses, vont peu \u00e0 peu  d\u00e9stabiliser les certitudes de chacun jusqu\u2019\u00e0 l\u2019incroyable d\u00e9nouement ! <\/p><cite>Allocin\u00e9.fr<\/cite><\/blockquote>\n\n\n\n<blockquote class=\"wp-block-quote is-layout-flow wp-block-quote-is-layout-flow\"><p> Belgian sleuth  Hercule Poirot&rsquo;s vacation aboard a glamorous river steamer turns into a  terrifying search for a murderer when a picture-perfect couple&rsquo;s  idyllic honeymoon is tragically cut short. Set against an epic landscape  of sweeping Egyptian desert vistas and the majestic Giza pyramids, this  tale of unbridled passion and incapacitating jealousy features a  cosmopolitan group of impeccably dressed travelers, and enough wicked  twists and turns to leave audiences guessing until the final, shocking  denouement. <\/p><cite>ImDb.com<\/cite><\/blockquote>\n\n\n\n<figure class=\"wp-block-embed-youtube aligncenter wp-block-embed is-type-video is-provider-youtube wp-embed-aspect-16-9 wp-has-aspect-ratio\"><div class=\"wp-block-embed__wrapper\">\n<iframe loading=\"lazy\" title=\"Mort sur le Nil - Bande-annonce officielle (VOST) | 20th Century Studios\" width=\"1170\" height=\"658\" src=\"https:\/\/www.youtube.com\/embed\/PfXUQkkvMQw?feature=oembed\" frameborder=\"0\" allow=\"accelerometer; autoplay; clipboard-write; encrypted-media; gyroscope; picture-in-picture\" allowfullscreen><\/iframe>\n<\/div><\/figure>\n\n\n\n<figure class=\"wp-block-gallery columns-2 is-cropped wp-block-gallery-1 is-layout-flex wp-block-gallery-is-layout-flex\"><ul class=\"blocks-gallery-grid\"><li class=\"blocks-gallery-item\"><figure><img loading=\"lazy\" decoding=\"async\" width=\"683\" height=\"1024\" src=\"http:\/\/festivalbritannique.fr\/wp-content\/uploads\/2022\/03\/Mort-sur-le-Nil-683x1024.jpg\" alt=\"\" data-id=\"1716\" data-link=\"http:\/\/festivalbritannique.fr\/?attachment_id=1716#main\" class=\"wp-image-1716\" srcset=\"https:\/\/festivalbritannique.fr\/wp-content\/uploads\/2022\/03\/Mort-sur-le-Nil-683x1024.jpg 683w, https:\/\/festivalbritannique.fr\/wp-content\/uploads\/2022\/03\/Mort-sur-le-Nil-200x300.jpg 200w, https:\/\/festivalbritannique.fr\/wp-content\/uploads\/2022\/03\/Mort-sur-le-Nil-768x1152.jpg 768w, https:\/\/festivalbritannique.fr\/wp-content\/uploads\/2022\/03\/Mort-sur-le-Nil.jpg 770w\" sizes=\"auto, (max-width: 683px) 100vw, 683px\" \/><\/figure><\/li><li class=\"blocks-gallery-item\"><figure><img loading=\"lazy\" decoding=\"async\" width=\"752\" height=\"1024\" src=\"http:\/\/festivalbritannique.fr\/wp-content\/uploads\/2022\/03\/mort-sur-le-nil-fr-752x1024.jpg\" alt=\"\" data-id=\"1717\" data-full-url=\"http:\/\/festivalbritannique.fr\/wp-content\/uploads\/2022\/03\/mort-sur-le-nil-fr.jpg\" data-link=\"http:\/\/festivalbritannique.fr\/?attachment_id=1717#main\" class=\"wp-image-1717\" srcset=\"https:\/\/festivalbritannique.fr\/wp-content\/uploads\/2022\/03\/mort-sur-le-nil-fr-752x1024.jpg 752w, https:\/\/festivalbritannique.fr\/wp-content\/uploads\/2022\/03\/mort-sur-le-nil-fr-220x300.jpg 220w, https:\/\/festivalbritannique.fr\/wp-content\/uploads\/2022\/03\/mort-sur-le-nil-fr-768x1046.jpg 768w, https:\/\/festivalbritannique.fr\/wp-content\/uploads\/2022\/03\/mort-sur-le-nil-fr.jpg 793w\" sizes=\"auto, (max-width: 752px) 100vw, 752px\" \/><\/figure><\/li><\/ul><\/figure>\n<!-- AddThis Advanced Settings generic via filter on the_content --><!-- AddThis Share Buttons generic via filter on the_content -->","protected":false},"excerpt":{"rendered":"<p>Death on the Nile Dimanche 20 mars \u00e0 14h Policier, thriller De Kenneth Branagh Avec Kenneth Branagh, Gal Gadot, Emma Mackey 2h07 Au cours d\u2019une luxueuse croisi\u00e8re sur le Nil, ce qui devait \u00eatre une lune de miel idyllique se conclut par la mort brutale de la jeune mari\u00e9e. Ce crime sonne la fin des<\/p>\n<p><a href=\"https:\/\/festivalbritannique.fr\/?page_id=1715\" class=\"more-link themebutton\">Read More<\/a><\/p>\n<p><!-- AddThis Advanced Settings generic via filter on get_the_excerpt --><!-- AddThis Share Buttons generic via filter on get_the_excerpt --><\/p>\n","protected":false},"author":2,"featured_media":0,"parent":1687,"menu_order":0,"comment_status":"closed","ping_status":"closed","template":"","meta":{"ngg_post_thumbnail":0,"footnotes":""},"class_list":["post-1715","page","type-page","status-publish","hentry"],"_links":{"self":[{"href":"https:\/\/festivalbritannique.fr\/index.php?rest_route=\/wp\/v2\/pages\/1715","targetHints":{"allow":["GET"]}}],"collection":[{"href":"https:\/\/festivalbritannique.fr\/index.php?rest_route=\/wp\/v2\/pages"}],"about":[{"href":"https:\/\/festivalbritannique.fr\/index.php?rest_route=\/wp\/v2\/types\/page"}],"author":[{"embeddable":true,"href":"https:\/\/festivalbritannique.fr\/index.php?rest_route=\/wp\/v2\/users\/2"}],"replies":[{"embeddable":true,"href":"https:\/\/festivalbritannique.fr\/index.php?rest_route=%2Fwp%2Fv2%2Fcomments&post=1715"}],"version-history":[{"count":1,"href":"https:\/\/festivalbritannique.fr\/index.php?rest_route=\/wp\/v2\/pages\/1715\/revisions"}],"predecessor-version":[{"id":1718,"href":"https:\/\/festivalbritannique.fr\/index.php?rest_route=\/wp\/v2\/pages\/1715\/revisions\/1718"}],"up":[{"embeddable":true,"href":"https:\/\/festivalbritannique.fr\/index.php?rest_route=\/wp\/v2\/pages\/1687"}],"wp:attachment":[{"href":"https:\/\/festivalbritannique.fr\/index.php?rest_route=%2Fwp%2Fv2%2Fmedia&parent=1715"}],"curies":[{"name":"wp","href":"https:\/\/api.w.org\/{rel}","templated":true}]}}