{"id":1719,"date":"2022-03-06T17:42:17","date_gmt":"2022-03-06T16:42:17","guid":{"rendered":"http:\/\/festivalbritannique.fr\/?page_id=1719"},"modified":"2022-03-06T17:42:18","modified_gmt":"2022-03-06T16:42:18","slug":"le-cercle-litteraire-de-guernesey-2-2-2-2-2-2-2-2-2-3-2-2-2-3-2-2-2-2-2-2-2-2","status":"publish","type":"page","link":"https:\/\/festivalbritannique.fr\/?page_id=1719","title":{"rendered":"D\u00e9sign\u00e9 coupable"},"content":{"rendered":"\n<p class=\"has-text-color has-medium-font-size has-vivid-cyan-blue-color\">   The Mauritanian<\/p>\n\n\n\n<p class=\"has-text-color has-medium-font-size has-vivid-red-color\">Dimanche 20 mars \u00e0 15h30<\/p>\n\n\n\n<ul class=\"wp-block-list\"><li><strong>Biopic, drame, thriller<\/strong><\/li><\/ul>\n\n\n\n<p> De Kevin Macdonald Avec Tahar Rahim, Jodie Foster, Shailene Woodley<\/p>\n\n\n\n<p>2h10<\/p>\n\n\n\n<blockquote class=\"wp-block-quote is-style-default is-layout-flow wp-block-quote-is-layout-flow\"><p> Captur\u00e9 par le gouvernement am\u00e9ricain, Mohamedou Ould Slahi est d\u00e9tenu  depuis des ann\u00e9es \u00e0 Guant\u00e1namo, sans jugement ni inculpation. \u00c0 bout de  forces, il se d\u00e9couvre deux alli\u00e9es inattendues : l\u2019avocate Nancy  Hollander et sa collaboratrice Teri Duncan. Avec t\u00e9nacit\u00e9, les deux  femmes vont affronter l\u2019implacable syst\u00e8me au nom d\u2019une justice  \u00e9quitable. Leur plaidoyer pol\u00e9mique, ainsi que les preuves d\u00e9couvertes  par le redoutable procureur militaire, le lieutenant-colonel Stuart  Couch, finiront par d\u00e9masquer une conspiration aussi vaste que  scandaleuse. L\u2019incroyable histoire vraie d\u2019un combat acharn\u00e9 pour la  survie et les droits d\u2019un homme. <\/p><cite>Allocin\u00e9.fr<\/cite><\/blockquote>\n\n\n\n<blockquote class=\"wp-block-quote is-layout-flow wp-block-quote-is-layout-flow\"><p> Based on the  NY Times best-selling memoir \u00ab\u00a0Guant\u00e1namo Diary\u00a0\u00bb by Mohamedou Ould Slahi,  this is the true story of Slahi&rsquo;s fight for freedom after being  detained and imprisoned without charge by the U.S. Government for years.  Alone and afraid, Slahi finds allies in defense attorney Nancy  Hollander and her associate Teri Duncan who battle the U.S. government  in a fight for justice that tests their commitment to the law and their  client at every turn. Their controversial advocacy, along with evidence  uncovered by a formidable military prosecutor, Lt. Colonel Stuart Couch,  uncovers shocking truths and ultimately proves that the human spirit  cannot be locked up. <\/p><cite>ImDb.com<\/cite><\/blockquote>\n\n\n\n<figure class=\"wp-block-embed-youtube aligncenter wp-block-embed is-type-video is-provider-youtube wp-embed-aspect-16-9 wp-has-aspect-ratio\"><div class=\"wp-block-embed__wrapper\">\n<iframe loading=\"lazy\" title=\"D\u00c9SIGN\u00c9 COUPABLE - Bande-annonce VOST\" width=\"1170\" height=\"658\" src=\"https:\/\/www.youtube.com\/embed\/_MRvDP7D0bQ?feature=oembed\" frameborder=\"0\" allow=\"accelerometer; autoplay; clipboard-write; encrypted-media; gyroscope; picture-in-picture\" allowfullscreen><\/iframe>\n<\/div><\/figure>\n\n\n\n<figure class=\"wp-block-gallery columns-2 is-cropped wp-block-gallery-1 is-layout-flex wp-block-gallery-is-layout-flex\"><ul class=\"blocks-gallery-grid\"><li class=\"blocks-gallery-item\"><figure><img loading=\"lazy\" decoding=\"async\" width=\"660\" height=\"977\" src=\"http:\/\/festivalbritannique.fr\/wp-content\/uploads\/2022\/03\/D\u00e9sign\u00e9-coupable.jpg\" alt=\"\" data-id=\"1720\" data-link=\"http:\/\/festivalbritannique.fr\/?attachment_id=1720#main\" class=\"wp-image-1720\" srcset=\"https:\/\/festivalbritannique.fr\/wp-content\/uploads\/2022\/03\/D\u00e9sign\u00e9-coupable.jpg 660w, https:\/\/festivalbritannique.fr\/wp-content\/uploads\/2022\/03\/D\u00e9sign\u00e9-coupable-203x300.jpg 203w\" sizes=\"auto, (max-width: 660px) 100vw, 660px\" \/><\/figure><\/li><li class=\"blocks-gallery-item\"><figure><img loading=\"lazy\" decoding=\"async\" width=\"768\" height=\"1024\" src=\"http:\/\/festivalbritannique.fr\/wp-content\/uploads\/2022\/03\/d\u00e9sign\u00e9-coupable-fr-768x1024.jpg\" alt=\"\" data-id=\"1721\" data-full-url=\"http:\/\/festivalbritannique.fr\/wp-content\/uploads\/2022\/03\/d\u00e9sign\u00e9-coupable-fr.jpg\" data-link=\"http:\/\/festivalbritannique.fr\/?attachment_id=1721#main\" class=\"wp-image-1721\" srcset=\"https:\/\/festivalbritannique.fr\/wp-content\/uploads\/2022\/03\/d\u00e9sign\u00e9-coupable-fr-768x1024.jpg 768w, https:\/\/festivalbritannique.fr\/wp-content\/uploads\/2022\/03\/d\u00e9sign\u00e9-coupable-fr-225x300.jpg 225w, https:\/\/festivalbritannique.fr\/wp-content\/uploads\/2022\/03\/d\u00e9sign\u00e9-coupable-fr.jpg 810w\" sizes=\"auto, (max-width: 768px) 100vw, 768px\" \/><\/figure><\/li><\/ul><\/figure>\n<!-- AddThis Advanced Settings generic via filter on the_content --><!-- AddThis Share Buttons generic via filter on the_content -->","protected":false},"excerpt":{"rendered":"<p>The Mauritanian Dimanche 20 mars \u00e0 15h30 Biopic, drame, thriller De Kevin Macdonald Avec Tahar Rahim, Jodie Foster, Shailene Woodley 2h10 Captur\u00e9 par le gouvernement am\u00e9ricain, Mohamedou Ould Slahi est d\u00e9tenu depuis des ann\u00e9es \u00e0 Guant\u00e1namo, sans jugement ni inculpation. \u00c0 bout de forces, il se d\u00e9couvre deux alli\u00e9es inattendues : l\u2019avocate Nancy Hollander et<\/p>\n<p><a href=\"https:\/\/festivalbritannique.fr\/?page_id=1719\" class=\"more-link themebutton\">Read More<\/a><\/p>\n<p><!-- AddThis Advanced Settings generic via filter on get_the_excerpt --><!-- AddThis Share Buttons generic via filter on get_the_excerpt --><\/p>\n","protected":false},"author":2,"featured_media":0,"parent":1687,"menu_order":0,"comment_status":"closed","ping_status":"closed","template":"","meta":{"ngg_post_thumbnail":0,"footnotes":""},"class_list":["post-1719","page","type-page","status-publish","hentry"],"_links":{"self":[{"href":"https:\/\/festivalbritannique.fr\/index.php?rest_route=\/wp\/v2\/pages\/1719","targetHints":{"allow":["GET"]}}],"collection":[{"href":"https:\/\/festivalbritannique.fr\/index.php?rest_route=\/wp\/v2\/pages"}],"about":[{"href":"https:\/\/festivalbritannique.fr\/index.php?rest_route=\/wp\/v2\/types\/page"}],"author":[{"embeddable":true,"href":"https:\/\/festivalbritannique.fr\/index.php?rest_route=\/wp\/v2\/users\/2"}],"replies":[{"embeddable":true,"href":"https:\/\/festivalbritannique.fr\/index.php?rest_route=%2Fwp%2Fv2%2Fcomments&post=1719"}],"version-history":[{"count":1,"href":"https:\/\/festivalbritannique.fr\/index.php?rest_route=\/wp\/v2\/pages\/1719\/revisions"}],"predecessor-version":[{"id":1722,"href":"https:\/\/festivalbritannique.fr\/index.php?rest_route=\/wp\/v2\/pages\/1719\/revisions\/1722"}],"up":[{"embeddable":true,"href":"https:\/\/festivalbritannique.fr\/index.php?rest_route=\/wp\/v2\/pages\/1687"}],"wp:attachment":[{"href":"https:\/\/festivalbritannique.fr\/index.php?rest_route=%2Fwp%2Fv2%2Fmedia&parent=1719"}],"curies":[{"name":"wp","href":"https:\/\/api.w.org\/{rel}","templated":true}]}}