{"id":1723,"date":"2022-03-06T18:40:57","date_gmt":"2022-03-06T17:40:57","guid":{"rendered":"http:\/\/festivalbritannique.fr\/?page_id=1723"},"modified":"2022-03-06T18:40:58","modified_gmt":"2022-03-06T17:40:58","slug":"le-cercle-litteraire-de-guernesey-2-2-2-2-2-2-2-2-2-3-2-2-2-3-2-2-2-2-2-2-2-2-2","status":"publish","type":"page","link":"https:\/\/festivalbritannique.fr\/?page_id=1723","title":{"rendered":"Fisherman&rsquo;s friends"},"content":{"rendered":"\n<p class=\"has-text-color has-medium-font-size has-vivid-cyan-blue-color\">Fisherman&rsquo;s friends<\/p>\n\n\n\n<p class=\"has-text-color has-medium-font-size has-vivid-red-color\">Dimanche 20 mars \u00e0 18h<\/p>\n\n\n\n<ul class=\"wp-block-list\"><li><strong>Com\u00e9die<\/strong><\/li><\/ul>\n\n\n\n<p>  De Chris Foggin  Avec Daniel Mays, Tuppence Middleton, James Purefoy<\/p>\n\n\n\n<p>1h52<\/p>\n\n\n\n<blockquote class=\"wp-block-quote is-style-default is-layout-flow wp-block-quote-is-layout-flow\"><p> Danny, un producteur de musique londonien branch\u00e9 se rend en  Cornouailles pour un enterrement de vie de gar\u00e7on. Quand son patron et  ami lui lance le d\u00e9fi de faire signer un contrat aux p\u00e9cheurs du coin  pour un album de chants de marins, Danny tombe dans le panneau. Bien  loin de ses rep\u00e8res citadins, il tente tant bien que mal de gagner la  confiance de cet improbable boys band, qui accorde plus d&rsquo;importance \u00e0  l&rsquo;amiti\u00e9 qu&rsquo;\u00e0 la c\u00e9l\u00e9brit\u00e9. <\/p><cite>Allocin\u00e9.fr<\/cite><\/blockquote>\n\n\n\n<blockquote class=\"wp-block-quote is-layout-flow wp-block-quote-is-layout-flow\"><p> A fast living,  cynical London music executive (Daniel Mays) heads to a remote Cornish  village on a stag weekend where he&rsquo;s pranked by his boss (Noel Clarke)  into trying to sign a group of shanty singing fishermen (led by James  Purefoy). He becomes the ultimate \u00ab\u00a0fish out of water\u00a0\u00bb as he struggles to  gain the respect or enthusiasm of the unlikely boy band and their  families (including Tuppence Middleton) who value friendship and  community over fame and fortune. As he&rsquo;s drawn deeper into the  traditional way of life he&rsquo;s forced to reevaluate his own integrity and  ultimately question what success really means. <\/p><cite>ImDb.com<\/cite><\/blockquote>\n\n\n\n<figure class=\"wp-block-embed-youtube aligncenter wp-block-embed is-type-video is-provider-youtube wp-embed-aspect-16-9 wp-has-aspect-ratio\"><div class=\"wp-block-embed__wrapper\">\n<iframe loading=\"lazy\" title=\"FISHERMAN&#039;S FRIENDS - Bande-annonce VOST\" width=\"1170\" height=\"658\" src=\"https:\/\/www.youtube.com\/embed\/8-B5xKcpKBE?feature=oembed\" frameborder=\"0\" allow=\"accelerometer; autoplay; clipboard-write; encrypted-media; gyroscope; picture-in-picture\" allowfullscreen><\/iframe>\n<\/div><\/figure>\n\n\n\n<figure class=\"wp-block-gallery columns-2 is-cropped wp-block-gallery-1 is-layout-flex wp-block-gallery-is-layout-flex\"><ul class=\"blocks-gallery-grid\"><li class=\"blocks-gallery-item\"><figure><img loading=\"lazy\" decoding=\"async\" width=\"691\" height=\"1024\" src=\"http:\/\/festivalbritannique.fr\/wp-content\/uploads\/2022\/03\/Fishermans-friend-691x1024.jpg\" alt=\"\" data-id=\"1724\" data-link=\"http:\/\/festivalbritannique.fr\/?attachment_id=1724#main\" class=\"wp-image-1724\" srcset=\"https:\/\/festivalbritannique.fr\/wp-content\/uploads\/2022\/03\/Fishermans-friend-691x1024.jpg 691w, https:\/\/festivalbritannique.fr\/wp-content\/uploads\/2022\/03\/Fishermans-friend-203x300.jpg 203w, https:\/\/festivalbritannique.fr\/wp-content\/uploads\/2022\/03\/Fishermans-friend.jpg 729w\" sizes=\"auto, (max-width: 691px) 100vw, 691px\" \/><\/figure><\/li><li class=\"blocks-gallery-item\"><figure><img loading=\"lazy\" decoding=\"async\" width=\"752\" height=\"1024\" src=\"http:\/\/festivalbritannique.fr\/wp-content\/uploads\/2022\/03\/fisherman-friends-fr-752x1024.jpg\" alt=\"\" data-id=\"1725\" data-full-url=\"http:\/\/festivalbritannique.fr\/wp-content\/uploads\/2022\/03\/fisherman-friends-fr.jpg\" data-link=\"http:\/\/festivalbritannique.fr\/?attachment_id=1725#main\" class=\"wp-image-1725\" srcset=\"https:\/\/festivalbritannique.fr\/wp-content\/uploads\/2022\/03\/fisherman-friends-fr-752x1024.jpg 752w, https:\/\/festivalbritannique.fr\/wp-content\/uploads\/2022\/03\/fisherman-friends-fr-220x300.jpg 220w, https:\/\/festivalbritannique.fr\/wp-content\/uploads\/2022\/03\/fisherman-friends-fr-768x1046.jpg 768w, https:\/\/festivalbritannique.fr\/wp-content\/uploads\/2022\/03\/fisherman-friends-fr.jpg 793w\" sizes=\"auto, (max-width: 752px) 100vw, 752px\" \/><\/figure><\/li><\/ul><\/figure>\n<!-- AddThis Advanced Settings generic via filter on the_content --><!-- AddThis Share Buttons generic via filter on the_content -->","protected":false},"excerpt":{"rendered":"<p>Fisherman&rsquo;s friends Dimanche 20 mars \u00e0 18h Com\u00e9die De Chris Foggin Avec Daniel Mays, Tuppence Middleton, James Purefoy 1h52 Danny, un producteur de musique londonien branch\u00e9 se rend en Cornouailles pour un enterrement de vie de gar\u00e7on. Quand son patron et ami lui lance le d\u00e9fi de faire signer un contrat aux p\u00e9cheurs du coin<\/p>\n<p><a href=\"https:\/\/festivalbritannique.fr\/?page_id=1723\" class=\"more-link themebutton\">Read More<\/a><\/p>\n<p><!-- AddThis Advanced Settings generic via filter on get_the_excerpt --><!-- AddThis Share Buttons generic via filter on get_the_excerpt --><\/p>\n","protected":false},"author":2,"featured_media":0,"parent":1687,"menu_order":0,"comment_status":"closed","ping_status":"closed","template":"","meta":{"ngg_post_thumbnail":0,"footnotes":""},"class_list":["post-1723","page","type-page","status-publish","hentry"],"_links":{"self":[{"href":"https:\/\/festivalbritannique.fr\/index.php?rest_route=\/wp\/v2\/pages\/1723","targetHints":{"allow":["GET"]}}],"collection":[{"href":"https:\/\/festivalbritannique.fr\/index.php?rest_route=\/wp\/v2\/pages"}],"about":[{"href":"https:\/\/festivalbritannique.fr\/index.php?rest_route=\/wp\/v2\/types\/page"}],"author":[{"embeddable":true,"href":"https:\/\/festivalbritannique.fr\/index.php?rest_route=\/wp\/v2\/users\/2"}],"replies":[{"embeddable":true,"href":"https:\/\/festivalbritannique.fr\/index.php?rest_route=%2Fwp%2Fv2%2Fcomments&post=1723"}],"version-history":[{"count":1,"href":"https:\/\/festivalbritannique.fr\/index.php?rest_route=\/wp\/v2\/pages\/1723\/revisions"}],"predecessor-version":[{"id":1726,"href":"https:\/\/festivalbritannique.fr\/index.php?rest_route=\/wp\/v2\/pages\/1723\/revisions\/1726"}],"up":[{"embeddable":true,"href":"https:\/\/festivalbritannique.fr\/index.php?rest_route=\/wp\/v2\/pages\/1687"}],"wp:attachment":[{"href":"https:\/\/festivalbritannique.fr\/index.php?rest_route=%2Fwp%2Fv2%2Fmedia&parent=1723"}],"curies":[{"name":"wp","href":"https:\/\/api.w.org\/{rel}","templated":true}]}}