{"id":1727,"date":"2022-03-06T18:45:38","date_gmt":"2022-03-06T17:45:38","guid":{"rendered":"http:\/\/festivalbritannique.fr\/?page_id=1727"},"modified":"2022-03-06T18:45:38","modified_gmt":"2022-03-06T17:45:38","slug":"le-cercle-litteraire-de-guernesey-2-2-2-2-2-2-2-2-2-3-2-2-2-3-2-2-2-2-2-2-2-2-2-2","status":"publish","type":"page","link":"https:\/\/festivalbritannique.fr\/?page_id=1727","title":{"rendered":"The Duke"},"content":{"rendered":"\n<p class=\"has-text-color has-medium-font-size has-vivid-cyan-blue-color\">The Duke<\/p>\n\n\n\n<p class=\"has-text-color has-medium-font-size has-vivid-red-color\">Dimanche 20 mars \u00e0 20h50<\/p>\n\n\n\n<ul class=\"wp-block-list\"><li><strong>Biopic, com\u00e9die, drame<\/strong><\/li><\/ul>\n\n\n\n<p> De Roger Michell  Avec Jim Broadbent, Helen Mirren, Fionn Whitehead<\/p>\n\n\n\n<p>1h35<\/p>\n\n\n\n<blockquote class=\"wp-block-quote is-style-default is-layout-flow wp-block-quote-is-layout-flow\"><p> En 1961, Kempton Bunton, un chauffeur de taxi sexag\u00e9naire, vole \u00e0 la  National Gallery de Londres le portrait du Duc de Wellington peint par  Goya. Il envoie alors des notes de ran\u00e7on, mena\u00e7ant de ne rendre le  tableau qu\u2019\u00e0 condition que le gouvernement rende l\u2019acc\u00e8s \u00e0 la t\u00e9l\u00e9vision  gratuit pour les personnes \u00e2g\u00e9es. Cette histoire vraie raconte comment  un inoffensif retrait\u00e9 s\u2019est vu recherch\u00e9 par toutes les polices de  Grande Bretagne, accomplissant le premier (et unique) vol dans  l\u2019histoire du mus\u00e9e. <\/p><cite>Allocin\u00e9.fr<\/cite><\/blockquote>\n\n\n\n<blockquote class=\"wp-block-quote is-layout-flow wp-block-quote-is-layout-flow\"><p> In 1961,  Kempton Bunton, a 60 year old taxi driver, stole Goya&rsquo;s portrait of the  Duke of Wellington from the National Gallery in London. He sent ransom  notes saying that he would return the painting on condition that the  government invested more in care for the elderly. What happened next  became the stuff of legend. An uplifting true story about a good man who  set out to change the world and managed to save his marriage. <\/p><cite>ImDb.com<\/cite><\/blockquote>\n\n\n\n<figure class=\"wp-block-embed-youtube aligncenter wp-block-embed is-type-video is-provider-youtube wp-embed-aspect-16-9 wp-has-aspect-ratio\"><div class=\"wp-block-embed__wrapper\">\n<iframe loading=\"lazy\" title=\"The Duke - Bande-annonce officielle VOST HD\" width=\"1170\" height=\"658\" src=\"https:\/\/www.youtube.com\/embed\/RW8OJsmdftY?feature=oembed\" frameborder=\"0\" allow=\"accelerometer; autoplay; clipboard-write; encrypted-media; gyroscope; picture-in-picture\" allowfullscreen><\/iframe>\n<\/div><\/figure>\n\n\n\n<figure class=\"wp-block-gallery columns-2 is-cropped wp-block-gallery-1 is-layout-flex wp-block-gallery-is-layout-flex\"><ul class=\"blocks-gallery-grid\"><li class=\"blocks-gallery-item\"><figure><img loading=\"lazy\" decoding=\"async\" width=\"691\" height=\"1024\" src=\"http:\/\/festivalbritannique.fr\/wp-content\/uploads\/2022\/03\/The-Duke-691x1024.jpg\" alt=\"\" data-id=\"1728\" data-link=\"http:\/\/festivalbritannique.fr\/?attachment_id=1728#main\" class=\"wp-image-1728\" srcset=\"https:\/\/festivalbritannique.fr\/wp-content\/uploads\/2022\/03\/The-Duke-691x1024.jpg 691w, https:\/\/festivalbritannique.fr\/wp-content\/uploads\/2022\/03\/The-Duke-203x300.jpg 203w, https:\/\/festivalbritannique.fr\/wp-content\/uploads\/2022\/03\/The-Duke.jpg 729w\" sizes=\"auto, (max-width: 691px) 100vw, 691px\" \/><\/figure><\/li><li class=\"blocks-gallery-item\"><figure><img loading=\"lazy\" decoding=\"async\" width=\"752\" height=\"1024\" src=\"http:\/\/festivalbritannique.fr\/wp-content\/uploads\/2022\/03\/the-duke-fr-752x1024.jpg\" alt=\"\" data-id=\"1729\" data-full-url=\"http:\/\/festivalbritannique.fr\/wp-content\/uploads\/2022\/03\/the-duke-fr.jpg\" data-link=\"http:\/\/festivalbritannique.fr\/?attachment_id=1729#main\" class=\"wp-image-1729\" srcset=\"https:\/\/festivalbritannique.fr\/wp-content\/uploads\/2022\/03\/the-duke-fr-752x1024.jpg 752w, https:\/\/festivalbritannique.fr\/wp-content\/uploads\/2022\/03\/the-duke-fr-220x300.jpg 220w, https:\/\/festivalbritannique.fr\/wp-content\/uploads\/2022\/03\/the-duke-fr-768x1046.jpg 768w, https:\/\/festivalbritannique.fr\/wp-content\/uploads\/2022\/03\/the-duke-fr.jpg 793w\" sizes=\"auto, (max-width: 752px) 100vw, 752px\" \/><\/figure><\/li><\/ul><\/figure>\n<!-- AddThis Advanced Settings generic via filter on the_content --><!-- AddThis Share Buttons generic via filter on the_content -->","protected":false},"excerpt":{"rendered":"<p>The Duke Dimanche 20 mars \u00e0 20h50 Biopic, com\u00e9die, drame De Roger Michell Avec Jim Broadbent, Helen Mirren, Fionn Whitehead 1h35 En 1961, Kempton Bunton, un chauffeur de taxi sexag\u00e9naire, vole \u00e0 la National Gallery de Londres le portrait du Duc de Wellington peint par Goya. Il envoie alors des notes de ran\u00e7on, mena\u00e7ant de<\/p>\n<p><a href=\"https:\/\/festivalbritannique.fr\/?page_id=1727\" class=\"more-link themebutton\">Read More<\/a><\/p>\n<p><!-- AddThis Advanced Settings generic via filter on get_the_excerpt --><!-- AddThis Share Buttons generic via filter on get_the_excerpt --><\/p>\n","protected":false},"author":2,"featured_media":0,"parent":1687,"menu_order":0,"comment_status":"closed","ping_status":"closed","template":"","meta":{"ngg_post_thumbnail":0,"footnotes":""},"class_list":["post-1727","page","type-page","status-publish","hentry"],"_links":{"self":[{"href":"https:\/\/festivalbritannique.fr\/index.php?rest_route=\/wp\/v2\/pages\/1727","targetHints":{"allow":["GET"]}}],"collection":[{"href":"https:\/\/festivalbritannique.fr\/index.php?rest_route=\/wp\/v2\/pages"}],"about":[{"href":"https:\/\/festivalbritannique.fr\/index.php?rest_route=\/wp\/v2\/types\/page"}],"author":[{"embeddable":true,"href":"https:\/\/festivalbritannique.fr\/index.php?rest_route=\/wp\/v2\/users\/2"}],"replies":[{"embeddable":true,"href":"https:\/\/festivalbritannique.fr\/index.php?rest_route=%2Fwp%2Fv2%2Fcomments&post=1727"}],"version-history":[{"count":1,"href":"https:\/\/festivalbritannique.fr\/index.php?rest_route=\/wp\/v2\/pages\/1727\/revisions"}],"predecessor-version":[{"id":1730,"href":"https:\/\/festivalbritannique.fr\/index.php?rest_route=\/wp\/v2\/pages\/1727\/revisions\/1730"}],"up":[{"embeddable":true,"href":"https:\/\/festivalbritannique.fr\/index.php?rest_route=\/wp\/v2\/pages\/1687"}],"wp:attachment":[{"href":"https:\/\/festivalbritannique.fr\/index.php?rest_route=%2Fwp%2Fv2%2Fmedia&parent=1727"}],"curies":[{"name":"wp","href":"https:\/\/api.w.org\/{rel}","templated":true}]}}