{"id":1807,"date":"2023-02-22T17:39:24","date_gmt":"2023-02-22T16:39:24","guid":{"rendered":"http:\/\/festivalbritannique.fr\/?page_id=1807"},"modified":"2023-02-23T19:51:19","modified_gmt":"2023-02-23T18:51:19","slug":"moonage-daydream","status":"publish","type":"page","link":"https:\/\/festivalbritannique.fr\/?page_id=1807","title":{"rendered":"Moonage daydream"},"content":{"rendered":"\n<p class=\"has-vivid-red-color has-text-color\"><strong>Moonage daydream<\/strong><\/p>\n\n\n\n<p class=\"has-white-color has-pale-pink-background-color has-text-color has-background has-small-font-size\">Jeudi 16 mars \u00e0 20h40<\/p>\n\n\n\n<p class=\"has-white-color has-cyan-bluish-gray-background-color has-text-color has-background has-small-font-size\">pr\u00e9c\u00e9d\u00e9 \u00e0 18h30 de la conf\u00e9rence Unipop* <a rel=\"noreferrer noopener\" href=\"https:\/\/devilleenville.unipop.fr\/les-conferences\/david-bowie-lavant-garde-pop-par-matthieu-thibault-film-lhomme-qui-venait-dailleurs-de-nicolas-roeg\/\" data-type=\"URL\" data-id=\"https:\/\/devilleenville.unipop.fr\/les-conferences\/david-bowie-lavant-garde-pop-par-matthieu-thibault-film-lhomme-qui-venait-dailleurs-de-nicolas-roeg\/\" target=\"_blank\">DAVID BOWIE, l\u2019avant-garde pop, par Matthieu Thibault<\/a><br>*les conf\u00e9rences Unipop sont diffus\u00e9es sur l&rsquo;\u00e9cran en direct ou diff\u00e9r\u00e9 depuis le cin\u00e9ma de Pessac.<\/p>\n\n\n\n<p><strong>2h 20min \/ Documentaire, Musical<\/strong><\/p>\n\n\n\n<p><strong>De Brett Morgen<\/strong><\/p>\n\n\n\n<p class=\"has-vivid-cyan-blue-color has-text-color\"><em>MOONAGE DAYDREAM offre un \u00e9clairage sur le g\u00e9nie qu\u2019\u00e9tait David Bowie, l\u2019un des artistes les plus prolifiques et les plus marquants de notre \u00e9poque. MOONAGE DAYDREAM est une odyss\u00e9e cin\u00e9matographique \u00e0 travers l\u2019\u0153uvre cr\u00e9ative et musicale de David Bowie. D\u00e9voilant des images in\u00e9dites, le documentaire a \u00e9t\u00e9 r\u00e9alis\u00e9 par Brett Morgen et a n\u00e9cessit\u00e9 cinq ans de travail, avec le soutien et la complicit\u00e9 de la famille et des collaborateurs de Bowie.<\/em><\/p>\n\n\n\n<p class=\"has-pale-cyan-blue-color has-text-color\"><em>A cinematic odyssey exploring David Bowie&rsquo;s creative and musical journey. From visionary filmmaker Brett Morgen, and sanctioned by the Bowie estate.<\/em><\/p>\n\n\n\n<figure class=\"wp-block-embed is-type-video is-provider-youtube wp-block-embed-youtube wp-embed-aspect-16-9 wp-has-aspect-ratio\"><div class=\"wp-block-embed__wrapper\">\n<iframe loading=\"lazy\" title=\"Moonage Daydream - Bande annonce VOST [Au cin\u00e9ma le 21 septembre]\" width=\"1170\" height=\"658\" src=\"https:\/\/www.youtube.com\/embed\/vgfYMkIxhfI?feature=oembed\" frameborder=\"0\" allow=\"accelerometer; autoplay; clipboard-write; encrypted-media; gyroscope; picture-in-picture; web-share\" allowfullscreen><\/iframe>\n<\/div><\/figure>\n\n\n\n<figure class=\"wp-block-gallery has-nested-images columns-default is-cropped wp-block-gallery-1 is-layout-flex wp-block-gallery-is-layout-flex\">\n<figure class=\"wp-block-image size-large\"><img loading=\"lazy\" decoding=\"async\" width=\"754\" height=\"1024\" data-id=\"1809\" src=\"http:\/\/festivalbritannique.fr\/wp-content\/uploads\/2023\/02\/1903785.jpg-r_1920_1080-f_jpg-q_x-xxyxx-754x1024.jpg\" alt=\"\" class=\"wp-image-1809\" srcset=\"https:\/\/festivalbritannique.fr\/wp-content\/uploads\/2023\/02\/1903785.jpg-r_1920_1080-f_jpg-q_x-xxyxx-754x1024.jpg 754w, https:\/\/festivalbritannique.fr\/wp-content\/uploads\/2023\/02\/1903785.jpg-r_1920_1080-f_jpg-q_x-xxyxx-221x300.jpg 221w, https:\/\/festivalbritannique.fr\/wp-content\/uploads\/2023\/02\/1903785.jpg-r_1920_1080-f_jpg-q_x-xxyxx-768x1043.jpg 768w, https:\/\/festivalbritannique.fr\/wp-content\/uploads\/2023\/02\/1903785.jpg-r_1920_1080-f_jpg-q_x-xxyxx.jpg 795w\" sizes=\"auto, (max-width: 754px) 100vw, 754px\" \/><\/figure>\n\n\n\n<figure class=\"wp-block-image size-large\"><img loading=\"lazy\" decoding=\"async\" width=\"696\" height=\"1024\" data-id=\"1810\" src=\"http:\/\/festivalbritannique.fr\/wp-content\/uploads\/2023\/02\/Screenshot-2023-02-22-at-17-36-21-Moonage-Daydream-2022-696x1024.png\" alt=\"\" class=\"wp-image-1810\" srcset=\"https:\/\/festivalbritannique.fr\/wp-content\/uploads\/2023\/02\/Screenshot-2023-02-22-at-17-36-21-Moonage-Daydream-2022-696x1024.png 696w, https:\/\/festivalbritannique.fr\/wp-content\/uploads\/2023\/02\/Screenshot-2023-02-22-at-17-36-21-Moonage-Daydream-2022-204x300.png 204w, https:\/\/festivalbritannique.fr\/wp-content\/uploads\/2023\/02\/Screenshot-2023-02-22-at-17-36-21-Moonage-Daydream-2022-768x1130.png 768w, https:\/\/festivalbritannique.fr\/wp-content\/uploads\/2023\/02\/Screenshot-2023-02-22-at-17-36-21-Moonage-Daydream-2022-1044x1536.png 1044w, https:\/\/festivalbritannique.fr\/wp-content\/uploads\/2023\/02\/Screenshot-2023-02-22-at-17-36-21-Moonage-Daydream-2022.png 1222w\" sizes=\"auto, (max-width: 696px) 100vw, 696px\" \/><\/figure>\n<\/figure>\n<!-- AddThis Advanced Settings generic via filter on the_content --><!-- AddThis Share Buttons generic via filter on the_content -->","protected":false},"excerpt":{"rendered":"<p>Moonage daydream Jeudi 16 mars \u00e0 20h40 pr\u00e9c\u00e9d\u00e9 \u00e0 18h30 de la conf\u00e9rence Unipop* DAVID BOWIE, l\u2019avant-garde pop, par Matthieu Thibault*les conf\u00e9rences Unipop sont diffus\u00e9es sur l&rsquo;\u00e9cran en direct ou diff\u00e9r\u00e9 depuis le cin\u00e9ma de Pessac. 2h 20min \/ Documentaire, Musical De Brett Morgen MOONAGE DAYDREAM offre un \u00e9clairage sur le g\u00e9nie qu\u2019\u00e9tait David Bowie,<\/p>\n<p><a href=\"https:\/\/festivalbritannique.fr\/?page_id=1807\" class=\"more-link themebutton\">Read More<\/a><\/p>\n<p><!-- AddThis Advanced Settings generic via filter on get_the_excerpt --><!-- AddThis Share Buttons generic via filter on get_the_excerpt --><\/p>\n","protected":false},"author":2,"featured_media":0,"parent":1812,"menu_order":0,"comment_status":"closed","ping_status":"closed","template":"","meta":{"ngg_post_thumbnail":0,"footnotes":""},"class_list":["post-1807","page","type-page","status-publish","hentry"],"_links":{"self":[{"href":"https:\/\/festivalbritannique.fr\/index.php?rest_route=\/wp\/v2\/pages\/1807","targetHints":{"allow":["GET"]}}],"collection":[{"href":"https:\/\/festivalbritannique.fr\/index.php?rest_route=\/wp\/v2\/pages"}],"about":[{"href":"https:\/\/festivalbritannique.fr\/index.php?rest_route=\/wp\/v2\/types\/page"}],"author":[{"embeddable":true,"href":"https:\/\/festivalbritannique.fr\/index.php?rest_route=\/wp\/v2\/users\/2"}],"replies":[{"embeddable":true,"href":"https:\/\/festivalbritannique.fr\/index.php?rest_route=%2Fwp%2Fv2%2Fcomments&post=1807"}],"version-history":[{"count":6,"href":"https:\/\/festivalbritannique.fr\/index.php?rest_route=\/wp\/v2\/pages\/1807\/revisions"}],"predecessor-version":[{"id":1885,"href":"https:\/\/festivalbritannique.fr\/index.php?rest_route=\/wp\/v2\/pages\/1807\/revisions\/1885"}],"up":[{"embeddable":true,"href":"https:\/\/festivalbritannique.fr\/index.php?rest_route=\/wp\/v2\/pages\/1812"}],"wp:attachment":[{"href":"https:\/\/festivalbritannique.fr\/index.php?rest_route=%2Fwp%2Fv2%2Fmedia&parent=1807"}],"curies":[{"name":"wp","href":"https:\/\/api.w.org\/{rel}","templated":true}]}}