{"id":1817,"date":"2023-02-22T17:52:06","date_gmt":"2023-02-22T16:52:06","guid":{"rendered":"http:\/\/festivalbritannique.fr\/?page_id=1817"},"modified":"2023-02-23T19:18:20","modified_gmt":"2023-02-23T18:18:20","slug":"moonage-daydream-2","status":"publish","type":"page","link":"https:\/\/festivalbritannique.fr\/?page_id=1817","title":{"rendered":"The lost king"},"content":{"rendered":"\n<p class=\"has-vivid-red-color has-text-color\"><strong>The lost king<\/strong><\/p>\n\n\n\n<p class=\"has-white-color has-pale-pink-background-color has-text-color has-background has-small-font-size\">Vendredi 17 mars \u00e0 20h<\/p>\n\n\n\n<p class=\"has-white-color has-cyan-bluish-gray-background-color has-text-color has-background has-small-font-size\">AVANT-PREMIERE<br>Ouverture du festival britannique \u00e0 20h avec pr\u00e9sentation de la programmation par le jury de coll\u00e9giens<\/p>\n\n\n\n<p>1h 49min \/Com\u00e9die dramatique, Drame, Com\u00e9die<\/p>\n\n\n\n<p>De Stephen Frears<\/p>\n\n\n\n<p>Avec Sally Hawkins, Shonagh Price, Lewis Macleod<\/p>\n\n\n\n<p class=\"has-vivid-cyan-blue-color has-text-color\"><em>Inspir\u00e9 d\u2019une histoire incroyable mais vraie, THE LOST KING retrace l\u2019extraordinaire aventure de Philippa Langley, passionn\u00e9e d\u2019histoire \u00e0 la volont\u00e9 de fer qui, sur une simple intuition et malgr\u00e9 l\u2019incompr\u00e9hension de ses proches et la d\u00e9fiance du monde universitaire, a voulu r\u00e9tablir la v\u00e9rit\u00e9 autour de Richard III, l\u2019un des monarques les plus controvers\u00e9s de l\u2019histoire.<\/em><\/p>\n\n\n\n<p class=\"has-pale-cyan-blue-color has-text-color\"><em>In 2012, having been lost for over 500 years, the remains of King Richard III were discovered beneath a carpark in Leicester. The search had been orchestrated by an amateur historian, Philippa Langley, whose unrelenting research had been met with incomprehension by her friends and family and with scepticism by experts and academics. THE LOST KING is the life-affirming true story of a woman who refused to be ignored and who took on the country&rsquo;s most eminent historians, forcing them to think again about one of the most controversial kings in England&rsquo;s history.<\/em><\/p>\n\n\n\n<figure class=\"wp-block-embed is-type-video is-provider-youtube wp-block-embed-youtube wp-embed-aspect-16-9 wp-has-aspect-ratio\"><div class=\"wp-block-embed__wrapper\">\n<iframe loading=\"lazy\" title=\"The Lost King - Bande-annonce officielle HD\" width=\"1170\" height=\"658\" src=\"https:\/\/www.youtube.com\/embed\/_X3ckBpjL_c?feature=oembed\" frameborder=\"0\" allow=\"accelerometer; autoplay; clipboard-write; encrypted-media; gyroscope; picture-in-picture; web-share\" allowfullscreen><\/iframe>\n<\/div><\/figure>\n\n\n\n<figure class=\"wp-block-gallery has-nested-images columns-default is-cropped wp-block-gallery-1 is-layout-flex wp-block-gallery-is-layout-flex\">\n<figure class=\"wp-block-image size-large is-style-default\"><img loading=\"lazy\" decoding=\"async\" width=\"689\" height=\"1024\" data-id=\"1819\" src=\"http:\/\/festivalbritannique.fr\/wp-content\/uploads\/2023\/02\/Screenshot-2023-02-22-at-17-49-41-The-Lost-King-2022-689x1024.png\" alt=\"\" class=\"wp-image-1819\" srcset=\"https:\/\/festivalbritannique.fr\/wp-content\/uploads\/2023\/02\/Screenshot-2023-02-22-at-17-49-41-The-Lost-King-2022-689x1024.png 689w, https:\/\/festivalbritannique.fr\/wp-content\/uploads\/2023\/02\/Screenshot-2023-02-22-at-17-49-41-The-Lost-King-2022-202x300.png 202w, https:\/\/festivalbritannique.fr\/wp-content\/uploads\/2023\/02\/Screenshot-2023-02-22-at-17-49-41-The-Lost-King-2022-768x1142.png 768w, https:\/\/festivalbritannique.fr\/wp-content\/uploads\/2023\/02\/Screenshot-2023-02-22-at-17-49-41-The-Lost-King-2022-1033x1536.png 1033w, https:\/\/festivalbritannique.fr\/wp-content\/uploads\/2023\/02\/Screenshot-2023-02-22-at-17-49-41-The-Lost-King-2022.png 1208w\" sizes=\"auto, (max-width: 689px) 100vw, 689px\" \/><\/figure>\n<\/figure>\n<!-- AddThis Advanced Settings generic via filter on the_content --><!-- AddThis Share Buttons generic via filter on the_content -->","protected":false},"excerpt":{"rendered":"<p>The lost king Vendredi 17 mars \u00e0 20h AVANT-PREMIEREOuverture du festival britannique \u00e0 20h avec pr\u00e9sentation de la programmation par le jury de coll\u00e9giens 1h 49min \/Com\u00e9die dramatique, Drame, Com\u00e9die De Stephen Frears Avec Sally Hawkins, Shonagh Price, Lewis Macleod Inspir\u00e9 d\u2019une histoire incroyable mais vraie, THE LOST KING retrace l\u2019extraordinaire aventure de Philippa Langley,<\/p>\n<p><a href=\"https:\/\/festivalbritannique.fr\/?page_id=1817\" class=\"more-link themebutton\">Read More<\/a><\/p>\n<p><!-- AddThis Advanced Settings generic via filter on get_the_excerpt --><!-- AddThis Share Buttons generic via filter on get_the_excerpt --><\/p>\n","protected":false},"author":2,"featured_media":0,"parent":1812,"menu_order":0,"comment_status":"closed","ping_status":"closed","template":"","meta":{"ngg_post_thumbnail":0,"footnotes":""},"class_list":["post-1817","page","type-page","status-publish","hentry"],"_links":{"self":[{"href":"https:\/\/festivalbritannique.fr\/index.php?rest_route=\/wp\/v2\/pages\/1817","targetHints":{"allow":["GET"]}}],"collection":[{"href":"https:\/\/festivalbritannique.fr\/index.php?rest_route=\/wp\/v2\/pages"}],"about":[{"href":"https:\/\/festivalbritannique.fr\/index.php?rest_route=\/wp\/v2\/types\/page"}],"author":[{"embeddable":true,"href":"https:\/\/festivalbritannique.fr\/index.php?rest_route=\/wp\/v2\/users\/2"}],"replies":[{"embeddable":true,"href":"https:\/\/festivalbritannique.fr\/index.php?rest_route=%2Fwp%2Fv2%2Fcomments&post=1817"}],"version-history":[{"count":4,"href":"https:\/\/festivalbritannique.fr\/index.php?rest_route=\/wp\/v2\/pages\/1817\/revisions"}],"predecessor-version":[{"id":1855,"href":"https:\/\/festivalbritannique.fr\/index.php?rest_route=\/wp\/v2\/pages\/1817\/revisions\/1855"}],"up":[{"embeddable":true,"href":"https:\/\/festivalbritannique.fr\/index.php?rest_route=\/wp\/v2\/pages\/1812"}],"wp:attachment":[{"href":"https:\/\/festivalbritannique.fr\/index.php?rest_route=%2Fwp%2Fv2%2Fmedia&parent=1817"}],"curies":[{"name":"wp","href":"https:\/\/api.w.org\/{rel}","templated":true}]}}