{"id":1823,"date":"2023-02-22T18:08:33","date_gmt":"2023-02-22T17:08:33","guid":{"rendered":"http:\/\/festivalbritannique.fr\/?page_id=1823"},"modified":"2023-02-23T19:16:48","modified_gmt":"2023-02-23T18:16:48","slug":"moonage-daydream-2-2","status":"publish","type":"page","link":"https:\/\/festivalbritannique.fr\/?page_id=1823","title":{"rendered":"Maurice le chat fabuleux"},"content":{"rendered":"\n<p class=\"has-vivid-red-color has-text-color\"><strong>The amazing Maurice<\/strong><\/p>\n\n\n\n<p class=\"has-white-color has-pale-pink-background-color has-text-color has-background has-small-font-size\">Samedi 18 mars \u00e0 14h<\/p>\n\n\n\n<p>1h 33min \/Animation, Fantastique, Aventure, Famille<\/p>\n\n\n\n<p class=\"has-vivid-cyan-blue-color has-text-color\"><em>Maurice le chat fabuleux arrive dans une nouvelle ville, avec ses comp\u00e8res les rats. Un seul but : arnaquer tout le monde, puis ronronner sur un confortable tas de pi\u00e8ces d\u2019or. Mais, \u00e0 leur arriv\u00e9e, des \u00e9v\u00e9nements myst\u00e9rieux et magiques troublent leur plan. Rien ne se passe comme pr\u00e9vu et ils d\u00e9cident de mener l\u2019enqu\u00eate. D\u00e9marre alors une grande aventure pour cette petite bande bien poilue !<\/em><\/p>\n\n\n\n<p class=\"has-pale-cyan-blue-color has-text-color\"><em>This story follows Maurice, a goofy streetwise cat, who has the perfect money-making scam. He finds a dumb-looking kid who plays a pipe and has his very own horde of rats, who are strangely literate.<\/em><\/p>\n\n\n\n<figure class=\"wp-block-embed is-type-video is-provider-youtube wp-block-embed-youtube wp-embed-aspect-16-9 wp-has-aspect-ratio\"><div class=\"wp-block-embed__wrapper\">\n<iframe loading=\"lazy\" title=\"MAURICE LE CHAT FABULEUX | BANDE-ANNONCE OFFICIELLE | VF\" width=\"1170\" height=\"658\" src=\"https:\/\/www.youtube.com\/embed\/N5JivOsBJ18?feature=oembed\" frameborder=\"0\" allow=\"accelerometer; autoplay; clipboard-write; encrypted-media; gyroscope; picture-in-picture; web-share\" allowfullscreen><\/iframe>\n<\/div><\/figure>\n\n\n\n<figure class=\"wp-block-gallery has-nested-images columns-default is-cropped wp-block-gallery-1 is-layout-flex wp-block-gallery-is-layout-flex\">\n<figure class=\"wp-block-image size-large is-style-default\"><img loading=\"lazy\" decoding=\"async\" width=\"704\" height=\"1024\" data-id=\"1825\" src=\"http:\/\/festivalbritannique.fr\/wp-content\/uploads\/2023\/02\/Screenshot-2023-02-22-at-18-07-39-Maurice-le-chat-fabuleux-2022-704x1024.png\" alt=\"\" class=\"wp-image-1825\" srcset=\"https:\/\/festivalbritannique.fr\/wp-content\/uploads\/2023\/02\/Screenshot-2023-02-22-at-18-07-39-Maurice-le-chat-fabuleux-2022-704x1024.png 704w, https:\/\/festivalbritannique.fr\/wp-content\/uploads\/2023\/02\/Screenshot-2023-02-22-at-18-07-39-Maurice-le-chat-fabuleux-2022-206x300.png 206w, https:\/\/festivalbritannique.fr\/wp-content\/uploads\/2023\/02\/Screenshot-2023-02-22-at-18-07-39-Maurice-le-chat-fabuleux-2022-768x1116.png 768w, https:\/\/festivalbritannique.fr\/wp-content\/uploads\/2023\/02\/Screenshot-2023-02-22-at-18-07-39-Maurice-le-chat-fabuleux-2022-1057x1536.png 1057w, https:\/\/festivalbritannique.fr\/wp-content\/uploads\/2023\/02\/Screenshot-2023-02-22-at-18-07-39-Maurice-le-chat-fabuleux-2022.png 1230w\" sizes=\"auto, (max-width: 704px) 100vw, 704px\" \/><\/figure>\n\n\n\n<figure class=\"wp-block-image size-large\"><img loading=\"lazy\" decoding=\"async\" width=\"723\" height=\"1024\" data-id=\"1824\" src=\"http:\/\/festivalbritannique.fr\/wp-content\/uploads\/2023\/02\/0991774.jpg-r_1920_1080-f_jpg-q_x-xxyxx-723x1024.jpg\" alt=\"\" class=\"wp-image-1824\" srcset=\"https:\/\/festivalbritannique.fr\/wp-content\/uploads\/2023\/02\/0991774.jpg-r_1920_1080-f_jpg-q_x-xxyxx-723x1024.jpg 723w, https:\/\/festivalbritannique.fr\/wp-content\/uploads\/2023\/02\/0991774.jpg-r_1920_1080-f_jpg-q_x-xxyxx-212x300.jpg 212w, https:\/\/festivalbritannique.fr\/wp-content\/uploads\/2023\/02\/0991774.jpg-r_1920_1080-f_jpg-q_x-xxyxx.jpg 763w\" sizes=\"auto, (max-width: 723px) 100vw, 723px\" \/><\/figure>\n<\/figure>\n<!-- AddThis Advanced Settings generic via filter on the_content --><!-- AddThis Share Buttons generic via filter on the_content -->","protected":false},"excerpt":{"rendered":"<p>The amazing Maurice Samedi 18 mars \u00e0 14h 1h 33min \/Animation, Fantastique, Aventure, Famille Maurice le chat fabuleux arrive dans une nouvelle ville, avec ses comp\u00e8res les rats. Un seul but : arnaquer tout le monde, puis ronronner sur un confortable tas de pi\u00e8ces d\u2019or. Mais, \u00e0 leur arriv\u00e9e, des \u00e9v\u00e9nements myst\u00e9rieux et magiques troublent<\/p>\n<p><a href=\"https:\/\/festivalbritannique.fr\/?page_id=1823\" class=\"more-link themebutton\">Read More<\/a><\/p>\n<p><!-- AddThis Advanced Settings generic via filter on get_the_excerpt --><!-- AddThis Share Buttons generic via filter on get_the_excerpt --><\/p>\n","protected":false},"author":2,"featured_media":0,"parent":1812,"menu_order":0,"comment_status":"closed","ping_status":"closed","template":"","meta":{"ngg_post_thumbnail":0,"footnotes":""},"class_list":["post-1823","page","type-page","status-publish","hentry"],"_links":{"self":[{"href":"https:\/\/festivalbritannique.fr\/index.php?rest_route=\/wp\/v2\/pages\/1823","targetHints":{"allow":["GET"]}}],"collection":[{"href":"https:\/\/festivalbritannique.fr\/index.php?rest_route=\/wp\/v2\/pages"}],"about":[{"href":"https:\/\/festivalbritannique.fr\/index.php?rest_route=\/wp\/v2\/types\/page"}],"author":[{"embeddable":true,"href":"https:\/\/festivalbritannique.fr\/index.php?rest_route=\/wp\/v2\/users\/2"}],"replies":[{"embeddable":true,"href":"https:\/\/festivalbritannique.fr\/index.php?rest_route=%2Fwp%2Fv2%2Fcomments&post=1823"}],"version-history":[{"count":3,"href":"https:\/\/festivalbritannique.fr\/index.php?rest_route=\/wp\/v2\/pages\/1823\/revisions"}],"predecessor-version":[{"id":1853,"href":"https:\/\/festivalbritannique.fr\/index.php?rest_route=\/wp\/v2\/pages\/1823\/revisions\/1853"}],"up":[{"embeddable":true,"href":"https:\/\/festivalbritannique.fr\/index.php?rest_route=\/wp\/v2\/pages\/1812"}],"wp:attachment":[{"href":"https:\/\/festivalbritannique.fr\/index.php?rest_route=%2Fwp%2Fv2%2Fmedia&parent=1823"}],"curies":[{"name":"wp","href":"https:\/\/api.w.org\/{rel}","templated":true}]}}