{"id":1834,"date":"2023-02-23T19:01:48","date_gmt":"2023-02-23T18:01:48","guid":{"rendered":"http:\/\/festivalbritannique.fr\/?page_id=1834"},"modified":"2023-02-23T19:16:31","modified_gmt":"2023-02-23T18:16:31","slug":"moonage-daydream-2-2-2-2","status":"publish","type":"page","link":"https:\/\/festivalbritannique.fr\/?page_id=1834","title":{"rendered":"Emily"},"content":{"rendered":"\n<p class=\"has-vivid-red-color has-text-color\"><strong>Emily<\/strong><\/p>\n\n\n\n<p class=\"has-white-color has-pale-pink-background-color has-text-color has-background has-small-font-size\">Samedi 18 mars \u00e0 18h<\/p>\n\n\n\n<p>2h10 \/Biopic, Historique<\/p>\n\n\n\n<p>De Frances O&rsquo;Connor<\/p>\n\n\n\n<p>Avec Emma Mackey, Alexandra Dowling, Fionn Whitehead<\/p>\n\n\n\n<p class=\"has-vivid-cyan-blue-color has-text-color\"><em>Aussi \u00e9nigmatique que provocatrice, Emily Bront\u00eb demeure l\u2019une des autrices les plus c\u00e9l\u00e8bres au monde. EMILY imagine le parcours initiatique de cette jeune femme rebelle et marginale, qui la m\u00e8nera \u00e0 \u00e9crire son chef-d\u2019\u0153uvre Les Hauts de Hurlevent. Une ode \u00e0 l\u2019exaltation, \u00e0 la diff\u00e9rence et \u00e0 la f\u00e9minit\u00e9.<\/em><\/p>\n\n\n\n<p class=\"has-pale-cyan-blue-color has-text-color\"><em>EMILY imagines Emily Bront\u00eb&rsquo;s own Gothic story that inspired her seminal novel, &lsquo;Wuthering Heights.&rsquo; Haunted by the death of her mother, Emily struggles within the confines of her family life and yearns for artistic and personal freedom, and so begins a journey to channel her creative potential into one of the greatest novels of all time.<\/em><\/p>\n\n\n\n<figure class=\"wp-block-embed is-type-video is-provider-youtube wp-block-embed-youtube wp-embed-aspect-16-9 wp-has-aspect-ratio\"><div class=\"wp-block-embed__wrapper\">\n<iframe loading=\"lazy\" title=\"EMILY - Bande-annonce\" width=\"1170\" height=\"658\" src=\"https:\/\/www.youtube.com\/embed\/LhfI0_onX3s?feature=oembed\" frameborder=\"0\" allow=\"accelerometer; autoplay; clipboard-write; encrypted-media; gyroscope; picture-in-picture; web-share\" allowfullscreen><\/iframe>\n<\/div><\/figure>\n\n\n\n<figure class=\"wp-block-gallery has-nested-images columns-default is-cropped wp-block-gallery-1 is-layout-flex wp-block-gallery-is-layout-flex\">\n<figure class=\"wp-block-image size-large is-style-default\"><img loading=\"lazy\" decoding=\"async\" width=\"768\" height=\"1024\" data-id=\"1835\" src=\"http:\/\/festivalbritannique.fr\/wp-content\/uploads\/2023\/02\/3188632.jpg-r_1920_1080-f_jpg-q_x-xxyxx-768x1024.jpg\" alt=\"\" class=\"wp-image-1835\" srcset=\"https:\/\/festivalbritannique.fr\/wp-content\/uploads\/2023\/02\/3188632.jpg-r_1920_1080-f_jpg-q_x-xxyxx-768x1024.jpg 768w, https:\/\/festivalbritannique.fr\/wp-content\/uploads\/2023\/02\/3188632.jpg-r_1920_1080-f_jpg-q_x-xxyxx-225x300.jpg 225w, https:\/\/festivalbritannique.fr\/wp-content\/uploads\/2023\/02\/3188632.jpg-r_1920_1080-f_jpg-q_x-xxyxx.jpg 810w\" sizes=\"auto, (max-width: 768px) 100vw, 768px\" \/><\/figure>\n\n\n\n<figure class=\"wp-block-image size-large\"><img loading=\"lazy\" decoding=\"async\" width=\"691\" height=\"1024\" data-id=\"1836\" src=\"http:\/\/festivalbritannique.fr\/wp-content\/uploads\/2023\/02\/1388432.jpg-r_1920_1080-f_jpg-q_x-xxyxx-691x1024.jpg\" alt=\"\" class=\"wp-image-1836\" srcset=\"https:\/\/festivalbritannique.fr\/wp-content\/uploads\/2023\/02\/1388432.jpg-r_1920_1080-f_jpg-q_x-xxyxx-691x1024.jpg 691w, https:\/\/festivalbritannique.fr\/wp-content\/uploads\/2023\/02\/1388432.jpg-r_1920_1080-f_jpg-q_x-xxyxx-203x300.jpg 203w, https:\/\/festivalbritannique.fr\/wp-content\/uploads\/2023\/02\/1388432.jpg-r_1920_1080-f_jpg-q_x-xxyxx.jpg 729w\" sizes=\"auto, (max-width: 691px) 100vw, 691px\" \/><\/figure>\n<\/figure>\n<!-- AddThis Advanced Settings generic via filter on the_content --><!-- AddThis Share Buttons generic via filter on the_content -->","protected":false},"excerpt":{"rendered":"<p>Emily Samedi 18 mars \u00e0 18h 2h10 \/Biopic, Historique De Frances O&rsquo;Connor Avec Emma Mackey, Alexandra Dowling, Fionn Whitehead Aussi \u00e9nigmatique que provocatrice, Emily Bront\u00eb demeure l\u2019une des autrices les plus c\u00e9l\u00e8bres au monde. EMILY imagine le parcours initiatique de cette jeune femme rebelle et marginale, qui la m\u00e8nera \u00e0 \u00e9crire son chef-d\u2019\u0153uvre Les Hauts<\/p>\n<p><a href=\"https:\/\/festivalbritannique.fr\/?page_id=1834\" class=\"more-link themebutton\">Read More<\/a><\/p>\n<p><!-- AddThis Advanced Settings generic via filter on get_the_excerpt --><!-- AddThis Share Buttons generic via filter on get_the_excerpt --><\/p>\n","protected":false},"author":2,"featured_media":0,"parent":1812,"menu_order":0,"comment_status":"closed","ping_status":"closed","template":"","meta":{"ngg_post_thumbnail":0,"footnotes":""},"class_list":["post-1834","page","type-page","status-publish","hentry"],"_links":{"self":[{"href":"https:\/\/festivalbritannique.fr\/index.php?rest_route=\/wp\/v2\/pages\/1834","targetHints":{"allow":["GET"]}}],"collection":[{"href":"https:\/\/festivalbritannique.fr\/index.php?rest_route=\/wp\/v2\/pages"}],"about":[{"href":"https:\/\/festivalbritannique.fr\/index.php?rest_route=\/wp\/v2\/types\/page"}],"author":[{"embeddable":true,"href":"https:\/\/festivalbritannique.fr\/index.php?rest_route=\/wp\/v2\/users\/2"}],"replies":[{"embeddable":true,"href":"https:\/\/festivalbritannique.fr\/index.php?rest_route=%2Fwp%2Fv2%2Fcomments&post=1834"}],"version-history":[{"count":5,"href":"https:\/\/festivalbritannique.fr\/index.php?rest_route=\/wp\/v2\/pages\/1834\/revisions"}],"predecessor-version":[{"id":1851,"href":"https:\/\/festivalbritannique.fr\/index.php?rest_route=\/wp\/v2\/pages\/1834\/revisions\/1851"}],"up":[{"embeddable":true,"href":"https:\/\/festivalbritannique.fr\/index.php?rest_route=\/wp\/v2\/pages\/1812"}],"wp:attachment":[{"href":"https:\/\/festivalbritannique.fr\/index.php?rest_route=%2Fwp%2Fv2%2Fmedia&parent=1834"}],"curies":[{"name":"wp","href":"https:\/\/api.w.org\/{rel}","templated":true}]}}