{"id":1842,"date":"2023-02-23T19:09:39","date_gmt":"2023-02-23T18:09:39","guid":{"rendered":"http:\/\/festivalbritannique.fr\/?page_id=1842"},"modified":"2023-02-23T19:44:14","modified_gmt":"2023-02-23T18:44:14","slug":"moonage-daydream-2-2-2-2-2","status":"publish","type":"page","link":"https:\/\/festivalbritannique.fr\/?page_id=1842","title":{"rendered":"Empire of light"},"content":{"rendered":"\n<p class=\"has-vivid-red-color has-text-color\"><strong>Empire of light<\/strong><\/p>\n\n\n\n<p class=\"has-white-color has-pale-pink-background-color has-text-color has-background has-small-font-size\">Samedi 18 mars \u00e0 21h<\/p>\n\n\n\n<p>1h 59min \/Romance, Drame<\/p>\n\n\n\n<p>De Sam Mendes<\/p>\n\n\n\n<p>Avec Olivia Colman, Micheal Ward, Tom Brooke<\/p>\n\n\n\n<p class=\"has-vivid-cyan-blue-color has-text-color\"><em>Hilary est responsable d\u2019un cin\u00e9ma dans une ville baln\u00e9aire anglaise et tente de pr\u00e9server sa sant\u00e9 mentale fragile. Stephen est un nouvel employ\u00e9 qui n\u2019aspire qu\u2019\u00e0 quitter cette petite ville de province o\u00f9 chaque jour peut vite se transformer en \u00e9preuve. En se rapprochant l\u2019un de l\u2019autre, ils vont apprendre \u00e0 soigner leurs blessures gr\u00e2ce \u00e0 la musique, au cin\u00e9ma et au sentiment d\u2019appartenance \u00e0 un groupe\u2026<\/em><\/p>\n\n\n\n<p class=\"has-pale-cyan-blue-color has-text-color\"><em>Hilary (Olivia Colman) is a cinema manager struggling with her mental health, and Stephen (Micheal Ward) is a new employee longing to escape the provincial town where he faces daily adversity. Together they find a sense of belonging and experience the healing power of music, cinema, and community.<\/em><\/p>\n\n\n\n<figure class=\"wp-block-embed is-type-video is-provider-youtube wp-block-embed-youtube wp-embed-aspect-16-9 wp-has-aspect-ratio\"><div class=\"wp-block-embed__wrapper\">\n<iframe loading=\"lazy\" title=\"Empire of Light - Bande-annonce officielle (VOST) | Searchlight\" width=\"1170\" height=\"658\" src=\"https:\/\/www.youtube.com\/embed\/UbqNH-zpxKM?feature=oembed\" frameborder=\"0\" allow=\"accelerometer; autoplay; clipboard-write; encrypted-media; gyroscope; picture-in-picture; web-share\" allowfullscreen><\/iframe>\n<\/div><\/figure>\n\n\n\n<figure class=\"wp-block-gallery has-nested-images columns-default is-cropped wp-block-gallery-1 is-layout-flex wp-block-gallery-is-layout-flex\">\n<figure class=\"wp-block-image size-full is-style-default\"><img loading=\"lazy\" decoding=\"async\" width=\"439\" height=\"600\" data-id=\"1843\" src=\"http:\/\/festivalbritannique.fr\/wp-content\/uploads\/2023\/02\/l_empire-of-light-affiche-scaled-1.jpg\" alt=\"\" class=\"wp-image-1843\" srcset=\"https:\/\/festivalbritannique.fr\/wp-content\/uploads\/2023\/02\/l_empire-of-light-affiche-scaled-1.jpg 439w, https:\/\/festivalbritannique.fr\/wp-content\/uploads\/2023\/02\/l_empire-of-light-affiche-scaled-1-220x300.jpg 220w\" sizes=\"auto, (max-width: 439px) 100vw, 439px\" \/><\/figure>\n\n\n\n<figure class=\"wp-block-image size-large\"><img loading=\"lazy\" decoding=\"async\" width=\"688\" height=\"1024\" data-id=\"1875\" src=\"http:\/\/festivalbritannique.fr\/wp-content\/uploads\/2023\/02\/Screenshot-2023-02-23-at-19-43-32-Empire-of-Light-2022-688x1024.png\" alt=\"\" class=\"wp-image-1875\" srcset=\"https:\/\/festivalbritannique.fr\/wp-content\/uploads\/2023\/02\/Screenshot-2023-02-23-at-19-43-32-Empire-of-Light-2022-688x1024.png 688w, https:\/\/festivalbritannique.fr\/wp-content\/uploads\/2023\/02\/Screenshot-2023-02-23-at-19-43-32-Empire-of-Light-2022-201x300.png 201w, https:\/\/festivalbritannique.fr\/wp-content\/uploads\/2023\/02\/Screenshot-2023-02-23-at-19-43-32-Empire-of-Light-2022-768x1144.png 768w, https:\/\/festivalbritannique.fr\/wp-content\/uploads\/2023\/02\/Screenshot-2023-02-23-at-19-43-32-Empire-of-Light-2022-1031x1536.png 1031w, https:\/\/festivalbritannique.fr\/wp-content\/uploads\/2023\/02\/Screenshot-2023-02-23-at-19-43-32-Empire-of-Light-2022.png 1214w\" sizes=\"auto, (max-width: 688px) 100vw, 688px\" \/><\/figure>\n<\/figure>\n<!-- AddThis Advanced Settings generic via filter on the_content --><!-- AddThis Share Buttons generic via filter on the_content -->","protected":false},"excerpt":{"rendered":"<p>Empire of light Samedi 18 mars \u00e0 21h 1h 59min \/Romance, Drame De Sam Mendes Avec Olivia Colman, Micheal Ward, Tom Brooke Hilary est responsable d\u2019un cin\u00e9ma dans une ville baln\u00e9aire anglaise et tente de pr\u00e9server sa sant\u00e9 mentale fragile. Stephen est un nouvel employ\u00e9 qui n\u2019aspire qu\u2019\u00e0 quitter cette petite ville de province o\u00f9<\/p>\n<p><a href=\"https:\/\/festivalbritannique.fr\/?page_id=1842\" class=\"more-link themebutton\">Read More<\/a><\/p>\n<p><!-- AddThis Advanced Settings generic via filter on get_the_excerpt --><!-- AddThis Share Buttons generic via filter on get_the_excerpt --><\/p>\n","protected":false},"author":2,"featured_media":0,"parent":1812,"menu_order":0,"comment_status":"closed","ping_status":"closed","template":"","meta":{"ngg_post_thumbnail":0,"footnotes":""},"class_list":["post-1842","page","type-page","status-publish","hentry"],"_links":{"self":[{"href":"https:\/\/festivalbritannique.fr\/index.php?rest_route=\/wp\/v2\/pages\/1842","targetHints":{"allow":["GET"]}}],"collection":[{"href":"https:\/\/festivalbritannique.fr\/index.php?rest_route=\/wp\/v2\/pages"}],"about":[{"href":"https:\/\/festivalbritannique.fr\/index.php?rest_route=\/wp\/v2\/types\/page"}],"author":[{"embeddable":true,"href":"https:\/\/festivalbritannique.fr\/index.php?rest_route=\/wp\/v2\/users\/2"}],"replies":[{"embeddable":true,"href":"https:\/\/festivalbritannique.fr\/index.php?rest_route=%2Fwp%2Fv2%2Fcomments&post=1842"}],"version-history":[{"count":4,"href":"https:\/\/festivalbritannique.fr\/index.php?rest_route=\/wp\/v2\/pages\/1842\/revisions"}],"predecessor-version":[{"id":1877,"href":"https:\/\/festivalbritannique.fr\/index.php?rest_route=\/wp\/v2\/pages\/1842\/revisions\/1877"}],"up":[{"embeddable":true,"href":"https:\/\/festivalbritannique.fr\/index.php?rest_route=\/wp\/v2\/pages\/1812"}],"wp:attachment":[{"href":"https:\/\/festivalbritannique.fr\/index.php?rest_route=%2Fwp%2Fv2%2Fmedia&parent=1842"}],"curies":[{"name":"wp","href":"https:\/\/api.w.org\/{rel}","templated":true}]}}