{"id":1856,"date":"2023-02-23T19:24:29","date_gmt":"2023-02-23T18:24:29","guid":{"rendered":"http:\/\/festivalbritannique.fr\/?page_id=1856"},"modified":"2023-02-23T19:25:53","modified_gmt":"2023-02-23T18:25:53","slug":"moonage-daydream-2-2-2-3","status":"publish","type":"page","link":"https:\/\/festivalbritannique.fr\/?page_id=1856","title":{"rendered":"Et l&rsquo;amour dans tout \u00e7a?"},"content":{"rendered":"\n<p class=\"has-vivid-red-color has-text-color\"><strong>What&rsquo;s Love Got to Do With It?<\/strong><\/p>\n\n\n\n<p class=\"has-white-color has-pale-pink-background-color has-text-color has-background has-small-font-size\">Dimanche 19 mars \u00e0 13h50<\/p>\n\n\n\n<p>1h 49min \/Com\u00e9die, Romance<\/p>\n\n\n\n<p>De Shekhar Kapur<\/p>\n\n\n\n<p>Avec Lily James, Shazad Latif, Shabana Azmi<\/p>\n\n\n\n<p class=\"has-vivid-cyan-blue-color has-text-color\"><em>Comment trouver le grand amour dans le monde d\u2019aujourd\u2019hui ? Zoe, documentariste accro aux applis de rencontres, multiplie les rendez-vous hasardeux au grand d\u00e9sarroi de sa m\u00e8re Cath, un rien excentrique. Pour son ami d\u2019enfance \u2013 et voisin \u2013 Kaz, la r\u00e9ponse est toute trouv\u00e9e : il suffit de suivre l\u2019exemple de ses parents et d\u2019opter pour un mariage arrang\u00e9 (ou \u00ab assist\u00e9 \u00bb) avec une jeune fille du Pakistan, aussi ravissante que fut\u00e9e. Alors que Zoe d\u00e9cide de filmer Kaz dans son p\u00e9riple amoureux et d\u2019en faire un documentaire, elle commence \u00e0 se demander si elle n\u2019aurait pas int\u00e9r\u00eat \u00e0 s\u2019inspirer d\u2019une d\u00e9marche radicalement diff\u00e9rente pour trouver \u2013 enfin \u2013 le grand amour\u2026<\/em><\/p>\n\n\n\n<p class=\"has-pale-cyan-blue-color has-text-color\"><em>How do you find lasting love in today&rsquo;s world? For documentary-maker and dating app addict Zoe (Lily James), swiping right has only delivered an endless stream of Mr. Wrongs, to her eccentric mother Cath&rsquo;s (Emma Thompson) dismay. For Zoe&rsquo;s childhood friend and neighbor Kaz (Shazad Latif), the answer is to follow his parents&rsquo; example and opt for an arranged (or \u00ab\u00a0assisted\u00a0\u00bb) marriage to a bright and beautiful bride from Pakistan. As Zoe films his hopeful journey from London to Lahore to marry a stranger, chosen by his parents, she begins to wonder if she might have something to learn from a profoundly different approach to finding love.<\/em><\/p>\n\n\n\n<figure class=\"wp-block-embed is-type-video is-provider-youtube wp-block-embed-youtube wp-embed-aspect-16-9 wp-has-aspect-ratio\"><div class=\"wp-block-embed__wrapper\">\n<iframe loading=\"lazy\" title=\"ET L&#039;AMOUR DANS TOUT \u00c7A ? \u2013 Bande-annonce Officielle \u2013 Lily James, Emma Thompson (2023)\" width=\"1170\" height=\"658\" src=\"https:\/\/www.youtube.com\/embed\/I0DnL-heE90?feature=oembed\" frameborder=\"0\" allow=\"accelerometer; autoplay; clipboard-write; encrypted-media; gyroscope; picture-in-picture; web-share\" allowfullscreen><\/iframe>\n<\/div><\/figure>\n\n\n\n<figure class=\"wp-block-gallery has-nested-images columns-default is-cropped wp-block-gallery-1 is-layout-flex wp-block-gallery-is-layout-flex\">\n<figure class=\"wp-block-image size-large is-style-default\"><img loading=\"lazy\" decoding=\"async\" width=\"768\" height=\"1024\" data-id=\"1857\" src=\"http:\/\/festivalbritannique.fr\/wp-content\/uploads\/2023\/02\/0826479.jpg-r_1920_1080-f_jpg-q_x-xxyxx-768x1024.jpg\" alt=\"\" class=\"wp-image-1857\" srcset=\"https:\/\/festivalbritannique.fr\/wp-content\/uploads\/2023\/02\/0826479.jpg-r_1920_1080-f_jpg-q_x-xxyxx-768x1024.jpg 768w, https:\/\/festivalbritannique.fr\/wp-content\/uploads\/2023\/02\/0826479.jpg-r_1920_1080-f_jpg-q_x-xxyxx-225x300.jpg 225w, https:\/\/festivalbritannique.fr\/wp-content\/uploads\/2023\/02\/0826479.jpg-r_1920_1080-f_jpg-q_x-xxyxx.jpg 810w\" sizes=\"auto, (max-width: 768px) 100vw, 768px\" \/><\/figure>\n\n\n\n<figure class=\"wp-block-image size-large\"><img loading=\"lazy\" decoding=\"async\" width=\"821\" height=\"1024\" data-id=\"1858\" src=\"http:\/\/festivalbritannique.fr\/wp-content\/uploads\/2023\/02\/Screenshot-2023-02-23-at-19-23-56-Et-lamour-dans-tout-ca-2022-821x1024.png\" alt=\"\" class=\"wp-image-1858\" srcset=\"https:\/\/festivalbritannique.fr\/wp-content\/uploads\/2023\/02\/Screenshot-2023-02-23-at-19-23-56-Et-lamour-dans-tout-ca-2022-821x1024.png 821w, https:\/\/festivalbritannique.fr\/wp-content\/uploads\/2023\/02\/Screenshot-2023-02-23-at-19-23-56-Et-lamour-dans-tout-ca-2022-241x300.png 241w, https:\/\/festivalbritannique.fr\/wp-content\/uploads\/2023\/02\/Screenshot-2023-02-23-at-19-23-56-Et-lamour-dans-tout-ca-2022-768x958.png 768w, https:\/\/festivalbritannique.fr\/wp-content\/uploads\/2023\/02\/Screenshot-2023-02-23-at-19-23-56-Et-lamour-dans-tout-ca-2022-1232x1536.png 1232w, https:\/\/festivalbritannique.fr\/wp-content\/uploads\/2023\/02\/Screenshot-2023-02-23-at-19-23-56-Et-lamour-dans-tout-ca-2022.png 1450w\" sizes=\"auto, (max-width: 821px) 100vw, 821px\" \/><\/figure>\n<\/figure>\n<!-- AddThis Advanced Settings generic via filter on the_content --><!-- AddThis Share Buttons generic via filter on the_content -->","protected":false},"excerpt":{"rendered":"<p>What&rsquo;s Love Got to Do With It? Dimanche 19 mars \u00e0 13h50 1h 49min \/Com\u00e9die, Romance De Shekhar Kapur Avec Lily James, Shazad Latif, Shabana Azmi Comment trouver le grand amour dans le monde d\u2019aujourd\u2019hui ? Zoe, documentariste accro aux applis de rencontres, multiplie les rendez-vous hasardeux au grand d\u00e9sarroi de sa m\u00e8re Cath, un<\/p>\n<p><a href=\"https:\/\/festivalbritannique.fr\/?page_id=1856\" class=\"more-link themebutton\">Read More<\/a><\/p>\n<p><!-- AddThis Advanced Settings generic via filter on get_the_excerpt --><!-- AddThis Share Buttons generic via filter on get_the_excerpt --><\/p>\n","protected":false},"author":2,"featured_media":0,"parent":1812,"menu_order":0,"comment_status":"closed","ping_status":"closed","template":"","meta":{"ngg_post_thumbnail":0,"footnotes":""},"class_list":["post-1856","page","type-page","status-publish","hentry"],"_links":{"self":[{"href":"https:\/\/festivalbritannique.fr\/index.php?rest_route=\/wp\/v2\/pages\/1856","targetHints":{"allow":["GET"]}}],"collection":[{"href":"https:\/\/festivalbritannique.fr\/index.php?rest_route=\/wp\/v2\/pages"}],"about":[{"href":"https:\/\/festivalbritannique.fr\/index.php?rest_route=\/wp\/v2\/types\/page"}],"author":[{"embeddable":true,"href":"https:\/\/festivalbritannique.fr\/index.php?rest_route=\/wp\/v2\/users\/2"}],"replies":[{"embeddable":true,"href":"https:\/\/festivalbritannique.fr\/index.php?rest_route=%2Fwp%2Fv2%2Fcomments&post=1856"}],"version-history":[{"count":2,"href":"https:\/\/festivalbritannique.fr\/index.php?rest_route=\/wp\/v2\/pages\/1856\/revisions"}],"predecessor-version":[{"id":1861,"href":"https:\/\/festivalbritannique.fr\/index.php?rest_route=\/wp\/v2\/pages\/1856\/revisions\/1861"}],"up":[{"embeddable":true,"href":"https:\/\/festivalbritannique.fr\/index.php?rest_route=\/wp\/v2\/pages\/1812"}],"wp:attachment":[{"href":"https:\/\/festivalbritannique.fr\/index.php?rest_route=%2Fwp%2Fv2%2Fmedia&parent=1856"}],"curies":[{"name":"wp","href":"https:\/\/api.w.org\/{rel}","templated":true}]}}