{"id":1862,"date":"2023-02-23T19:30:26","date_gmt":"2023-02-23T18:30:26","guid":{"rendered":"http:\/\/festivalbritannique.fr\/?page_id=1862"},"modified":"2023-02-23T19:30:27","modified_gmt":"2023-02-23T18:30:27","slug":"moonage-daydream-2-2-2-3-2","status":"publish","type":"page","link":"https:\/\/festivalbritannique.fr\/?page_id=1862","title":{"rendered":"Vivre"},"content":{"rendered":"\n<p class=\"has-vivid-red-color has-text-color\"><strong>Living<\/strong><\/p>\n\n\n\n<p class=\"has-white-color has-pale-pink-background-color has-text-color has-background has-small-font-size\">Dimanche 19 mars \u00e0 16h<\/p>\n\n\n\n<p>1h 42min \/Drame<\/p>\n\n\n\n<p>De Oliver Hermanus<\/p>\n\n\n\n<p>Avec Bill Nighy, Aimee Lou Wood, Alex Sharp (II)<\/p>\n\n\n\n<p class=\"has-vivid-cyan-blue-color has-text-color\"><em>Londres panse encore ses plaies apr\u00e8s la Seconde Guerre mondiale. Williams, fonctionnaire chevronn\u00e9, est un rouage impuissant dans le syst\u00e8me administratif de la ville qui doit se reconstruire. Il m\u00e8ne une vie morne et sans int\u00e9r\u00eat, mais tout change lorsqu\u2019on lui diagnostique une maladie grave qui l\u2019oblige \u00e0 faire le point sur son existence. Rejetant son quotidien banal et routinier, Williams va alors se d\u00e9passer et enfin vivre pleinement sa vie.<\/em><\/p>\n\n\n\n<p class=\"has-pale-cyan-blue-color has-text-color\"><em>n 1950s London, a humorless civil servant decides to take time off work to experience life after receiving a grim diagnosis.<\/em><\/p>\n\n\n\n<figure class=\"wp-block-embed is-type-video is-provider-youtube wp-block-embed-youtube wp-embed-aspect-16-9 wp-has-aspect-ratio\"><div class=\"wp-block-embed__wrapper\">\n<iframe loading=\"lazy\" title=\"VIVRE - Bande-Annonce VOST\" width=\"1170\" height=\"658\" src=\"https:\/\/www.youtube.com\/embed\/o3CHWHJOnOE?feature=oembed\" frameborder=\"0\" allow=\"accelerometer; autoplay; clipboard-write; encrypted-media; gyroscope; picture-in-picture; web-share\" allowfullscreen><\/iframe>\n<\/div><\/figure>\n\n\n\n<figure class=\"wp-block-gallery has-nested-images columns-default is-cropped wp-block-gallery-1 is-layout-flex wp-block-gallery-is-layout-flex\">\n<figure class=\"wp-block-image size-large is-style-default\"><img loading=\"lazy\" decoding=\"async\" width=\"768\" height=\"1024\" data-id=\"1863\" src=\"http:\/\/festivalbritannique.fr\/wp-content\/uploads\/2023\/02\/2492111.jpg-r_1920_1080-f_jpg-q_x-xxyxx-768x1024.jpg\" alt=\"\" class=\"wp-image-1863\" srcset=\"https:\/\/festivalbritannique.fr\/wp-content\/uploads\/2023\/02\/2492111.jpg-r_1920_1080-f_jpg-q_x-xxyxx-768x1024.jpg 768w, https:\/\/festivalbritannique.fr\/wp-content\/uploads\/2023\/02\/2492111.jpg-r_1920_1080-f_jpg-q_x-xxyxx-225x300.jpg 225w, https:\/\/festivalbritannique.fr\/wp-content\/uploads\/2023\/02\/2492111.jpg-r_1920_1080-f_jpg-q_x-xxyxx.jpg 810w\" sizes=\"auto, (max-width: 768px) 100vw, 768px\" \/><\/figure>\n\n\n\n<figure class=\"wp-block-image size-large\"><img loading=\"lazy\" decoding=\"async\" width=\"691\" height=\"1024\" data-id=\"1864\" src=\"http:\/\/festivalbritannique.fr\/wp-content\/uploads\/2023\/02\/4989046.jpg-r_1920_1080-f_jpg-q_x-xxyxx-691x1024.jpg\" alt=\"\" class=\"wp-image-1864\" srcset=\"https:\/\/festivalbritannique.fr\/wp-content\/uploads\/2023\/02\/4989046.jpg-r_1920_1080-f_jpg-q_x-xxyxx-691x1024.jpg 691w, https:\/\/festivalbritannique.fr\/wp-content\/uploads\/2023\/02\/4989046.jpg-r_1920_1080-f_jpg-q_x-xxyxx-203x300.jpg 203w, https:\/\/festivalbritannique.fr\/wp-content\/uploads\/2023\/02\/4989046.jpg-r_1920_1080-f_jpg-q_x-xxyxx.jpg 729w\" sizes=\"auto, (max-width: 691px) 100vw, 691px\" \/><\/figure>\n<\/figure>\n<!-- AddThis Advanced Settings generic via filter on the_content --><!-- AddThis Share Buttons generic via filter on the_content -->","protected":false},"excerpt":{"rendered":"<p>Living Dimanche 19 mars \u00e0 16h 1h 42min \/Drame De Oliver Hermanus Avec Bill Nighy, Aimee Lou Wood, Alex Sharp (II) Londres panse encore ses plaies apr\u00e8s la Seconde Guerre mondiale. Williams, fonctionnaire chevronn\u00e9, est un rouage impuissant dans le syst\u00e8me administratif de la ville qui doit se reconstruire. Il m\u00e8ne une vie morne et<\/p>\n<p><a href=\"https:\/\/festivalbritannique.fr\/?page_id=1862\" class=\"more-link themebutton\">Read More<\/a><\/p>\n<p><!-- AddThis Advanced Settings generic via filter on get_the_excerpt --><!-- AddThis Share Buttons generic via filter on get_the_excerpt --><\/p>\n","protected":false},"author":2,"featured_media":0,"parent":1812,"menu_order":0,"comment_status":"closed","ping_status":"closed","template":"","meta":{"ngg_post_thumbnail":0,"footnotes":""},"class_list":["post-1862","page","type-page","status-publish","hentry"],"_links":{"self":[{"href":"https:\/\/festivalbritannique.fr\/index.php?rest_route=\/wp\/v2\/pages\/1862","targetHints":{"allow":["GET"]}}],"collection":[{"href":"https:\/\/festivalbritannique.fr\/index.php?rest_route=\/wp\/v2\/pages"}],"about":[{"href":"https:\/\/festivalbritannique.fr\/index.php?rest_route=\/wp\/v2\/types\/page"}],"author":[{"embeddable":true,"href":"https:\/\/festivalbritannique.fr\/index.php?rest_route=\/wp\/v2\/users\/2"}],"replies":[{"embeddable":true,"href":"https:\/\/festivalbritannique.fr\/index.php?rest_route=%2Fwp%2Fv2%2Fcomments&post=1862"}],"version-history":[{"count":1,"href":"https:\/\/festivalbritannique.fr\/index.php?rest_route=\/wp\/v2\/pages\/1862\/revisions"}],"predecessor-version":[{"id":1865,"href":"https:\/\/festivalbritannique.fr\/index.php?rest_route=\/wp\/v2\/pages\/1862\/revisions\/1865"}],"up":[{"embeddable":true,"href":"https:\/\/festivalbritannique.fr\/index.php?rest_route=\/wp\/v2\/pages\/1812"}],"wp:attachment":[{"href":"https:\/\/festivalbritannique.fr\/index.php?rest_route=%2Fwp%2Fv2%2Fmedia&parent=1862"}],"curies":[{"name":"wp","href":"https:\/\/api.w.org\/{rel}","templated":true}]}}