{"id":1866,"date":"2023-02-23T19:37:35","date_gmt":"2023-02-23T18:37:35","guid":{"rendered":"http:\/\/festivalbritannique.fr\/?page_id=1866"},"modified":"2023-02-23T19:47:49","modified_gmt":"2023-02-23T18:47:49","slug":"moonage-daydream-2-2-2-3-2-2","status":"publish","type":"page","link":"https:\/\/festivalbritannique.fr\/?page_id=1866","title":{"rendered":"Limbo"},"content":{"rendered":"\n<p class=\"has-vivid-red-color has-text-color\"><strong>Limbo<\/strong><\/p>\n\n\n\n<p class=\"has-white-color has-pale-pink-background-color has-text-color has-background has-small-font-size\">Dimanche 19 mars \u00e0 18h<\/p>\n\n\n\n<p class=\"has-white-color has-cyan-bluish-gray-background-color has-text-color has-background has-small-font-size\">S\u00e9ance anim\u00e9e par le Cin\u00e9-Clap<\/p>\n\n\n\n<p>1h 44min \/Drame<\/p>\n\n\n\n<p>De Ben Sharrock<\/p>\n\n\n\n<p>Avec Amir El-Masry, Vikash Bhai, Ola Orebiyi<\/p>\n\n\n\n<p class=\"has-vivid-cyan-blue-color has-text-color\"><em>Sur une petite \u00eele de p\u00eacheurs en \u00c9cosse, un groupe de demandeurs d\u2019asile attend de connaitre son sort. Face \u00e0 des habitants loufoques et des situations ubuesques, chacun s\u2019accroche \u00e0 la promesse d\u2019une vie meilleure. Parmi eux se trouve Omar, un jeune musicien syrien, qui transporte o\u00f9 qu\u2019il aille l\u2019instrument l\u00e9gu\u00e9 par son grand-p\u00e8re.<\/em><\/p>\n\n\n\n<p class=\"has-pale-cyan-blue-color has-text-color\"><em>Limbo is a wry and poignant observation of the refugee experience, set on a fictional remote Scottish island where a group of new arrivals await the results of their asylum claims. It centers on Omar (Amir El-Masry), a young Syrian musician who is burdened by his grandfather&rsquo;s oud, the king of Arabic music instruments, which he has carried all the way from his homeland.<\/em><\/p>\n\n\n\n<figure class=\"wp-block-embed is-type-video is-provider-youtube wp-block-embed-youtube wp-embed-aspect-16-9 wp-has-aspect-ratio\"><div class=\"wp-block-embed__wrapper\">\n<iframe loading=\"lazy\" title=\"LIMBO Bande Annonce VOST (2022, Drame) Amir El-Masry, Vikash Bhai\" width=\"1170\" height=\"658\" src=\"https:\/\/www.youtube.com\/embed\/42GwJ42kgvE?feature=oembed\" frameborder=\"0\" allow=\"accelerometer; autoplay; clipboard-write; encrypted-media; gyroscope; picture-in-picture; web-share\" allowfullscreen><\/iframe>\n<\/div><\/figure>\n\n\n\n<figure class=\"wp-block-gallery has-nested-images columns-default is-cropped wp-block-gallery-1 is-layout-flex wp-block-gallery-is-layout-flex\">\n<figure class=\"wp-block-image size-large is-style-default\"><img loading=\"lazy\" decoding=\"async\" width=\"691\" height=\"1024\" data-id=\"1867\" src=\"http:\/\/festivalbritannique.fr\/wp-content\/uploads\/2023\/02\/1725453.jpg-r_1920_1080-f_jpg-q_x-xxyxx-691x1024.jpg\" alt=\"\" class=\"wp-image-1867\" srcset=\"https:\/\/festivalbritannique.fr\/wp-content\/uploads\/2023\/02\/1725453.jpg-r_1920_1080-f_jpg-q_x-xxyxx-691x1024.jpg 691w, https:\/\/festivalbritannique.fr\/wp-content\/uploads\/2023\/02\/1725453.jpg-r_1920_1080-f_jpg-q_x-xxyxx-203x300.jpg 203w, https:\/\/festivalbritannique.fr\/wp-content\/uploads\/2023\/02\/1725453.jpg-r_1920_1080-f_jpg-q_x-xxyxx.jpg 729w\" sizes=\"auto, (max-width: 691px) 100vw, 691px\" \/><\/figure>\n\n\n\n<figure class=\"wp-block-image size-large\"><img loading=\"lazy\" decoding=\"async\" width=\"691\" height=\"1024\" data-id=\"1868\" src=\"http:\/\/festivalbritannique.fr\/wp-content\/uploads\/2023\/02\/3149214.jpg-r_1920_1080-f_jpg-q_x-xxyxx-691x1024.jpg\" alt=\"\" class=\"wp-image-1868\" srcset=\"https:\/\/festivalbritannique.fr\/wp-content\/uploads\/2023\/02\/3149214.jpg-r_1920_1080-f_jpg-q_x-xxyxx-691x1024.jpg 691w, https:\/\/festivalbritannique.fr\/wp-content\/uploads\/2023\/02\/3149214.jpg-r_1920_1080-f_jpg-q_x-xxyxx-203x300.jpg 203w, https:\/\/festivalbritannique.fr\/wp-content\/uploads\/2023\/02\/3149214.jpg-r_1920_1080-f_jpg-q_x-xxyxx.jpg 729w\" sizes=\"auto, (max-width: 691px) 100vw, 691px\" \/><\/figure>\n<\/figure>\n<!-- AddThis Advanced Settings generic via filter on the_content --><!-- AddThis Share Buttons generic via filter on the_content -->","protected":false},"excerpt":{"rendered":"<p>Limbo Dimanche 19 mars \u00e0 18h S\u00e9ance anim\u00e9e par le Cin\u00e9-Clap 1h 44min \/Drame De Ben Sharrock Avec Amir El-Masry, Vikash Bhai, Ola Orebiyi Sur une petite \u00eele de p\u00eacheurs en \u00c9cosse, un groupe de demandeurs d\u2019asile attend de connaitre son sort. Face \u00e0 des habitants loufoques et des situations ubuesques, chacun s\u2019accroche \u00e0 la<\/p>\n<p><a href=\"https:\/\/festivalbritannique.fr\/?page_id=1866\" class=\"more-link themebutton\">Read More<\/a><\/p>\n<p><!-- AddThis Advanced Settings generic via filter on get_the_excerpt --><!-- AddThis Share Buttons generic via filter on get_the_excerpt --><\/p>\n","protected":false},"author":2,"featured_media":0,"parent":1812,"menu_order":0,"comment_status":"closed","ping_status":"closed","template":"","meta":{"ngg_post_thumbnail":0,"footnotes":""},"class_list":["post-1866","page","type-page","status-publish","hentry"],"_links":{"self":[{"href":"https:\/\/festivalbritannique.fr\/index.php?rest_route=\/wp\/v2\/pages\/1866","targetHints":{"allow":["GET"]}}],"collection":[{"href":"https:\/\/festivalbritannique.fr\/index.php?rest_route=\/wp\/v2\/pages"}],"about":[{"href":"https:\/\/festivalbritannique.fr\/index.php?rest_route=\/wp\/v2\/types\/page"}],"author":[{"embeddable":true,"href":"https:\/\/festivalbritannique.fr\/index.php?rest_route=\/wp\/v2\/users\/2"}],"replies":[{"embeddable":true,"href":"https:\/\/festivalbritannique.fr\/index.php?rest_route=%2Fwp%2Fv2%2Fcomments&post=1866"}],"version-history":[{"count":4,"href":"https:\/\/festivalbritannique.fr\/index.php?rest_route=\/wp\/v2\/pages\/1866\/revisions"}],"predecessor-version":[{"id":1881,"href":"https:\/\/festivalbritannique.fr\/index.php?rest_route=\/wp\/v2\/pages\/1866\/revisions\/1881"}],"up":[{"embeddable":true,"href":"https:\/\/festivalbritannique.fr\/index.php?rest_route=\/wp\/v2\/pages\/1812"}],"wp:attachment":[{"href":"https:\/\/festivalbritannique.fr\/index.php?rest_route=%2Fwp%2Fv2%2Fmedia&parent=1866"}],"curies":[{"name":"wp","href":"https:\/\/api.w.org\/{rel}","templated":true}]}}