{"id":1976,"date":"2024-02-26T11:08:31","date_gmt":"2024-02-26T10:08:31","guid":{"rendered":"http:\/\/festivalbritannique.fr\/?page_id=1976"},"modified":"2024-02-26T11:15:43","modified_gmt":"2024-02-26T10:15:43","slug":"the-old-oak","status":"publish","type":"page","link":"https:\/\/festivalbritannique.fr\/?page_id=1976","title":{"rendered":"The old oak"},"content":{"rendered":"\n<p class=\"has-vivid-red-color has-text-color\"><strong>The old oak<\/strong><\/p>\n\n\n\n<p class=\"has-white-color has-pale-pink-background-color has-text-color has-background\">Vendredi 15 mars \u00e0 18h<\/p>\n\n\n\n<p class=\"has-cyan-bluish-gray-color has-text-color\">1h 53min |Drame<\/p>\n\n\n\n<p class=\"has-cyan-bluish-gray-color has-text-color\">De Ken Loach |<\/p>\n\n\n\n<p class=\"has-cyan-bluish-gray-color has-text-color\">Par Paul Laverty<\/p>\n\n\n\n<p class=\"has-cyan-bluish-gray-color has-text-color\">Avec Dave Turner, Ebla Mari, Claire Rodgerson<\/p>\n\n\n\n<p class=\"has-vivid-cyan-blue-color has-text-color\">TJ Ballantyne est le propri\u00e9taire du \u00ab\u00a0Old Oak\u00a0\u00bb, un pub situ\u00e9 dans une petite bourgade du nord de l\u2019Angleterre. Il y sert quotidiennement les m\u00eames habitu\u00e9s d\u00e9s\u0153uvr\u00e9s pour qui l\u2019endroit est devenu le dernier lieu o\u00f9 se retrouver. L\u2019arriv\u00e9e de r\u00e9fugi\u00e9s syriens va cr\u00e9er des tensions dans le village. TJ va cependant se lier d\u2019amiti\u00e9 avec Yara, une jeune migrante passionn\u00e9e par la photographie. Ensemble, ils vont tenter de redonner vie \u00e0 la communaut\u00e9 locale en d\u00e9veloppant une cantine pour les plus d\u00e9munis, quelles que soient leurs origines.<\/p>\n\n\n\n<p class=\"has-pale-cyan-blue-color has-text-color\">THE OLD OAK is a special place. Not only is it the last pub standing, but it&rsquo;s also the only remaining public space where people can meet in a once thriving mining community that has now fallen on hard times after 30 years of decline. TJ Ballantyne (Dave Turner) the landlord hangs on to The Old Oak by his fingertips, and his predicament is endangered even more when the pub becomes contested territory after the arrival of Syrian refugees who are placed in the village without any notice. In an unlikely friendship TJ meets a curious young Syrian Yara [Ebla Mari] with her camera. Can they find a way for the two communities to understand each other? So unfolds a deeply moving drama about their fragilities and hopes.<\/p>\n\n\n\n<figure class=\"wp-block-embed is-type-video is-provider-youtube wp-block-embed-youtube wp-embed-aspect-16-9 wp-has-aspect-ratio\"><div class=\"wp-block-embed__wrapper\">\n<iframe loading=\"lazy\" title=\"THE OLD OAK | BANDE-ANNONCE\" width=\"1170\" height=\"658\" src=\"https:\/\/www.youtube.com\/embed\/fODq8TzeUiQ?feature=oembed\" frameborder=\"0\" allow=\"accelerometer; autoplay; clipboard-write; encrypted-media; gyroscope; picture-in-picture; web-share\" allowfullscreen><\/iframe>\n<\/div><\/figure>\n\n\n\n<figure class=\"wp-block-gallery has-nested-images columns-default is-cropped wp-block-gallery-1 is-layout-flex wp-block-gallery-is-layout-flex\">\n<figure class=\"wp-block-image size-large\"><img loading=\"lazy\" decoding=\"async\" width=\"1178\" height=\"1600\" data-id=\"1977\" src=\"http:\/\/festivalbritannique.fr\/wp-content\/uploads\/2024\/02\/old-oak-vf.webp\" alt=\"\" class=\"wp-image-1977\"\/><\/figure>\n\n\n\n<figure class=\"wp-block-image size-large\"><img loading=\"lazy\" decoding=\"async\" width=\"768\" height=\"1024\" data-id=\"1978\" src=\"http:\/\/festivalbritannique.fr\/wp-content\/uploads\/2024\/02\/old-oak-vo-768x1024.jpg\" alt=\"\" class=\"wp-image-1978\" srcset=\"https:\/\/festivalbritannique.fr\/wp-content\/uploads\/2024\/02\/old-oak-vo-768x1024.jpg 768w, https:\/\/festivalbritannique.fr\/wp-content\/uploads\/2024\/02\/old-oak-vo-225x300.jpg 225w, https:\/\/festivalbritannique.fr\/wp-content\/uploads\/2024\/02\/old-oak-vo.jpg 800w\" sizes=\"auto, (max-width: 768px) 100vw, 768px\" \/><\/figure>\n<\/figure>\n<!-- AddThis Advanced Settings generic via filter on the_content --><!-- AddThis Share Buttons generic via filter on the_content -->","protected":false},"excerpt":{"rendered":"<p>The old oak Vendredi 15 mars \u00e0 18h 1h 53min |Drame De Ken Loach | Par Paul Laverty Avec Dave Turner, Ebla Mari, Claire Rodgerson TJ Ballantyne est le propri\u00e9taire du \u00ab\u00a0Old Oak\u00a0\u00bb, un pub situ\u00e9 dans une petite bourgade du nord de l\u2019Angleterre. Il y sert quotidiennement les m\u00eames habitu\u00e9s d\u00e9s\u0153uvr\u00e9s pour qui l\u2019endroit<\/p>\n<p><a href=\"https:\/\/festivalbritannique.fr\/?page_id=1976\" class=\"more-link themebutton\">Read More<\/a><\/p>\n<p><!-- AddThis Advanced Settings generic via filter on get_the_excerpt --><!-- AddThis Share Buttons generic via filter on get_the_excerpt --><\/p>\n","protected":false},"author":2,"featured_media":0,"parent":1985,"menu_order":0,"comment_status":"closed","ping_status":"closed","template":"","meta":{"ngg_post_thumbnail":0,"footnotes":""},"class_list":["post-1976","page","type-page","status-publish","hentry"],"_links":{"self":[{"href":"https:\/\/festivalbritannique.fr\/index.php?rest_route=\/wp\/v2\/pages\/1976","targetHints":{"allow":["GET"]}}],"collection":[{"href":"https:\/\/festivalbritannique.fr\/index.php?rest_route=\/wp\/v2\/pages"}],"about":[{"href":"https:\/\/festivalbritannique.fr\/index.php?rest_route=\/wp\/v2\/types\/page"}],"author":[{"embeddable":true,"href":"https:\/\/festivalbritannique.fr\/index.php?rest_route=\/wp\/v2\/users\/2"}],"replies":[{"embeddable":true,"href":"https:\/\/festivalbritannique.fr\/index.php?rest_route=%2Fwp%2Fv2%2Fcomments&post=1976"}],"version-history":[{"count":1,"href":"https:\/\/festivalbritannique.fr\/index.php?rest_route=\/wp\/v2\/pages\/1976\/revisions"}],"predecessor-version":[{"id":1979,"href":"https:\/\/festivalbritannique.fr\/index.php?rest_route=\/wp\/v2\/pages\/1976\/revisions\/1979"}],"up":[{"embeddable":true,"href":"https:\/\/festivalbritannique.fr\/index.php?rest_route=\/wp\/v2\/pages\/1985"}],"wp:attachment":[{"href":"https:\/\/festivalbritannique.fr\/index.php?rest_route=%2Fwp%2Fv2%2Fmedia&parent=1976"}],"curies":[{"name":"wp","href":"https:\/\/api.w.org\/{rel}","templated":true}]}}