{"id":1981,"date":"2024-02-26T11:14:10","date_gmt":"2024-02-26T10:14:10","guid":{"rendered":"http:\/\/festivalbritannique.fr\/?page_id=1981"},"modified":"2024-03-02T15:00:45","modified_gmt":"2024-03-02T14:00:45","slug":"the-old-oak-2","status":"publish","type":"page","link":"https:\/\/festivalbritannique.fr\/?page_id=1981","title":{"rendered":"Le jeu de la reine"},"content":{"rendered":"\n<p class=\"has-vivid-red-color has-text-color\"><strong>Firebrand<\/strong><\/p>\n\n\n\n<p class=\"has-white-color has-pale-pink-background-color has-text-color has-background\">Vendredi 15 mars \u00e0 20h40<\/p>\n\n\n\n<p class=\"has-cyan-bluish-gray-color has-text-color\">2h 00min | Biopic, Drame, Historique, Thriller<br>De Karim A\u00efnouz<br>| Par Jessica Ashworth, Henrietta Ashworth<br>Avec Alicia Vikander, Jude Law, Simon Russell Beale<\/p>\n\n\n\n<p class=\"has-vivid-cyan-blue-color has-text-color\">Catherine Parr est la sixi\u00e8me femme du roi Henri VIII, dont les pr\u00e9c\u00e9dentes \u00e9pouses ont \u00e9t\u00e9 soit r\u00e9pudi\u00e9es, soit d\u00e9capit\u00e9es (une seule \u00e9tant d\u00e9c\u00e9d\u00e9e suite \u00e0 une maladie). Avec l\u2019aide de ses dames de compagnie, elle tente de d\u00e9jouer les pi\u00e8ges que lui tendent l\u2019\u00e9v\u00eaque, la cour et le roi\u2026<\/p>\n\n\n\n<p class=\"has-pale-cyan-blue-color has-text-color\">In blood-soaked Tudor England, Katherine Parr, the sixth and last wife of King Henry VIII, is named Regent while tyrant Henry is fighting overseas. Katherine has done everything she can to push for a new future based on her radical Protestant beliefs. When an increasingly ailing and paranoid King returns, he turns his fury on the radicals, charging Katherine&rsquo;s childhood friend with treason and burns her at the stake. Horrified and grieving, but forced to deny it, Katherine finds herself fighting for her own survival. Conspiracy reverberates through the palace. Everyone holds their breath &#8211; for the queen to slip up, for Henry to take her head like wives before. With the hope for a future free of tyranny at risk, will Katherine submit to the inevitable for the sake of King and country? <\/p>\n\n\n\n<figure class=\"wp-block-embed is-type-video is-provider-youtube wp-block-embed-youtube wp-embed-aspect-16-9 wp-has-aspect-ratio\"><div class=\"wp-block-embed__wrapper\">\n<iframe loading=\"lazy\" title=\"LE JEU DE LA REINE I Bande-annonce VOSTF\" width=\"1170\" height=\"658\" src=\"https:\/\/www.youtube.com\/embed\/tuIts-G-cGM?feature=oembed\" frameborder=\"0\" allow=\"accelerometer; autoplay; clipboard-write; encrypted-media; gyroscope; picture-in-picture; web-share\" allowfullscreen><\/iframe>\n<\/div><\/figure>\n\n\n\n<figure class=\"wp-block-gallery has-nested-images columns-default is-cropped wp-block-gallery-1 is-layout-flex wp-block-gallery-is-layout-flex\">\n<figure class=\"wp-block-image size-full\"><img loading=\"lazy\" decoding=\"async\" width=\"1175\" height=\"1600\" data-id=\"1982\" src=\"http:\/\/festivalbritannique.fr\/wp-content\/uploads\/2024\/02\/le-jeu-de-la-reine-vf.webp\" alt=\"\" class=\"wp-image-1982\"\/><\/figure>\n\n\n\n<figure class=\"wp-block-image size-large\"><img loading=\"lazy\" decoding=\"async\" width=\"683\" height=\"1024\" data-id=\"1983\" src=\"http:\/\/festivalbritannique.fr\/wp-content\/uploads\/2024\/02\/le-jeu-de-la-reine-vo-683x1024.jpg\" alt=\"\" class=\"wp-image-1983\" srcset=\"https:\/\/festivalbritannique.fr\/wp-content\/uploads\/2024\/02\/le-jeu-de-la-reine-vo-683x1024.jpg 683w, https:\/\/festivalbritannique.fr\/wp-content\/uploads\/2024\/02\/le-jeu-de-la-reine-vo-200x300.jpg 200w, https:\/\/festivalbritannique.fr\/wp-content\/uploads\/2024\/02\/le-jeu-de-la-reine-vo-768x1152.jpg 768w, https:\/\/festivalbritannique.fr\/wp-content\/uploads\/2024\/02\/le-jeu-de-la-reine-vo.jpg 1000w\" sizes=\"auto, (max-width: 683px) 100vw, 683px\" \/><\/figure>\n<\/figure>\n<!-- AddThis Advanced Settings generic via filter on the_content --><!-- AddThis Share Buttons generic via filter on the_content -->","protected":false},"excerpt":{"rendered":"<p>Firebrand Vendredi 15 mars \u00e0 20h40 2h 00min | Biopic, Drame, Historique, ThrillerDe Karim A\u00efnouz| Par Jessica Ashworth, Henrietta AshworthAvec Alicia Vikander, Jude Law, Simon Russell Beale Catherine Parr est la sixi\u00e8me femme du roi Henri VIII, dont les pr\u00e9c\u00e9dentes \u00e9pouses ont \u00e9t\u00e9 soit r\u00e9pudi\u00e9es, soit d\u00e9capit\u00e9es (une seule \u00e9tant d\u00e9c\u00e9d\u00e9e suite \u00e0 une maladie).<\/p>\n<p><a href=\"https:\/\/festivalbritannique.fr\/?page_id=1981\" class=\"more-link themebutton\">Read More<\/a><\/p>\n<p><!-- AddThis Advanced Settings generic via filter on get_the_excerpt --><!-- AddThis Share Buttons generic via filter on get_the_excerpt --><\/p>\n","protected":false},"author":2,"featured_media":0,"parent":1985,"menu_order":0,"comment_status":"closed","ping_status":"closed","template":"","meta":{"ngg_post_thumbnail":0,"footnotes":""},"class_list":["post-1981","page","type-page","status-publish","hentry"],"_links":{"self":[{"href":"https:\/\/festivalbritannique.fr\/index.php?rest_route=\/wp\/v2\/pages\/1981","targetHints":{"allow":["GET"]}}],"collection":[{"href":"https:\/\/festivalbritannique.fr\/index.php?rest_route=\/wp\/v2\/pages"}],"about":[{"href":"https:\/\/festivalbritannique.fr\/index.php?rest_route=\/wp\/v2\/types\/page"}],"author":[{"embeddable":true,"href":"https:\/\/festivalbritannique.fr\/index.php?rest_route=\/wp\/v2\/users\/2"}],"replies":[{"embeddable":true,"href":"https:\/\/festivalbritannique.fr\/index.php?rest_route=%2Fwp%2Fv2%2Fcomments&post=1981"}],"version-history":[{"count":2,"href":"https:\/\/festivalbritannique.fr\/index.php?rest_route=\/wp\/v2\/pages\/1981\/revisions"}],"predecessor-version":[{"id":2041,"href":"https:\/\/festivalbritannique.fr\/index.php?rest_route=\/wp\/v2\/pages\/1981\/revisions\/2041"}],"up":[{"embeddable":true,"href":"https:\/\/festivalbritannique.fr\/index.php?rest_route=\/wp\/v2\/pages\/1985"}],"wp:attachment":[{"href":"https:\/\/festivalbritannique.fr\/index.php?rest_route=%2Fwp%2Fv2%2Fmedia&parent=1981"}],"curies":[{"name":"wp","href":"https:\/\/api.w.org\/{rel}","templated":true}]}}