{"id":1987,"date":"2024-02-26T11:21:33","date_gmt":"2024-02-26T10:21:33","guid":{"rendered":"http:\/\/festivalbritannique.fr\/?page_id=1987"},"modified":"2024-02-26T11:21:35","modified_gmt":"2024-02-26T10:21:35","slug":"the-old-oak-2-2","status":"publish","type":"page","link":"https:\/\/festivalbritannique.fr\/?page_id=1987","title":{"rendered":"Le royaume de Kensuk\u00e9"},"content":{"rendered":"\n<p class=\"has-vivid-red-color has-text-color\"><strong>Kensuke&rsquo;s kingdom<\/strong><\/p>\n\n\n\n<p class=\"has-white-color has-pale-pink-background-color has-text-color has-background\">Samedi 16 mars \u00e0 14h<\/p>\n\n\n\n<p class=\"has-cyan-bluish-gray-color has-text-color\">1h 24min | Aventure, Animation<br>De Neil Boyle, Kirk Hendry<br>| Par Frank Cottrell Boyce<br>Avec Cillian Murphy, Sally Hawkins, Raffey Cassidy<\/p>\n\n\n\n<p class=\"has-vivid-cyan-blue-color has-text-color\">L\u2019incroyable histoire de Michael, 11 ans, parti faire un tour du monde \u00e0 la voile avec ses parents, avant qu\u2019une terrible temp\u00eate ne le propulse par-dessus bord avec sa chienne Stella. \u00c9chou\u00e9s sur une \u00eele d\u00e9serte, comment survivre ? Un myst\u00e9rieux inconnu vient alors \u00e0 leur secours en leur offrant \u00e0 boire et \u00e0 manger. C\u2019est Kensuk\u00e9, un ancien soldat japonais vivant seul sur l\u2019\u00eele avec ses amis les orangs-outans depuis la guerre. Il ouvre \u00e0 Michael les portes de son royaume et lorsque des trafiquants de singes tentent d\u2019envahir l\u2019\u00eele, c\u2019est ensemble qu\u2019ils uniront leurs forces pour sauver ce paradis\u2026<\/p>\n\n\n\n<p class=\"has-pale-cyan-blue-color has-text-color\">Young Michael, shipwrecked on a remote island, must adapt to life alone. Over time, he feels another presence, learning that this world is home to both unimaginable danger and beauty. A gripping animated adaptation of a beloved novel.<\/p>\n\n\n\n<figure class=\"wp-block-embed is-type-video is-provider-youtube wp-block-embed-youtube wp-embed-aspect-16-9 wp-has-aspect-ratio\"><div class=\"wp-block-embed__wrapper\">\n<iframe loading=\"lazy\" title=\"LE ROYAUME DE KENSUK\u00c9  | Bande-annonce\" width=\"1170\" height=\"658\" src=\"https:\/\/www.youtube.com\/embed\/jWIGEflmALE?feature=oembed\" frameborder=\"0\" allow=\"accelerometer; autoplay; clipboard-write; encrypted-media; gyroscope; picture-in-picture; web-share\" allowfullscreen><\/iframe>\n<\/div><\/figure>\n\n\n\n<figure class=\"wp-block-gallery has-nested-images columns-default is-cropped wp-block-gallery-1 is-layout-flex wp-block-gallery-is-layout-flex\">\n<figure class=\"wp-block-image size-full\"><img loading=\"lazy\" decoding=\"async\" width=\"1280\" height=\"1600\" data-id=\"1988\" src=\"http:\/\/festivalbritannique.fr\/wp-content\/uploads\/2024\/02\/kensuke-vf.webp\" alt=\"\" class=\"wp-image-1988\"\/><\/figure>\n\n\n\n<figure class=\"wp-block-image size-large\"><img loading=\"lazy\" decoding=\"async\" width=\"691\" height=\"1024\" data-id=\"1989\" src=\"http:\/\/festivalbritannique.fr\/wp-content\/uploads\/2024\/02\/kensuke-vo-691x1024.jpg\" alt=\"\" class=\"wp-image-1989\" srcset=\"https:\/\/festivalbritannique.fr\/wp-content\/uploads\/2024\/02\/kensuke-vo-691x1024.jpg 691w, https:\/\/festivalbritannique.fr\/wp-content\/uploads\/2024\/02\/kensuke-vo-203x300.jpg 203w, https:\/\/festivalbritannique.fr\/wp-content\/uploads\/2024\/02\/kensuke-vo-768x1137.jpg 768w, https:\/\/festivalbritannique.fr\/wp-content\/uploads\/2024\/02\/kensuke-vo.jpg 1000w\" sizes=\"auto, (max-width: 691px) 100vw, 691px\" \/><\/figure>\n<\/figure>\n<!-- AddThis Advanced Settings generic via filter on the_content --><!-- AddThis Share Buttons generic via filter on the_content -->","protected":false},"excerpt":{"rendered":"<p>Kensuke&rsquo;s kingdom Samedi 16 mars \u00e0 14h 1h 24min | Aventure, AnimationDe Neil Boyle, Kirk Hendry| Par Frank Cottrell BoyceAvec Cillian Murphy, Sally Hawkins, Raffey Cassidy L\u2019incroyable histoire de Michael, 11 ans, parti faire un tour du monde \u00e0 la voile avec ses parents, avant qu\u2019une terrible temp\u00eate ne le propulse par-dessus bord avec sa<\/p>\n<p><a href=\"https:\/\/festivalbritannique.fr\/?page_id=1987\" class=\"more-link themebutton\">Read More<\/a><\/p>\n<p><!-- AddThis Advanced Settings generic via filter on get_the_excerpt --><!-- AddThis Share Buttons generic via filter on get_the_excerpt --><\/p>\n","protected":false},"author":2,"featured_media":0,"parent":1985,"menu_order":0,"comment_status":"closed","ping_status":"closed","template":"","meta":{"ngg_post_thumbnail":0,"footnotes":""},"class_list":["post-1987","page","type-page","status-publish","hentry"],"_links":{"self":[{"href":"https:\/\/festivalbritannique.fr\/index.php?rest_route=\/wp\/v2\/pages\/1987","targetHints":{"allow":["GET"]}}],"collection":[{"href":"https:\/\/festivalbritannique.fr\/index.php?rest_route=\/wp\/v2\/pages"}],"about":[{"href":"https:\/\/festivalbritannique.fr\/index.php?rest_route=\/wp\/v2\/types\/page"}],"author":[{"embeddable":true,"href":"https:\/\/festivalbritannique.fr\/index.php?rest_route=\/wp\/v2\/users\/2"}],"replies":[{"embeddable":true,"href":"https:\/\/festivalbritannique.fr\/index.php?rest_route=%2Fwp%2Fv2%2Fcomments&post=1987"}],"version-history":[{"count":1,"href":"https:\/\/festivalbritannique.fr\/index.php?rest_route=\/wp\/v2\/pages\/1987\/revisions"}],"predecessor-version":[{"id":1990,"href":"https:\/\/festivalbritannique.fr\/index.php?rest_route=\/wp\/v2\/pages\/1987\/revisions\/1990"}],"up":[{"embeddable":true,"href":"https:\/\/festivalbritannique.fr\/index.php?rest_route=\/wp\/v2\/pages\/1985"}],"wp:attachment":[{"href":"https:\/\/festivalbritannique.fr\/index.php?rest_route=%2Fwp%2Fv2%2Fmedia&parent=1987"}],"curies":[{"name":"wp","href":"https:\/\/api.w.org\/{rel}","templated":true}]}}