{"id":1991,"date":"2024-02-26T11:25:44","date_gmt":"2024-02-26T10:25:44","guid":{"rendered":"http:\/\/festivalbritannique.fr\/?page_id=1991"},"modified":"2024-02-26T11:25:46","modified_gmt":"2024-02-26T10:25:46","slug":"the-old-oak-2-2-2","status":"publish","type":"page","link":"https:\/\/festivalbritannique.fr\/?page_id=1991","title":{"rendered":"Blue jean"},"content":{"rendered":"\n<p class=\"has-vivid-red-color has-text-color\"><strong>Blue jean<\/strong><\/p>\n\n\n\n<p class=\"has-white-color has-pale-pink-background-color has-text-color has-background\">Samedi 16 mars \u00e0 16h<\/p>\n\n\n\n<p class=\"has-cyan-bluish-gray-color has-text-color\">1h 37min | Drame<br>De Georgia Oakley<br>| Par Georgia Oakley<br>Avec Rosy McEwen, Kerrie Hayes, Lucy Halliday<\/p>\n\n\n\n<p class=\"has-vivid-cyan-blue-color has-text-color\">1988, l\u2019Angleterre de Margaret Thatcher. Jean, professeure d\u2019\u00e9ducation physique, est oblig\u00e9e de cacher son homosexualit\u00e9, surtout depuis le vote d\u2019une loi stigmatisant la communaut\u00e9 gay. C\u2019est sans compter sur une nouvelle \u00e9tudiante qui menace de r\u00e9v\u00e9ler son secret\u2026<\/p>\n\n\n\n<p class=\"has-pale-cyan-blue-color has-text-color\">England, 1988 &#8211; Margaret Thatcher&rsquo;s Conservative government is about to pass a law stigmatizing gays and lesbians, forcing Jean, a gym teacher, to live a double life. As pressure mounts from all sides, the arrival of a new girl at school catalyses a crisis that will challenge Jean to her core.<\/p>\n\n\n\n<figure class=\"wp-block-embed is-type-video is-provider-youtube wp-block-embed-youtube wp-embed-aspect-16-9 wp-has-aspect-ratio\"><div class=\"wp-block-embed__wrapper\">\n<iframe loading=\"lazy\" title=\"BLUE JEAN - Bande annonce (Rosy McEwen)\" width=\"1170\" height=\"658\" src=\"https:\/\/www.youtube.com\/embed\/pXWgtW_ym_U?feature=oembed\" frameborder=\"0\" allow=\"accelerometer; autoplay; clipboard-write; encrypted-media; gyroscope; picture-in-picture; web-share\" allowfullscreen><\/iframe>\n<\/div><\/figure>\n\n\n\n<figure class=\"wp-block-gallery has-nested-images columns-default is-cropped wp-block-gallery-1 is-layout-flex wp-block-gallery-is-layout-flex\">\n<figure class=\"wp-block-image size-full\"><img loading=\"lazy\" decoding=\"async\" width=\"500\" height=\"500\" data-id=\"1992\" src=\"http:\/\/festivalbritannique.fr\/wp-content\/uploads\/2024\/02\/blue-jean-vf.jpg\" alt=\"\" class=\"wp-image-1992\" srcset=\"https:\/\/festivalbritannique.fr\/wp-content\/uploads\/2024\/02\/blue-jean-vf.jpg 500w, https:\/\/festivalbritannique.fr\/wp-content\/uploads\/2024\/02\/blue-jean-vf-300x300.jpg 300w, https:\/\/festivalbritannique.fr\/wp-content\/uploads\/2024\/02\/blue-jean-vf-150x150.jpg 150w, https:\/\/festivalbritannique.fr\/wp-content\/uploads\/2024\/02\/blue-jean-vf-380x380.jpg 380w, https:\/\/festivalbritannique.fr\/wp-content\/uploads\/2024\/02\/blue-jean-vf-285x285.jpg 285w\" sizes=\"auto, (max-width: 500px) 100vw, 500px\" \/><\/figure>\n\n\n\n<figure class=\"wp-block-image size-large\"><img loading=\"lazy\" decoding=\"async\" width=\"692\" height=\"1024\" data-id=\"1993\" src=\"http:\/\/festivalbritannique.fr\/wp-content\/uploads\/2024\/02\/blue-jean-vo-692x1024.jpg\" alt=\"\" class=\"wp-image-1993\" srcset=\"https:\/\/festivalbritannique.fr\/wp-content\/uploads\/2024\/02\/blue-jean-vo-692x1024.jpg 692w, https:\/\/festivalbritannique.fr\/wp-content\/uploads\/2024\/02\/blue-jean-vo-203x300.jpg 203w, https:\/\/festivalbritannique.fr\/wp-content\/uploads\/2024\/02\/blue-jean-vo-768x1137.jpg 768w, https:\/\/festivalbritannique.fr\/wp-content\/uploads\/2024\/02\/blue-jean-vo-1037x1536.jpg 1037w, https:\/\/festivalbritannique.fr\/wp-content\/uploads\/2024\/02\/blue-jean-vo-1383x2048.jpg 1383w, https:\/\/festivalbritannique.fr\/wp-content\/uploads\/2024\/02\/blue-jean-vo.jpg 1729w\" sizes=\"auto, (max-width: 692px) 100vw, 692px\" \/><\/figure>\n<\/figure>\n<!-- AddThis Advanced Settings generic via filter on the_content --><!-- AddThis Share Buttons generic via filter on the_content -->","protected":false},"excerpt":{"rendered":"<p>Blue jean Samedi 16 mars \u00e0 16h 1h 37min | DrameDe Georgia Oakley| Par Georgia OakleyAvec Rosy McEwen, Kerrie Hayes, Lucy Halliday 1988, l\u2019Angleterre de Margaret Thatcher. Jean, professeure d\u2019\u00e9ducation physique, est oblig\u00e9e de cacher son homosexualit\u00e9, surtout depuis le vote d\u2019une loi stigmatisant la communaut\u00e9 gay. C\u2019est sans compter sur une nouvelle \u00e9tudiante qui<\/p>\n<p><a href=\"https:\/\/festivalbritannique.fr\/?page_id=1991\" class=\"more-link themebutton\">Read More<\/a><\/p>\n<p><!-- AddThis Advanced Settings generic via filter on get_the_excerpt --><!-- AddThis Share Buttons generic via filter on get_the_excerpt --><\/p>\n","protected":false},"author":2,"featured_media":0,"parent":1985,"menu_order":0,"comment_status":"closed","ping_status":"closed","template":"","meta":{"ngg_post_thumbnail":0,"footnotes":""},"class_list":["post-1991","page","type-page","status-publish","hentry"],"_links":{"self":[{"href":"https:\/\/festivalbritannique.fr\/index.php?rest_route=\/wp\/v2\/pages\/1991","targetHints":{"allow":["GET"]}}],"collection":[{"href":"https:\/\/festivalbritannique.fr\/index.php?rest_route=\/wp\/v2\/pages"}],"about":[{"href":"https:\/\/festivalbritannique.fr\/index.php?rest_route=\/wp\/v2\/types\/page"}],"author":[{"embeddable":true,"href":"https:\/\/festivalbritannique.fr\/index.php?rest_route=\/wp\/v2\/users\/2"}],"replies":[{"embeddable":true,"href":"https:\/\/festivalbritannique.fr\/index.php?rest_route=%2Fwp%2Fv2%2Fcomments&post=1991"}],"version-history":[{"count":1,"href":"https:\/\/festivalbritannique.fr\/index.php?rest_route=\/wp\/v2\/pages\/1991\/revisions"}],"predecessor-version":[{"id":1994,"href":"https:\/\/festivalbritannique.fr\/index.php?rest_route=\/wp\/v2\/pages\/1991\/revisions\/1994"}],"up":[{"embeddable":true,"href":"https:\/\/festivalbritannique.fr\/index.php?rest_route=\/wp\/v2\/pages\/1985"}],"wp:attachment":[{"href":"https:\/\/festivalbritannique.fr\/index.php?rest_route=%2Fwp%2Fv2%2Fmedia&parent=1991"}],"curies":[{"name":"wp","href":"https:\/\/api.w.org\/{rel}","templated":true}]}}